{"id":13842,"date":"2025-10-27T11:57:22","date_gmt":"2025-10-27T10:57:22","guid":{"rendered":"https:\/\/montaione.filaretedev.it\/download\/"},"modified":"2025-12-16T14:40:21","modified_gmt":"2025-12-16T13:40:21","slug":"telechargements","status":"publish","type":"page","link":"https:\/\/montaione.filaretedev.it\/fr\/telechargements\/","title":{"rendered":"T\u00e9l\u00e9chargements"},"content":{"rendered":"\t\t<div data-elementor-type=\"wp-page\" data-elementor-id=\"13842\" class=\"elementor elementor-13842 elementor-12056\" data-elementor-post-type=\"page\">\n\t\t\t\t<div class=\"elementor-element elementor-element-636ebe90 e-flex e-con-boxed e-con e-parent\" data-id=\"636ebe90\" data-element_type=\"container\" data-settings=\"{&quot;background_background&quot;:&quot;classic&quot;}\">\n\t\t\t\t\t<div class=\"e-con-inner\">\n\t\t<div class=\"elementor-element elementor-element-4a78de70 e-con-full mt-auto mb-4 e-flex e-con e-child\" data-id=\"4a78de70\" data-element_type=\"container\">\n\t\t\t\t<\/div>\n\t\t\t\t\t<\/div>\n\t\t\t\t<\/div>\n\t\t<div class=\"elementor-element elementor-element-a483631 e-flex e-con-boxed e-con e-parent\" data-id=\"a483631\" data-element_type=\"container\">\n\t\t\t\t\t<div class=\"e-con-inner\">\n\t\t<div class=\"elementor-element elementor-element-42cf1bf7 e-con-full e-flex e-con e-child\" data-id=\"42cf1bf7\" data-element_type=\"container\">\n\t\t\t\t<div class=\"elementor-element elementor-element-45c29953 elementor-widget elementor-widget-shortcode\" data-id=\"45c29953\" data-element_type=\"widget\" data-widget_type=\"shortcode.default\">\n\t\t\t\t\t\t\t<div class=\"elementor-shortcode\"><ul id=\"breadcrumbs\" class=\"breadcrumb w-100\"><li class=\"item-home\"><a class=\"bread-link bread-home\" href=\"https:\/\/montaione.filaretedev.it\/fr\/\" title=\"Home\">Home<\/a><\/li><li class=\"separator separator-home\">  |  <\/li><\/ul><\/div>\n\t\t\t\t\t\t<\/div>\n\t\t\t\t<\/div>\n\t\t\t\t\t<\/div>\n\t\t\t\t<\/div>\n\t\t<div class=\"elementor-element elementor-element-f70013d py-5 e-flex e-con-boxed e-con e-parent\" data-id=\"f70013d\" data-element_type=\"container\">\n\t\t\t\t\t<div class=\"e-con-inner\">\n\t\t<div class=\"elementor-element elementor-element-888db5d e-con-full e-flex e-con e-child\" data-id=\"888db5d\" data-element_type=\"container\">\n\t\t\t\t<div class=\"elementor-element elementor-element-809220f elementor-widget elementor-widget-text-editor\" data-id=\"809220f\" data-element_type=\"widget\" data-widget_type=\"text-editor.default\">\n\t\t\t\t\t\t\t\t\t<p><strong><a href=\"\/wp-content\/uploads\/2025\/12\/AVEZ-vous-besoin-dun-docteur-1.pdf\">Avez vous besoin d\u2019un docteur?<\/a><\/strong><\/p><p><strong><a href=\"\/wp-content\/uploads\/2025\/12\/Az_Agricole_En-2.pdf\">Az_Agricole_En<\/a><\/strong><\/p><p><strong><a href=\"\/wp-content\/uploads\/2025\/12\/Bacheca-VF-Montaione-2-3.pdf\">Bacheca VF Montaione 2<\/a><\/strong><\/p><p><strong><a href=\"\/wp-content\/uploads\/2025\/12\/Itinerari-nel-verde-Montaione_ITA-ENG-3.pdf\">Itinerari nel verde Montaione_ITA-ENG<\/a><\/strong><\/p><p><strong><a href=\"https:\/\/montaione.filaretedev.it\/wp-content\/uploads\/2025\/12\/Montaione-Mappa-4.pdf\">Montaione-Mappa<\/a><\/strong><\/p><p><strong><a href=\"\/wp-content\/uploads\/2025\/12\/Natural-Habitat_High-Valley-of-Carfalo-Torrent_ENG-2-2.pdf\">Natural Habitat_High Valley of Carfalo Torrent_ENG<\/a><\/strong><\/p><p><strong><a href=\"\/wp-content\/uploads\/2025\/12\/Opuscolo-SanVivaldo-Museo-3.pdf\">Opuscolo-SanVivaldo-Museo<\/a><\/strong><\/p><p><strong><a href=\"\/wp-content\/uploads\/2025\/12\/S.-Vivaldo_depliant_FRA-1.pdf\">S. Vivaldo_depliant_FRA<\/a><\/strong><\/p><p><strong><a href=\"\/wp-content\/uploads\/2025\/12\/numeros-utiles-fr-2021.pdf\">NUM\u00c9ROS UTILES<\/a><\/strong><\/p><p><strong><a href=\"\/wp-content\/uploads\/2025\/12\/loisirs-fr-2021.pdf\">INFORMATIONS UTILES | LOISIRS<\/a><\/strong><\/p><p><strong><a href=\"\/wp-content\/uploads\/2025\/12\/location-fr-2021.pdf\">INFORMATIONS UTILES | LOCATION<\/a><\/strong><\/p><p><strong><a href=\"\/wp-content\/uploads\/2025\/12\/transport-fr-2021.pdf\">INFORMATIONS UTILES | TRANSPORT<\/a><\/strong><\/p><p><a href=\"\/wp-content\/uploads\/2025\/12\/informations-utiles-services-fr-2021.pdf\"><strong>INFORMATIONS UTILES | SERVICES<\/strong><\/a><\/p>\t\t\t\t\t\t\t\t<\/div>\n\t\t\t\t<\/div>\n\t\t\t\t\t<\/div>\n\t\t\t\t<\/div>\n\t\t\t\t<\/div>\n\t\t","protected":false},"excerpt":{"rendered":"<p>Avez vous besoin d\u2019un docteur? Az_Agricole_En Bacheca VF Montaione 2 Itinerari nel verde Montaione_ITA-ENG Montaione-Mappa Natural Habitat_High Valley of Carfalo Torrent_ENG Opuscolo-SanVivaldo-Museo S. Vivaldo_depliant_FRA NUM\u00c9ROS UTILES INFORMATIONS UTILES | LOISIRS INFORMATIONS UTILES | LOCATION INFORMATIONS UTILES | TRANSPORT INFORMATIONS UTILES | SERVICES<\/p>\n","protected":false},"author":1,"featured_media":0,"parent":0,"menu_order":0,"comment_status":"closed","ping_status":"closed","template":"","meta":{"_acf_changed":false,"footnotes":""},"class_list":["post-13842","page","type-page","status-publish","hentry"],"acf":[],"yoast_head":"<!-- This site is optimized with the Yoast SEO plugin v26.6 - https:\/\/yoast.com\/wordpress\/plugins\/seo\/ -->\n<title>Montaioneintuscany - T\u00e9l\u00e9chargements<\/title>\n<meta name=\"description\" content=\"Dans la section T\u00e9l\u00e9chargements, vous trouverez toutes les ressources \u00e0 t\u00e9l\u00e9charger sur Montaione : cartes, brochures, itin\u00e9raires nature et bien plus encore.\" \/>\n<meta name=\"robots\" content=\"noindex, follow, max-snippet:-1, max-image-preview:large, max-video-preview:-1\" \/>\n<meta property=\"og:locale\" content=\"fr_FR\" \/>\n<meta property=\"og:type\" content=\"article\" \/>\n<meta property=\"og:title\" content=\"Montaioneintuscany - T\u00e9l\u00e9chargements\" \/>\n<meta property=\"og:description\" content=\"Dans la section T\u00e9l\u00e9chargements, vous trouverez toutes les ressources \u00e0 t\u00e9l\u00e9charger sur Montaione : cartes, brochures, itin\u00e9raires nature et bien plus encore.\" \/>\n<meta property=\"og:url\" content=\"https:\/\/montaione.filaretedev.it\/fr\/telechargements\/\" \/>\n<meta property=\"og:site_name\" content=\"Montaioneintuscany\" \/>\n<meta property=\"article:modified_time\" content=\"2025-12-16T13:40:21+00:00\" \/>\n<meta name=\"twitter:card\" content=\"summary_large_image\" \/>\n<meta name=\"twitter:label1\" content=\"Dur\u00e9e de lecture estim\u00e9e\" \/>\n\t<meta name=\"twitter:data1\" content=\"1 minute\" \/>\n<script type=\"application\/ld+json\" class=\"yoast-schema-graph\">{\"@context\":\"https:\/\/schema.org\",\"@graph\":[{\"@type\":\"WebPage\",\"@id\":\"https:\/\/montaione.filaretedev.it\/fr\/telechargements\/\",\"url\":\"https:\/\/montaione.filaretedev.it\/fr\/telechargements\/\",\"name\":\"Montaioneintuscany - T\u00e9l\u00e9chargements\",\"isPartOf\":{\"@id\":\"https:\/\/montaione.filaretedev.it\/#website\"},\"datePublished\":\"2025-10-27T10:57:22+00:00\",\"dateModified\":\"2025-12-16T13:40:21+00:00\",\"description\":\"Dans la section T\u00e9l\u00e9chargements, vous trouverez toutes les ressources \u00e0 t\u00e9l\u00e9charger sur Montaione : cartes, brochures, itin\u00e9raires nature et bien plus encore.\",\"breadcrumb\":{\"@id\":\"https:\/\/montaione.filaretedev.it\/fr\/telechargements\/#breadcrumb\"},\"inLanguage\":\"fr-FR\",\"potentialAction\":[{\"@type\":\"ReadAction\",\"target\":[\"https:\/\/montaione.filaretedev.it\/fr\/telechargements\/\"]}]},{\"@type\":\"BreadcrumbList\",\"@id\":\"https:\/\/montaione.filaretedev.it\/fr\/telechargements\/#breadcrumb\",\"itemListElement\":[{\"@type\":\"ListItem\",\"position\":1,\"name\":\"Home\",\"item\":\"https:\/\/montaione.filaretedev.it\/\"},{\"@type\":\"ListItem\",\"position\":2,\"name\":\"T\u00e9l\u00e9chargements\"}]},{\"@type\":\"WebSite\",\"@id\":\"https:\/\/montaione.filaretedev.it\/#website\",\"url\":\"https:\/\/montaione.filaretedev.it\/\",\"name\":\"Montaioneintuscany\",\"description\":\"\",\"publisher\":{\"@id\":\"https:\/\/montaione.filaretedev.it\/#organization\"},\"potentialAction\":[{\"@type\":\"SearchAction\",\"target\":{\"@type\":\"EntryPoint\",\"urlTemplate\":\"https:\/\/montaione.filaretedev.it\/?s={search_term_string}\"},\"query-input\":{\"@type\":\"PropertyValueSpecification\",\"valueRequired\":true,\"valueName\":\"search_term_string\"}}],\"inLanguage\":\"fr-FR\"},{\"@type\":\"Organization\",\"@id\":\"https:\/\/montaione.filaretedev.it\/#organization\",\"name\":\"Montaioneintuscany\",\"url\":\"https:\/\/montaione.filaretedev.it\/\",\"logo\":{\"@type\":\"ImageObject\",\"inLanguage\":\"fr-FR\",\"@id\":\"https:\/\/montaione.filaretedev.it\/#\/schema\/logo\/image\/\",\"url\":\"https:\/\/montaione.filaretedev.it\/wp-content\/uploads\/2025\/10\/logo.svg\",\"contentUrl\":\"https:\/\/montaione.filaretedev.it\/wp-content\/uploads\/2025\/10\/logo.svg\",\"width\":247,\"height\":25,\"caption\":\"Montaioneintuscany\"},\"image\":{\"@id\":\"https:\/\/montaione.filaretedev.it\/#\/schema\/logo\/image\/\"}}]}<\/script>\n<!-- \/ Yoast SEO plugin. -->","yoast_head_json":{"title":"Montaioneintuscany - T\u00e9l\u00e9chargements","description":"Dans la section T\u00e9l\u00e9chargements, vous trouverez toutes les ressources \u00e0 t\u00e9l\u00e9charger sur Montaione : cartes, brochures, itin\u00e9raires nature et bien plus encore.","robots":{"index":"noindex","follow":"follow","max-snippet":"max-snippet:-1","max-image-preview":"max-image-preview:large","max-video-preview":"max-video-preview:-1"},"og_locale":"fr_FR","og_type":"article","og_title":"Montaioneintuscany - T\u00e9l\u00e9chargements","og_description":"Dans la section T\u00e9l\u00e9chargements, vous trouverez toutes les ressources \u00e0 t\u00e9l\u00e9charger sur Montaione : cartes, brochures, itin\u00e9raires nature et bien plus encore.","og_url":"https:\/\/montaione.filaretedev.it\/fr\/telechargements\/","og_site_name":"Montaioneintuscany","article_modified_time":"2025-12-16T13:40:21+00:00","twitter_card":"summary_large_image","twitter_misc":{"Dur\u00e9e de lecture estim\u00e9e":"1 minute"},"schema":{"@context":"https:\/\/schema.org","@graph":[{"@type":"WebPage","@id":"https:\/\/montaione.filaretedev.it\/fr\/telechargements\/","url":"https:\/\/montaione.filaretedev.it\/fr\/telechargements\/","name":"Montaioneintuscany - T\u00e9l\u00e9chargements","isPartOf":{"@id":"https:\/\/montaione.filaretedev.it\/#website"},"datePublished":"2025-10-27T10:57:22+00:00","dateModified":"2025-12-16T13:40:21+00:00","description":"Dans la section T\u00e9l\u00e9chargements, vous trouverez toutes les ressources \u00e0 t\u00e9l\u00e9charger sur Montaione : cartes, brochures, itin\u00e9raires nature et bien plus encore.","breadcrumb":{"@id":"https:\/\/montaione.filaretedev.it\/fr\/telechargements\/#breadcrumb"},"inLanguage":"fr-FR","potentialAction":[{"@type":"ReadAction","target":["https:\/\/montaione.filaretedev.it\/fr\/telechargements\/"]}]},{"@type":"BreadcrumbList","@id":"https:\/\/montaione.filaretedev.it\/fr\/telechargements\/#breadcrumb","itemListElement":[{"@type":"ListItem","position":1,"name":"Home","item":"https:\/\/montaione.filaretedev.it\/"},{"@type":"ListItem","position":2,"name":"T\u00e9l\u00e9chargements"}]},{"@type":"WebSite","@id":"https:\/\/montaione.filaretedev.it\/#website","url":"https:\/\/montaione.filaretedev.it\/","name":"Montaioneintuscany","description":"","publisher":{"@id":"https:\/\/montaione.filaretedev.it\/#organization"},"potentialAction":[{"@type":"SearchAction","target":{"@type":"EntryPoint","urlTemplate":"https:\/\/montaione.filaretedev.it\/?s={search_term_string}"},"query-input":{"@type":"PropertyValueSpecification","valueRequired":true,"valueName":"search_term_string"}}],"inLanguage":"fr-FR"},{"@type":"Organization","@id":"https:\/\/montaione.filaretedev.it\/#organization","name":"Montaioneintuscany","url":"https:\/\/montaione.filaretedev.it\/","logo":{"@type":"ImageObject","inLanguage":"fr-FR","@id":"https:\/\/montaione.filaretedev.it\/#\/schema\/logo\/image\/","url":"https:\/\/montaione.filaretedev.it\/wp-content\/uploads\/2025\/10\/logo.svg","contentUrl":"https:\/\/montaione.filaretedev.it\/wp-content\/uploads\/2025\/10\/logo.svg","width":247,"height":25,"caption":"Montaioneintuscany"},"image":{"@id":"https:\/\/montaione.filaretedev.it\/#\/schema\/logo\/image\/"}}]}},"_links":{"self":[{"href":"https:\/\/montaione.filaretedev.it\/fr\/wp-json\/wp\/v2\/pages\/13842","targetHints":{"allow":["GET"]}}],"collection":[{"href":"https:\/\/montaione.filaretedev.it\/fr\/wp-json\/wp\/v2\/pages"}],"about":[{"href":"https:\/\/montaione.filaretedev.it\/fr\/wp-json\/wp\/v2\/types\/page"}],"author":[{"embeddable":true,"href":"https:\/\/montaione.filaretedev.it\/fr\/wp-json\/wp\/v2\/users\/1"}],"replies":[{"embeddable":true,"href":"https:\/\/montaione.filaretedev.it\/fr\/wp-json\/wp\/v2\/comments?post=13842"}],"version-history":[{"count":13,"href":"https:\/\/montaione.filaretedev.it\/fr\/wp-json\/wp\/v2\/pages\/13842\/revisions"}],"predecessor-version":[{"id":18140,"href":"https:\/\/montaione.filaretedev.it\/fr\/wp-json\/wp\/v2\/pages\/13842\/revisions\/18140"}],"wp:attachment":[{"href":"https:\/\/montaione.filaretedev.it\/fr\/wp-json\/wp\/v2\/media?parent=13842"}],"curies":[{"name":"wp","href":"https:\/\/api.w.org\/{rel}","templated":true}]}}