{"id":13866,"date":"2025-10-27T11:56:35","date_gmt":"2025-10-27T10:56:35","guid":{"rendered":"https:\/\/montaione.filaretedev.it\/info-utili\/"},"modified":"2025-12-16T14:45:30","modified_gmt":"2025-12-16T13:45:30","slug":"info","status":"publish","type":"page","link":"https:\/\/montaione.filaretedev.it\/fr\/info\/","title":{"rendered":"Info"},"content":{"rendered":"\t\t<div data-elementor-type=\"wp-page\" data-elementor-id=\"13866\" class=\"elementor elementor-13866 elementor-12046\" data-elementor-post-type=\"page\">\n\t\t\t\t<div class=\"elementor-element elementor-element-61f101aa e-flex e-con-boxed e-con e-parent\" data-id=\"61f101aa\" data-element_type=\"container\" data-settings=\"{&quot;background_background&quot;:&quot;classic&quot;}\">\n\t\t\t\t\t<div class=\"e-con-inner\">\n\t\t<div class=\"elementor-element elementor-element-73516a39 e-con-full mt-auto mb-4 e-flex e-con e-child\" data-id=\"73516a39\" data-element_type=\"container\">\n\t\t\t\t<\/div>\n\t\t\t\t\t<\/div>\n\t\t\t\t<\/div>\n\t\t<div class=\"elementor-element elementor-element-15c973bf e-flex e-con-boxed e-con e-parent\" data-id=\"15c973bf\" data-element_type=\"container\">\n\t\t\t\t\t<div class=\"e-con-inner\">\n\t\t<div class=\"elementor-element elementor-element-37b30c38 e-con-full e-flex e-con e-child\" data-id=\"37b30c38\" data-element_type=\"container\">\n\t\t\t\t<div class=\"elementor-element elementor-element-246b3a2e elementor-widget elementor-widget-shortcode\" data-id=\"246b3a2e\" data-element_type=\"widget\" data-widget_type=\"shortcode.default\">\n\t\t\t\t\t\t\t<div class=\"elementor-shortcode\"><ul id=\"breadcrumbs\" class=\"breadcrumb w-100\"><li class=\"item-home\"><a class=\"bread-link bread-home\" href=\"https:\/\/montaione.filaretedev.it\/fr\/\" title=\"Home\">Home<\/a><\/li><li class=\"separator separator-home\">  |  <\/li><\/ul><\/div>\n\t\t\t\t\t\t<\/div>\n\t\t\t\t<\/div>\n\t\t\t\t\t<\/div>\n\t\t\t\t<\/div>\n\t\t<div class=\"elementor-element elementor-element-d2ea1c8 py-5 e-flex e-con-boxed e-con e-parent\" data-id=\"d2ea1c8\" data-element_type=\"container\">\n\t\t\t\t\t<div class=\"e-con-inner\">\n\t\t<div class=\"elementor-element elementor-element-4f9c03a e-con-full e-flex e-con e-child\" data-id=\"4f9c03a\" data-element_type=\"container\">\n\t\t\t\t<div class=\"elementor-element elementor-element-934cf41 elementor-widget elementor-widget-heading\" data-id=\"934cf41\" data-element_type=\"widget\" data-widget_type=\"heading.default\">\n\t\t\t\t\t<h2 class=\"elementor-heading-title elementor-size-default\"><h2>Bureau d'information touristique<span><\/span><\/h2><\/h2>\t\t\t\t<\/div>\n\t\t\t\t<div class=\"elementor-element elementor-element-1515519 mb-5 elementor-widget elementor-widget-text-editor\" data-id=\"1515519\" data-element_type=\"widget\" data-widget_type=\"text-editor.default\">\n\t\t\t\t\t\t\t\t\t<p>Rue Cresci, 17\/19 \u2013 Montaione<br \/><strong>T\u00e9l<\/strong>. +39 0571 699255<br \/><strong>E-mail:<\/strong> <a href=\"mailto:turismo@comune.montaione.fi.it\">turismo@comune.montaione.fi.it<\/a><br \/><strong>Web:<\/strong> <a href=\"https:\/\/www.montaioneintuscany.it\/\">www.montaioneintuscany.it<\/a><br \/><strong>Facebook:<\/strong> <a href=\"https:\/\/www.facebook.com\/montaionedavivere\">@montaionedavivere<\/a><br \/><strong>Instagram:<\/strong> <a href=\"https:\/\/www.instagram.com\/montaionedavivere\/\">@montaionedavivere<\/a><\/p><p><strong>Ouverture:<br \/><\/strong>du 1\/04 au 31\/05: de lundi \u00e0 samedi 10-13;<br \/>du 01\/06 au 30\/06: de lundi \u00e0 dimanche 10-13;<br \/>du 101\/07 au 31\/08: de lundi \u00e0 samedi 10-13 e 16-19, dimanche 10-13;<br \/>du 01\/09 au 31\/10: de lundi \u00e0 samedi 10-13<\/p>\t\t\t\t\t\t\t\t<\/div>\n\t\t\t\t<div class=\"elementor-element elementor-element-fc2a08f elementor-widget elementor-widget-heading\" data-id=\"fc2a08f\" data-element_type=\"widget\" data-widget_type=\"heading.default\">\n\t\t\t\t\t<h2 class=\"elementor-heading-title elementor-size-default\">Sant\u00e9<\/h2>\t\t\t\t<\/div>\n\t\t\t\t<div class=\"elementor-element elementor-element-61a57b1 mb-5 elementor-widget elementor-widget-text-editor\" data-id=\"61a57b1\" data-element_type=\"widget\" data-widget_type=\"text-editor.default\">\n\t\t\t\t\t\t\t\t\t<h3><span style=\"color: #784026;\">Service de m\u00e9decine g\u00e9n\u00e9rale<\/span><\/h3><p><strong>CASA DELLA SALUTE<\/strong>, \u00c0 Villa Serena, Rue da Filicaja 18 \u2013 Montaione<br \/>Secr\u00e9tariat t\u00e9l. +39 0571 878582<br \/><strong>Ouverture<\/strong>: Lundi 10h00-12h45, Mardi 15h30-19h15, Mercredi 9.00-13.15, Jeudi 9h00-12h45, Vendredi 9h00-12h45<\/p><p><strong>M\u00c9DECINS DE MONTAIONE\u00a0(sur rendez-vous)<\/strong><br \/><strong>Dr. Paolo Falaschi<\/strong><br \/><strong>Dr. Simoni Elena<\/strong><br \/><strong>Dr. Domenici Marina<\/strong><\/p><p><strong>P\u00c9DIATRE DOCTEUR SILVIA TAMBURELLO<\/strong><br \/>Pour un rendez-vous avec le p\u00e9diatre appelez :<br \/>Montaione +39 0571 878575 et Gambassi Terme +39 0571 878543<br \/><strong>Horaires du p\u00e9diatre<\/strong>:<br \/>Lundi 9h00-10h30 Gambassi Terme et 11h00-12h30 Montaione<br \/>Mardi 14.00-17.00 Gambassi Terme<br \/>Mercredi 9h30-12h30 Montaione<br \/>Jeudi 14.00-17.00 Montaione<br \/>Vendredi 9h30 \u2013 12h30 Gambassi Terme<\/p><p><strong>NUM\u00c9RO D\u2019ASSISTANCE CONTINUIT\u00c9 (ancien garde m\u00e9dical)<\/strong><br \/>t\u00e9l. +39 116117 (gratuit, multilingue) pour les soins non urgents, actif dans tous les territoires de l\u2019autorit\u00e9 sanitaire locale de Toscane centrale<br \/><span style=\"font-weight: 600;\">Horaires:\u00a0<\/span>tous les jours pendant la nuit de 20h00 \u00e0 08h00,\u00a0samedi et dimanche et jours f\u00e9ri\u00e9s 08h00-20h00,\u00a0autres pr\u00e9-vacances 10h00-20h00<\/p><p><strong>URGENCE SANITAIRE H24 (Emergency) tel. 118<\/strong><br \/>H\u00f4pital S. Giuseppe, Rue Boccaccio 16 &#8211; Empoli (FI)\u00a0<\/p><h3>Dentistes<\/h3><p><strong>Dr. Vito Lacerenza<\/strong>, Rue Pietro Nenni, 9 \u2013 Montaione<br \/>t\u00e9l. +39 0571 697918<\/p><p><strong>Dr. Ivan Pantani<\/strong>, Rue S. Ammirato, 25 \u2013 Montaione<br \/>t\u00e9l. +39 0571 698465<\/p><p><strong>Dr. Arturo D\u2019Arienzo<\/strong>, Place Gramsci, 3 \u2013 Montaione<br \/>t\u00e9l. +39 0571 698080<\/p><h3>Pharmacies<\/h3><p><strong>Farmacia Priamo<\/strong>, Rue Roma, 43 \u2013 Montaione<br \/>t\u00e9l. +39 0571 69046<\/p><p><strong>Farmacia Venturi<\/strong>, Place J. F. Kennedy, 21 \u2013 Castelfiorentino<br \/>t\u00e9l. +39 T\u00e9l 0571 04117<\/p><p><strong>Farmacia Municipale<\/strong>, Rue C. Ridolfi, 11 \u2013 Castelfiorentino (pr\u00e8s de la Gare)<br \/>t\u00e9l. +39 0571 64013<\/p><p><strong>Farmacia Municipale 2<\/strong>, Place Achille Grandi, 19 \u2013 Castelfiorentino<br \/>t\u00e9l. +39 0571 631167<\/p><p><strong>Farmacia Natali<\/strong>, Rue Volterrana n. 33 \u2013 Gambassi Terme<br \/>t\u00e9l. +39 0571 638274<\/p><h3>V\u00e9t\u00e9rinaire<\/h3><p><strong>Dr Andrea Sordi<\/strong><br \/>Via Donatori di Sangue, 14 \u2013 Montaione<br \/><span style=\"font-weight: 600;\">Horaires:\u00a0<\/span>de lundi \u00e0 vendredi 17h00-20h00, samedi 10h00-12h00<br \/>Via A Gramsci, 131 \u2013 Gambassi Terme<br \/><span style=\"font-weight: 600;\">Horaires:\u00a0<\/span>lundi, mercredi, vendredi 17h00-20h00<br \/>t\u00e9l. +39 0571 638636 | +39 338 9474938<\/p>\t\t\t\t\t\t\t\t<\/div>\n\t\t\t\t<div class=\"elementor-element elementor-element-b72da45 elementor-widget elementor-widget-heading\" data-id=\"b72da45\" data-element_type=\"widget\" data-widget_type=\"heading.default\">\n\t\t\t\t\t<h2 class=\"elementor-heading-title elementor-size-default\">Services<\/h2>\t\t\t\t<\/div>\n\t\t\t\t<div class=\"elementor-element elementor-element-590009c mb-5 elementor-widget elementor-widget-text-editor\" data-id=\"590009c\" data-element_type=\"widget\" data-widget_type=\"text-editor.default\">\n\t\t\t\t\t\t\t\t\t<h3>Supermarch\u00e9<\/h3><p><strong>Supermercato Coop<\/strong>, Rue A. Moro, 14 \u2013 Montaione<br \/>t\u00e9l. +39 0571 698266<br \/><strong>Ouverture:<\/strong> Lun-Sam 08.00-20.00, Dim 08.30-13.00<\/p><h3>Ateliers m\u00e9caniques \u2013 assistance routi\u00e8re \u2013 r\u00e9paration de voitures<\/h3><p><strong>Autofficina Malquori Massimo<\/strong>, Rue Leonardo da Vinci, 3 \u2013 Montaione<br \/>t\u00e9l. +39 0571 69350<\/p><p><strong>Autofficina Fratelli Perrone<\/strong>, Rue Poggio alla Terra, 8 \u2013 Montaione<br \/>t\u00e9l. +39 0571 697741<\/p><p><strong>Autofficina Bello e Vallesi<\/strong>, Rue Leonardo Da Vinci, 12 \u2013 Montaione<br \/>t\u00e9l. +39 0571 698050 | mob. +39 335 5346697 et +39 333 8217514<\/p><h3>Station de service et carburant<\/h3><p><strong>Pa Petrol<\/strong>, Rue L. da Vinci, 71 \u2013 Montaione<br \/>t\u00e9l. +39 0571 69171 |\u00a0<a style=\"color: #784026; background-color: #ffffff;\" href=\"mailto:info@papetrol.it\">info@papetrol.it<\/a><br \/><a href=\"https:\/\/www.papetrol.it\/\">www.papetrol.it<\/a><\/p><p><strong>Q8<\/strong>, Via Mura, 45 \u2013 Montaione<\/p><h3>Aire de service camping-car \u2013 espace public gratuit<\/h3><p>Place Nunziatina \u2013 Montaione<br \/>Chargement et d\u00e9chargement de l\u2019eau, connexion \u00e9lectrique.<\/p><h3>Aire de parking pour camping-car \u2013 zone priv\u00e9e<\/h3><p><strong>Pa Petrol<\/strong>, Rue L. da Vinci, 71 \u2013 Montaione<br \/>t\u00e9l. +39 0571 69171 |\u00a0\u00a0<a style=\"color: #784026; background-color: #ffffff;\" href=\"mailto:info@papetrol.it\">info@papetrol.it<\/a><br \/><a href=\"https:\/\/www.papetrol.it\/\">www.papetrol.it<\/a><\/p>\t\t\t\t\t\t\t\t<\/div>\n\t\t\t\t<div class=\"elementor-element elementor-element-b559ec9 elementor-widget elementor-widget-heading\" data-id=\"b559ec9\" data-element_type=\"widget\" data-widget_type=\"heading.default\">\n\t\t\t\t\t<h2 class=\"elementor-heading-title elementor-size-default\">Transport<\/h2>\t\t\t\t<\/div>\n\t\t\t\t<div class=\"elementor-element elementor-element-004621d mb-5 elementor-widget elementor-widget-text-editor\" data-id=\"004621d\" data-element_type=\"widget\" data-widget_type=\"text-editor.default\">\n\t\t\t\t\t\t\t\t\t<h3>Location de voitures et d\u2019autobus avec conducteur<\/h3><p><strong>Renieri Bus<\/strong>, Rue Poggio alla Terra, 6 \u2013 Montaione<br \/>t\u00e9l. +39 0571 697607 |\u00a0\u00a0<span style=\"background-color: #ffffff;\"><u><a href=\"mailto:info@renieribus.com\">info@renieribus.com<\/a><\/u><\/span><br \/><a href=\"https:\/\/www.renieribus.com\/\">www.renieribus.com<\/a><\/p><h3>Taxi<\/h3><p><strong>Servizio Taxi Castelfiorentino<br \/><\/strong>t\u00e9l. +39 0571 684568<\/p><h3>Gare<\/h3><p><strong>Stazione FS Castelfiorentino<\/strong>, Rue Ridolfi, 14 \u2013 Castelfiorentino (connexions \u00e0 Florence, Sienne, Pise)<br \/>Voir les horaires <strong><a href=\"https:\/\/www.trenitalia.com\/it.html\">ici<\/a><\/strong><\/p><h3>Bus de ligne<\/h3><p><strong>Terminus<\/strong>, Place Gramsci \u2013 Montaione<br \/><a href=\"https:\/\/www.at-bus.it\/it\">www.at-bus.it<\/a><br \/>Voir les horaires <strong><a href=\"https:\/\/www.at-bus.it\/it\/linee-e-orari\/empoli-extraurbano-80\">ici<\/a><\/strong><\/p><h3>Vente de billets de bus et de train<\/h3><p><strong>Enoteca Posarelli<\/strong>, Place da Filicaja, 2a \u2013 Montaione<br \/>t\u00e9l. +39 0571 69059 |\u00a0<a style=\"color: #784026; background-color: #ffffff;\" href=\"mailto:info@posarellienoteca.it\">info@posarellienoteca.it<\/a><br \/><a href=\"https:\/\/www.posarellienoteca.it\/\">www.posarellienoteca.it<\/a><\/p><p><strong>I\u2019 di Vino<\/strong>, Place Cavour 22 \u2013 Montaione<br \/>t\u00e9l. +39 0571 69403 |\u00a0\u00a0<a style=\"color: #784026; background-color: #ffffff;\" href=\"mailto:info@idivinomontaione.it\">info@idivinomontaione.it<\/a><br \/><a href=\"https:\/\/www.idivinomontaione.it\/\">www.idivinomontaione.it<\/a><\/p><p><strong>Tabaccheria Alimentari Taddei<\/strong>, Via L. da Vinci, 44\/46 \u2013 Montaione<br \/>t\u00e9l. +39 0571 698457<\/p>\t\t\t\t\t\t\t\t<\/div>\n\t\t\t\t<div class=\"elementor-element elementor-element-2c34c8e elementor-widget elementor-widget-heading\" data-id=\"2c34c8e\" data-element_type=\"widget\" data-widget_type=\"heading.default\">\n\t\t\t\t\t<h2 class=\"elementor-heading-title elementor-size-default\">S\u00e9curit\u00e9 publique<\/h2>\t\t\t\t<\/div>\n\t\t\t\t<div class=\"elementor-element elementor-element-31b50e7 mb-5 elementor-widget elementor-widget-text-editor\" data-id=\"31b50e7\" data-element_type=\"widget\" data-widget_type=\"text-editor.default\">\n\t\t\t\t\t\t\t\t\t<p><strong>Carabinieri<\/strong>, Rue Cresci, 3 &#8211; Montaione<br \/>t\u00e9l. +39 0571 69016<\/p><p><strong>Agents de la circulation<\/strong>, Piazza del Municipio, 1 &#8211; Montaione<br \/>t\u00e9l. +39 0571 699222<\/p><p><strong>Num\u00e8ro d&rsquo;urgence Unique 112<\/strong><br \/><strong>Actif pour:<\/strong> Police d\u2019\u00c9tat, Carabiniers, Pompiers et Urgence sanitaire<\/p><p><strong>Protection Civile Locale<\/strong><br \/>t\u00e9l. +39 335 668 5863<\/p>\t\t\t\t\t\t\t\t<\/div>\n\t\t\t\t<div class=\"elementor-element elementor-element-0be4957 elementor-widget elementor-widget-heading\" data-id=\"0be4957\" data-element_type=\"widget\" data-widget_type=\"heading.default\">\n\t\t\t\t\t<h2 class=\"elementor-heading-title elementor-size-default\">Piscine<\/h2>\t\t\t\t<\/div>\n\t\t\t\t<div class=\"elementor-element elementor-element-ab967e9 mb-5 elementor-widget elementor-widget-text-editor\" data-id=\"ab967e9\" data-element_type=\"widget\" data-widget_type=\"text-editor.default\">\n\t\t\t\t\t\t\t\t\t<p><strong>CERTALDO<\/strong><br \/><strong>Piscina Fiammetta<\/strong>, Viale Giacomo Matteotti, 201 \u2013 Certaldo (FI)<br \/>t\u00e9l. +39 0571 650996 | <a href=\"mailto:piscina.certaldo@aquatempra.it\">piscina.certaldo@aquatempra.it<\/a><br \/><strong>Horaires:<\/strong> Lundi\u2013vendredi 10h30-19h30, samedi-dimanche 09h30-19h<br \/><a href=\"https:\/\/www.facebook.com\/piscinafiammetta.certaldo\">www.facebook.com\/piscinafiammetta.certaldo<\/a><\/p><p><strong>SAN MINIATO<\/strong><br \/><strong>Le Piscine di San Miniato<\/strong>, Via Castelfiorentino, 12 \u2013 San Miniato (PI)<br \/>t\u00e9l. +39 0571 139 0644 | <a href=\"mailto:acquamarinasrl2021@gmail.com\">acquamarinasrl2021@gmail.com<\/a><br \/><strong>Horaires:<\/strong> Ouvert tous les jours du lundi au dimanche de 9h00 \u00e0 19h00<\/p>\t\t\t\t\t\t\t\t<\/div>\n\t\t\t\t<div class=\"elementor-element elementor-element-be63110 elementor-widget elementor-widget-heading\" data-id=\"be63110\" data-element_type=\"widget\" data-widget_type=\"heading.default\">\n\t\t\t\t\t<h2 class=\"elementor-heading-title elementor-size-default\"><h2>Location de v\u00e9los<\/h2><\/h2>\t\t\t\t<\/div>\n\t\t\t\t<div class=\"elementor-element elementor-element-cf5cbc8 mb-5 elementor-widget elementor-widget-text-editor\" data-id=\"cf5cbc8\" data-element_type=\"widget\" data-widget_type=\"text-editor.default\">\n\t\t\t\t\t\t\t\t\t<p><strong>LandHill Bike Rental<\/strong>, Via J. F. Kennedy, 10 \u2013 Montaione<br \/>t\u00e9l. +39 334 303 0664 | <a href=\"mailto:info@landhill.it\">info@landhill.it<\/a><br \/><strong>Horaires:<\/strong> du lundi au samedi 08h30-12h30, 15-19<br \/><a href=\"https:\/\/www.landhill.it\/landhill\/\">www.landhill.it<\/a><\/p><p><strong>iBike Montaione<\/strong><br \/>t\u00e9l. +39 346 762 3211 | <a href=\"mailto:info@ibikemontaione.com\">info@ibikemontaione.com<\/a><br \/>Service de location disponible tous les jours du lundi au dimanche<br \/><a href=\"https:\/\/www.ibikemontaione.com\/it\/\">www.ibikemontaione.com<\/a><\/p><p><strong>Biking Tuscany Tour<\/strong>, Fonte Mazzola &#8211; Peccioli (PI)<br \/>t\u00e9l. +39 335 836 8465 | +39 331 969 1944 | <a href=\"mailto:info@bikingtuscanytour.com\">info@bikingtuscanytour.com<\/a><br \/><a href=\"https:\/\/www.bikingtuscanytour.com\/\">www.bikingtuscanytour.com<\/a><\/p>\t\t\t\t\t\t\t\t<\/div>\n\t\t\t\t<div class=\"elementor-element elementor-element-084fb8f elementor-widget elementor-widget-heading\" data-id=\"084fb8f\" data-element_type=\"widget\" data-widget_type=\"heading.default\">\n\t\t\t\t\t<h2 class=\"elementor-heading-title elementor-size-default\"><h2>Location vespe et quad<\/h2><\/h2>\t\t\t\t<\/div>\n\t\t\t\t<div class=\"elementor-element elementor-element-4994a71 mb-5 elementor-widget elementor-widget-text-editor\" data-id=\"4994a71\" data-element_type=\"widget\" data-widget_type=\"text-editor.default\">\n\t\t\t\t\t\t\t\t\t<p><strong>ZazaQuad Rent &amp; Events<\/strong>, Place Antonio Gramsci, 9 \u2013 Montaione<br \/>t\u00e9l. +39\u00a0338 757 5366 | <a style=\"background-color: #ffffff;\" href=\"mailto:antonioatzas@libero.it\">antonioatzas@libero.it<\/a><br \/>Service de location disponible tous les jours du lundi au dimanche<br \/><a style=\"background-color: #ffffff;\" href=\"http:\/\/www.zazaquad.it\/\">www.zazaquad.it<\/a><\/p><p><strong>Centro Noleggio Bellini Bruno<\/strong>, Rue Roma, 41 \u2013 San Gimignano (SI)<br \/>t\u00e9l. +39\u00a00577 940201 | 348 412 5488 | <a style=\"background-color: #ffffff;\" href=\"mailto:info@bellinibruno.com\">info@bellinibruno.com<\/a><br \/><a style=\"background-color: #ffffff;\" href=\"http:\/\/www.bellinibruno.com\/\">www.bellinibruno.com<\/a><\/p>\t\t\t\t\t\t\t\t<\/div>\n\t\t\t\t<div class=\"elementor-element elementor-element-23c582c elementor-widget elementor-widget-heading\" data-id=\"23c582c\" data-element_type=\"widget\" data-widget_type=\"heading.default\">\n\t\t\t\t\t<h2 class=\"elementor-heading-title elementor-size-default\"><h2>Guides naturalistes<span><\/span><\/h2><\/h2>\t\t\t\t<\/div>\n\t\t\t\t<div class=\"elementor-element elementor-element-8b72e3c mb-5 elementor-widget elementor-widget-text-editor\" data-id=\"8b72e3c\" data-element_type=\"widget\" data-widget_type=\"text-editor.default\">\n\t\t\t\t\t\t\t\t\t<p><strong>Andrea Bernardini \u2013 Montaione Natura<\/strong><br \/>t\u00e9l. +39\u00a0340 984 7686 | <a style=\"background-color: #ffffff;\" href=\"mailto:a.bernardini@montaionenatura.it\">a.bernardini@montaionenatura.it<\/a><\/p><p><strong>Nicola Dainelli \u2013 T.H.E. \u2013 Toscana Hiking Experience ASD<\/strong>, Rue Sacco e Vanzetti, 11 \u2013 Castelfiorentino (FI)<br \/>t\u00e9l. +39\u00a0328 413 6156 | <a style=\"background-color: #ffffff;\" href=\"mailto:info@toscanahiking.it\">info@toscanahiking.it<\/a><br \/><a style=\"background-color: #ffffff;\" href=\"https:\/\/www.toscanahiking.it\/\">www.toscanahiking.it<\/a><\/p>\t\t\t\t\t\t\t\t<\/div>\n\t\t\t\t<div class=\"elementor-element elementor-element-bb0c782 elementor-widget elementor-widget-heading\" data-id=\"bb0c782\" data-element_type=\"widget\" data-widget_type=\"heading.default\">\n\t\t\t\t\t<h2 class=\"elementor-heading-title elementor-size-default\"><h2>Fonctions religieuses<\/h2><\/h2>\t\t\t\t<\/div>\n\t\t\t\t<div class=\"elementor-element elementor-element-ef800fb mb-5 elementor-widget elementor-widget-text-editor\" data-id=\"ef800fb\" data-element_type=\"widget\" data-widget_type=\"text-editor.default\">\n\t\t\t\t\t\t\t\t\t<p><strong>\u00c9glise de San Regolo<\/strong>,\u00a0Piazza della Repubblica &#8211; Montaione<br \/>Mercredi et samedi 18h, dimanche 11h30<\/p><p><strong>\u00c9glise du couvent de San Vivaldo<\/strong><br \/>Lundi 08h30, mardi-samedi 18h, dimanche et jours f\u00e9ri\u00e9s 11h et 18h<\/p>\t\t\t\t\t\t\t\t<\/div>\n\t\t\t\t<\/div>\n\t\t\t\t\t<\/div>\n\t\t\t\t<\/div>\n\t\t\t\t<\/div>\n\t\t","protected":false},"excerpt":{"rendered":"<p>Bureau d&rsquo;information touristique Rue Cresci, 17\/19 \u2013 Montaione T\u00e9l. +39 0571 699255 E-mail: turismo@comune.montaione.fi.it Web: www.montaioneintuscany.it Facebook: @montaionedavivere Instagram: @montaionedavivere Ouverture: du 1\/04 au 31\/05: de lundi \u00e0 samedi 10-13; du 01\/06 au 30\/06: de lundi \u00e0 dimanche 10-13; du 101\/07 au 31\/08: de lundi \u00e0 samedi 10-13 e 16-19, dimanche 10-13; du 01\/09 au [&hellip;]<\/p>\n","protected":false},"author":1,"featured_media":0,"parent":0,"menu_order":0,"comment_status":"closed","ping_status":"closed","template":"","meta":{"_acf_changed":false,"footnotes":""},"class_list":["post-13866","page","type-page","status-publish","hentry"],"acf":[],"yoast_head":"<!-- This site is optimized with the Yoast SEO plugin v26.6 - https:\/\/yoast.com\/wordpress\/plugins\/seo\/ -->\n<title>Montaioneintuscany - Info<\/title>\n<meta name=\"description\" content=\"Are you in Montaione? Here you will find useful info and contacts for your stay.\" \/>\n<meta name=\"robots\" content=\"noindex, follow, max-snippet:-1, max-image-preview:large, max-video-preview:-1\" \/>\n<meta property=\"og:locale\" content=\"fr_FR\" \/>\n<meta property=\"og:type\" content=\"article\" \/>\n<meta property=\"og:title\" content=\"Montaioneintuscany - Info\" \/>\n<meta property=\"og:description\" content=\"Are you in Montaione? Here you will find useful info and contacts for your stay.\" \/>\n<meta property=\"og:url\" content=\"https:\/\/montaione.filaretedev.it\/fr\/info\/\" \/>\n<meta property=\"og:site_name\" content=\"Montaioneintuscany\" \/>\n<meta property=\"article:modified_time\" content=\"2025-12-16T13:45:30+00:00\" \/>\n<meta name=\"twitter:card\" content=\"summary_large_image\" \/>\n<meta name=\"twitter:label1\" content=\"Dur\u00e9e de lecture estim\u00e9e\" \/>\n\t<meta name=\"twitter:data1\" content=\"5 minutes\" \/>\n<script type=\"application\/ld+json\" class=\"yoast-schema-graph\">{\"@context\":\"https:\/\/schema.org\",\"@graph\":[{\"@type\":\"WebPage\",\"@id\":\"https:\/\/montaione.filaretedev.it\/fr\/info\/\",\"url\":\"https:\/\/montaione.filaretedev.it\/fr\/info\/\",\"name\":\"Montaioneintuscany - Info\",\"isPartOf\":{\"@id\":\"https:\/\/montaione.filaretedev.it\/#website\"},\"datePublished\":\"2025-10-27T10:56:35+00:00\",\"dateModified\":\"2025-12-16T13:45:30+00:00\",\"description\":\"Are you in Montaione? Here you will find useful info and contacts for your stay.\",\"breadcrumb\":{\"@id\":\"https:\/\/montaione.filaretedev.it\/fr\/info\/#breadcrumb\"},\"inLanguage\":\"fr-FR\",\"potentialAction\":[{\"@type\":\"ReadAction\",\"target\":[\"https:\/\/montaione.filaretedev.it\/fr\/info\/\"]}]},{\"@type\":\"BreadcrumbList\",\"@id\":\"https:\/\/montaione.filaretedev.it\/fr\/info\/#breadcrumb\",\"itemListElement\":[{\"@type\":\"ListItem\",\"position\":1,\"name\":\"Home\",\"item\":\"https:\/\/montaione.filaretedev.it\/\"},{\"@type\":\"ListItem\",\"position\":2,\"name\":\"Info\"}]},{\"@type\":\"WebSite\",\"@id\":\"https:\/\/montaione.filaretedev.it\/#website\",\"url\":\"https:\/\/montaione.filaretedev.it\/\",\"name\":\"Montaioneintuscany\",\"description\":\"\",\"publisher\":{\"@id\":\"https:\/\/montaione.filaretedev.it\/#organization\"},\"potentialAction\":[{\"@type\":\"SearchAction\",\"target\":{\"@type\":\"EntryPoint\",\"urlTemplate\":\"https:\/\/montaione.filaretedev.it\/?s={search_term_string}\"},\"query-input\":{\"@type\":\"PropertyValueSpecification\",\"valueRequired\":true,\"valueName\":\"search_term_string\"}}],\"inLanguage\":\"fr-FR\"},{\"@type\":\"Organization\",\"@id\":\"https:\/\/montaione.filaretedev.it\/#organization\",\"name\":\"Montaioneintuscany\",\"url\":\"https:\/\/montaione.filaretedev.it\/\",\"logo\":{\"@type\":\"ImageObject\",\"inLanguage\":\"fr-FR\",\"@id\":\"https:\/\/montaione.filaretedev.it\/#\/schema\/logo\/image\/\",\"url\":\"https:\/\/montaione.filaretedev.it\/wp-content\/uploads\/2025\/10\/logo.svg\",\"contentUrl\":\"https:\/\/montaione.filaretedev.it\/wp-content\/uploads\/2025\/10\/logo.svg\",\"width\":247,\"height\":25,\"caption\":\"Montaioneintuscany\"},\"image\":{\"@id\":\"https:\/\/montaione.filaretedev.it\/#\/schema\/logo\/image\/\"}}]}<\/script>\n<!-- \/ Yoast SEO plugin. -->","yoast_head_json":{"title":"Montaioneintuscany - Info","description":"Are you in Montaione? Here you will find useful info and contacts for your stay.","robots":{"index":"noindex","follow":"follow","max-snippet":"max-snippet:-1","max-image-preview":"max-image-preview:large","max-video-preview":"max-video-preview:-1"},"og_locale":"fr_FR","og_type":"article","og_title":"Montaioneintuscany - Info","og_description":"Are you in Montaione? Here you will find useful info and contacts for your stay.","og_url":"https:\/\/montaione.filaretedev.it\/fr\/info\/","og_site_name":"Montaioneintuscany","article_modified_time":"2025-12-16T13:45:30+00:00","twitter_card":"summary_large_image","twitter_misc":{"Dur\u00e9e de lecture estim\u00e9e":"5 minutes"},"schema":{"@context":"https:\/\/schema.org","@graph":[{"@type":"WebPage","@id":"https:\/\/montaione.filaretedev.it\/fr\/info\/","url":"https:\/\/montaione.filaretedev.it\/fr\/info\/","name":"Montaioneintuscany - Info","isPartOf":{"@id":"https:\/\/montaione.filaretedev.it\/#website"},"datePublished":"2025-10-27T10:56:35+00:00","dateModified":"2025-12-16T13:45:30+00:00","description":"Are you in Montaione? Here you will find useful info and contacts for your stay.","breadcrumb":{"@id":"https:\/\/montaione.filaretedev.it\/fr\/info\/#breadcrumb"},"inLanguage":"fr-FR","potentialAction":[{"@type":"ReadAction","target":["https:\/\/montaione.filaretedev.it\/fr\/info\/"]}]},{"@type":"BreadcrumbList","@id":"https:\/\/montaione.filaretedev.it\/fr\/info\/#breadcrumb","itemListElement":[{"@type":"ListItem","position":1,"name":"Home","item":"https:\/\/montaione.filaretedev.it\/"},{"@type":"ListItem","position":2,"name":"Info"}]},{"@type":"WebSite","@id":"https:\/\/montaione.filaretedev.it\/#website","url":"https:\/\/montaione.filaretedev.it\/","name":"Montaioneintuscany","description":"","publisher":{"@id":"https:\/\/montaione.filaretedev.it\/#organization"},"potentialAction":[{"@type":"SearchAction","target":{"@type":"EntryPoint","urlTemplate":"https:\/\/montaione.filaretedev.it\/?s={search_term_string}"},"query-input":{"@type":"PropertyValueSpecification","valueRequired":true,"valueName":"search_term_string"}}],"inLanguage":"fr-FR"},{"@type":"Organization","@id":"https:\/\/montaione.filaretedev.it\/#organization","name":"Montaioneintuscany","url":"https:\/\/montaione.filaretedev.it\/","logo":{"@type":"ImageObject","inLanguage":"fr-FR","@id":"https:\/\/montaione.filaretedev.it\/#\/schema\/logo\/image\/","url":"https:\/\/montaione.filaretedev.it\/wp-content\/uploads\/2025\/10\/logo.svg","contentUrl":"https:\/\/montaione.filaretedev.it\/wp-content\/uploads\/2025\/10\/logo.svg","width":247,"height":25,"caption":"Montaioneintuscany"},"image":{"@id":"https:\/\/montaione.filaretedev.it\/#\/schema\/logo\/image\/"}}]}},"_links":{"self":[{"href":"https:\/\/montaione.filaretedev.it\/fr\/wp-json\/wp\/v2\/pages\/13866","targetHints":{"allow":["GET"]}}],"collection":[{"href":"https:\/\/montaione.filaretedev.it\/fr\/wp-json\/wp\/v2\/pages"}],"about":[{"href":"https:\/\/montaione.filaretedev.it\/fr\/wp-json\/wp\/v2\/types\/page"}],"author":[{"embeddable":true,"href":"https:\/\/montaione.filaretedev.it\/fr\/wp-json\/wp\/v2\/users\/1"}],"replies":[{"embeddable":true,"href":"https:\/\/montaione.filaretedev.it\/fr\/wp-json\/wp\/v2\/comments?post=13866"}],"version-history":[{"count":22,"href":"https:\/\/montaione.filaretedev.it\/fr\/wp-json\/wp\/v2\/pages\/13866\/revisions"}],"predecessor-version":[{"id":18149,"href":"https:\/\/montaione.filaretedev.it\/fr\/wp-json\/wp\/v2\/pages\/13866\/revisions\/18149"}],"wp:attachment":[{"href":"https:\/\/montaione.filaretedev.it\/fr\/wp-json\/wp\/v2\/media?parent=13866"}],"curies":[{"name":"wp","href":"https:\/\/api.w.org\/{rel}","templated":true}]}}