{"id":13870,"date":"2025-10-27T11:56:54","date_gmt":"2025-10-27T10:56:54","guid":{"rendered":"https:\/\/montaione.filaretedev.it\/offerte\/"},"modified":"2025-12-16T14:38:55","modified_gmt":"2025-12-16T13:38:55","slug":"des-offres","status":"publish","type":"page","link":"https:\/\/montaione.filaretedev.it\/fr\/des-offres\/","title":{"rendered":"Des offres"},"content":{"rendered":"\t\t<div data-elementor-type=\"wp-page\" data-elementor-id=\"13870\" class=\"elementor elementor-13870 elementor-12050\" data-elementor-post-type=\"page\">\n\t\t\t\t<div class=\"elementor-element elementor-element-6468550a e-flex e-con-boxed e-con e-parent\" data-id=\"6468550a\" data-element_type=\"container\" data-settings=\"{&quot;background_background&quot;:&quot;classic&quot;}\">\n\t\t\t\t\t<div class=\"e-con-inner\">\n\t\t<div class=\"elementor-element elementor-element-2c5cf67f e-con-full mt-auto mb-4 e-flex e-con e-child\" data-id=\"2c5cf67f\" data-element_type=\"container\">\n\t\t\t\t<\/div>\n\t\t\t\t\t<\/div>\n\t\t\t\t<\/div>\n\t\t<div class=\"elementor-element elementor-element-3f33fba2 e-flex e-con-boxed e-con e-parent\" data-id=\"3f33fba2\" data-element_type=\"container\">\n\t\t\t\t\t<div class=\"e-con-inner\">\n\t\t<div class=\"elementor-element elementor-element-933d865 e-con-full e-flex e-con e-child\" data-id=\"933d865\" data-element_type=\"container\">\n\t\t\t\t<div class=\"elementor-element elementor-element-148abbb1 elementor-widget elementor-widget-shortcode\" data-id=\"148abbb1\" data-element_type=\"widget\" data-widget_type=\"shortcode.default\">\n\t\t\t\t\t\t\t<div class=\"elementor-shortcode\"><ul id=\"breadcrumbs\" class=\"breadcrumb w-100\"><li class=\"item-home\"><a class=\"bread-link bread-home\" href=\"https:\/\/montaione.filaretedev.it\/fr\/\" title=\"Home\">Home<\/a><\/li><li class=\"separator separator-home\">  |  <\/li><\/ul><\/div>\n\t\t\t\t\t\t<\/div>\n\t\t\t\t<\/div>\n\t\t\t\t\t<\/div>\n\t\t\t\t<\/div>\n\t\t<div class=\"elementor-element elementor-element-445790f py-5 e-flex e-con-boxed e-con e-parent\" data-id=\"445790f\" data-element_type=\"container\">\n\t\t\t\t\t<div class=\"e-con-inner\">\n\t\t<div class=\"elementor-element elementor-element-2f59c36 e-con-full e-flex e-con e-child\" data-id=\"2f59c36\" data-element_type=\"container\">\n\t\t<div class=\"elementor-element elementor-element-e8b126b e-con-full e-flex e-con e-child\" data-id=\"e8b126b\" data-element_type=\"container\">\n\t\t\t\t<div class=\"elementor-element elementor-element-cd5ea21 elementor-widget elementor-widget-text-editor\" data-id=\"cd5ea21\" data-element_type=\"widget\" data-widget_type=\"text-editor.default\">\n\t\t\t\t\t\t\t\t\t<a href=\"https:\/\/www.amotmontaione.com\/\" target=\"_blank\" rel=\"noopener\"><img decoding=\"async\" width=\"170\" height=\"170\" class=\"alignnone wp-image-14005 size-full\" src=\"https:\/\/montaione.filaretedev.it\/wp-content\/uploads\/2025\/10\/logo-amot.png\" alt=\"\" \/><\/a>\t\t\t\t\t\t\t\t<\/div>\n\t\t\t\t<\/div>\n\t\t<div class=\"elementor-element elementor-element-775666a e-con-full e-flex e-con e-child\" data-id=\"775666a\" data-element_type=\"container\">\n\t\t\t\t<div class=\"elementor-element elementor-element-5000ebd mb-5 elementor-widget elementor-widget-text-editor\" data-id=\"5000ebd\" data-element_type=\"widget\" data-widget_type=\"text-editor.default\">\n\t\t\t\t\t\t\t\t\t<p>Les forfaits et offres sont organis\u00e9s par A.M.O.T. association des installations touristiques de Montaione.<\/p><p>C\u2019est l\u2019Association officielle des Tour Op\u00e9rateurs de Montaione. C\u2019est un groupe de personnes qui vivent et aiment la r\u00e9gion et sont heureuses de partager leurs exp\u00e9riences et leurs connaissances avec vous. Des exp\u00e9riences et des connaissances uniques, car personne ne peut parler de sa maison comme ceux qui y vivent. Nous, fiers membres de l\u2019A.M.O.T., vous proposons une s\u00e9lection d\u2019initiatives hebdomadaires, pour vous faire d\u00e9couvrir le territoire sous un autre point de vue.<\/p>\n<p><strong>Contacts<\/strong><br>\nemail: <a href=\"mailto:amot.montaione@gmail.com\">amot.montaione@gmail.com<\/a><br>\nTel. +39 339 318 4871<\/p>\n<p>D\u00e9couvrez <a href=\"https:\/\/www.amotmontaione.com\/en\/experiences\"><strong>ici<\/strong><\/a> les excursions et exp\u00e9riences d\u2019Amot.<\/p>\t\t\t\t\t\t\t\t<\/div>\n\t\t\t\t<\/div>\n\t\t\t\t<\/div>\n\t\t\t\t\t<\/div>\n\t\t\t\t<\/div>\n\t\t\t\t<\/div>\n\t\t","protected":false},"excerpt":{"rendered":"<p>Les forfaits et offres sont organis\u00e9s par A.M.O.T. association des installations touristiques de Montaione. C\u2019est l\u2019Association officielle des Tour Op\u00e9rateurs de Montaione. C\u2019est un groupe de personnes qui vivent et aiment la r\u00e9gion et sont heureuses de partager leurs exp\u00e9riences et leurs connaissances avec vous. Des exp\u00e9riences et des connaissances uniques, car personne ne peut [&hellip;]<\/p>\n","protected":false},"author":1,"featured_media":0,"parent":0,"menu_order":0,"comment_status":"closed","ping_status":"closed","template":"","meta":{"_acf_changed":false,"footnotes":""},"class_list":["post-13870","page","type-page","status-publish","hentry"],"acf":[],"yoast_head":"<!-- This site is optimized with the Yoast SEO plugin v26.6 - https:\/\/yoast.com\/wordpress\/plugins\/seo\/ -->\n<title>Montaioneintuscany - Des offres<\/title>\n<meta name=\"description\" content=\"Offres pour Montaione : forfaits et initiatives organis\u00e9s par AMOT pour d\u00e9couvrir le village et la Toscane authentique.\" \/>\n<meta name=\"robots\" content=\"noindex, follow, max-snippet:-1, max-image-preview:large, max-video-preview:-1\" \/>\n<meta property=\"og:locale\" content=\"fr_FR\" \/>\n<meta property=\"og:type\" content=\"article\" \/>\n<meta property=\"og:title\" content=\"Montaioneintuscany - Des offres\" \/>\n<meta property=\"og:description\" content=\"Offres pour Montaione : forfaits et initiatives organis\u00e9s par AMOT pour d\u00e9couvrir le village et la Toscane authentique.\" \/>\n<meta property=\"og:url\" content=\"https:\/\/montaione.filaretedev.it\/fr\/des-offres\/\" \/>\n<meta property=\"og:site_name\" content=\"Montaioneintuscany\" \/>\n<meta property=\"article:modified_time\" content=\"2025-12-16T13:38:55+00:00\" \/>\n<meta property=\"og:image\" content=\"https:\/\/montaione.filaretedev.it\/wp-content\/uploads\/2025\/10\/logo-amot.png\" \/>\n<meta name=\"twitter:card\" content=\"summary_large_image\" \/>\n<meta name=\"twitter:label1\" content=\"Dur\u00e9e de lecture estim\u00e9e\" \/>\n\t<meta name=\"twitter:data1\" content=\"1 minute\" \/>\n<script type=\"application\/ld+json\" class=\"yoast-schema-graph\">{\"@context\":\"https:\/\/schema.org\",\"@graph\":[{\"@type\":\"WebPage\",\"@id\":\"https:\/\/montaione.filaretedev.it\/fr\/des-offres\/\",\"url\":\"https:\/\/montaione.filaretedev.it\/fr\/des-offres\/\",\"name\":\"Montaioneintuscany - Des offres\",\"isPartOf\":{\"@id\":\"https:\/\/montaione.filaretedev.it\/#website\"},\"primaryImageOfPage\":{\"@id\":\"https:\/\/montaione.filaretedev.it\/fr\/des-offres\/#primaryimage\"},\"image\":{\"@id\":\"https:\/\/montaione.filaretedev.it\/fr\/des-offres\/#primaryimage\"},\"thumbnailUrl\":\"https:\/\/montaione.filaretedev.it\/wp-content\/uploads\/2025\/10\/logo-amot.png\",\"datePublished\":\"2025-10-27T10:56:54+00:00\",\"dateModified\":\"2025-12-16T13:38:55+00:00\",\"description\":\"Offres pour Montaione : forfaits et initiatives organis\u00e9s par AMOT pour d\u00e9couvrir le village et la Toscane authentique.\",\"breadcrumb\":{\"@id\":\"https:\/\/montaione.filaretedev.it\/fr\/des-offres\/#breadcrumb\"},\"inLanguage\":\"fr-FR\",\"potentialAction\":[{\"@type\":\"ReadAction\",\"target\":[\"https:\/\/montaione.filaretedev.it\/fr\/des-offres\/\"]}]},{\"@type\":\"ImageObject\",\"inLanguage\":\"fr-FR\",\"@id\":\"https:\/\/montaione.filaretedev.it\/fr\/des-offres\/#primaryimage\",\"url\":\"https:\/\/montaione.filaretedev.it\/wp-content\/uploads\/2025\/10\/logo-amot.png\",\"contentUrl\":\"https:\/\/montaione.filaretedev.it\/wp-content\/uploads\/2025\/10\/logo-amot.png\"},{\"@type\":\"BreadcrumbList\",\"@id\":\"https:\/\/montaione.filaretedev.it\/fr\/des-offres\/#breadcrumb\",\"itemListElement\":[{\"@type\":\"ListItem\",\"position\":1,\"name\":\"Home\",\"item\":\"https:\/\/montaione.filaretedev.it\/\"},{\"@type\":\"ListItem\",\"position\":2,\"name\":\"Des offres\"}]},{\"@type\":\"WebSite\",\"@id\":\"https:\/\/montaione.filaretedev.it\/#website\",\"url\":\"https:\/\/montaione.filaretedev.it\/\",\"name\":\"Montaioneintuscany\",\"description\":\"\",\"publisher\":{\"@id\":\"https:\/\/montaione.filaretedev.it\/#organization\"},\"potentialAction\":[{\"@type\":\"SearchAction\",\"target\":{\"@type\":\"EntryPoint\",\"urlTemplate\":\"https:\/\/montaione.filaretedev.it\/?s={search_term_string}\"},\"query-input\":{\"@type\":\"PropertyValueSpecification\",\"valueRequired\":true,\"valueName\":\"search_term_string\"}}],\"inLanguage\":\"fr-FR\"},{\"@type\":\"Organization\",\"@id\":\"https:\/\/montaione.filaretedev.it\/#organization\",\"name\":\"Montaioneintuscany\",\"url\":\"https:\/\/montaione.filaretedev.it\/\",\"logo\":{\"@type\":\"ImageObject\",\"inLanguage\":\"fr-FR\",\"@id\":\"https:\/\/montaione.filaretedev.it\/#\/schema\/logo\/image\/\",\"url\":\"https:\/\/montaione.filaretedev.it\/wp-content\/uploads\/2025\/10\/logo.svg\",\"contentUrl\":\"https:\/\/montaione.filaretedev.it\/wp-content\/uploads\/2025\/10\/logo.svg\",\"width\":247,\"height\":25,\"caption\":\"Montaioneintuscany\"},\"image\":{\"@id\":\"https:\/\/montaione.filaretedev.it\/#\/schema\/logo\/image\/\"}}]}<\/script>\n<!-- \/ Yoast SEO plugin. -->","yoast_head_json":{"title":"Montaioneintuscany - Des offres","description":"Offres pour Montaione : forfaits et initiatives organis\u00e9s par AMOT pour d\u00e9couvrir le village et la Toscane authentique.","robots":{"index":"noindex","follow":"follow","max-snippet":"max-snippet:-1","max-image-preview":"max-image-preview:large","max-video-preview":"max-video-preview:-1"},"og_locale":"fr_FR","og_type":"article","og_title":"Montaioneintuscany - Des offres","og_description":"Offres pour Montaione : forfaits et initiatives organis\u00e9s par AMOT pour d\u00e9couvrir le village et la Toscane authentique.","og_url":"https:\/\/montaione.filaretedev.it\/fr\/des-offres\/","og_site_name":"Montaioneintuscany","article_modified_time":"2025-12-16T13:38:55+00:00","og_image":[{"url":"https:\/\/montaione.filaretedev.it\/wp-content\/uploads\/2025\/10\/logo-amot.png","type":"","width":"","height":""}],"twitter_card":"summary_large_image","twitter_misc":{"Dur\u00e9e de lecture estim\u00e9e":"1 minute"},"schema":{"@context":"https:\/\/schema.org","@graph":[{"@type":"WebPage","@id":"https:\/\/montaione.filaretedev.it\/fr\/des-offres\/","url":"https:\/\/montaione.filaretedev.it\/fr\/des-offres\/","name":"Montaioneintuscany - Des offres","isPartOf":{"@id":"https:\/\/montaione.filaretedev.it\/#website"},"primaryImageOfPage":{"@id":"https:\/\/montaione.filaretedev.it\/fr\/des-offres\/#primaryimage"},"image":{"@id":"https:\/\/montaione.filaretedev.it\/fr\/des-offres\/#primaryimage"},"thumbnailUrl":"https:\/\/montaione.filaretedev.it\/wp-content\/uploads\/2025\/10\/logo-amot.png","datePublished":"2025-10-27T10:56:54+00:00","dateModified":"2025-12-16T13:38:55+00:00","description":"Offres pour Montaione : forfaits et initiatives organis\u00e9s par AMOT pour d\u00e9couvrir le village et la Toscane authentique.","breadcrumb":{"@id":"https:\/\/montaione.filaretedev.it\/fr\/des-offres\/#breadcrumb"},"inLanguage":"fr-FR","potentialAction":[{"@type":"ReadAction","target":["https:\/\/montaione.filaretedev.it\/fr\/des-offres\/"]}]},{"@type":"ImageObject","inLanguage":"fr-FR","@id":"https:\/\/montaione.filaretedev.it\/fr\/des-offres\/#primaryimage","url":"https:\/\/montaione.filaretedev.it\/wp-content\/uploads\/2025\/10\/logo-amot.png","contentUrl":"https:\/\/montaione.filaretedev.it\/wp-content\/uploads\/2025\/10\/logo-amot.png"},{"@type":"BreadcrumbList","@id":"https:\/\/montaione.filaretedev.it\/fr\/des-offres\/#breadcrumb","itemListElement":[{"@type":"ListItem","position":1,"name":"Home","item":"https:\/\/montaione.filaretedev.it\/"},{"@type":"ListItem","position":2,"name":"Des offres"}]},{"@type":"WebSite","@id":"https:\/\/montaione.filaretedev.it\/#website","url":"https:\/\/montaione.filaretedev.it\/","name":"Montaioneintuscany","description":"","publisher":{"@id":"https:\/\/montaione.filaretedev.it\/#organization"},"potentialAction":[{"@type":"SearchAction","target":{"@type":"EntryPoint","urlTemplate":"https:\/\/montaione.filaretedev.it\/?s={search_term_string}"},"query-input":{"@type":"PropertyValueSpecification","valueRequired":true,"valueName":"search_term_string"}}],"inLanguage":"fr-FR"},{"@type":"Organization","@id":"https:\/\/montaione.filaretedev.it\/#organization","name":"Montaioneintuscany","url":"https:\/\/montaione.filaretedev.it\/","logo":{"@type":"ImageObject","inLanguage":"fr-FR","@id":"https:\/\/montaione.filaretedev.it\/#\/schema\/logo\/image\/","url":"https:\/\/montaione.filaretedev.it\/wp-content\/uploads\/2025\/10\/logo.svg","contentUrl":"https:\/\/montaione.filaretedev.it\/wp-content\/uploads\/2025\/10\/logo.svg","width":247,"height":25,"caption":"Montaioneintuscany"},"image":{"@id":"https:\/\/montaione.filaretedev.it\/#\/schema\/logo\/image\/"}}]}},"_links":{"self":[{"href":"https:\/\/montaione.filaretedev.it\/fr\/wp-json\/wp\/v2\/pages\/13870","targetHints":{"allow":["GET"]}}],"collection":[{"href":"https:\/\/montaione.filaretedev.it\/fr\/wp-json\/wp\/v2\/pages"}],"about":[{"href":"https:\/\/montaione.filaretedev.it\/fr\/wp-json\/wp\/v2\/types\/page"}],"author":[{"embeddable":true,"href":"https:\/\/montaione.filaretedev.it\/fr\/wp-json\/wp\/v2\/users\/1"}],"replies":[{"embeddable":true,"href":"https:\/\/montaione.filaretedev.it\/fr\/wp-json\/wp\/v2\/comments?post=13870"}],"version-history":[{"count":12,"href":"https:\/\/montaione.filaretedev.it\/fr\/wp-json\/wp\/v2\/pages\/13870\/revisions"}],"predecessor-version":[{"id":18136,"href":"https:\/\/montaione.filaretedev.it\/fr\/wp-json\/wp\/v2\/pages\/13870\/revisions\/18136"}],"wp:attachment":[{"href":"https:\/\/montaione.filaretedev.it\/fr\/wp-json\/wp\/v2\/media?parent=13870"}],"curies":[{"name":"wp","href":"https:\/\/api.w.org\/{rel}","templated":true}]}}