{"id":15596,"date":"2025-11-10T17:59:42","date_gmt":"2025-11-10T16:59:42","guid":{"rendered":"https:\/\/montaione.filaretedev.it\/que-faire\/escursioni-cavallo\/"},"modified":"2025-12-22T09:15:48","modified_gmt":"2025-12-22T08:15:48","slug":"excursions-guidees-a-cheval","status":"publish","type":"page","link":"https:\/\/montaione.filaretedev.it\/fr\/que-faire\/excursions-guidees-a-cheval\/","title":{"rendered":"Excursions guid\u00e9es \u00e0 cheval"},"content":{"rendered":"\t\t<div data-elementor-type=\"wp-page\" data-elementor-id=\"15596\" class=\"elementor elementor-15596 elementor-14060\" data-elementor-post-type=\"page\">\n\t\t\t\t<div class=\"elementor-element elementor-element-7d506f68 e-flex e-con-boxed e-con e-parent\" data-id=\"7d506f68\" data-element_type=\"container\" data-settings=\"{&quot;background_background&quot;:&quot;classic&quot;}\">\n\t\t\t\t\t<div class=\"e-con-inner\">\n\t\t<div class=\"elementor-element elementor-element-32a443f9 e-con-full mt-auto mb-4 e-flex e-con e-child\" data-id=\"32a443f9\" data-element_type=\"container\">\n\t\t\t\t<\/div>\n\t\t\t\t\t<\/div>\n\t\t\t\t<\/div>\n\t\t<div class=\"elementor-element elementor-element-6492d587 e-flex e-con-boxed e-con e-parent\" data-id=\"6492d587\" data-element_type=\"container\">\n\t\t\t\t\t<div class=\"e-con-inner\">\n\t\t<div class=\"elementor-element elementor-element-4095bdcf e-con-full e-flex e-con e-child\" data-id=\"4095bdcf\" data-element_type=\"container\">\n\t\t\t\t<div class=\"elementor-element elementor-element-6a0a70ce elementor-widget elementor-widget-shortcode\" data-id=\"6a0a70ce\" data-element_type=\"widget\" data-widget_type=\"shortcode.default\">\n\t\t\t\t\t\t\t<div class=\"elementor-shortcode\"><ul id=\"breadcrumbs\" class=\"breadcrumb w-100\"><li class=\"item-home\"><a class=\"bread-link bread-home\" href=\"https:\/\/montaione.filaretedev.it\/fr\/\" title=\"Home\">Home<\/a><\/li><li class=\"separator separator-home\">  |  <\/li><\/ul><\/div>\n\t\t\t\t\t\t<\/div>\n\t\t\t\t<\/div>\n\t\t\t\t\t<\/div>\n\t\t\t\t<\/div>\n\t\t<div class=\"elementor-element elementor-element-9ec9b3a py-5 e-flex e-con-boxed e-con e-parent\" data-id=\"9ec9b3a\" data-element_type=\"container\">\n\t\t\t\t\t<div class=\"e-con-inner\">\n\t\t<div class=\"elementor-element elementor-element-618d79e e-con-full e-flex e-con e-child\" data-id=\"618d79e\" data-element_type=\"container\">\n\t\t\t\t<div class=\"elementor-element elementor-element-60189f3 elementor-widget elementor-widget-text-editor\" data-id=\"60189f3\" data-element_type=\"widget\" data-widget_type=\"text-editor.default\">\n\t\t\t\t\t\t\t\t\t<p>\u00c0 la port\u00e9e de tous et toujours r\u00e9alis\u00e9es en toute s\u00e9curit\u00e9, les randonn\u00e9es guid\u00e9es \u00e0 cheval offrent la possibilit\u00e9 de d\u00e9couvrir et d\u2019appr\u00e9cier la nature en compagnie d\u2019un noble ami.<\/p><p>Une exp\u00e9rience \u00e0 faire au moins une fois dans sa vie pour se retrouver plong\u00e9 dans des paysages magnifiques avec le spectacle qu\u2019ils offrent continuellement.<br \/>Et le faire \u00e0 cheval est quelque chose d\u2019extraordinaire.<br \/>Cr\u00e9ez une harmonie avec l\u2019animal, respirez avec lui, admirez sa d\u00e9marche \u00e9l\u00e9gante dans la paix et la beaut\u00e9 de l\u2019espace environnant. Faites une balade \u00e0 cheval accompagn\u00e9e d\u2019un moniteur d\u2019\u00e9quitation expert et donnez-vous une \u00e9motion.<\/p>\t\t\t\t\t\t\t\t<\/div>\n\t\t\t\t<div class=\"elementor-element elementor-element-4b122ca elementor-widget elementor-widget-heading\" data-id=\"4b122ca\" data-element_type=\"widget\" data-widget_type=\"heading.default\">\n\t\t\t\t\t<h2 class=\"elementor-heading-title elementor-size-default\">Contacts<\/h2>\t\t\t\t<\/div>\n\t\t\t\t<div class=\"elementor-element elementor-element-3a2a8ea elementor-widget elementor-widget-text-editor\" data-id=\"3a2a8ea\" data-element_type=\"widget\" data-widget_type=\"text-editor.default\">\n\t\t\t\t\t\t\t\t\t<p><strong>Agriturismo Il Torrino &#8211;\u00a0Gelsomino Ranch<\/strong><br \/>Via Mura, 22 &#8211; Montaione<br \/>Emanuele Rossi: +39 347 320 0800<br \/><a href=\"https:\/\/www.facebook.com\/ilgelsominoranch\/?locale=it_IT\">Facebook<\/a><\/p>\t\t\t\t\t\t\t\t<\/div>\n\t\t\t\t<\/div>\n\t\t\t\t\t<\/div>\n\t\t\t\t<\/div>\n\t\t<div class=\"elementor-element elementor-element-6af5502 pb-5 blocconi-img elementor-hidden-desktop elementor-hidden-tablet elementor-hidden-mobile e-flex e-con-boxed e-con e-parent\" data-id=\"6af5502\" data-element_type=\"container\">\n\t\t\t\t\t<div class=\"e-con-inner\">\n\t\t<div class=\"elementor-element elementor-element-8f013ce e-con-full e-flex e-con e-child\" data-id=\"8f013ce\" data-element_type=\"container\">\n\t\t\t\t<div class=\"elementor-element elementor-element-a6fe208 elementor-widget elementor-widget-image\" data-id=\"a6fe208\" data-element_type=\"widget\" data-widget_type=\"image.default\">\n\t\t\t\t\t\t\t\t\t\t\t\t\t\t\t<img fetchpriority=\"high\" decoding=\"async\" width=\"768\" height=\"768\" src=\"https:\/\/montaione.filaretedev.it\/wp-content\/uploads\/2025\/11\/cavallo-montaione-11-768x768-1.jpg\" class=\"attachment-large size-large wp-image-15593\" alt=\"\" srcset=\"https:\/\/montaione.filaretedev.it\/wp-content\/uploads\/2025\/11\/cavallo-montaione-11-768x768-1.jpg 768w, https:\/\/montaione.filaretedev.it\/wp-content\/uploads\/2025\/11\/cavallo-montaione-11-768x768-1-300x300.jpg 300w\" sizes=\"(max-width: 768px) 100vw, 768px\" \/>\t\t\t\t\t\t\t\t\t\t\t\t\t\t\t<\/div>\n\t\t\t\t<\/div>\n\t\t<div class=\"elementor-element elementor-element-eb42cf0 e-con-full e-flex e-con e-child\" data-id=\"eb42cf0\" data-element_type=\"container\">\n\t\t\t\t<div class=\"elementor-element elementor-element-772e9ca elementor-widget elementor-widget-image\" data-id=\"772e9ca\" data-element_type=\"widget\" data-widget_type=\"image.default\">\n\t\t\t\t\t\t\t\t\t\t\t\t\t\t\t<img decoding=\"async\" width=\"768\" height=\"768\" src=\"https:\/\/montaione.filaretedev.it\/wp-content\/uploads\/2025\/11\/cavallo-montaione-10-768x768-1.jpg\" class=\"attachment-large size-large wp-image-15594\" alt=\"\" srcset=\"https:\/\/montaione.filaretedev.it\/wp-content\/uploads\/2025\/11\/cavallo-montaione-10-768x768-1.jpg 768w, https:\/\/montaione.filaretedev.it\/wp-content\/uploads\/2025\/11\/cavallo-montaione-10-768x768-1-300x300.jpg 300w\" sizes=\"(max-width: 768px) 100vw, 768px\" \/>\t\t\t\t\t\t\t\t\t\t\t\t\t\t\t<\/div>\n\t\t\t\t<\/div>\n\t\t\t\t\t<\/div>\n\t\t\t\t<\/div>\n\t\t\t\t<\/div>\n\t\t","protected":false},"excerpt":{"rendered":"<p>\u00c0 la port\u00e9e de tous et toujours r\u00e9alis\u00e9es en toute s\u00e9curit\u00e9, les randonn\u00e9es guid\u00e9es \u00e0 cheval offrent la possibilit\u00e9 de d\u00e9couvrir et d\u2019appr\u00e9cier la nature en compagnie d\u2019un noble ami. Une exp\u00e9rience \u00e0 faire au moins une fois dans sa vie pour se retrouver plong\u00e9 dans des paysages magnifiques avec le spectacle qu\u2019ils offrent continuellement.Et [&hellip;]<\/p>\n","protected":false},"author":2,"featured_media":13814,"parent":13827,"menu_order":0,"comment_status":"closed","ping_status":"closed","template":"","meta":{"_acf_changed":false,"footnotes":""},"class_list":["post-15596","page","type-page","status-publish","has-post-thumbnail","hentry"],"acf":[],"yoast_head":"<!-- This site is optimized with the Yoast SEO plugin v26.6 - https:\/\/yoast.com\/wordpress\/plugins\/seo\/ -->\n<title>Excursions guidees \u00e0 cheval \u00e0 Montaione - Montaione in Tuscany<\/title>\n<meta name=\"description\" content=\"Profitez de la nature toscane gr\u00e2ce aux excursions \u00e0 cheval \u00e0 Montaione : guid\u00e9es, accessibles \u00e0 tous et s\u00e9curis\u00e9es.\" \/>\n<meta name=\"robots\" content=\"noindex, follow, max-snippet:-1, max-image-preview:large, max-video-preview:-1\" \/>\n<meta property=\"og:locale\" content=\"fr_FR\" \/>\n<meta property=\"og:type\" content=\"article\" \/>\n<meta property=\"og:title\" content=\"Excursions guidees \u00e0 cheval \u00e0 Montaione - Montaione in Tuscany\" \/>\n<meta property=\"og:description\" content=\"Profitez de la nature toscane gr\u00e2ce aux excursions \u00e0 cheval \u00e0 Montaione : guid\u00e9es, accessibles \u00e0 tous et s\u00e9curis\u00e9es.\" \/>\n<meta property=\"og:url\" content=\"https:\/\/montaione.filaretedev.it\/fr\/que-faire\/excursions-guidees-a-cheval\/\" \/>\n<meta property=\"og:site_name\" content=\"Montaioneintuscany\" \/>\n<meta property=\"article:modified_time\" content=\"2025-12-22T08:15:48+00:00\" \/>\n<meta property=\"og:image\" content=\"https:\/\/montaione.filaretedev.it\/wp-content\/uploads\/2025\/10\/4762b342e5c188409cca17ade785e8a45e11b4b8.jpg\" \/>\n\t<meta property=\"og:image:width\" content=\"768\" \/>\n\t<meta property=\"og:image:height\" content=\"768\" \/>\n\t<meta property=\"og:image:type\" content=\"image\/jpeg\" \/>\n<meta name=\"twitter:card\" content=\"summary_large_image\" \/>\n<meta name=\"twitter:label1\" content=\"Dur\u00e9e de lecture estim\u00e9e\" \/>\n\t<meta name=\"twitter:data1\" content=\"1 minute\" \/>\n<script type=\"application\/ld+json\" class=\"yoast-schema-graph\">{\"@context\":\"https:\/\/schema.org\",\"@graph\":[{\"@type\":\"WebPage\",\"@id\":\"https:\/\/montaione.filaretedev.it\/fr\/que-faire\/excursions-guidees-a-cheval\/\",\"url\":\"https:\/\/montaione.filaretedev.it\/fr\/que-faire\/excursions-guidees-a-cheval\/\",\"name\":\"Excursions guidees \u00e0 cheval \u00e0 Montaione - Montaione in Tuscany\",\"isPartOf\":{\"@id\":\"https:\/\/montaione.filaretedev.it\/#website\"},\"primaryImageOfPage\":{\"@id\":\"https:\/\/montaione.filaretedev.it\/fr\/que-faire\/excursions-guidees-a-cheval\/#primaryimage\"},\"image\":{\"@id\":\"https:\/\/montaione.filaretedev.it\/fr\/que-faire\/excursions-guidees-a-cheval\/#primaryimage\"},\"thumbnailUrl\":\"https:\/\/montaione.filaretedev.it\/wp-content\/uploads\/2025\/10\/4762b342e5c188409cca17ade785e8a45e11b4b8.jpg\",\"datePublished\":\"2025-11-10T16:59:42+00:00\",\"dateModified\":\"2025-12-22T08:15:48+00:00\",\"description\":\"Profitez de la nature toscane gr\u00e2ce aux excursions \u00e0 cheval \u00e0 Montaione : guid\u00e9es, accessibles \u00e0 tous et s\u00e9curis\u00e9es.\",\"breadcrumb\":{\"@id\":\"https:\/\/montaione.filaretedev.it\/fr\/que-faire\/excursions-guidees-a-cheval\/#breadcrumb\"},\"inLanguage\":\"fr-FR\",\"potentialAction\":[{\"@type\":\"ReadAction\",\"target\":[\"https:\/\/montaione.filaretedev.it\/fr\/que-faire\/excursions-guidees-a-cheval\/\"]}]},{\"@type\":\"ImageObject\",\"inLanguage\":\"fr-FR\",\"@id\":\"https:\/\/montaione.filaretedev.it\/fr\/que-faire\/excursions-guidees-a-cheval\/#primaryimage\",\"url\":\"https:\/\/montaione.filaretedev.it\/wp-content\/uploads\/2025\/10\/4762b342e5c188409cca17ade785e8a45e11b4b8.jpg\",\"contentUrl\":\"https:\/\/montaione.filaretedev.it\/wp-content\/uploads\/2025\/10\/4762b342e5c188409cca17ade785e8a45e11b4b8.jpg\",\"width\":768,\"height\":768},{\"@type\":\"BreadcrumbList\",\"@id\":\"https:\/\/montaione.filaretedev.it\/fr\/que-faire\/excursions-guidees-a-cheval\/#breadcrumb\",\"itemListElement\":[{\"@type\":\"ListItem\",\"position\":1,\"name\":\"Home\",\"item\":\"https:\/\/montaione.filaretedev.it\/\"},{\"@type\":\"ListItem\",\"position\":2,\"name\":\"Que faire\",\"item\":\"https:\/\/montaione.filaretedev.it\/cosa-fare\/\"},{\"@type\":\"ListItem\",\"position\":3,\"name\":\"Excursions guid\u00e9es \u00e0 cheval\"}]},{\"@type\":\"WebSite\",\"@id\":\"https:\/\/montaione.filaretedev.it\/#website\",\"url\":\"https:\/\/montaione.filaretedev.it\/\",\"name\":\"Montaioneintuscany\",\"description\":\"\",\"publisher\":{\"@id\":\"https:\/\/montaione.filaretedev.it\/#organization\"},\"potentialAction\":[{\"@type\":\"SearchAction\",\"target\":{\"@type\":\"EntryPoint\",\"urlTemplate\":\"https:\/\/montaione.filaretedev.it\/?s={search_term_string}\"},\"query-input\":{\"@type\":\"PropertyValueSpecification\",\"valueRequired\":true,\"valueName\":\"search_term_string\"}}],\"inLanguage\":\"fr-FR\"},{\"@type\":\"Organization\",\"@id\":\"https:\/\/montaione.filaretedev.it\/#organization\",\"name\":\"Montaioneintuscany\",\"url\":\"https:\/\/montaione.filaretedev.it\/\",\"logo\":{\"@type\":\"ImageObject\",\"inLanguage\":\"fr-FR\",\"@id\":\"https:\/\/montaione.filaretedev.it\/#\/schema\/logo\/image\/\",\"url\":\"https:\/\/montaione.filaretedev.it\/wp-content\/uploads\/2025\/10\/logo.svg\",\"contentUrl\":\"https:\/\/montaione.filaretedev.it\/wp-content\/uploads\/2025\/10\/logo.svg\",\"width\":247,\"height\":25,\"caption\":\"Montaioneintuscany\"},\"image\":{\"@id\":\"https:\/\/montaione.filaretedev.it\/#\/schema\/logo\/image\/\"}}]}<\/script>\n<!-- \/ Yoast SEO plugin. -->","yoast_head_json":{"title":"Excursions guidees \u00e0 cheval \u00e0 Montaione - Montaione in Tuscany","description":"Profitez de la nature toscane gr\u00e2ce aux excursions \u00e0 cheval \u00e0 Montaione : guid\u00e9es, accessibles \u00e0 tous et s\u00e9curis\u00e9es.","robots":{"index":"noindex","follow":"follow","max-snippet":"max-snippet:-1","max-image-preview":"max-image-preview:large","max-video-preview":"max-video-preview:-1"},"og_locale":"fr_FR","og_type":"article","og_title":"Excursions guidees \u00e0 cheval \u00e0 Montaione - Montaione in Tuscany","og_description":"Profitez de la nature toscane gr\u00e2ce aux excursions \u00e0 cheval \u00e0 Montaione : guid\u00e9es, accessibles \u00e0 tous et s\u00e9curis\u00e9es.","og_url":"https:\/\/montaione.filaretedev.it\/fr\/que-faire\/excursions-guidees-a-cheval\/","og_site_name":"Montaioneintuscany","article_modified_time":"2025-12-22T08:15:48+00:00","og_image":[{"width":768,"height":768,"url":"https:\/\/montaione.filaretedev.it\/wp-content\/uploads\/2025\/10\/4762b342e5c188409cca17ade785e8a45e11b4b8.jpg","type":"image\/jpeg"}],"twitter_card":"summary_large_image","twitter_misc":{"Dur\u00e9e de lecture estim\u00e9e":"1 minute"},"schema":{"@context":"https:\/\/schema.org","@graph":[{"@type":"WebPage","@id":"https:\/\/montaione.filaretedev.it\/fr\/que-faire\/excursions-guidees-a-cheval\/","url":"https:\/\/montaione.filaretedev.it\/fr\/que-faire\/excursions-guidees-a-cheval\/","name":"Excursions guidees \u00e0 cheval \u00e0 Montaione - Montaione in Tuscany","isPartOf":{"@id":"https:\/\/montaione.filaretedev.it\/#website"},"primaryImageOfPage":{"@id":"https:\/\/montaione.filaretedev.it\/fr\/que-faire\/excursions-guidees-a-cheval\/#primaryimage"},"image":{"@id":"https:\/\/montaione.filaretedev.it\/fr\/que-faire\/excursions-guidees-a-cheval\/#primaryimage"},"thumbnailUrl":"https:\/\/montaione.filaretedev.it\/wp-content\/uploads\/2025\/10\/4762b342e5c188409cca17ade785e8a45e11b4b8.jpg","datePublished":"2025-11-10T16:59:42+00:00","dateModified":"2025-12-22T08:15:48+00:00","description":"Profitez de la nature toscane gr\u00e2ce aux excursions \u00e0 cheval \u00e0 Montaione : guid\u00e9es, accessibles \u00e0 tous et s\u00e9curis\u00e9es.","breadcrumb":{"@id":"https:\/\/montaione.filaretedev.it\/fr\/que-faire\/excursions-guidees-a-cheval\/#breadcrumb"},"inLanguage":"fr-FR","potentialAction":[{"@type":"ReadAction","target":["https:\/\/montaione.filaretedev.it\/fr\/que-faire\/excursions-guidees-a-cheval\/"]}]},{"@type":"ImageObject","inLanguage":"fr-FR","@id":"https:\/\/montaione.filaretedev.it\/fr\/que-faire\/excursions-guidees-a-cheval\/#primaryimage","url":"https:\/\/montaione.filaretedev.it\/wp-content\/uploads\/2025\/10\/4762b342e5c188409cca17ade785e8a45e11b4b8.jpg","contentUrl":"https:\/\/montaione.filaretedev.it\/wp-content\/uploads\/2025\/10\/4762b342e5c188409cca17ade785e8a45e11b4b8.jpg","width":768,"height":768},{"@type":"BreadcrumbList","@id":"https:\/\/montaione.filaretedev.it\/fr\/que-faire\/excursions-guidees-a-cheval\/#breadcrumb","itemListElement":[{"@type":"ListItem","position":1,"name":"Home","item":"https:\/\/montaione.filaretedev.it\/"},{"@type":"ListItem","position":2,"name":"Que faire","item":"https:\/\/montaione.filaretedev.it\/cosa-fare\/"},{"@type":"ListItem","position":3,"name":"Excursions guid\u00e9es \u00e0 cheval"}]},{"@type":"WebSite","@id":"https:\/\/montaione.filaretedev.it\/#website","url":"https:\/\/montaione.filaretedev.it\/","name":"Montaioneintuscany","description":"","publisher":{"@id":"https:\/\/montaione.filaretedev.it\/#organization"},"potentialAction":[{"@type":"SearchAction","target":{"@type":"EntryPoint","urlTemplate":"https:\/\/montaione.filaretedev.it\/?s={search_term_string}"},"query-input":{"@type":"PropertyValueSpecification","valueRequired":true,"valueName":"search_term_string"}}],"inLanguage":"fr-FR"},{"@type":"Organization","@id":"https:\/\/montaione.filaretedev.it\/#organization","name":"Montaioneintuscany","url":"https:\/\/montaione.filaretedev.it\/","logo":{"@type":"ImageObject","inLanguage":"fr-FR","@id":"https:\/\/montaione.filaretedev.it\/#\/schema\/logo\/image\/","url":"https:\/\/montaione.filaretedev.it\/wp-content\/uploads\/2025\/10\/logo.svg","contentUrl":"https:\/\/montaione.filaretedev.it\/wp-content\/uploads\/2025\/10\/logo.svg","width":247,"height":25,"caption":"Montaioneintuscany"},"image":{"@id":"https:\/\/montaione.filaretedev.it\/#\/schema\/logo\/image\/"}}]}},"_links":{"self":[{"href":"https:\/\/montaione.filaretedev.it\/fr\/wp-json\/wp\/v2\/pages\/15596","targetHints":{"allow":["GET"]}}],"collection":[{"href":"https:\/\/montaione.filaretedev.it\/fr\/wp-json\/wp\/v2\/pages"}],"about":[{"href":"https:\/\/montaione.filaretedev.it\/fr\/wp-json\/wp\/v2\/types\/page"}],"author":[{"embeddable":true,"href":"https:\/\/montaione.filaretedev.it\/fr\/wp-json\/wp\/v2\/users\/2"}],"replies":[{"embeddable":true,"href":"https:\/\/montaione.filaretedev.it\/fr\/wp-json\/wp\/v2\/comments?post=15596"}],"version-history":[{"count":17,"href":"https:\/\/montaione.filaretedev.it\/fr\/wp-json\/wp\/v2\/pages\/15596\/revisions"}],"predecessor-version":[{"id":18801,"href":"https:\/\/montaione.filaretedev.it\/fr\/wp-json\/wp\/v2\/pages\/15596\/revisions\/18801"}],"up":[{"embeddable":true,"href":"https:\/\/montaione.filaretedev.it\/fr\/wp-json\/wp\/v2\/pages\/13827"}],"wp:featuredmedia":[{"embeddable":true,"href":"https:\/\/montaione.filaretedev.it\/fr\/wp-json\/wp\/v2\/media\/13814"}],"wp:attachment":[{"href":"https:\/\/montaione.filaretedev.it\/fr\/wp-json\/wp\/v2\/media?parent=15596"}],"curies":[{"name":"wp","href":"https:\/\/api.w.org\/{rel}","templated":true}]}}