{"id":15604,"date":"2025-11-11T12:15:03","date_gmt":"2025-11-11T11:15:03","guid":{"rendered":"https:\/\/montaione.filaretedev.it\/que-faire\/escursioni-bicicletta\/"},"modified":"2025-12-16T17:34:00","modified_gmt":"2025-12-16T16:34:00","slug":"cyclisme","status":"publish","type":"page","link":"https:\/\/montaione.filaretedev.it\/fr\/que-faire\/cyclisme\/","title":{"rendered":"Cyclisme"},"content":{"rendered":"\t\t<div data-elementor-type=\"wp-page\" data-elementor-id=\"15604\" class=\"elementor elementor-15604 elementor-14073\" data-elementor-post-type=\"page\">\n\t\t\t\t<div class=\"elementor-element elementor-element-cdd7d96 e-flex e-con-boxed e-con e-parent\" data-id=\"cdd7d96\" data-element_type=\"container\" data-settings=\"{&quot;background_background&quot;:&quot;classic&quot;}\">\n\t\t\t\t\t<div class=\"e-con-inner\">\n\t\t<div class=\"elementor-element elementor-element-71e4a44b e-con-full mt-auto mb-4 e-flex e-con e-child\" data-id=\"71e4a44b\" data-element_type=\"container\">\n\t\t\t\t<\/div>\n\t\t\t\t\t<\/div>\n\t\t\t\t<\/div>\n\t\t<div class=\"elementor-element elementor-element-5f021255 e-flex e-con-boxed e-con e-parent\" data-id=\"5f021255\" data-element_type=\"container\">\n\t\t\t\t\t<div class=\"e-con-inner\">\n\t\t<div class=\"elementor-element elementor-element-413f9f2 e-con-full e-flex e-con e-child\" data-id=\"413f9f2\" data-element_type=\"container\">\n\t\t\t\t<div class=\"elementor-element elementor-element-43c66ac3 elementor-widget elementor-widget-shortcode\" data-id=\"43c66ac3\" data-element_type=\"widget\" data-widget_type=\"shortcode.default\">\n\t\t\t\t\t\t\t<div class=\"elementor-shortcode\"><ul id=\"breadcrumbs\" class=\"breadcrumb w-100\"><li class=\"item-home\"><a class=\"bread-link bread-home\" href=\"https:\/\/montaione.filaretedev.it\/fr\/\" title=\"Home\">Home<\/a><\/li><li class=\"separator separator-home\">  |  <\/li><\/ul><\/div>\n\t\t\t\t\t\t<\/div>\n\t\t\t\t<\/div>\n\t\t\t\t\t<\/div>\n\t\t\t\t<\/div>\n\t\t<div class=\"elementor-element elementor-element-e104874 py-5 e-flex e-con-boxed e-con e-parent\" data-id=\"e104874\" data-element_type=\"container\">\n\t\t\t\t\t<div class=\"e-con-inner\">\n\t\t<div class=\"elementor-element elementor-element-2a11cbe e-con-full e-flex e-con e-child\" data-id=\"2a11cbe\" data-element_type=\"container\">\n\t\t\t\t<div class=\"elementor-element elementor-element-1b2775a elementor-widget elementor-widget-text-editor\" data-id=\"1b2775a\" data-element_type=\"widget\" data-widget_type=\"text-editor.default\">\n\t\t\t\t\t\t\t\t\t<p>Faire du v\u00e9lo au c\u0153ur d\u2019un territoire unique qui allie histoire, tradition, nature pr\u00e9serv\u00e9e et paysages \u00e0 couper le souffle, <strong>est une opportunit\u00e9 \u00e0 ne pas manquer qui m\u00e9rite d\u2019\u00eatre v\u00e9cue<\/strong>.<\/p><p>Si vous voulez vous \u00e9tonner et vous amuser, contactez l\u2019un des nombreux <strong>services de location de v\u00e9los<\/strong> de la r\u00e9gion et planifiez votre excursion, explorez la r\u00e9gion et profitez du r\u00e9seau de sentiers de Montaione et de ses environs, traversant diff\u00e9rents environnements et paysages naturels. Choisissez les circuits et itin\u00e9raires les plus int\u00e9ressants, il y en a pour tous les go\u00fbts et tous les niveaux de pr\u00e9paration. Laissez-<strong>nous vous accompagner dans les endroits les plus particuliers<\/strong> pour d\u00e9couvrir les couleurs, les saveurs et les histoires de cette partie de la Toscane. Testez-vous avec les collines toscanes, leurs bois, leurs routes blanches, leurs ruisseaux. Et ne soyez pas surpris si vous avez h\u00e2te de revenir.<\/p><p><strong>Services<\/strong>: location de v\u00e9los et visites guid\u00e9es, d\u00e9gustations, services personnalis\u00e9s tels que livraison de v\u00e9los \u00e0 domicile, cartes et g\u00e9or\u00e9f\u00e9rencement d\u2019itin\u00e9raires consultables et t\u00e9l\u00e9chargeables en ligne, r\u00e9paration et assistance en cas de panne, location en boutique, location en ligne. Et pourtant, la derni\u00e8re g\u00e9n\u00e9ration de v\u00e9los \u00e9lectriques et VTT, v\u00e9los de route, casques, foulards et v\u00eatements techniques.\u00a0<\/p>\t\t\t\t\t\t\t\t<\/div>\n\t\t\t\t<div class=\"elementor-element elementor-element-b37648b elementor-widget elementor-widget-heading\" data-id=\"b37648b\" data-element_type=\"widget\" data-widget_type=\"heading.default\">\n\t\t\t\t\t<h2 class=\"elementor-heading-title elementor-size-default\">Contacts<\/h2>\t\t\t\t<\/div>\n\t\t\t\t<div class=\"elementor-element elementor-element-b8e9037 elementor-widget elementor-widget-text-editor\" data-id=\"b8e9037\" data-element_type=\"widget\" data-widget_type=\"text-editor.default\">\n\t\t\t\t\t\t\t\t\t<p><strong>IbikeMontaione<\/strong><br \/>Via Santo Stefano, Montaione<br \/>tel. +39 346 762 3211 | <a href=\"mailto:info@ibikemontaione.com\">info@ibikemontaione.com<\/a><br \/><a href=\"https:\/\/www.ibikemontaione.com\/it\/\">Sito web<\/a> et <a href=\"https:\/\/www.facebook.com\/ibikemontaione\/\">Facebook<\/a><\/p><p><strong>RideMontaione<\/strong><br \/>Via Torri, 62 &#8211; Montaione<br \/>Lauro Lotti: +39 339 836 2875 | <a href=\"mailto:info@ridemontaione.com\">info@ridemontaione.com<\/a><br \/><a href=\"https:\/\/ridemontaione.com\/\">Sito web<\/a> et <a href=\"https:\/\/www.facebook.com\/Ridemontaione\/\">Facebook<\/a><\/p><p><strong>LandHill<\/strong><br \/>Via JFKennedy 10 &#8211; Montaione<br \/>tel. +39 334 303 0664 | <a href=\"mailto:info@landhill.it\">info@landhill.it<\/a><\/p><p><strong>Bikingtuscanytour Castelfalfi<\/strong><br \/>Via Castelfalfi Castello, 45 &#8211; Castelfalfi<br \/>Fabrizio: +39 335 836 8465 &#8211; Mario: +39 339 256 1877 | <a href=\"mailto:bikingtuscanytour@gmail.com\">bikingtuscanytour@gmail.com<\/a><br \/><a href=\"https:\/\/www.bikingtuscanytour.com\/\">Sito web<\/a> et <a href=\"https:\/\/www.facebook.com\/bikingtuscanytour\">Facebook<\/a><\/p>\t\t\t\t\t\t\t\t<\/div>\n\t\t\t\t<\/div>\n\t\t\t\t\t<\/div>\n\t\t\t\t<\/div>\n\t\t<div class=\"elementor-element elementor-element-fa3d5f5 pb-5 blocconi-img e-flex e-con-boxed e-con e-parent\" data-id=\"fa3d5f5\" data-element_type=\"container\">\n\t\t\t\t\t<div class=\"e-con-inner\">\n\t\t<div class=\"elementor-element elementor-element-3bd329c e-con-full e-flex e-con e-child\" data-id=\"3bd329c\" data-element_type=\"container\">\n\t\t\t\t<div class=\"elementor-element elementor-element-65fc774 elementor-widget elementor-widget-image\" data-id=\"65fc774\" data-element_type=\"widget\" data-widget_type=\"image.default\">\n\t\t\t\t\t\t\t\t\t\t\t\t\t\t\t<img fetchpriority=\"high\" decoding=\"async\" width=\"768\" height=\"768\" src=\"https:\/\/montaione.filaretedev.it\/wp-content\/uploads\/2025\/11\/bici-montaione-01-768x768-1.jpg\" class=\"attachment-large size-large wp-image-15582\" alt=\"\" srcset=\"https:\/\/montaione.filaretedev.it\/wp-content\/uploads\/2025\/11\/bici-montaione-01-768x768-1.jpg 768w, https:\/\/montaione.filaretedev.it\/wp-content\/uploads\/2025\/11\/bici-montaione-01-768x768-1-300x300.jpg 300w\" sizes=\"(max-width: 768px) 100vw, 768px\" \/>\t\t\t\t\t\t\t\t\t\t\t\t\t\t\t<\/div>\n\t\t\t\t<\/div>\n\t\t<div class=\"elementor-element elementor-element-6951162 e-con-full e-flex e-con e-child\" data-id=\"6951162\" data-element_type=\"container\">\n\t\t\t\t<div class=\"elementor-element elementor-element-45a7d86 elementor-widget elementor-widget-image\" data-id=\"45a7d86\" data-element_type=\"widget\" data-widget_type=\"image.default\">\n\t\t\t\t\t\t\t\t\t\t\t\t\t\t\t<img decoding=\"async\" width=\"768\" height=\"768\" src=\"https:\/\/montaione.filaretedev.it\/wp-content\/uploads\/2025\/11\/bici-montaione-05-768x768-1.jpg\" class=\"attachment-large size-large wp-image-15602\" alt=\"\" srcset=\"https:\/\/montaione.filaretedev.it\/wp-content\/uploads\/2025\/11\/bici-montaione-05-768x768-1.jpg 768w, https:\/\/montaione.filaretedev.it\/wp-content\/uploads\/2025\/11\/bici-montaione-05-768x768-1-300x300.jpg 300w\" sizes=\"(max-width: 768px) 100vw, 768px\" \/>\t\t\t\t\t\t\t\t\t\t\t\t\t\t\t<\/div>\n\t\t\t\t<\/div>\n\t\t\t\t\t<\/div>\n\t\t\t\t<\/div>\n\t\t<div class=\"elementor-element elementor-element-92d576e e-flex e-con-boxed e-con e-parent\" data-id=\"92d576e\" data-element_type=\"container\">\n\t\t\t\t\t<div class=\"e-con-inner\">\n\t\t\t\t<div class=\"elementor-element elementor-element-cc53649 elementor-widget elementor-widget-spacer\" data-id=\"cc53649\" data-element_type=\"widget\" data-widget_type=\"spacer.default\">\n\t\t\t\t\t\t\t<div class=\"elementor-spacer\">\n\t\t\t<div class=\"elementor-spacer-inner\"><\/div>\n\t\t<\/div>\n\t\t\t\t\t\t<\/div>\n\t\t\t\t\t<\/div>\n\t\t\t\t<\/div>\n\t\t\t\t<\/div>\n\t\t","protected":false},"excerpt":{"rendered":"<p>Faire du v\u00e9lo au c\u0153ur d\u2019un territoire unique qui allie histoire, tradition, nature pr\u00e9serv\u00e9e et paysages \u00e0 couper le souffle, est une opportunit\u00e9 \u00e0 ne pas manquer qui m\u00e9rite d\u2019\u00eatre v\u00e9cue. Si vous voulez vous \u00e9tonner et vous amuser, contactez l\u2019un des nombreux services de location de v\u00e9los de la r\u00e9gion et planifiez votre excursion, [&hellip;]<\/p>\n","protected":false},"author":2,"featured_media":0,"parent":13827,"menu_order":0,"comment_status":"closed","ping_status":"closed","template":"","meta":{"_acf_changed":false,"footnotes":""},"class_list":["post-15604","page","type-page","status-publish","hentry"],"acf":[],"yoast_head":"<!-- This site is optimized with the Yoast SEO plugin v26.6 - https:\/\/yoast.com\/wordpress\/plugins\/seo\/ -->\n<title>Cyclisme \u00e0 Montaione - Montaione in Tuscany<\/title>\n<meta name=\"description\" content=\"Cyclisme \u00e0 Montaione : p\u00e9dalez au c\u0153ur de la Toscane gr\u00e2ce \u00e0 nos excursions \u00e0 v\u00e9lo : assistance pour v\u00e9los, v\u00e9los \u00e9lectriques et VTT.\" \/>\n<meta name=\"robots\" content=\"noindex, follow, max-snippet:-1, max-image-preview:large, max-video-preview:-1\" \/>\n<meta property=\"og:locale\" content=\"fr_FR\" \/>\n<meta property=\"og:type\" content=\"article\" \/>\n<meta property=\"og:title\" content=\"Cyclisme \u00e0 Montaione - Montaione in Tuscany\" \/>\n<meta property=\"og:description\" content=\"Cyclisme \u00e0 Montaione : p\u00e9dalez au c\u0153ur de la Toscane gr\u00e2ce \u00e0 nos excursions \u00e0 v\u00e9lo : assistance pour v\u00e9los, v\u00e9los \u00e9lectriques et VTT.\" \/>\n<meta property=\"og:url\" content=\"https:\/\/montaione.filaretedev.it\/cosa-fare\/escursioni-bicicletta\/\" \/>\n<meta property=\"og:site_name\" content=\"Montaioneintuscany\" \/>\n<meta property=\"article:modified_time\" content=\"2025-12-16T16:34:00+00:00\" \/>\n<meta property=\"og:image\" content=\"https:\/\/montaione.filaretedev.it\/wp-content\/uploads\/2025\/11\/bici-montaione-01-768x768-1.jpg\" \/>\n\t<meta property=\"og:image:width\" content=\"768\" \/>\n\t<meta property=\"og:image:height\" content=\"768\" \/>\n\t<meta property=\"og:image:type\" content=\"image\/jpeg\" \/>\n<meta name=\"twitter:card\" content=\"summary_large_image\" \/>\n<meta name=\"twitter:label1\" content=\"Dur\u00e9e de lecture estim\u00e9e\" \/>\n\t<meta name=\"twitter:data1\" content=\"2 minutes\" \/>\n<script type=\"application\/ld+json\" class=\"yoast-schema-graph\">{\"@context\":\"https:\/\/schema.org\",\"@graph\":[{\"@type\":\"WebPage\",\"@id\":\"https:\/\/montaione.filaretedev.it\/cosa-fare\/escursioni-bicicletta\/\",\"url\":\"https:\/\/montaione.filaretedev.it\/cosa-fare\/escursioni-bicicletta\/\",\"name\":\"Cyclisme \u00e0 Montaione - Montaione in Tuscany\",\"isPartOf\":{\"@id\":\"https:\/\/montaione.filaretedev.it\/#website\"},\"primaryImageOfPage\":{\"@id\":\"https:\/\/montaione.filaretedev.it\/cosa-fare\/escursioni-bicicletta\/#primaryimage\"},\"image\":{\"@id\":\"https:\/\/montaione.filaretedev.it\/cosa-fare\/escursioni-bicicletta\/#primaryimage\"},\"thumbnailUrl\":\"https:\/\/montaione.filaretedev.it\/wp-content\/uploads\/2025\/11\/bici-montaione-01-768x768-1.jpg\",\"datePublished\":\"2025-11-11T11:15:03+00:00\",\"dateModified\":\"2025-12-16T16:34:00+00:00\",\"description\":\"Cyclisme \u00e0 Montaione : p\u00e9dalez au c\u0153ur de la Toscane gr\u00e2ce \u00e0 nos excursions \u00e0 v\u00e9lo : assistance pour v\u00e9los, v\u00e9los \u00e9lectriques et VTT.\",\"breadcrumb\":{\"@id\":\"https:\/\/montaione.filaretedev.it\/cosa-fare\/escursioni-bicicletta\/#breadcrumb\"},\"inLanguage\":\"fr-FR\",\"potentialAction\":[{\"@type\":\"ReadAction\",\"target\":[\"https:\/\/montaione.filaretedev.it\/cosa-fare\/escursioni-bicicletta\/\"]}]},{\"@type\":\"ImageObject\",\"inLanguage\":\"fr-FR\",\"@id\":\"https:\/\/montaione.filaretedev.it\/cosa-fare\/escursioni-bicicletta\/#primaryimage\",\"url\":\"https:\/\/montaione.filaretedev.it\/wp-content\/uploads\/2025\/11\/bici-montaione-01-768x768-1.jpg\",\"contentUrl\":\"https:\/\/montaione.filaretedev.it\/wp-content\/uploads\/2025\/11\/bici-montaione-01-768x768-1.jpg\"},{\"@type\":\"BreadcrumbList\",\"@id\":\"https:\/\/montaione.filaretedev.it\/cosa-fare\/escursioni-bicicletta\/#breadcrumb\",\"itemListElement\":[{\"@type\":\"ListItem\",\"position\":1,\"name\":\"Home\",\"item\":\"https:\/\/montaione.filaretedev.it\/\"},{\"@type\":\"ListItem\",\"position\":2,\"name\":\"Que faire\",\"item\":\"https:\/\/montaione.filaretedev.it\/cosa-fare\/\"},{\"@type\":\"ListItem\",\"position\":3,\"name\":\"Cyclisme\"}]},{\"@type\":\"WebSite\",\"@id\":\"https:\/\/montaione.filaretedev.it\/#website\",\"url\":\"https:\/\/montaione.filaretedev.it\/\",\"name\":\"Montaioneintuscany\",\"description\":\"\",\"publisher\":{\"@id\":\"https:\/\/montaione.filaretedev.it\/#organization\"},\"potentialAction\":[{\"@type\":\"SearchAction\",\"target\":{\"@type\":\"EntryPoint\",\"urlTemplate\":\"https:\/\/montaione.filaretedev.it\/?s={search_term_string}\"},\"query-input\":{\"@type\":\"PropertyValueSpecification\",\"valueRequired\":true,\"valueName\":\"search_term_string\"}}],\"inLanguage\":\"fr-FR\"},{\"@type\":\"Organization\",\"@id\":\"https:\/\/montaione.filaretedev.it\/#organization\",\"name\":\"Montaioneintuscany\",\"url\":\"https:\/\/montaione.filaretedev.it\/\",\"logo\":{\"@type\":\"ImageObject\",\"inLanguage\":\"fr-FR\",\"@id\":\"https:\/\/montaione.filaretedev.it\/#\/schema\/logo\/image\/\",\"url\":\"https:\/\/montaione.filaretedev.it\/wp-content\/uploads\/2025\/10\/logo.svg\",\"contentUrl\":\"https:\/\/montaione.filaretedev.it\/wp-content\/uploads\/2025\/10\/logo.svg\",\"width\":247,\"height\":25,\"caption\":\"Montaioneintuscany\"},\"image\":{\"@id\":\"https:\/\/montaione.filaretedev.it\/#\/schema\/logo\/image\/\"}}]}<\/script>\n<!-- \/ Yoast SEO plugin. -->","yoast_head_json":{"title":"Cyclisme \u00e0 Montaione - Montaione in Tuscany","description":"Cyclisme \u00e0 Montaione : p\u00e9dalez au c\u0153ur de la Toscane gr\u00e2ce \u00e0 nos excursions \u00e0 v\u00e9lo : assistance pour v\u00e9los, v\u00e9los \u00e9lectriques et VTT.","robots":{"index":"noindex","follow":"follow","max-snippet":"max-snippet:-1","max-image-preview":"max-image-preview:large","max-video-preview":"max-video-preview:-1"},"og_locale":"fr_FR","og_type":"article","og_title":"Cyclisme \u00e0 Montaione - Montaione in Tuscany","og_description":"Cyclisme \u00e0 Montaione : p\u00e9dalez au c\u0153ur de la Toscane gr\u00e2ce \u00e0 nos excursions \u00e0 v\u00e9lo : assistance pour v\u00e9los, v\u00e9los \u00e9lectriques et VTT.","og_url":"https:\/\/montaione.filaretedev.it\/cosa-fare\/escursioni-bicicletta\/","og_site_name":"Montaioneintuscany","article_modified_time":"2025-12-16T16:34:00+00:00","og_image":[{"width":768,"height":768,"url":"https:\/\/montaione.filaretedev.it\/wp-content\/uploads\/2025\/11\/bici-montaione-01-768x768-1.jpg","type":"image\/jpeg"}],"twitter_card":"summary_large_image","twitter_misc":{"Dur\u00e9e de lecture estim\u00e9e":"2 minutes"},"schema":{"@context":"https:\/\/schema.org","@graph":[{"@type":"WebPage","@id":"https:\/\/montaione.filaretedev.it\/cosa-fare\/escursioni-bicicletta\/","url":"https:\/\/montaione.filaretedev.it\/cosa-fare\/escursioni-bicicletta\/","name":"Cyclisme \u00e0 Montaione - Montaione in Tuscany","isPartOf":{"@id":"https:\/\/montaione.filaretedev.it\/#website"},"primaryImageOfPage":{"@id":"https:\/\/montaione.filaretedev.it\/cosa-fare\/escursioni-bicicletta\/#primaryimage"},"image":{"@id":"https:\/\/montaione.filaretedev.it\/cosa-fare\/escursioni-bicicletta\/#primaryimage"},"thumbnailUrl":"https:\/\/montaione.filaretedev.it\/wp-content\/uploads\/2025\/11\/bici-montaione-01-768x768-1.jpg","datePublished":"2025-11-11T11:15:03+00:00","dateModified":"2025-12-16T16:34:00+00:00","description":"Cyclisme \u00e0 Montaione : p\u00e9dalez au c\u0153ur de la Toscane gr\u00e2ce \u00e0 nos excursions \u00e0 v\u00e9lo : assistance pour v\u00e9los, v\u00e9los \u00e9lectriques et VTT.","breadcrumb":{"@id":"https:\/\/montaione.filaretedev.it\/cosa-fare\/escursioni-bicicletta\/#breadcrumb"},"inLanguage":"fr-FR","potentialAction":[{"@type":"ReadAction","target":["https:\/\/montaione.filaretedev.it\/cosa-fare\/escursioni-bicicletta\/"]}]},{"@type":"ImageObject","inLanguage":"fr-FR","@id":"https:\/\/montaione.filaretedev.it\/cosa-fare\/escursioni-bicicletta\/#primaryimage","url":"https:\/\/montaione.filaretedev.it\/wp-content\/uploads\/2025\/11\/bici-montaione-01-768x768-1.jpg","contentUrl":"https:\/\/montaione.filaretedev.it\/wp-content\/uploads\/2025\/11\/bici-montaione-01-768x768-1.jpg"},{"@type":"BreadcrumbList","@id":"https:\/\/montaione.filaretedev.it\/cosa-fare\/escursioni-bicicletta\/#breadcrumb","itemListElement":[{"@type":"ListItem","position":1,"name":"Home","item":"https:\/\/montaione.filaretedev.it\/"},{"@type":"ListItem","position":2,"name":"Que faire","item":"https:\/\/montaione.filaretedev.it\/cosa-fare\/"},{"@type":"ListItem","position":3,"name":"Cyclisme"}]},{"@type":"WebSite","@id":"https:\/\/montaione.filaretedev.it\/#website","url":"https:\/\/montaione.filaretedev.it\/","name":"Montaioneintuscany","description":"","publisher":{"@id":"https:\/\/montaione.filaretedev.it\/#organization"},"potentialAction":[{"@type":"SearchAction","target":{"@type":"EntryPoint","urlTemplate":"https:\/\/montaione.filaretedev.it\/?s={search_term_string}"},"query-input":{"@type":"PropertyValueSpecification","valueRequired":true,"valueName":"search_term_string"}}],"inLanguage":"fr-FR"},{"@type":"Organization","@id":"https:\/\/montaione.filaretedev.it\/#organization","name":"Montaioneintuscany","url":"https:\/\/montaione.filaretedev.it\/","logo":{"@type":"ImageObject","inLanguage":"fr-FR","@id":"https:\/\/montaione.filaretedev.it\/#\/schema\/logo\/image\/","url":"https:\/\/montaione.filaretedev.it\/wp-content\/uploads\/2025\/10\/logo.svg","contentUrl":"https:\/\/montaione.filaretedev.it\/wp-content\/uploads\/2025\/10\/logo.svg","width":247,"height":25,"caption":"Montaioneintuscany"},"image":{"@id":"https:\/\/montaione.filaretedev.it\/#\/schema\/logo\/image\/"}}]}},"_links":{"self":[{"href":"https:\/\/montaione.filaretedev.it\/fr\/wp-json\/wp\/v2\/pages\/15604","targetHints":{"allow":["GET"]}}],"collection":[{"href":"https:\/\/montaione.filaretedev.it\/fr\/wp-json\/wp\/v2\/pages"}],"about":[{"href":"https:\/\/montaione.filaretedev.it\/fr\/wp-json\/wp\/v2\/types\/page"}],"author":[{"embeddable":true,"href":"https:\/\/montaione.filaretedev.it\/fr\/wp-json\/wp\/v2\/users\/2"}],"replies":[{"embeddable":true,"href":"https:\/\/montaione.filaretedev.it\/fr\/wp-json\/wp\/v2\/comments?post=15604"}],"version-history":[{"count":17,"href":"https:\/\/montaione.filaretedev.it\/fr\/wp-json\/wp\/v2\/pages\/15604\/revisions"}],"predecessor-version":[{"id":18422,"href":"https:\/\/montaione.filaretedev.it\/fr\/wp-json\/wp\/v2\/pages\/15604\/revisions\/18422"}],"up":[{"embeddable":true,"href":"https:\/\/montaione.filaretedev.it\/fr\/wp-json\/wp\/v2\/pages\/13827"}],"wp:attachment":[{"href":"https:\/\/montaione.filaretedev.it\/fr\/wp-json\/wp\/v2\/media?parent=15604"}],"curies":[{"name":"wp","href":"https:\/\/api.w.org\/{rel}","templated":true}]}}