{"id":15612,"date":"2025-11-11T12:45:43","date_gmt":"2025-11-11T11:45:43","guid":{"rendered":"https:\/\/montaione.filaretedev.it\/que-faire\/golf\/"},"modified":"2025-12-16T17:29:23","modified_gmt":"2025-12-16T16:29:23","slug":"golf","status":"publish","type":"page","link":"https:\/\/montaione.filaretedev.it\/fr\/que-faire\/golf\/","title":{"rendered":"Jouer au golf"},"content":{"rendered":"\t\t<div data-elementor-type=\"wp-page\" data-elementor-id=\"15612\" class=\"elementor elementor-15612 elementor-14108\" data-elementor-post-type=\"page\">\n\t\t\t\t<div class=\"elementor-element elementor-element-2bc00a22 e-flex e-con-boxed e-con e-parent\" data-id=\"2bc00a22\" data-element_type=\"container\" data-settings=\"{&quot;background_background&quot;:&quot;classic&quot;}\">\n\t\t\t\t\t<div class=\"e-con-inner\">\n\t\t<div class=\"elementor-element elementor-element-2562377 e-con-full mt-auto mb-4 e-flex e-con e-child\" data-id=\"2562377\" data-element_type=\"container\">\n\t\t\t\t<\/div>\n\t\t\t\t\t<\/div>\n\t\t\t\t<\/div>\n\t\t<div class=\"elementor-element elementor-element-2ba6e4c8 e-flex e-con-boxed e-con e-parent\" data-id=\"2ba6e4c8\" data-element_type=\"container\">\n\t\t\t\t\t<div class=\"e-con-inner\">\n\t\t<div class=\"elementor-element elementor-element-49549642 e-con-full e-flex e-con e-child\" data-id=\"49549642\" data-element_type=\"container\">\n\t\t\t\t<div class=\"elementor-element elementor-element-1a38b7a4 elementor-widget elementor-widget-shortcode\" data-id=\"1a38b7a4\" data-element_type=\"widget\" data-widget_type=\"shortcode.default\">\n\t\t\t\t\t\t\t<div class=\"elementor-shortcode\"><ul id=\"breadcrumbs\" class=\"breadcrumb w-100\"><li class=\"item-home\"><a class=\"bread-link bread-home\" href=\"https:\/\/montaione.filaretedev.it\/fr\/\" title=\"Home\">Home<\/a><\/li><li class=\"separator separator-home\">  |  <\/li><\/ul><\/div>\n\t\t\t\t\t\t<\/div>\n\t\t\t\t<\/div>\n\t\t\t\t\t<\/div>\n\t\t\t\t<\/div>\n\t\t<div class=\"elementor-element elementor-element-4ee57f1c py-5 e-flex e-con-boxed e-con e-parent\" data-id=\"4ee57f1c\" data-element_type=\"container\">\n\t\t\t\t\t<div class=\"e-con-inner\">\n\t\t<div class=\"elementor-element elementor-element-4350f694 e-con-full e-flex e-con e-child\" data-id=\"4350f694\" data-element_type=\"container\">\n\t\t\t\t<div class=\"elementor-element elementor-element-6e228f49 elementor-widget elementor-widget-text-editor\" data-id=\"6e228f49\" data-element_type=\"widget\" data-widget_type=\"text-editor.default\">\n\t\t\t\t\t\t\t\t\t<p><strong>La Toscane a toujours \u00e9t\u00e9 la destination id\u00e9ale pour les amateurs de golf.<\/strong><\/p><p>Gr\u00e2ce \u00e0 son climat temp\u00e9r\u00e9, il vous permet de pratiquer ce sport la majeure partie de l\u2019ann\u00e9e. \u00c0 Montaione, il y a <strong>le plus grand terrain de golf de Toscane et le plus fascinant d\u2019un point de vue paysager: le Castelfalfi Golf Club<\/strong>, qui attire des passionn\u00e9s du monde entier gr\u00e2ce \u00e0 ses parcours de montagne et de lac, con\u00e7us selon la morphologie naturelle du territoire selon une <strong>philosophie durable<\/strong>. Avec ses 27 trous, le Castelfalfi Golf Club invite les joueurs plus exp\u00e9riment\u00e9s \u00e0 relever le d\u00e9fi et garantit le plaisir m\u00eame pour les amateurs de pratique.<\/p><p>Il y a aussi un practice avec des batteurs de gazon, des stations couvertes pour les cliniques et un Club House. <strong>Le Castelfalfi Golf Club est particuli\u00e8rement attentif et respectueux de la nature qui l\u2019h\u00e9berge<\/strong>. Preuve de cet engagement, le Club a rejoint le programme OnCourse \u2122 de la Golf Environment Organisation, une association d\u00e9di\u00e9e \u00e0 la durabilit\u00e9 sur les greens, obtenant la certification GEO Certified \u2122, un \u00e9colabel international qui garantit un sport de qualit\u00e9 partout dans le monde.<\/p>\t\t\t\t\t\t\t\t<\/div>\n\t\t\t\t<div class=\"elementor-element elementor-element-6ded901 elementor-widget elementor-widget-heading\" data-id=\"6ded901\" data-element_type=\"widget\" data-widget_type=\"heading.default\">\n\t\t\t\t\t<h2 class=\"elementor-heading-title elementor-size-default\">Contacts<\/h2>\t\t\t\t<\/div>\n\t\t\t\t<div class=\"elementor-element elementor-element-18cd493 elementor-widget elementor-widget-text-editor\" data-id=\"18cd493\" data-element_type=\"widget\" data-widget_type=\"text-editor.default\">\n\t\t\t\t\t\t\t\t\t<p><strong>Toscana Resort Castelfalfi<\/strong><br \/>Localit\u00e0 Castelfalfi &#8211; Montaione<br \/>tel. +39 0571 890200 &#8211; fax +39 0571 891001 | <a href=\"mailto:golf@castelfalfi.it\">golf@castelfalfi.it<\/a>\u00a0&#8211;\u00a0<a href=\"mailto:info@castelfalfi.it\">info@castelfalfi.it<\/a><br \/><a href=\"https:\/\/www.castelfalfi.com\/\">www.castelfalfi.com<\/a><\/p>\t\t\t\t\t\t\t\t<\/div>\n\t\t\t\t<\/div>\n\t\t\t\t\t<\/div>\n\t\t\t\t<\/div>\n\t\t<div class=\"elementor-element elementor-element-264e3393 pb-5 blocconi-img e-flex e-con-boxed e-con e-parent\" data-id=\"264e3393\" data-element_type=\"container\">\n\t\t\t\t\t<div class=\"e-con-inner\">\n\t\t<div class=\"elementor-element elementor-element-17209b93 e-con-full e-flex e-con e-child\" data-id=\"17209b93\" data-element_type=\"container\">\n\t\t\t\t<div class=\"elementor-element elementor-element-50a4e69c elementor-widget elementor-widget-image\" data-id=\"50a4e69c\" data-element_type=\"widget\" data-widget_type=\"image.default\">\n\t\t\t\t\t\t\t\t\t\t\t\t\t\t\t<img fetchpriority=\"high\" decoding=\"async\" width=\"768\" height=\"768\" src=\"https:\/\/montaione.filaretedev.it\/wp-content\/uploads\/2025\/11\/golf-montaione-03-768x768-1.jpg\" class=\"attachment-large size-large wp-image-15609\" alt=\"\" srcset=\"https:\/\/montaione.filaretedev.it\/wp-content\/uploads\/2025\/11\/golf-montaione-03-768x768-1.jpg 768w, https:\/\/montaione.filaretedev.it\/wp-content\/uploads\/2025\/11\/golf-montaione-03-768x768-1-300x300.jpg 300w\" sizes=\"(max-width: 768px) 100vw, 768px\" \/>\t\t\t\t\t\t\t\t\t\t\t\t\t\t\t<\/div>\n\t\t\t\t<\/div>\n\t\t<div class=\"elementor-element elementor-element-1ec85e6c e-con-full e-flex e-con e-child\" data-id=\"1ec85e6c\" data-element_type=\"container\">\n\t\t\t\t<div class=\"elementor-element elementor-element-b15ff36 elementor-widget elementor-widget-image\" data-id=\"b15ff36\" data-element_type=\"widget\" data-widget_type=\"image.default\">\n\t\t\t\t\t\t\t\t\t\t\t\t\t\t\t<img decoding=\"async\" width=\"768\" height=\"768\" src=\"https:\/\/montaione.filaretedev.it\/wp-content\/uploads\/2025\/11\/golf-montaione-04-768x768-1.jpg\" class=\"attachment-large size-large wp-image-15610\" alt=\"\" srcset=\"https:\/\/montaione.filaretedev.it\/wp-content\/uploads\/2025\/11\/golf-montaione-04-768x768-1.jpg 768w, https:\/\/montaione.filaretedev.it\/wp-content\/uploads\/2025\/11\/golf-montaione-04-768x768-1-300x300.jpg 300w\" sizes=\"(max-width: 768px) 100vw, 768px\" \/>\t\t\t\t\t\t\t\t\t\t\t\t\t\t\t<\/div>\n\t\t\t\t<\/div>\n\t\t\t\t\t<\/div>\n\t\t\t\t<\/div>\n\t\t<div class=\"elementor-element elementor-element-e8a943f e-flex e-con-boxed e-con e-parent\" data-id=\"e8a943f\" data-element_type=\"container\">\n\t\t\t\t\t<div class=\"e-con-inner\">\n\t\t\t\t<div class=\"elementor-element elementor-element-91e428f elementor-widget elementor-widget-spacer\" data-id=\"91e428f\" data-element_type=\"widget\" data-widget_type=\"spacer.default\">\n\t\t\t\t\t\t\t<div class=\"elementor-spacer\">\n\t\t\t<div class=\"elementor-spacer-inner\"><\/div>\n\t\t<\/div>\n\t\t\t\t\t\t<\/div>\n\t\t\t\t\t<\/div>\n\t\t\t\t<\/div>\n\t\t\t\t<\/div>\n\t\t","protected":false},"excerpt":{"rendered":"<p>La Toscane a toujours \u00e9t\u00e9 la destination id\u00e9ale pour les amateurs de golf. Gr\u00e2ce \u00e0 son climat temp\u00e9r\u00e9, il vous permet de pratiquer ce sport la majeure partie de l\u2019ann\u00e9e. \u00c0 Montaione, il y a le plus grand terrain de golf de Toscane et le plus fascinant d\u2019un point de vue paysager: le Castelfalfi Golf [&hellip;]<\/p>\n","protected":false},"author":2,"featured_media":0,"parent":13827,"menu_order":0,"comment_status":"closed","ping_status":"closed","template":"","meta":{"_acf_changed":false,"footnotes":""},"class_list":["post-15612","page","type-page","status-publish","hentry"],"acf":[],"yoast_head":"<!-- This site is optimized with the Yoast SEO plugin v26.6 - https:\/\/yoast.com\/wordpress\/plugins\/seo\/ -->\n<title>Jouer au golf en Toscane - Montaione in Tuscany<\/title>\n<meta name=\"description\" content=\"Vous trouverez le plus grand terrain de golf de Toscane et le plus fascinant du point de vue paysager : le Golf Club Castelfalfi.\" \/>\n<meta name=\"robots\" content=\"noindex, follow, max-snippet:-1, max-image-preview:large, max-video-preview:-1\" \/>\n<meta property=\"og:locale\" content=\"fr_FR\" \/>\n<meta property=\"og:type\" content=\"article\" \/>\n<meta property=\"og:title\" content=\"Jouer au golf en Toscane - Montaione in Tuscany\" \/>\n<meta property=\"og:description\" content=\"Vous trouverez le plus grand terrain de golf de Toscane et le plus fascinant du point de vue paysager : le Golf Club Castelfalfi.\" \/>\n<meta property=\"og:url\" content=\"https:\/\/montaione.filaretedev.it\/cosa-fare\/golf\/\" \/>\n<meta property=\"og:site_name\" content=\"Montaioneintuscany\" \/>\n<meta property=\"article:modified_time\" content=\"2025-12-16T16:29:23+00:00\" \/>\n<meta property=\"og:image\" content=\"https:\/\/montaione.filaretedev.it\/wp-content\/uploads\/2025\/11\/golf-montaione-03-768x768-1.jpg\" \/>\n\t<meta property=\"og:image:width\" content=\"768\" \/>\n\t<meta property=\"og:image:height\" content=\"768\" \/>\n\t<meta property=\"og:image:type\" content=\"image\/jpeg\" \/>\n<meta name=\"twitter:card\" content=\"summary_large_image\" \/>\n<meta name=\"twitter:label1\" content=\"Dur\u00e9e de lecture estim\u00e9e\" \/>\n\t<meta name=\"twitter:data1\" content=\"2 minutes\" \/>\n<script type=\"application\/ld+json\" class=\"yoast-schema-graph\">{\"@context\":\"https:\/\/schema.org\",\"@graph\":[{\"@type\":\"WebPage\",\"@id\":\"https:\/\/montaione.filaretedev.it\/cosa-fare\/golf\/\",\"url\":\"https:\/\/montaione.filaretedev.it\/cosa-fare\/golf\/\",\"name\":\"Jouer au golf en Toscane - Montaione in Tuscany\",\"isPartOf\":{\"@id\":\"https:\/\/montaione.filaretedev.it\/#website\"},\"primaryImageOfPage\":{\"@id\":\"https:\/\/montaione.filaretedev.it\/cosa-fare\/golf\/#primaryimage\"},\"image\":{\"@id\":\"https:\/\/montaione.filaretedev.it\/cosa-fare\/golf\/#primaryimage\"},\"thumbnailUrl\":\"https:\/\/montaione.filaretedev.it\/wp-content\/uploads\/2025\/11\/golf-montaione-03-768x768-1.jpg\",\"datePublished\":\"2025-11-11T11:45:43+00:00\",\"dateModified\":\"2025-12-16T16:29:23+00:00\",\"description\":\"Vous trouverez le plus grand terrain de golf de Toscane et le plus fascinant du point de vue paysager : le Golf Club Castelfalfi.\",\"breadcrumb\":{\"@id\":\"https:\/\/montaione.filaretedev.it\/cosa-fare\/golf\/#breadcrumb\"},\"inLanguage\":\"fr-FR\",\"potentialAction\":[{\"@type\":\"ReadAction\",\"target\":[\"https:\/\/montaione.filaretedev.it\/cosa-fare\/golf\/\"]}]},{\"@type\":\"ImageObject\",\"inLanguage\":\"fr-FR\",\"@id\":\"https:\/\/montaione.filaretedev.it\/cosa-fare\/golf\/#primaryimage\",\"url\":\"https:\/\/montaione.filaretedev.it\/wp-content\/uploads\/2025\/11\/golf-montaione-03-768x768-1.jpg\",\"contentUrl\":\"https:\/\/montaione.filaretedev.it\/wp-content\/uploads\/2025\/11\/golf-montaione-03-768x768-1.jpg\"},{\"@type\":\"BreadcrumbList\",\"@id\":\"https:\/\/montaione.filaretedev.it\/cosa-fare\/golf\/#breadcrumb\",\"itemListElement\":[{\"@type\":\"ListItem\",\"position\":1,\"name\":\"Home\",\"item\":\"https:\/\/montaione.filaretedev.it\/\"},{\"@type\":\"ListItem\",\"position\":2,\"name\":\"Que faire\",\"item\":\"https:\/\/montaione.filaretedev.it\/cosa-fare\/\"},{\"@type\":\"ListItem\",\"position\":3,\"name\":\"Jouer au golf\"}]},{\"@type\":\"WebSite\",\"@id\":\"https:\/\/montaione.filaretedev.it\/#website\",\"url\":\"https:\/\/montaione.filaretedev.it\/\",\"name\":\"Montaioneintuscany\",\"description\":\"\",\"publisher\":{\"@id\":\"https:\/\/montaione.filaretedev.it\/#organization\"},\"potentialAction\":[{\"@type\":\"SearchAction\",\"target\":{\"@type\":\"EntryPoint\",\"urlTemplate\":\"https:\/\/montaione.filaretedev.it\/?s={search_term_string}\"},\"query-input\":{\"@type\":\"PropertyValueSpecification\",\"valueRequired\":true,\"valueName\":\"search_term_string\"}}],\"inLanguage\":\"fr-FR\"},{\"@type\":\"Organization\",\"@id\":\"https:\/\/montaione.filaretedev.it\/#organization\",\"name\":\"Montaioneintuscany\",\"url\":\"https:\/\/montaione.filaretedev.it\/\",\"logo\":{\"@type\":\"ImageObject\",\"inLanguage\":\"fr-FR\",\"@id\":\"https:\/\/montaione.filaretedev.it\/#\/schema\/logo\/image\/\",\"url\":\"https:\/\/montaione.filaretedev.it\/wp-content\/uploads\/2025\/10\/logo.svg\",\"contentUrl\":\"https:\/\/montaione.filaretedev.it\/wp-content\/uploads\/2025\/10\/logo.svg\",\"width\":247,\"height\":25,\"caption\":\"Montaioneintuscany\"},\"image\":{\"@id\":\"https:\/\/montaione.filaretedev.it\/#\/schema\/logo\/image\/\"}}]}<\/script>\n<!-- \/ Yoast SEO plugin. -->","yoast_head_json":{"title":"Jouer au golf en Toscane - Montaione in Tuscany","description":"Vous trouverez le plus grand terrain de golf de Toscane et le plus fascinant du point de vue paysager : le Golf Club Castelfalfi.","robots":{"index":"noindex","follow":"follow","max-snippet":"max-snippet:-1","max-image-preview":"max-image-preview:large","max-video-preview":"max-video-preview:-1"},"og_locale":"fr_FR","og_type":"article","og_title":"Jouer au golf en Toscane - Montaione in Tuscany","og_description":"Vous trouverez le plus grand terrain de golf de Toscane et le plus fascinant du point de vue paysager : le Golf Club Castelfalfi.","og_url":"https:\/\/montaione.filaretedev.it\/cosa-fare\/golf\/","og_site_name":"Montaioneintuscany","article_modified_time":"2025-12-16T16:29:23+00:00","og_image":[{"width":768,"height":768,"url":"https:\/\/montaione.filaretedev.it\/wp-content\/uploads\/2025\/11\/golf-montaione-03-768x768-1.jpg","type":"image\/jpeg"}],"twitter_card":"summary_large_image","twitter_misc":{"Dur\u00e9e de lecture estim\u00e9e":"2 minutes"},"schema":{"@context":"https:\/\/schema.org","@graph":[{"@type":"WebPage","@id":"https:\/\/montaione.filaretedev.it\/cosa-fare\/golf\/","url":"https:\/\/montaione.filaretedev.it\/cosa-fare\/golf\/","name":"Jouer au golf en Toscane - Montaione in Tuscany","isPartOf":{"@id":"https:\/\/montaione.filaretedev.it\/#website"},"primaryImageOfPage":{"@id":"https:\/\/montaione.filaretedev.it\/cosa-fare\/golf\/#primaryimage"},"image":{"@id":"https:\/\/montaione.filaretedev.it\/cosa-fare\/golf\/#primaryimage"},"thumbnailUrl":"https:\/\/montaione.filaretedev.it\/wp-content\/uploads\/2025\/11\/golf-montaione-03-768x768-1.jpg","datePublished":"2025-11-11T11:45:43+00:00","dateModified":"2025-12-16T16:29:23+00:00","description":"Vous trouverez le plus grand terrain de golf de Toscane et le plus fascinant du point de vue paysager : le Golf Club Castelfalfi.","breadcrumb":{"@id":"https:\/\/montaione.filaretedev.it\/cosa-fare\/golf\/#breadcrumb"},"inLanguage":"fr-FR","potentialAction":[{"@type":"ReadAction","target":["https:\/\/montaione.filaretedev.it\/cosa-fare\/golf\/"]}]},{"@type":"ImageObject","inLanguage":"fr-FR","@id":"https:\/\/montaione.filaretedev.it\/cosa-fare\/golf\/#primaryimage","url":"https:\/\/montaione.filaretedev.it\/wp-content\/uploads\/2025\/11\/golf-montaione-03-768x768-1.jpg","contentUrl":"https:\/\/montaione.filaretedev.it\/wp-content\/uploads\/2025\/11\/golf-montaione-03-768x768-1.jpg"},{"@type":"BreadcrumbList","@id":"https:\/\/montaione.filaretedev.it\/cosa-fare\/golf\/#breadcrumb","itemListElement":[{"@type":"ListItem","position":1,"name":"Home","item":"https:\/\/montaione.filaretedev.it\/"},{"@type":"ListItem","position":2,"name":"Que faire","item":"https:\/\/montaione.filaretedev.it\/cosa-fare\/"},{"@type":"ListItem","position":3,"name":"Jouer au golf"}]},{"@type":"WebSite","@id":"https:\/\/montaione.filaretedev.it\/#website","url":"https:\/\/montaione.filaretedev.it\/","name":"Montaioneintuscany","description":"","publisher":{"@id":"https:\/\/montaione.filaretedev.it\/#organization"},"potentialAction":[{"@type":"SearchAction","target":{"@type":"EntryPoint","urlTemplate":"https:\/\/montaione.filaretedev.it\/?s={search_term_string}"},"query-input":{"@type":"PropertyValueSpecification","valueRequired":true,"valueName":"search_term_string"}}],"inLanguage":"fr-FR"},{"@type":"Organization","@id":"https:\/\/montaione.filaretedev.it\/#organization","name":"Montaioneintuscany","url":"https:\/\/montaione.filaretedev.it\/","logo":{"@type":"ImageObject","inLanguage":"fr-FR","@id":"https:\/\/montaione.filaretedev.it\/#\/schema\/logo\/image\/","url":"https:\/\/montaione.filaretedev.it\/wp-content\/uploads\/2025\/10\/logo.svg","contentUrl":"https:\/\/montaione.filaretedev.it\/wp-content\/uploads\/2025\/10\/logo.svg","width":247,"height":25,"caption":"Montaioneintuscany"},"image":{"@id":"https:\/\/montaione.filaretedev.it\/#\/schema\/logo\/image\/"}}]}},"_links":{"self":[{"href":"https:\/\/montaione.filaretedev.it\/fr\/wp-json\/wp\/v2\/pages\/15612","targetHints":{"allow":["GET"]}}],"collection":[{"href":"https:\/\/montaione.filaretedev.it\/fr\/wp-json\/wp\/v2\/pages"}],"about":[{"href":"https:\/\/montaione.filaretedev.it\/fr\/wp-json\/wp\/v2\/types\/page"}],"author":[{"embeddable":true,"href":"https:\/\/montaione.filaretedev.it\/fr\/wp-json\/wp\/v2\/users\/2"}],"replies":[{"embeddable":true,"href":"https:\/\/montaione.filaretedev.it\/fr\/wp-json\/wp\/v2\/comments?post=15612"}],"version-history":[{"count":17,"href":"https:\/\/montaione.filaretedev.it\/fr\/wp-json\/wp\/v2\/pages\/15612\/revisions"}],"predecessor-version":[{"id":18396,"href":"https:\/\/montaione.filaretedev.it\/fr\/wp-json\/wp\/v2\/pages\/15612\/revisions\/18396"}],"up":[{"embeddable":true,"href":"https:\/\/montaione.filaretedev.it\/fr\/wp-json\/wp\/v2\/pages\/13827"}],"wp:attachment":[{"href":"https:\/\/montaione.filaretedev.it\/fr\/wp-json\/wp\/v2\/media?parent=15612"}],"curies":[{"name":"wp","href":"https:\/\/api.w.org\/{rel}","templated":true}]}}