{"id":15620,"date":"2025-11-11T13:01:12","date_gmt":"2025-11-11T12:01:12","guid":{"rendered":"https:\/\/montaione.filaretedev.it\/que-faire\/sport-aria-aperta\/"},"modified":"2025-12-16T17:26:10","modified_gmt":"2025-12-16T16:26:10","slug":"sports-de-plein-air","status":"publish","type":"page","link":"https:\/\/montaione.filaretedev.it\/fr\/que-faire\/sports-de-plein-air\/","title":{"rendered":"Sports de plein air"},"content":{"rendered":"\t\t<div data-elementor-type=\"wp-page\" data-elementor-id=\"15620\" class=\"elementor elementor-15620 elementor-14134\" data-elementor-post-type=\"page\">\n\t\t\t\t<div class=\"elementor-element elementor-element-668eaf02 e-flex e-con-boxed e-con e-parent\" data-id=\"668eaf02\" data-element_type=\"container\" data-settings=\"{&quot;background_background&quot;:&quot;classic&quot;}\">\n\t\t\t\t\t<div class=\"e-con-inner\">\n\t\t<div class=\"elementor-element elementor-element-233d4261 e-con-full mt-auto mb-4 e-flex e-con e-child\" data-id=\"233d4261\" data-element_type=\"container\">\n\t\t\t\t<\/div>\n\t\t\t\t\t<\/div>\n\t\t\t\t<\/div>\n\t\t<div class=\"elementor-element elementor-element-14069663 e-flex e-con-boxed e-con e-parent\" data-id=\"14069663\" data-element_type=\"container\">\n\t\t\t\t\t<div class=\"e-con-inner\">\n\t\t<div class=\"elementor-element elementor-element-16219ddb e-con-full e-flex e-con e-child\" data-id=\"16219ddb\" data-element_type=\"container\">\n\t\t\t\t<div class=\"elementor-element elementor-element-30a05b96 elementor-widget elementor-widget-shortcode\" data-id=\"30a05b96\" data-element_type=\"widget\" data-widget_type=\"shortcode.default\">\n\t\t\t\t\t\t\t<div class=\"elementor-shortcode\"><ul id=\"breadcrumbs\" class=\"breadcrumb w-100\"><li class=\"item-home\"><a class=\"bread-link bread-home\" href=\"https:\/\/montaione.filaretedev.it\/fr\/\" title=\"Home\">Home<\/a><\/li><li class=\"separator separator-home\">  |  <\/li><\/ul><\/div>\n\t\t\t\t\t\t<\/div>\n\t\t\t\t<\/div>\n\t\t\t\t\t<\/div>\n\t\t\t\t<\/div>\n\t\t<div class=\"elementor-element elementor-element-7f770b2c py-5 e-flex e-con-boxed e-con e-parent\" data-id=\"7f770b2c\" data-element_type=\"container\">\n\t\t\t\t\t<div class=\"e-con-inner\">\n\t\t<div class=\"elementor-element elementor-element-2bc0d0a7 e-con-full e-flex e-con e-child\" data-id=\"2bc0d0a7\" data-element_type=\"container\">\n\t\t\t\t<div class=\"elementor-element elementor-element-1a57edd9 elementor-widget elementor-widget-text-editor\" data-id=\"1a57edd9\" data-element_type=\"widget\" data-widget_type=\"text-editor.default\">\n\t\t\t\t\t\t\t\t\t<p><strong>Faire du sport au contact de la nature est bon pour le corps et l\u2019esprit.<\/strong><\/p><p>Profitons donc du printemps et de <strong>l\u2019arriv\u00e9e de l\u2019\u00e9t\u00e9 pour profiter des bienfaits de l\u2019activit\u00e9 physique en plein air<\/strong>. De nombreuses activit\u00e9s peuvent \u00eatre pratiqu\u00e9es en plein air \u00e0 Montaione telles que, par exemple, les balades \u00e0 v\u00e9lo, la course \u00e0 pied, les promenades dans les parcs ou dans les bois et les excursions dans le r\u00e9seau de sentiers.<\/p><p>Et pour ceux qui veulent pratiquer des sports d\u2019\u00e9quipe dans les installations \u00e9quip\u00e9es de l\u2019Almond Park, il n\u2019y a que l\u2019embarras du choix. <strong>Vous pouvez jouer au football et au basket-ball \u00e0 cinq, vous mettre au d\u00e9fi sur le sable en beach-volley ou simplement porter une paire de patins et commencer \u00e0 tourner sur la patinoire<\/strong>.<\/p>\t\t\t\t\t\t\t\t<\/div>\n\t\t\t\t<div class=\"elementor-element elementor-element-70dbafa elementor-widget elementor-widget-heading\" data-id=\"70dbafa\" data-element_type=\"widget\" data-widget_type=\"heading.default\">\n\t\t\t\t\t<h2 class=\"elementor-heading-title elementor-size-default\">Contacts<\/h2>\t\t\t\t<\/div>\n\t\t\t\t<div class=\"elementor-element elementor-element-eb1b8cc elementor-widget elementor-widget-text-editor\" data-id=\"eb1b8cc\" data-element_type=\"widget\" data-widget_type=\"text-editor.default\">\n\t\t\t\t\t\t\t\t\t<p><strong>Impianti Sportivi Comunali Parco dei Mandorli<\/strong><br \/>Via Bruno Buozzi \u2013 Montaione<br \/>Carlo Parentini: +39 338 649 4422\u00a0<\/p>\t\t\t\t\t\t\t\t<\/div>\n\t\t\t\t<\/div>\n\t\t\t\t\t<\/div>\n\t\t\t\t<\/div>\n\t\t<div class=\"elementor-element elementor-element-4ae0b370 pb-5 blocconi-img e-flex e-con-boxed e-con e-parent\" data-id=\"4ae0b370\" data-element_type=\"container\">\n\t\t\t\t\t<div class=\"e-con-inner\">\n\t\t<div class=\"elementor-element elementor-element-15aa9cbb e-con-full e-flex e-con e-child\" data-id=\"15aa9cbb\" data-element_type=\"container\">\n\t\t\t\t<div class=\"elementor-element elementor-element-1c28a63f elementor-widget elementor-widget-image\" data-id=\"1c28a63f\" data-element_type=\"widget\" data-widget_type=\"image.default\">\n\t\t\t\t\t\t\t\t\t\t\t\t\t\t\t<img fetchpriority=\"high\" decoding=\"async\" width=\"768\" height=\"768\" src=\"https:\/\/montaione.filaretedev.it\/wp-content\/uploads\/2025\/11\/sport-aria-aperta-montaione-07-768x768-1.jpg\" class=\"attachment-large size-large wp-image-15617\" alt=\"\" srcset=\"https:\/\/montaione.filaretedev.it\/wp-content\/uploads\/2025\/11\/sport-aria-aperta-montaione-07-768x768-1.jpg 768w, https:\/\/montaione.filaretedev.it\/wp-content\/uploads\/2025\/11\/sport-aria-aperta-montaione-07-768x768-1-300x300.jpg 300w\" sizes=\"(max-width: 768px) 100vw, 768px\" \/>\t\t\t\t\t\t\t\t\t\t\t\t\t\t\t<\/div>\n\t\t\t\t<\/div>\n\t\t<div class=\"elementor-element elementor-element-58cd9c15 e-con-full e-flex e-con e-child\" data-id=\"58cd9c15\" data-element_type=\"container\">\n\t\t\t\t<div class=\"elementor-element elementor-element-64adc22b elementor-widget elementor-widget-image\" data-id=\"64adc22b\" data-element_type=\"widget\" data-widget_type=\"image.default\">\n\t\t\t\t\t\t\t\t\t\t\t\t\t\t\t<img decoding=\"async\" width=\"768\" height=\"768\" src=\"https:\/\/montaione.filaretedev.it\/wp-content\/uploads\/2025\/11\/sport-aria-aperta-montaione-02-768x768-1.jpg\" class=\"attachment-large size-large wp-image-15618\" alt=\"\" srcset=\"https:\/\/montaione.filaretedev.it\/wp-content\/uploads\/2025\/11\/sport-aria-aperta-montaione-02-768x768-1.jpg 768w, https:\/\/montaione.filaretedev.it\/wp-content\/uploads\/2025\/11\/sport-aria-aperta-montaione-02-768x768-1-300x300.jpg 300w\" sizes=\"(max-width: 768px) 100vw, 768px\" \/>\t\t\t\t\t\t\t\t\t\t\t\t\t\t\t<\/div>\n\t\t\t\t<\/div>\n\t\t\t\t\t<\/div>\n\t\t\t\t<\/div>\n\t\t<div class=\"elementor-element elementor-element-dd5c3b8 e-flex e-con-boxed e-con e-parent\" data-id=\"dd5c3b8\" data-element_type=\"container\">\n\t\t\t\t\t<div class=\"e-con-inner\">\n\t\t\t\t<div class=\"elementor-element elementor-element-5186112 elementor-widget elementor-widget-spacer\" data-id=\"5186112\" data-element_type=\"widget\" data-widget_type=\"spacer.default\">\n\t\t\t\t\t\t\t<div class=\"elementor-spacer\">\n\t\t\t<div class=\"elementor-spacer-inner\"><\/div>\n\t\t<\/div>\n\t\t\t\t\t\t<\/div>\n\t\t\t\t\t<\/div>\n\t\t\t\t<\/div>\n\t\t\t\t<\/div>\n\t\t","protected":false},"excerpt":{"rendered":"<p>Faire du sport au contact de la nature est bon pour le corps et l\u2019esprit. Profitons donc du printemps et de l\u2019arriv\u00e9e de l\u2019\u00e9t\u00e9 pour profiter des bienfaits de l\u2019activit\u00e9 physique en plein air. De nombreuses activit\u00e9s peuvent \u00eatre pratiqu\u00e9es en plein air \u00e0 Montaione telles que, par exemple, les balades \u00e0 v\u00e9lo, la course [&hellip;]<\/p>\n","protected":false},"author":2,"featured_media":0,"parent":13827,"menu_order":0,"comment_status":"closed","ping_status":"closed","template":"","meta":{"_acf_changed":false,"footnotes":""},"class_list":["post-15620","page","type-page","status-publish","hentry"],"acf":[],"yoast_head":"<!-- This site is optimized with the Yoast SEO plugin v26.6 - https:\/\/yoast.com\/wordpress\/plugins\/seo\/ -->\n<title>Sports de plein air - Montaione in Tuscany<\/title>\n<meta name=\"description\" content=\"Faire du sport de plein air est bon pour le corps et l&#039;esprit. Profitons donc du printemps et de l&#039;arriv\u00e9e des beaux jours.\" \/>\n<meta name=\"robots\" content=\"noindex, follow, max-snippet:-1, max-image-preview:large, max-video-preview:-1\" \/>\n<meta property=\"og:locale\" content=\"fr_FR\" \/>\n<meta property=\"og:type\" content=\"article\" \/>\n<meta property=\"og:title\" content=\"Sports de plein air - Montaione in Tuscany\" \/>\n<meta property=\"og:description\" content=\"Faire du sport de plein air est bon pour le corps et l&#039;esprit. Profitons donc du printemps et de l&#039;arriv\u00e9e des beaux jours.\" \/>\n<meta property=\"og:url\" content=\"https:\/\/montaione.filaretedev.it\/cosa-fare\/sport-aria-aperta\/\" \/>\n<meta property=\"og:site_name\" content=\"Montaioneintuscany\" \/>\n<meta property=\"article:modified_time\" content=\"2025-12-16T16:26:10+00:00\" \/>\n<meta property=\"og:image\" content=\"https:\/\/montaione.filaretedev.it\/wp-content\/uploads\/2025\/11\/sport-aria-aperta-montaione-07-768x768-1.jpg\" \/>\n\t<meta property=\"og:image:width\" content=\"768\" \/>\n\t<meta property=\"og:image:height\" content=\"768\" \/>\n\t<meta property=\"og:image:type\" content=\"image\/jpeg\" \/>\n<meta name=\"twitter:card\" content=\"summary_large_image\" \/>\n<meta name=\"twitter:label1\" content=\"Dur\u00e9e de lecture estim\u00e9e\" \/>\n\t<meta name=\"twitter:data1\" content=\"1 minute\" \/>\n<script type=\"application\/ld+json\" class=\"yoast-schema-graph\">{\"@context\":\"https:\/\/schema.org\",\"@graph\":[{\"@type\":\"WebPage\",\"@id\":\"https:\/\/montaione.filaretedev.it\/cosa-fare\/sport-aria-aperta\/\",\"url\":\"https:\/\/montaione.filaretedev.it\/cosa-fare\/sport-aria-aperta\/\",\"name\":\"Sports de plein air - Montaione in Tuscany\",\"isPartOf\":{\"@id\":\"https:\/\/montaione.filaretedev.it\/#website\"},\"primaryImageOfPage\":{\"@id\":\"https:\/\/montaione.filaretedev.it\/cosa-fare\/sport-aria-aperta\/#primaryimage\"},\"image\":{\"@id\":\"https:\/\/montaione.filaretedev.it\/cosa-fare\/sport-aria-aperta\/#primaryimage\"},\"thumbnailUrl\":\"https:\/\/montaione.filaretedev.it\/wp-content\/uploads\/2025\/11\/sport-aria-aperta-montaione-07-768x768-1.jpg\",\"datePublished\":\"2025-11-11T12:01:12+00:00\",\"dateModified\":\"2025-12-16T16:26:10+00:00\",\"description\":\"Faire du sport de plein air est bon pour le corps et l'esprit. Profitons donc du printemps et de l'arriv\u00e9e des beaux jours.\",\"breadcrumb\":{\"@id\":\"https:\/\/montaione.filaretedev.it\/cosa-fare\/sport-aria-aperta\/#breadcrumb\"},\"inLanguage\":\"fr-FR\",\"potentialAction\":[{\"@type\":\"ReadAction\",\"target\":[\"https:\/\/montaione.filaretedev.it\/cosa-fare\/sport-aria-aperta\/\"]}]},{\"@type\":\"ImageObject\",\"inLanguage\":\"fr-FR\",\"@id\":\"https:\/\/montaione.filaretedev.it\/cosa-fare\/sport-aria-aperta\/#primaryimage\",\"url\":\"https:\/\/montaione.filaretedev.it\/wp-content\/uploads\/2025\/11\/sport-aria-aperta-montaione-07-768x768-1.jpg\",\"contentUrl\":\"https:\/\/montaione.filaretedev.it\/wp-content\/uploads\/2025\/11\/sport-aria-aperta-montaione-07-768x768-1.jpg\"},{\"@type\":\"BreadcrumbList\",\"@id\":\"https:\/\/montaione.filaretedev.it\/cosa-fare\/sport-aria-aperta\/#breadcrumb\",\"itemListElement\":[{\"@type\":\"ListItem\",\"position\":1,\"name\":\"Home\",\"item\":\"https:\/\/montaione.filaretedev.it\/\"},{\"@type\":\"ListItem\",\"position\":2,\"name\":\"Que faire\",\"item\":\"https:\/\/montaione.filaretedev.it\/cosa-fare\/\"},{\"@type\":\"ListItem\",\"position\":3,\"name\":\"Sports de plein air\"}]},{\"@type\":\"WebSite\",\"@id\":\"https:\/\/montaione.filaretedev.it\/#website\",\"url\":\"https:\/\/montaione.filaretedev.it\/\",\"name\":\"Montaioneintuscany\",\"description\":\"\",\"publisher\":{\"@id\":\"https:\/\/montaione.filaretedev.it\/#organization\"},\"potentialAction\":[{\"@type\":\"SearchAction\",\"target\":{\"@type\":\"EntryPoint\",\"urlTemplate\":\"https:\/\/montaione.filaretedev.it\/?s={search_term_string}\"},\"query-input\":{\"@type\":\"PropertyValueSpecification\",\"valueRequired\":true,\"valueName\":\"search_term_string\"}}],\"inLanguage\":\"fr-FR\"},{\"@type\":\"Organization\",\"@id\":\"https:\/\/montaione.filaretedev.it\/#organization\",\"name\":\"Montaioneintuscany\",\"url\":\"https:\/\/montaione.filaretedev.it\/\",\"logo\":{\"@type\":\"ImageObject\",\"inLanguage\":\"fr-FR\",\"@id\":\"https:\/\/montaione.filaretedev.it\/#\/schema\/logo\/image\/\",\"url\":\"https:\/\/montaione.filaretedev.it\/wp-content\/uploads\/2025\/10\/logo.svg\",\"contentUrl\":\"https:\/\/montaione.filaretedev.it\/wp-content\/uploads\/2025\/10\/logo.svg\",\"width\":247,\"height\":25,\"caption\":\"Montaioneintuscany\"},\"image\":{\"@id\":\"https:\/\/montaione.filaretedev.it\/#\/schema\/logo\/image\/\"}}]}<\/script>\n<!-- \/ Yoast SEO plugin. -->","yoast_head_json":{"title":"Sports de plein air - Montaione in Tuscany","description":"Faire du sport de plein air est bon pour le corps et l'esprit. Profitons donc du printemps et de l'arriv\u00e9e des beaux jours.","robots":{"index":"noindex","follow":"follow","max-snippet":"max-snippet:-1","max-image-preview":"max-image-preview:large","max-video-preview":"max-video-preview:-1"},"og_locale":"fr_FR","og_type":"article","og_title":"Sports de plein air - Montaione in Tuscany","og_description":"Faire du sport de plein air est bon pour le corps et l'esprit. Profitons donc du printemps et de l'arriv\u00e9e des beaux jours.","og_url":"https:\/\/montaione.filaretedev.it\/cosa-fare\/sport-aria-aperta\/","og_site_name":"Montaioneintuscany","article_modified_time":"2025-12-16T16:26:10+00:00","og_image":[{"width":768,"height":768,"url":"https:\/\/montaione.filaretedev.it\/wp-content\/uploads\/2025\/11\/sport-aria-aperta-montaione-07-768x768-1.jpg","type":"image\/jpeg"}],"twitter_card":"summary_large_image","twitter_misc":{"Dur\u00e9e de lecture estim\u00e9e":"1 minute"},"schema":{"@context":"https:\/\/schema.org","@graph":[{"@type":"WebPage","@id":"https:\/\/montaione.filaretedev.it\/cosa-fare\/sport-aria-aperta\/","url":"https:\/\/montaione.filaretedev.it\/cosa-fare\/sport-aria-aperta\/","name":"Sports de plein air - Montaione in Tuscany","isPartOf":{"@id":"https:\/\/montaione.filaretedev.it\/#website"},"primaryImageOfPage":{"@id":"https:\/\/montaione.filaretedev.it\/cosa-fare\/sport-aria-aperta\/#primaryimage"},"image":{"@id":"https:\/\/montaione.filaretedev.it\/cosa-fare\/sport-aria-aperta\/#primaryimage"},"thumbnailUrl":"https:\/\/montaione.filaretedev.it\/wp-content\/uploads\/2025\/11\/sport-aria-aperta-montaione-07-768x768-1.jpg","datePublished":"2025-11-11T12:01:12+00:00","dateModified":"2025-12-16T16:26:10+00:00","description":"Faire du sport de plein air est bon pour le corps et l'esprit. Profitons donc du printemps et de l'arriv\u00e9e des beaux jours.","breadcrumb":{"@id":"https:\/\/montaione.filaretedev.it\/cosa-fare\/sport-aria-aperta\/#breadcrumb"},"inLanguage":"fr-FR","potentialAction":[{"@type":"ReadAction","target":["https:\/\/montaione.filaretedev.it\/cosa-fare\/sport-aria-aperta\/"]}]},{"@type":"ImageObject","inLanguage":"fr-FR","@id":"https:\/\/montaione.filaretedev.it\/cosa-fare\/sport-aria-aperta\/#primaryimage","url":"https:\/\/montaione.filaretedev.it\/wp-content\/uploads\/2025\/11\/sport-aria-aperta-montaione-07-768x768-1.jpg","contentUrl":"https:\/\/montaione.filaretedev.it\/wp-content\/uploads\/2025\/11\/sport-aria-aperta-montaione-07-768x768-1.jpg"},{"@type":"BreadcrumbList","@id":"https:\/\/montaione.filaretedev.it\/cosa-fare\/sport-aria-aperta\/#breadcrumb","itemListElement":[{"@type":"ListItem","position":1,"name":"Home","item":"https:\/\/montaione.filaretedev.it\/"},{"@type":"ListItem","position":2,"name":"Que faire","item":"https:\/\/montaione.filaretedev.it\/cosa-fare\/"},{"@type":"ListItem","position":3,"name":"Sports de plein air"}]},{"@type":"WebSite","@id":"https:\/\/montaione.filaretedev.it\/#website","url":"https:\/\/montaione.filaretedev.it\/","name":"Montaioneintuscany","description":"","publisher":{"@id":"https:\/\/montaione.filaretedev.it\/#organization"},"potentialAction":[{"@type":"SearchAction","target":{"@type":"EntryPoint","urlTemplate":"https:\/\/montaione.filaretedev.it\/?s={search_term_string}"},"query-input":{"@type":"PropertyValueSpecification","valueRequired":true,"valueName":"search_term_string"}}],"inLanguage":"fr-FR"},{"@type":"Organization","@id":"https:\/\/montaione.filaretedev.it\/#organization","name":"Montaioneintuscany","url":"https:\/\/montaione.filaretedev.it\/","logo":{"@type":"ImageObject","inLanguage":"fr-FR","@id":"https:\/\/montaione.filaretedev.it\/#\/schema\/logo\/image\/","url":"https:\/\/montaione.filaretedev.it\/wp-content\/uploads\/2025\/10\/logo.svg","contentUrl":"https:\/\/montaione.filaretedev.it\/wp-content\/uploads\/2025\/10\/logo.svg","width":247,"height":25,"caption":"Montaioneintuscany"},"image":{"@id":"https:\/\/montaione.filaretedev.it\/#\/schema\/logo\/image\/"}}]}},"_links":{"self":[{"href":"https:\/\/montaione.filaretedev.it\/fr\/wp-json\/wp\/v2\/pages\/15620","targetHints":{"allow":["GET"]}}],"collection":[{"href":"https:\/\/montaione.filaretedev.it\/fr\/wp-json\/wp\/v2\/pages"}],"about":[{"href":"https:\/\/montaione.filaretedev.it\/fr\/wp-json\/wp\/v2\/types\/page"}],"author":[{"embeddable":true,"href":"https:\/\/montaione.filaretedev.it\/fr\/wp-json\/wp\/v2\/users\/2"}],"replies":[{"embeddable":true,"href":"https:\/\/montaione.filaretedev.it\/fr\/wp-json\/wp\/v2\/comments?post=15620"}],"version-history":[{"count":17,"href":"https:\/\/montaione.filaretedev.it\/fr\/wp-json\/wp\/v2\/pages\/15620\/revisions"}],"predecessor-version":[{"id":18384,"href":"https:\/\/montaione.filaretedev.it\/fr\/wp-json\/wp\/v2\/pages\/15620\/revisions\/18384"}],"up":[{"embeddable":true,"href":"https:\/\/montaione.filaretedev.it\/fr\/wp-json\/wp\/v2\/pages\/13827"}],"wp:attachment":[{"href":"https:\/\/montaione.filaretedev.it\/fr\/wp-json\/wp\/v2\/media?parent=15620"}],"curies":[{"name":"wp","href":"https:\/\/api.w.org\/{rel}","templated":true}]}}