{"id":15637,"date":"2025-11-11T12:54:42","date_gmt":"2025-11-11T11:54:42","guid":{"rendered":"https:\/\/montaione.filaretedev.it\/que-faire\/suonare-la-cetra\/"},"modified":"2025-12-19T14:24:21","modified_gmt":"2025-12-19T13:24:21","slug":"apprenez-a-jouer-de-la-cithare","status":"publish","type":"page","link":"https:\/\/montaione.filaretedev.it\/fr\/que-faire\/apprenez-a-jouer-de-la-cithare\/","title":{"rendered":"Apprenez \u00e0 jouer de la cithare"},"content":{"rendered":"\t\t<div data-elementor-type=\"wp-page\" data-elementor-id=\"15637\" class=\"elementor elementor-15637 elementor-14122\" data-elementor-post-type=\"page\">\n\t\t\t\t<div class=\"elementor-element elementor-element-6c649cc0 e-flex e-con-boxed e-con e-parent\" data-id=\"6c649cc0\" data-element_type=\"container\" data-settings=\"{&quot;background_background&quot;:&quot;classic&quot;}\">\n\t\t\t\t\t<div class=\"e-con-inner\">\n\t\t<div class=\"elementor-element elementor-element-26561ef8 e-con-full mt-auto mb-4 e-flex e-con e-child\" data-id=\"26561ef8\" data-element_type=\"container\">\n\t\t\t\t<\/div>\n\t\t\t\t\t<\/div>\n\t\t\t\t<\/div>\n\t\t<div class=\"elementor-element elementor-element-4abea3c e-flex e-con-boxed e-con e-parent\" data-id=\"4abea3c\" data-element_type=\"container\">\n\t\t\t\t\t<div class=\"e-con-inner\">\n\t\t<div class=\"elementor-element elementor-element-df97758 e-con-full e-flex e-con e-child\" data-id=\"df97758\" data-element_type=\"container\">\n\t\t\t\t<div class=\"elementor-element elementor-element-52b5a1fa elementor-widget elementor-widget-shortcode\" data-id=\"52b5a1fa\" data-element_type=\"widget\" data-widget_type=\"shortcode.default\">\n\t\t\t\t\t\t\t<div class=\"elementor-shortcode\"><ul id=\"breadcrumbs\" class=\"breadcrumb w-100\"><li class=\"item-home\"><a class=\"bread-link bread-home\" href=\"https:\/\/montaione.filaretedev.it\/fr\/\" title=\"Home\">Home<\/a><\/li><li class=\"separator separator-home\">  |  <\/li><\/ul><\/div>\n\t\t\t\t\t\t<\/div>\n\t\t\t\t<\/div>\n\t\t\t\t\t<\/div>\n\t\t\t\t<\/div>\n\t\t<div class=\"elementor-element elementor-element-67f498e py-5 e-flex e-con-boxed e-con e-parent\" data-id=\"67f498e\" data-element_type=\"container\">\n\t\t\t\t\t<div class=\"e-con-inner\">\n\t\t<div class=\"elementor-element elementor-element-3587369b e-con-full e-flex e-con e-child\" data-id=\"3587369b\" data-element_type=\"container\">\n\t\t\t\t<div class=\"elementor-element elementor-element-65e51854 elementor-widget elementor-widget-text-editor\" data-id=\"65e51854\" data-element_type=\"widget\" data-widget_type=\"text-editor.default\">\n\t\t\t\t\t\t\t\t\t<p>Immerg\u00e9 dans le silence et le mysticisme du monast\u00e8re des S\u0153urs d\u2019Iano, <strong>vous pouvez apprendre \u00e0 jouer d\u2019un instrument fascinant comme la cithare<\/strong>.<\/p><p>Une v\u00e9ritable exp\u00e9rience de croissance et d\u2019entra\u00eenement pour se rapprocher de la compr\u00e9hension <strong>d\u2019un instrument de musique mythologique, aux origines anciennes et aux suggestions tr\u00e8s fortes<\/strong>.<\/p><p>Les cours, divis\u00e9s en plusieurs niveaux, comprennent la <strong>technique de l\u2019instrument<\/strong> (posture, respiration, \u00e9l\u00e9ments simples d\u2019anatomie), le <strong>guide de lecture des diff\u00e9rentes partitions pour cithare<\/strong>, l\u2019\u00e9tude des pi\u00e8ces du r\u00e9pertoire, l\u2019accompagnement du chant et de la psalmodie, le guide de l\u2019utilisation de la cithare dans la liturgie, jusqu\u2019\u00e0 l\u2019improvisation et les principes d\u2019harmonie appliqu\u00e9s \u00e0 l\u2019\u00e9coute en direct de la cithare.<\/p><p>Le monast\u00e8re d\u2019Iano <strong>offre \u00e9galement l\u2019hospitalit\u00e9 pour des s\u00e9jours de partage de la vie monastique<\/strong>, de pri\u00e8re et de retraite spirituelle.<\/p>\t\t\t\t\t\t\t\t<\/div>\n\t\t\t\t<div class=\"elementor-element elementor-element-173aeb4 elementor-widget elementor-widget-heading\" data-id=\"173aeb4\" data-element_type=\"widget\" data-widget_type=\"heading.default\">\n\t\t\t\t\t<h2 class=\"elementor-heading-title elementor-size-default\">Contacts<\/h2>\t\t\t\t<\/div>\n\t\t\t\t<div class=\"elementor-element elementor-element-4dbbbdc elementor-widget elementor-widget-text-editor\" data-id=\"4dbbbdc\" data-element_type=\"widget\" data-widget_type=\"text-editor.default\">\n\t\t\t\t\t\t\t\t\t<p><strong>Fraternit\u00e0 di Maria Immacolata Madre \u2013 Monastero di Iano<\/strong><br \/>Via Torri, 39 \u2013 Iano, Montaione<br \/>tel. +39 0571 69482 |\u00a0<a href=\"mailto:sullacetra@gmail.com\">sullacetra@gmail.com<\/a><br \/><a href=\"https:\/\/www.monasteroiano.org\/\" target=\"_blank\" rel=\"noopener\">www.monasteroiano.org<\/a><\/p>\t\t\t\t\t\t\t\t<\/div>\n\t\t\t\t<\/div>\n\t\t\t\t\t<\/div>\n\t\t\t\t<\/div>\n\t\t<div class=\"elementor-element elementor-element-3b58eae7 pb-5 blocconi-img e-flex e-con-boxed e-con e-parent\" data-id=\"3b58eae7\" data-element_type=\"container\">\n\t\t\t\t\t<div class=\"e-con-inner\">\n\t\t<div class=\"elementor-element elementor-element-4eabb0a6 e-con-full e-flex e-con e-child\" data-id=\"4eabb0a6\" data-element_type=\"container\">\n\t\t\t\t<div class=\"elementor-element elementor-element-551ba984 elementor-widget elementor-widget-image\" data-id=\"551ba984\" data-element_type=\"widget\" data-widget_type=\"image.default\">\n\t\t\t\t\t\t\t\t\t\t\t\t\t\t\t<img fetchpriority=\"high\" decoding=\"async\" width=\"768\" height=\"768\" src=\"https:\/\/montaione.filaretedev.it\/wp-content\/uploads\/2025\/11\/cetra-montaione-02-768x768-1.jpg\" class=\"attachment-large size-large wp-image-15634\" alt=\"\" srcset=\"https:\/\/montaione.filaretedev.it\/wp-content\/uploads\/2025\/11\/cetra-montaione-02-768x768-1.jpg 768w, https:\/\/montaione.filaretedev.it\/wp-content\/uploads\/2025\/11\/cetra-montaione-02-768x768-1-300x300.jpg 300w\" sizes=\"(max-width: 768px) 100vw, 768px\" \/>\t\t\t\t\t\t\t\t\t\t\t\t\t\t\t<\/div>\n\t\t\t\t<\/div>\n\t\t<div class=\"elementor-element elementor-element-4b9c5f4c e-con-full e-flex e-con e-child\" data-id=\"4b9c5f4c\" data-element_type=\"container\">\n\t\t\t\t<div class=\"elementor-element elementor-element-4911d765 elementor-widget elementor-widget-image\" data-id=\"4911d765\" data-element_type=\"widget\" data-widget_type=\"image.default\">\n\t\t\t\t\t\t\t\t\t\t\t\t\t\t\t<img decoding=\"async\" width=\"768\" height=\"768\" src=\"https:\/\/montaione.filaretedev.it\/wp-content\/uploads\/2025\/11\/cetra-montaione-03-768x768-1.jpg\" class=\"attachment-large size-large wp-image-15635\" alt=\"\" srcset=\"https:\/\/montaione.filaretedev.it\/wp-content\/uploads\/2025\/11\/cetra-montaione-03-768x768-1.jpg 768w, https:\/\/montaione.filaretedev.it\/wp-content\/uploads\/2025\/11\/cetra-montaione-03-768x768-1-300x300.jpg 300w\" sizes=\"(max-width: 768px) 100vw, 768px\" \/>\t\t\t\t\t\t\t\t\t\t\t\t\t\t\t<\/div>\n\t\t\t\t<\/div>\n\t\t\t\t\t<\/div>\n\t\t\t\t<\/div>\n\t\t<div class=\"elementor-element elementor-element-7e45db8 e-flex e-con-boxed e-con e-parent\" data-id=\"7e45db8\" data-element_type=\"container\">\n\t\t\t\t\t<div class=\"e-con-inner\">\n\t\t\t\t<div class=\"elementor-element elementor-element-44e7854 elementor-widget elementor-widget-spacer\" data-id=\"44e7854\" data-element_type=\"widget\" data-widget_type=\"spacer.default\">\n\t\t\t\t\t\t\t<div class=\"elementor-spacer\">\n\t\t\t<div class=\"elementor-spacer-inner\"><\/div>\n\t\t<\/div>\n\t\t\t\t\t\t<\/div>\n\t\t\t\t\t<\/div>\n\t\t\t\t<\/div>\n\t\t\t\t<\/div>\n\t\t","protected":false},"excerpt":{"rendered":"<p>Immerg\u00e9 dans le silence et le mysticisme du monast\u00e8re des S\u0153urs d\u2019Iano, vous pouvez apprendre \u00e0 jouer d\u2019un instrument fascinant comme la cithare. Une v\u00e9ritable exp\u00e9rience de croissance et d\u2019entra\u00eenement pour se rapprocher de la compr\u00e9hension d\u2019un instrument de musique mythologique, aux origines anciennes et aux suggestions tr\u00e8s fortes. Les cours, divis\u00e9s en plusieurs niveaux, [&hellip;]<\/p>\n","protected":false},"author":2,"featured_media":0,"parent":13827,"menu_order":0,"comment_status":"closed","ping_status":"closed","template":"","meta":{"_acf_changed":false,"footnotes":""},"class_list":["post-15637","page","type-page","status-publish","hentry"],"acf":[],"yoast_head":"<!-- This site is optimized with the Yoast SEO plugin v26.6 - https:\/\/yoast.com\/wordpress\/plugins\/seo\/ -->\n<title>Apprenez \u00e0 jouer de la cithare - Montaione in Tuscany<\/title>\n<meta name=\"description\" content=\"Plong\u00e9 dans le silence et le mysticisme du monast\u00e8re des s\u0153urs de Iano, vous pouvez apprendre \u00e0 jouer de la cithare.\" \/>\n<meta name=\"robots\" content=\"noindex, follow, max-snippet:-1, max-image-preview:large, max-video-preview:-1\" \/>\n<meta property=\"og:locale\" content=\"fr_FR\" \/>\n<meta property=\"og:type\" content=\"article\" \/>\n<meta property=\"og:title\" content=\"Apprenez \u00e0 jouer de la cithare - Montaione in Tuscany\" \/>\n<meta property=\"og:description\" content=\"Plong\u00e9 dans le silence et le mysticisme du monast\u00e8re des s\u0153urs de Iano, vous pouvez apprendre \u00e0 jouer de la cithare.\" \/>\n<meta property=\"og:url\" content=\"https:\/\/montaione.filaretedev.it\/cosa-fare\/suonare-la-cetra\/\" \/>\n<meta property=\"og:site_name\" content=\"Montaioneintuscany\" \/>\n<meta property=\"article:modified_time\" content=\"2025-12-19T13:24:21+00:00\" \/>\n<meta property=\"og:image\" content=\"https:\/\/montaione.filaretedev.it\/wp-content\/uploads\/2025\/11\/cetra-montaione-02-768x768-1.jpg\" \/>\n\t<meta property=\"og:image:width\" content=\"768\" \/>\n\t<meta property=\"og:image:height\" content=\"768\" \/>\n\t<meta property=\"og:image:type\" content=\"image\/jpeg\" \/>\n<meta name=\"twitter:card\" content=\"summary_large_image\" \/>\n<meta name=\"twitter:label1\" content=\"Dur\u00e9e de lecture estim\u00e9e\" \/>\n\t<meta name=\"twitter:data1\" content=\"1 minute\" \/>\n<script type=\"application\/ld+json\" class=\"yoast-schema-graph\">{\"@context\":\"https:\/\/schema.org\",\"@graph\":[{\"@type\":\"WebPage\",\"@id\":\"https:\/\/montaione.filaretedev.it\/cosa-fare\/suonare-la-cetra\/\",\"url\":\"https:\/\/montaione.filaretedev.it\/cosa-fare\/suonare-la-cetra\/\",\"name\":\"Apprenez \u00e0 jouer de la cithare - Montaione in Tuscany\",\"isPartOf\":{\"@id\":\"https:\/\/montaione.filaretedev.it\/#website\"},\"primaryImageOfPage\":{\"@id\":\"https:\/\/montaione.filaretedev.it\/cosa-fare\/suonare-la-cetra\/#primaryimage\"},\"image\":{\"@id\":\"https:\/\/montaione.filaretedev.it\/cosa-fare\/suonare-la-cetra\/#primaryimage\"},\"thumbnailUrl\":\"https:\/\/montaione.filaretedev.it\/wp-content\/uploads\/2025\/11\/cetra-montaione-02-768x768-1.jpg\",\"datePublished\":\"2025-11-11T11:54:42+00:00\",\"dateModified\":\"2025-12-19T13:24:21+00:00\",\"description\":\"Plong\u00e9 dans le silence et le mysticisme du monast\u00e8re des s\u0153urs de Iano, vous pouvez apprendre \u00e0 jouer de la cithare.\",\"breadcrumb\":{\"@id\":\"https:\/\/montaione.filaretedev.it\/cosa-fare\/suonare-la-cetra\/#breadcrumb\"},\"inLanguage\":\"fr-FR\",\"potentialAction\":[{\"@type\":\"ReadAction\",\"target\":[\"https:\/\/montaione.filaretedev.it\/cosa-fare\/suonare-la-cetra\/\"]}]},{\"@type\":\"ImageObject\",\"inLanguage\":\"fr-FR\",\"@id\":\"https:\/\/montaione.filaretedev.it\/cosa-fare\/suonare-la-cetra\/#primaryimage\",\"url\":\"https:\/\/montaione.filaretedev.it\/wp-content\/uploads\/2025\/11\/cetra-montaione-02-768x768-1.jpg\",\"contentUrl\":\"https:\/\/montaione.filaretedev.it\/wp-content\/uploads\/2025\/11\/cetra-montaione-02-768x768-1.jpg\"},{\"@type\":\"BreadcrumbList\",\"@id\":\"https:\/\/montaione.filaretedev.it\/cosa-fare\/suonare-la-cetra\/#breadcrumb\",\"itemListElement\":[{\"@type\":\"ListItem\",\"position\":1,\"name\":\"Home\",\"item\":\"https:\/\/montaione.filaretedev.it\/\"},{\"@type\":\"ListItem\",\"position\":2,\"name\":\"Que faire\",\"item\":\"https:\/\/montaione.filaretedev.it\/cosa-fare\/\"},{\"@type\":\"ListItem\",\"position\":3,\"name\":\"Apprenez \u00e0 jouer de la cithare\"}]},{\"@type\":\"WebSite\",\"@id\":\"https:\/\/montaione.filaretedev.it\/#website\",\"url\":\"https:\/\/montaione.filaretedev.it\/\",\"name\":\"Montaioneintuscany\",\"description\":\"\",\"publisher\":{\"@id\":\"https:\/\/montaione.filaretedev.it\/#organization\"},\"potentialAction\":[{\"@type\":\"SearchAction\",\"target\":{\"@type\":\"EntryPoint\",\"urlTemplate\":\"https:\/\/montaione.filaretedev.it\/?s={search_term_string}\"},\"query-input\":{\"@type\":\"PropertyValueSpecification\",\"valueRequired\":true,\"valueName\":\"search_term_string\"}}],\"inLanguage\":\"fr-FR\"},{\"@type\":\"Organization\",\"@id\":\"https:\/\/montaione.filaretedev.it\/#organization\",\"name\":\"Montaioneintuscany\",\"url\":\"https:\/\/montaione.filaretedev.it\/\",\"logo\":{\"@type\":\"ImageObject\",\"inLanguage\":\"fr-FR\",\"@id\":\"https:\/\/montaione.filaretedev.it\/#\/schema\/logo\/image\/\",\"url\":\"https:\/\/montaione.filaretedev.it\/wp-content\/uploads\/2025\/10\/logo.svg\",\"contentUrl\":\"https:\/\/montaione.filaretedev.it\/wp-content\/uploads\/2025\/10\/logo.svg\",\"width\":247,\"height\":25,\"caption\":\"Montaioneintuscany\"},\"image\":{\"@id\":\"https:\/\/montaione.filaretedev.it\/#\/schema\/logo\/image\/\"}}]}<\/script>\n<!-- \/ Yoast SEO plugin. -->","yoast_head_json":{"title":"Apprenez \u00e0 jouer de la cithare - Montaione in Tuscany","description":"Plong\u00e9 dans le silence et le mysticisme du monast\u00e8re des s\u0153urs de Iano, vous pouvez apprendre \u00e0 jouer de la cithare.","robots":{"index":"noindex","follow":"follow","max-snippet":"max-snippet:-1","max-image-preview":"max-image-preview:large","max-video-preview":"max-video-preview:-1"},"og_locale":"fr_FR","og_type":"article","og_title":"Apprenez \u00e0 jouer de la cithare - Montaione in Tuscany","og_description":"Plong\u00e9 dans le silence et le mysticisme du monast\u00e8re des s\u0153urs de Iano, vous pouvez apprendre \u00e0 jouer de la cithare.","og_url":"https:\/\/montaione.filaretedev.it\/cosa-fare\/suonare-la-cetra\/","og_site_name":"Montaioneintuscany","article_modified_time":"2025-12-19T13:24:21+00:00","og_image":[{"width":768,"height":768,"url":"https:\/\/montaione.filaretedev.it\/wp-content\/uploads\/2025\/11\/cetra-montaione-02-768x768-1.jpg","type":"image\/jpeg"}],"twitter_card":"summary_large_image","twitter_misc":{"Dur\u00e9e de lecture estim\u00e9e":"1 minute"},"schema":{"@context":"https:\/\/schema.org","@graph":[{"@type":"WebPage","@id":"https:\/\/montaione.filaretedev.it\/cosa-fare\/suonare-la-cetra\/","url":"https:\/\/montaione.filaretedev.it\/cosa-fare\/suonare-la-cetra\/","name":"Apprenez \u00e0 jouer de la cithare - Montaione in Tuscany","isPartOf":{"@id":"https:\/\/montaione.filaretedev.it\/#website"},"primaryImageOfPage":{"@id":"https:\/\/montaione.filaretedev.it\/cosa-fare\/suonare-la-cetra\/#primaryimage"},"image":{"@id":"https:\/\/montaione.filaretedev.it\/cosa-fare\/suonare-la-cetra\/#primaryimage"},"thumbnailUrl":"https:\/\/montaione.filaretedev.it\/wp-content\/uploads\/2025\/11\/cetra-montaione-02-768x768-1.jpg","datePublished":"2025-11-11T11:54:42+00:00","dateModified":"2025-12-19T13:24:21+00:00","description":"Plong\u00e9 dans le silence et le mysticisme du monast\u00e8re des s\u0153urs de Iano, vous pouvez apprendre \u00e0 jouer de la cithare.","breadcrumb":{"@id":"https:\/\/montaione.filaretedev.it\/cosa-fare\/suonare-la-cetra\/#breadcrumb"},"inLanguage":"fr-FR","potentialAction":[{"@type":"ReadAction","target":["https:\/\/montaione.filaretedev.it\/cosa-fare\/suonare-la-cetra\/"]}]},{"@type":"ImageObject","inLanguage":"fr-FR","@id":"https:\/\/montaione.filaretedev.it\/cosa-fare\/suonare-la-cetra\/#primaryimage","url":"https:\/\/montaione.filaretedev.it\/wp-content\/uploads\/2025\/11\/cetra-montaione-02-768x768-1.jpg","contentUrl":"https:\/\/montaione.filaretedev.it\/wp-content\/uploads\/2025\/11\/cetra-montaione-02-768x768-1.jpg"},{"@type":"BreadcrumbList","@id":"https:\/\/montaione.filaretedev.it\/cosa-fare\/suonare-la-cetra\/#breadcrumb","itemListElement":[{"@type":"ListItem","position":1,"name":"Home","item":"https:\/\/montaione.filaretedev.it\/"},{"@type":"ListItem","position":2,"name":"Que faire","item":"https:\/\/montaione.filaretedev.it\/cosa-fare\/"},{"@type":"ListItem","position":3,"name":"Apprenez \u00e0 jouer de la cithare"}]},{"@type":"WebSite","@id":"https:\/\/montaione.filaretedev.it\/#website","url":"https:\/\/montaione.filaretedev.it\/","name":"Montaioneintuscany","description":"","publisher":{"@id":"https:\/\/montaione.filaretedev.it\/#organization"},"potentialAction":[{"@type":"SearchAction","target":{"@type":"EntryPoint","urlTemplate":"https:\/\/montaione.filaretedev.it\/?s={search_term_string}"},"query-input":{"@type":"PropertyValueSpecification","valueRequired":true,"valueName":"search_term_string"}}],"inLanguage":"fr-FR"},{"@type":"Organization","@id":"https:\/\/montaione.filaretedev.it\/#organization","name":"Montaioneintuscany","url":"https:\/\/montaione.filaretedev.it\/","logo":{"@type":"ImageObject","inLanguage":"fr-FR","@id":"https:\/\/montaione.filaretedev.it\/#\/schema\/logo\/image\/","url":"https:\/\/montaione.filaretedev.it\/wp-content\/uploads\/2025\/10\/logo.svg","contentUrl":"https:\/\/montaione.filaretedev.it\/wp-content\/uploads\/2025\/10\/logo.svg","width":247,"height":25,"caption":"Montaioneintuscany"},"image":{"@id":"https:\/\/montaione.filaretedev.it\/#\/schema\/logo\/image\/"}}]}},"_links":{"self":[{"href":"https:\/\/montaione.filaretedev.it\/fr\/wp-json\/wp\/v2\/pages\/15637","targetHints":{"allow":["GET"]}}],"collection":[{"href":"https:\/\/montaione.filaretedev.it\/fr\/wp-json\/wp\/v2\/pages"}],"about":[{"href":"https:\/\/montaione.filaretedev.it\/fr\/wp-json\/wp\/v2\/types\/page"}],"author":[{"embeddable":true,"href":"https:\/\/montaione.filaretedev.it\/fr\/wp-json\/wp\/v2\/users\/2"}],"replies":[{"embeddable":true,"href":"https:\/\/montaione.filaretedev.it\/fr\/wp-json\/wp\/v2\/comments?post=15637"}],"version-history":[{"count":20,"href":"https:\/\/montaione.filaretedev.it\/fr\/wp-json\/wp\/v2\/pages\/15637\/revisions"}],"predecessor-version":[{"id":18769,"href":"https:\/\/montaione.filaretedev.it\/fr\/wp-json\/wp\/v2\/pages\/15637\/revisions\/18769"}],"up":[{"embeddable":true,"href":"https:\/\/montaione.filaretedev.it\/fr\/wp-json\/wp\/v2\/pages\/13827"}],"wp:attachment":[{"href":"https:\/\/montaione.filaretedev.it\/fr\/wp-json\/wp\/v2\/media?parent=15637"}],"curies":[{"name":"wp","href":"https:\/\/api.w.org\/{rel}","templated":true}]}}