{"id":15657,"date":"2025-11-11T14:17:42","date_gmt":"2025-11-11T13:17:42","guid":{"rendered":"https:\/\/montaione.filaretedev.it\/que-faire\/piscina\/"},"modified":"2025-12-16T17:16:19","modified_gmt":"2025-12-16T16:16:19","slug":"faire-un-plongeon-dans-la-piscine","status":"publish","type":"page","link":"https:\/\/montaione.filaretedev.it\/fr\/que-faire\/faire-un-plongeon-dans-la-piscine\/","title":{"rendered":"Faire un plongeon dans la piscine"},"content":{"rendered":"\t\t<div data-elementor-type=\"wp-page\" data-elementor-id=\"15657\" class=\"elementor elementor-15657 elementor-14145\" data-elementor-post-type=\"page\">\n\t\t\t\t<div class=\"elementor-element elementor-element-30ffa085 e-flex e-con-boxed e-con e-parent\" data-id=\"30ffa085\" data-element_type=\"container\" data-settings=\"{&quot;background_background&quot;:&quot;classic&quot;}\">\n\t\t\t\t\t<div class=\"e-con-inner\">\n\t\t<div class=\"elementor-element elementor-element-570e1719 e-con-full mt-auto mb-4 e-flex e-con e-child\" data-id=\"570e1719\" data-element_type=\"container\">\n\t\t\t\t<\/div>\n\t\t\t\t\t<\/div>\n\t\t\t\t<\/div>\n\t\t<div class=\"elementor-element elementor-element-7b3ba4c1 e-flex e-con-boxed e-con e-parent\" data-id=\"7b3ba4c1\" data-element_type=\"container\">\n\t\t\t\t\t<div class=\"e-con-inner\">\n\t\t<div class=\"elementor-element elementor-element-73e35a96 e-con-full e-flex e-con e-child\" data-id=\"73e35a96\" data-element_type=\"container\">\n\t\t\t\t<div class=\"elementor-element elementor-element-3e5ef18c elementor-widget elementor-widget-shortcode\" data-id=\"3e5ef18c\" data-element_type=\"widget\" data-widget_type=\"shortcode.default\">\n\t\t\t\t\t\t\t<div class=\"elementor-shortcode\"><ul id=\"breadcrumbs\" class=\"breadcrumb w-100\"><li class=\"item-home\"><a class=\"bread-link bread-home\" href=\"https:\/\/montaione.filaretedev.it\/fr\/\" title=\"Home\">Home<\/a><\/li><li class=\"separator separator-home\">  |  <\/li><\/ul><\/div>\n\t\t\t\t\t\t<\/div>\n\t\t\t\t<\/div>\n\t\t\t\t\t<\/div>\n\t\t\t\t<\/div>\n\t\t<div class=\"elementor-element elementor-element-3daa0771 py-5 e-flex e-con-boxed e-con e-parent\" data-id=\"3daa0771\" data-element_type=\"container\">\n\t\t\t\t\t<div class=\"e-con-inner\">\n\t\t<div class=\"elementor-element elementor-element-3df18235 e-con-full e-flex e-con e-child\" data-id=\"3df18235\" data-element_type=\"container\">\n\t\t\t\t<div class=\"elementor-element elementor-element-a003250 elementor-widget elementor-widget-text-editor\" data-id=\"a003250\" data-element_type=\"widget\" data-widget_type=\"text-editor.default\">\n\t\t\t\t\t\t\t\t\t<p>L\u2019endroit id\u00e9al pour profiter d\u2019une pause relaxante et agr\u00e9able qui impliquera tous vos sens.<\/p><p>Dans les <strong>piscines panoramiques de Castelfalfi<\/strong>, vous pourrez vous d\u00e9tendre entre <strong>un bain r\u00e9g\u00e9n\u00e9rant et une vue imprenable<\/strong>, en admirant la beaut\u00e9 des lieux et en vous laissant envelopp\u00e9 par les senteurs du maquis m\u00e9diterran\u00e9en. Non loin des <strong>piscines<\/strong>, un espace vert enti\u00e8rement \u00e9quip\u00e9 con\u00e7u pour les plus petits et un dressing, accueillant et fonctionnel.<\/p><p>Vous pourrez profiter du paysage allong\u00e9 sur les transats au bord de la piscine et respirer l\u2019\u00e9nergie de cette terre ancienne: les profils des collines, le vert de la nature et les charmantes fermes captureront votre regard et vous feront vivre des moments magiques.<\/p>\t\t\t\t\t\t\t\t<\/div>\n\t\t\t\t<div class=\"elementor-element elementor-element-7622ff6 elementor-widget elementor-widget-heading\" data-id=\"7622ff6\" data-element_type=\"widget\" data-widget_type=\"heading.default\">\n\t\t\t\t\t<h2 class=\"elementor-heading-title elementor-size-default\">Contacts<\/h2>\t\t\t\t<\/div>\n\t\t\t\t<div class=\"elementor-element elementor-element-7dc1486 elementor-widget elementor-widget-text-editor\" data-id=\"7dc1486\" data-element_type=\"widget\" data-widget_type=\"text-editor.default\">\n\t\t\t\t\t\t\t\t\t<p><strong>Toscana Resort Castelfalfi<\/strong><br \/>Localit\u00e0 Castelfalfi &#8211; Montaione<br \/>tel. +39 0571 890198 |\u00a0<a href=\"mailto:piscine@castelfalfi.it\">piscine@castelfalfi.it<\/a>\u00a0&#8211;\u00a0<a href=\"mailto:info@castelfalfi.it\">info@castelfalfi.it<\/a><br \/><a href=\"https:\/\/www.castelfalfi.com\/\">www.castelfalfi.com<\/a><\/p>\t\t\t\t\t\t\t\t<\/div>\n\t\t\t\t<\/div>\n\t\t\t\t\t<\/div>\n\t\t\t\t<\/div>\n\t\t<div class=\"elementor-element elementor-element-1c61edcf pb-5 blocconi-img e-flex e-con-boxed e-con e-parent\" data-id=\"1c61edcf\" data-element_type=\"container\">\n\t\t\t\t\t<div class=\"e-con-inner\">\n\t\t<div class=\"elementor-element elementor-element-49e9b60c e-con-full e-flex e-con e-child\" data-id=\"49e9b60c\" data-element_type=\"container\">\n\t\t\t\t<div class=\"elementor-element elementor-element-61c65760 elementor-widget elementor-widget-image\" data-id=\"61c65760\" data-element_type=\"widget\" data-widget_type=\"image.default\">\n\t\t\t\t\t\t\t\t\t\t\t\t\t\t\t<img fetchpriority=\"high\" decoding=\"async\" width=\"768\" height=\"768\" src=\"https:\/\/montaione.filaretedev.it\/wp-content\/uploads\/2025\/11\/piscina-montaione-02-768x768-1.jpg\" class=\"attachment-large size-large wp-image-15654\" alt=\"\" srcset=\"https:\/\/montaione.filaretedev.it\/wp-content\/uploads\/2025\/11\/piscina-montaione-02-768x768-1.jpg 768w, https:\/\/montaione.filaretedev.it\/wp-content\/uploads\/2025\/11\/piscina-montaione-02-768x768-1-300x300.jpg 300w\" sizes=\"(max-width: 768px) 100vw, 768px\" \/>\t\t\t\t\t\t\t\t\t\t\t\t\t\t\t<\/div>\n\t\t\t\t<\/div>\n\t\t<div class=\"elementor-element elementor-element-36502311 e-con-full e-flex e-con e-child\" data-id=\"36502311\" data-element_type=\"container\">\n\t\t\t\t<div class=\"elementor-element elementor-element-395bdc3f elementor-widget elementor-widget-image\" data-id=\"395bdc3f\" data-element_type=\"widget\" data-widget_type=\"image.default\">\n\t\t\t\t\t\t\t\t\t\t\t\t\t\t\t<img decoding=\"async\" width=\"768\" height=\"600\" src=\"https:\/\/montaione.filaretedev.it\/wp-content\/uploads\/2025\/11\/piscina-montaione-05-768x600-1.jpg\" class=\"attachment-large size-large wp-image-15655\" alt=\"\" srcset=\"https:\/\/montaione.filaretedev.it\/wp-content\/uploads\/2025\/11\/piscina-montaione-05-768x600-1.jpg 768w, https:\/\/montaione.filaretedev.it\/wp-content\/uploads\/2025\/11\/piscina-montaione-05-768x600-1-384x300.jpg 384w\" sizes=\"(max-width: 768px) 100vw, 768px\" \/>\t\t\t\t\t\t\t\t\t\t\t\t\t\t\t<\/div>\n\t\t\t\t<\/div>\n\t\t\t\t\t<\/div>\n\t\t\t\t<\/div>\n\t\t<div class=\"elementor-element elementor-element-c778b8e e-flex e-con-boxed e-con e-parent\" data-id=\"c778b8e\" data-element_type=\"container\">\n\t\t\t\t\t<div class=\"e-con-inner\">\n\t\t\t\t<div class=\"elementor-element elementor-element-14b64d9 elementor-widget elementor-widget-spacer\" data-id=\"14b64d9\" data-element_type=\"widget\" data-widget_type=\"spacer.default\">\n\t\t\t\t\t\t\t<div class=\"elementor-spacer\">\n\t\t\t<div class=\"elementor-spacer-inner\"><\/div>\n\t\t<\/div>\n\t\t\t\t\t\t<\/div>\n\t\t\t\t\t<\/div>\n\t\t\t\t<\/div>\n\t\t\t\t<\/div>\n\t\t","protected":false},"excerpt":{"rendered":"<p>L\u2019endroit id\u00e9al pour profiter d\u2019une pause relaxante et agr\u00e9able qui impliquera tous vos sens. Dans les piscines panoramiques de Castelfalfi, vous pourrez vous d\u00e9tendre entre un bain r\u00e9g\u00e9n\u00e9rant et une vue imprenable, en admirant la beaut\u00e9 des lieux et en vous laissant envelopp\u00e9 par les senteurs du maquis m\u00e9diterran\u00e9en. Non loin des piscines, un espace [&hellip;]<\/p>\n","protected":false},"author":2,"featured_media":13819,"parent":13827,"menu_order":0,"comment_status":"closed","ping_status":"closed","template":"","meta":{"_acf_changed":false,"footnotes":""},"class_list":["post-15657","page","type-page","status-publish","has-post-thumbnail","hentry"],"acf":[],"yoast_head":"<!-- This site is optimized with the Yoast SEO plugin v26.6 - https:\/\/yoast.com\/wordpress\/plugins\/seo\/ -->\n<title>piscine \u00e0 Montaione - Montaione in Tuscany<\/title>\n<meta name=\"description\" content=\"Vous r\u00eavez d&#039;un plongeon dans la piscine \u00e0 Montaione ? Dans les piscines panoramiques de Castelfalfi, vous pouvez le faire.\" \/>\n<meta name=\"robots\" content=\"noindex, follow, max-snippet:-1, max-image-preview:large, max-video-preview:-1\" \/>\n<meta property=\"og:locale\" content=\"fr_FR\" \/>\n<meta property=\"og:type\" content=\"article\" \/>\n<meta property=\"og:title\" content=\"piscine \u00e0 Montaione - Montaione in Tuscany\" \/>\n<meta property=\"og:description\" content=\"Vous r\u00eavez d&#039;un plongeon dans la piscine \u00e0 Montaione ? Dans les piscines panoramiques de Castelfalfi, vous pouvez le faire.\" \/>\n<meta property=\"og:url\" content=\"https:\/\/montaione.filaretedev.it\/cosa-fare\/piscina\/\" \/>\n<meta property=\"og:site_name\" content=\"Montaioneintuscany\" \/>\n<meta property=\"article:modified_time\" content=\"2025-12-16T16:16:19+00:00\" \/>\n<meta property=\"og:image\" content=\"https:\/\/montaione.filaretedev.it\/wp-content\/uploads\/2025\/10\/28acacf19e8088990285f43e85f447db1161b88d.jpg\" \/>\n\t<meta property=\"og:image:width\" content=\"768\" \/>\n\t<meta property=\"og:image:height\" content=\"600\" \/>\n\t<meta property=\"og:image:type\" content=\"image\/jpeg\" \/>\n<meta name=\"twitter:card\" content=\"summary_large_image\" \/>\n<meta name=\"twitter:label1\" content=\"Dur\u00e9e de lecture estim\u00e9e\" \/>\n\t<meta name=\"twitter:data1\" content=\"1 minute\" \/>\n<script type=\"application\/ld+json\" class=\"yoast-schema-graph\">{\"@context\":\"https:\/\/schema.org\",\"@graph\":[{\"@type\":\"WebPage\",\"@id\":\"https:\/\/montaione.filaretedev.it\/cosa-fare\/piscina\/\",\"url\":\"https:\/\/montaione.filaretedev.it\/cosa-fare\/piscina\/\",\"name\":\"piscine \u00e0 Montaione - Montaione in Tuscany\",\"isPartOf\":{\"@id\":\"https:\/\/montaione.filaretedev.it\/#website\"},\"primaryImageOfPage\":{\"@id\":\"https:\/\/montaione.filaretedev.it\/cosa-fare\/piscina\/#primaryimage\"},\"image\":{\"@id\":\"https:\/\/montaione.filaretedev.it\/cosa-fare\/piscina\/#primaryimage\"},\"thumbnailUrl\":\"https:\/\/montaione.filaretedev.it\/wp-content\/uploads\/2025\/10\/28acacf19e8088990285f43e85f447db1161b88d.jpg\",\"datePublished\":\"2025-11-11T13:17:42+00:00\",\"dateModified\":\"2025-12-16T16:16:19+00:00\",\"description\":\"Vous r\u00eavez d'un plongeon dans la piscine \u00e0 Montaione ? Dans les piscines panoramiques de Castelfalfi, vous pouvez le faire.\",\"breadcrumb\":{\"@id\":\"https:\/\/montaione.filaretedev.it\/cosa-fare\/piscina\/#breadcrumb\"},\"inLanguage\":\"fr-FR\",\"potentialAction\":[{\"@type\":\"ReadAction\",\"target\":[\"https:\/\/montaione.filaretedev.it\/cosa-fare\/piscina\/\"]}]},{\"@type\":\"ImageObject\",\"inLanguage\":\"fr-FR\",\"@id\":\"https:\/\/montaione.filaretedev.it\/cosa-fare\/piscina\/#primaryimage\",\"url\":\"https:\/\/montaione.filaretedev.it\/wp-content\/uploads\/2025\/10\/28acacf19e8088990285f43e85f447db1161b88d.jpg\",\"contentUrl\":\"https:\/\/montaione.filaretedev.it\/wp-content\/uploads\/2025\/10\/28acacf19e8088990285f43e85f447db1161b88d.jpg\",\"width\":768,\"height\":600},{\"@type\":\"BreadcrumbList\",\"@id\":\"https:\/\/montaione.filaretedev.it\/cosa-fare\/piscina\/#breadcrumb\",\"itemListElement\":[{\"@type\":\"ListItem\",\"position\":1,\"name\":\"Home\",\"item\":\"https:\/\/montaione.filaretedev.it\/\"},{\"@type\":\"ListItem\",\"position\":2,\"name\":\"Que faire\",\"item\":\"https:\/\/montaione.filaretedev.it\/cosa-fare\/\"},{\"@type\":\"ListItem\",\"position\":3,\"name\":\"Faire un plongeon dans la piscine\"}]},{\"@type\":\"WebSite\",\"@id\":\"https:\/\/montaione.filaretedev.it\/#website\",\"url\":\"https:\/\/montaione.filaretedev.it\/\",\"name\":\"Montaioneintuscany\",\"description\":\"\",\"publisher\":{\"@id\":\"https:\/\/montaione.filaretedev.it\/#organization\"},\"potentialAction\":[{\"@type\":\"SearchAction\",\"target\":{\"@type\":\"EntryPoint\",\"urlTemplate\":\"https:\/\/montaione.filaretedev.it\/?s={search_term_string}\"},\"query-input\":{\"@type\":\"PropertyValueSpecification\",\"valueRequired\":true,\"valueName\":\"search_term_string\"}}],\"inLanguage\":\"fr-FR\"},{\"@type\":\"Organization\",\"@id\":\"https:\/\/montaione.filaretedev.it\/#organization\",\"name\":\"Montaioneintuscany\",\"url\":\"https:\/\/montaione.filaretedev.it\/\",\"logo\":{\"@type\":\"ImageObject\",\"inLanguage\":\"fr-FR\",\"@id\":\"https:\/\/montaione.filaretedev.it\/#\/schema\/logo\/image\/\",\"url\":\"https:\/\/montaione.filaretedev.it\/wp-content\/uploads\/2025\/10\/logo.svg\",\"contentUrl\":\"https:\/\/montaione.filaretedev.it\/wp-content\/uploads\/2025\/10\/logo.svg\",\"width\":247,\"height\":25,\"caption\":\"Montaioneintuscany\"},\"image\":{\"@id\":\"https:\/\/montaione.filaretedev.it\/#\/schema\/logo\/image\/\"}}]}<\/script>\n<!-- \/ Yoast SEO plugin. -->","yoast_head_json":{"title":"piscine \u00e0 Montaione - Montaione in Tuscany","description":"Vous r\u00eavez d'un plongeon dans la piscine \u00e0 Montaione ? Dans les piscines panoramiques de Castelfalfi, vous pouvez le faire.","robots":{"index":"noindex","follow":"follow","max-snippet":"max-snippet:-1","max-image-preview":"max-image-preview:large","max-video-preview":"max-video-preview:-1"},"og_locale":"fr_FR","og_type":"article","og_title":"piscine \u00e0 Montaione - Montaione in Tuscany","og_description":"Vous r\u00eavez d'un plongeon dans la piscine \u00e0 Montaione ? Dans les piscines panoramiques de Castelfalfi, vous pouvez le faire.","og_url":"https:\/\/montaione.filaretedev.it\/cosa-fare\/piscina\/","og_site_name":"Montaioneintuscany","article_modified_time":"2025-12-16T16:16:19+00:00","og_image":[{"width":768,"height":600,"url":"https:\/\/montaione.filaretedev.it\/wp-content\/uploads\/2025\/10\/28acacf19e8088990285f43e85f447db1161b88d.jpg","type":"image\/jpeg"}],"twitter_card":"summary_large_image","twitter_misc":{"Dur\u00e9e de lecture estim\u00e9e":"1 minute"},"schema":{"@context":"https:\/\/schema.org","@graph":[{"@type":"WebPage","@id":"https:\/\/montaione.filaretedev.it\/cosa-fare\/piscina\/","url":"https:\/\/montaione.filaretedev.it\/cosa-fare\/piscina\/","name":"piscine \u00e0 Montaione - Montaione in Tuscany","isPartOf":{"@id":"https:\/\/montaione.filaretedev.it\/#website"},"primaryImageOfPage":{"@id":"https:\/\/montaione.filaretedev.it\/cosa-fare\/piscina\/#primaryimage"},"image":{"@id":"https:\/\/montaione.filaretedev.it\/cosa-fare\/piscina\/#primaryimage"},"thumbnailUrl":"https:\/\/montaione.filaretedev.it\/wp-content\/uploads\/2025\/10\/28acacf19e8088990285f43e85f447db1161b88d.jpg","datePublished":"2025-11-11T13:17:42+00:00","dateModified":"2025-12-16T16:16:19+00:00","description":"Vous r\u00eavez d'un plongeon dans la piscine \u00e0 Montaione ? Dans les piscines panoramiques de Castelfalfi, vous pouvez le faire.","breadcrumb":{"@id":"https:\/\/montaione.filaretedev.it\/cosa-fare\/piscina\/#breadcrumb"},"inLanguage":"fr-FR","potentialAction":[{"@type":"ReadAction","target":["https:\/\/montaione.filaretedev.it\/cosa-fare\/piscina\/"]}]},{"@type":"ImageObject","inLanguage":"fr-FR","@id":"https:\/\/montaione.filaretedev.it\/cosa-fare\/piscina\/#primaryimage","url":"https:\/\/montaione.filaretedev.it\/wp-content\/uploads\/2025\/10\/28acacf19e8088990285f43e85f447db1161b88d.jpg","contentUrl":"https:\/\/montaione.filaretedev.it\/wp-content\/uploads\/2025\/10\/28acacf19e8088990285f43e85f447db1161b88d.jpg","width":768,"height":600},{"@type":"BreadcrumbList","@id":"https:\/\/montaione.filaretedev.it\/cosa-fare\/piscina\/#breadcrumb","itemListElement":[{"@type":"ListItem","position":1,"name":"Home","item":"https:\/\/montaione.filaretedev.it\/"},{"@type":"ListItem","position":2,"name":"Que faire","item":"https:\/\/montaione.filaretedev.it\/cosa-fare\/"},{"@type":"ListItem","position":3,"name":"Faire un plongeon dans la piscine"}]},{"@type":"WebSite","@id":"https:\/\/montaione.filaretedev.it\/#website","url":"https:\/\/montaione.filaretedev.it\/","name":"Montaioneintuscany","description":"","publisher":{"@id":"https:\/\/montaione.filaretedev.it\/#organization"},"potentialAction":[{"@type":"SearchAction","target":{"@type":"EntryPoint","urlTemplate":"https:\/\/montaione.filaretedev.it\/?s={search_term_string}"},"query-input":{"@type":"PropertyValueSpecification","valueRequired":true,"valueName":"search_term_string"}}],"inLanguage":"fr-FR"},{"@type":"Organization","@id":"https:\/\/montaione.filaretedev.it\/#organization","name":"Montaioneintuscany","url":"https:\/\/montaione.filaretedev.it\/","logo":{"@type":"ImageObject","inLanguage":"fr-FR","@id":"https:\/\/montaione.filaretedev.it\/#\/schema\/logo\/image\/","url":"https:\/\/montaione.filaretedev.it\/wp-content\/uploads\/2025\/10\/logo.svg","contentUrl":"https:\/\/montaione.filaretedev.it\/wp-content\/uploads\/2025\/10\/logo.svg","width":247,"height":25,"caption":"Montaioneintuscany"},"image":{"@id":"https:\/\/montaione.filaretedev.it\/#\/schema\/logo\/image\/"}}]}},"_links":{"self":[{"href":"https:\/\/montaione.filaretedev.it\/fr\/wp-json\/wp\/v2\/pages\/15657","targetHints":{"allow":["GET"]}}],"collection":[{"href":"https:\/\/montaione.filaretedev.it\/fr\/wp-json\/wp\/v2\/pages"}],"about":[{"href":"https:\/\/montaione.filaretedev.it\/fr\/wp-json\/wp\/v2\/types\/page"}],"author":[{"embeddable":true,"href":"https:\/\/montaione.filaretedev.it\/fr\/wp-json\/wp\/v2\/users\/2"}],"replies":[{"embeddable":true,"href":"https:\/\/montaione.filaretedev.it\/fr\/wp-json\/wp\/v2\/comments?post=15657"}],"version-history":[{"count":17,"href":"https:\/\/montaione.filaretedev.it\/fr\/wp-json\/wp\/v2\/pages\/15657\/revisions"}],"predecessor-version":[{"id":18342,"href":"https:\/\/montaione.filaretedev.it\/fr\/wp-json\/wp\/v2\/pages\/15657\/revisions\/18342"}],"up":[{"embeddable":true,"href":"https:\/\/montaione.filaretedev.it\/fr\/wp-json\/wp\/v2\/pages\/13827"}],"wp:featuredmedia":[{"embeddable":true,"href":"https:\/\/montaione.filaretedev.it\/fr\/wp-json\/wp\/v2\/media\/13819"}],"wp:attachment":[{"href":"https:\/\/montaione.filaretedev.it\/fr\/wp-json\/wp\/v2\/media?parent=15657"}],"curies":[{"name":"wp","href":"https:\/\/api.w.org\/{rel}","templated":true}]}}