{"id":15677,"date":"2025-11-10T17:17:58","date_gmt":"2025-11-10T16:17:58","guid":{"rendered":"https:\/\/montaione.filaretedev.it\/que-faire\/caccia-al-tartufo\/"},"modified":"2025-12-16T17:12:00","modified_gmt":"2025-12-16T16:12:00","slug":"chasse-a-la-truffe","status":"publish","type":"page","link":"https:\/\/montaione.filaretedev.it\/fr\/que-faire\/chasse-a-la-truffe\/","title":{"rendered":"Chasse \u00e0 la truffe"},"content":{"rendered":"\t\t<div data-elementor-type=\"wp-page\" data-elementor-id=\"15677\" class=\"elementor elementor-15677 elementor-14019\" data-elementor-post-type=\"page\">\n\t\t\t\t<div class=\"elementor-element elementor-element-6d739689 e-flex e-con-boxed e-con e-parent\" data-id=\"6d739689\" data-element_type=\"container\" data-settings=\"{&quot;background_background&quot;:&quot;classic&quot;}\">\n\t\t\t\t\t<div class=\"e-con-inner\">\n\t\t<div class=\"elementor-element elementor-element-1c638e65 e-con-full mt-auto mb-4 e-flex e-con e-child\" data-id=\"1c638e65\" data-element_type=\"container\">\n\t\t\t\t<\/div>\n\t\t\t\t\t<\/div>\n\t\t\t\t<\/div>\n\t\t<div class=\"elementor-element elementor-element-7fda4963 e-flex e-con-boxed e-con e-parent\" data-id=\"7fda4963\" data-element_type=\"container\">\n\t\t\t\t\t<div class=\"e-con-inner\">\n\t\t<div class=\"elementor-element elementor-element-3a0454f6 e-con-full e-flex e-con e-child\" data-id=\"3a0454f6\" data-element_type=\"container\">\n\t\t\t\t<div class=\"elementor-element elementor-element-72f8dc95 elementor-widget elementor-widget-shortcode\" data-id=\"72f8dc95\" data-element_type=\"widget\" data-widget_type=\"shortcode.default\">\n\t\t\t\t\t\t\t<div class=\"elementor-shortcode\"><ul id=\"breadcrumbs\" class=\"breadcrumb w-100\"><li class=\"item-home\"><a class=\"bread-link bread-home\" href=\"https:\/\/montaione.filaretedev.it\/fr\/\" title=\"Home\">Home<\/a><\/li><li class=\"separator separator-home\">  |  <\/li><\/ul><\/div>\n\t\t\t\t\t\t<\/div>\n\t\t\t\t<\/div>\n\t\t\t\t\t<\/div>\n\t\t\t\t<\/div>\n\t\t<div class=\"elementor-element elementor-element-5c1fef4 py-5 e-flex e-con-boxed e-con e-parent\" data-id=\"5c1fef4\" data-element_type=\"container\">\n\t\t\t\t\t<div class=\"e-con-inner\">\n\t\t<div class=\"elementor-element elementor-element-e2a026e e-con-full e-flex e-con e-child\" data-id=\"e2a026e\" data-element_type=\"container\">\n\t\t\t\t<div class=\"elementor-element elementor-element-52680d0 elementor-widget elementor-widget-text-editor\" data-id=\"52680d0\" data-element_type=\"widget\" data-widget_type=\"text-editor.default\">\n\t\t\t\t\t\t\t\t\t<p>Promenez-vous \u00e0 travers les ch\u00eanes et les h\u00eatres, en \u00e9coutant uniquement le bruit de vos pas et les sons d\u2019une nature intacte, loin du bruit de la ville.<\/p><p>C\u2019est une exp\u00e9rience exclusive \u00e0 vivre en un souffle, celle de la \u00ab<strong>recherche de la truffe blanche<\/strong>\u00bb dans les bois de Montaione.<br \/>En compagnie de deux amis privil\u00e9gi\u00e9s: <strong>des chasseurs de truffes experts et leurs chiens ins\u00e9parables \u00e0 l\u2019odorat ultrafin<\/strong>. Vous irez ainsi jusqu\u2019\u00e0 ce que le parfum du pr\u00e9cieux tubercule soit lib\u00e9r\u00e9, pour sa puissance, sous la terre.<\/p><p>Vous ferez l\u2019exp\u00e9rience de l\u2019excitation du chien qui commence \u00e0 creuser jusqu\u2019\u00e0 ce que vous voyiez appara\u00eetre <strong>le roi de la table, la truffe blanche<\/strong>.<br \/>Et comme la recherche de truffes vous donne faim, l\u2019exp\u00e9rience peut \u00e9galement se conclure par une riche d\u00e9gustation de produits typiques de Montaione.<\/p>\t\t\t\t\t\t\t\t<\/div>\n\t\t\t\t<div class=\"elementor-element elementor-element-9a4e4e1 elementor-widget elementor-widget-heading\" data-id=\"9a4e4e1\" data-element_type=\"widget\" data-widget_type=\"heading.default\">\n\t\t\t\t\t<h2 class=\"elementor-heading-title elementor-size-default\">Contacts<\/h2>\t\t\t\t<\/div>\n\t\t\t\t<div class=\"elementor-element elementor-element-aff4cd8 elementor-widget elementor-widget-text-editor\" data-id=\"aff4cd8\" data-element_type=\"widget\" data-widget_type=\"text-editor.default\">\n\t\t\t\t\t\t\t\t\t<p><strong>Agriturismo Il Torrino<\/strong><br \/>Via S. Stefano, 118 \u2013 Montaione<br \/>Mauro: +39 339 128 9256 \u2013 Tania: +39 347 954 4268 |\u00a0<a href=\"mailto:info@agriturismoiltorrino.it\">info@agriturismoiltorrino.it<\/a><br \/><a href=\"https:\/\/www.agriturismoiltorrino.it\/attivita.html\">Site web<\/a>\u00a0et\u00a0<a href=\"https:\/\/www.facebook.com\/az.agr.iltorrino\/\">Facebook<\/a><\/p>\t\t\t\t\t\t\t\t<\/div>\n\t\t\t\t<\/div>\n\t\t\t\t\t<\/div>\n\t\t\t\t<\/div>\n\t\t<div class=\"elementor-element elementor-element-444dceb pb-5 blocconi-img e-flex e-con-boxed e-con e-parent\" data-id=\"444dceb\" data-element_type=\"container\">\n\t\t\t\t\t<div class=\"e-con-inner\">\n\t\t<div class=\"elementor-element elementor-element-7f048e1 e-con-full e-flex e-con e-child\" data-id=\"7f048e1\" data-element_type=\"container\">\n\t\t\t\t<div class=\"elementor-element elementor-element-647308b elementor-widget elementor-widget-image\" data-id=\"647308b\" data-element_type=\"widget\" data-widget_type=\"image.default\">\n\t\t\t\t\t\t\t\t\t\t\t\t\t\t\t<img fetchpriority=\"high\" decoding=\"async\" width=\"768\" height=\"768\" src=\"https:\/\/montaione.filaretedev.it\/wp-content\/uploads\/2025\/11\/tartufo-montaione-03-768x768-1.jpg\" class=\"attachment-large size-large wp-image-15674\" alt=\"\" srcset=\"https:\/\/montaione.filaretedev.it\/wp-content\/uploads\/2025\/11\/tartufo-montaione-03-768x768-1.jpg 768w, https:\/\/montaione.filaretedev.it\/wp-content\/uploads\/2025\/11\/tartufo-montaione-03-768x768-1-300x300.jpg 300w\" sizes=\"(max-width: 768px) 100vw, 768px\" \/>\t\t\t\t\t\t\t\t\t\t\t\t\t\t\t<\/div>\n\t\t\t\t<\/div>\n\t\t<div class=\"elementor-element elementor-element-1286958 e-con-full e-flex e-con e-child\" data-id=\"1286958\" data-element_type=\"container\">\n\t\t\t\t<div class=\"elementor-element elementor-element-1cbc9f7 elementor-widget elementor-widget-image\" data-id=\"1cbc9f7\" data-element_type=\"widget\" data-widget_type=\"image.default\">\n\t\t\t\t\t\t\t\t\t\t\t\t\t\t\t<img decoding=\"async\" width=\"768\" height=\"768\" src=\"https:\/\/montaione.filaretedev.it\/wp-content\/uploads\/2025\/11\/tartufo-montaione-02-768x768-1.jpg\" class=\"attachment-large size-large wp-image-15675\" alt=\"\" srcset=\"https:\/\/montaione.filaretedev.it\/wp-content\/uploads\/2025\/11\/tartufo-montaione-02-768x768-1.jpg 768w, https:\/\/montaione.filaretedev.it\/wp-content\/uploads\/2025\/11\/tartufo-montaione-02-768x768-1-300x300.jpg 300w\" sizes=\"(max-width: 768px) 100vw, 768px\" \/>\t\t\t\t\t\t\t\t\t\t\t\t\t\t\t<\/div>\n\t\t\t\t<\/div>\n\t\t\t\t\t<\/div>\n\t\t\t\t<\/div>\n\t\t<div class=\"elementor-element elementor-element-48dd4d0 e-flex e-con-boxed e-con e-parent\" data-id=\"48dd4d0\" data-element_type=\"container\">\n\t\t\t\t\t<div class=\"e-con-inner\">\n\t\t\t\t<div class=\"elementor-element elementor-element-7611d98 elementor-widget elementor-widget-spacer\" data-id=\"7611d98\" data-element_type=\"widget\" data-widget_type=\"spacer.default\">\n\t\t\t\t\t\t\t<div class=\"elementor-spacer\">\n\t\t\t<div class=\"elementor-spacer-inner\"><\/div>\n\t\t<\/div>\n\t\t\t\t\t\t<\/div>\n\t\t\t\t\t<\/div>\n\t\t\t\t<\/div>\n\t\t\t\t<\/div>\n\t\t","protected":false},"excerpt":{"rendered":"<p>Promenez-vous \u00e0 travers les ch\u00eanes et les h\u00eatres, en \u00e9coutant uniquement le bruit de vos pas et les sons d\u2019une nature intacte, loin du bruit de la ville. C\u2019est une exp\u00e9rience exclusive \u00e0 vivre en un souffle, celle de la \u00abrecherche de la truffe blanche\u00bb dans les bois de Montaione.En compagnie de deux amis privil\u00e9gi\u00e9s: [&hellip;]<\/p>\n","protected":false},"author":2,"featured_media":13820,"parent":13827,"menu_order":0,"comment_status":"closed","ping_status":"closed","template":"","meta":{"_acf_changed":false,"footnotes":""},"class_list":["post-15677","page","type-page","status-publish","has-post-thumbnail","hentry"],"acf":[],"yoast_head":"<!-- This site is optimized with the Yoast SEO plugin v26.6 - https:\/\/yoast.com\/wordpress\/plugins\/seo\/ -->\n<title>Chasse \u00e0 la truffe - Montaione in Tuscany<\/title>\n<meta name=\"description\" content=\"La chasse \u00e0 la truffe est une exp\u00e9rience exclusive \u00e0 vivre d&#039;une traite dans les bois de Montaione, au c\u0153ur de la Toscane.\" \/>\n<meta name=\"robots\" content=\"noindex, follow, max-snippet:-1, max-image-preview:large, max-video-preview:-1\" \/>\n<meta property=\"og:locale\" content=\"fr_FR\" \/>\n<meta property=\"og:type\" content=\"article\" \/>\n<meta property=\"og:title\" content=\"Chasse \u00e0 la truffe - Montaione in Tuscany\" \/>\n<meta property=\"og:description\" content=\"La chasse \u00e0 la truffe est une exp\u00e9rience exclusive \u00e0 vivre d&#039;une traite dans les bois de Montaione, au c\u0153ur de la Toscane.\" \/>\n<meta property=\"og:url\" content=\"https:\/\/montaione.filaretedev.it\/cosa-fare\/caccia-al-tartufo\/\" \/>\n<meta property=\"og:site_name\" content=\"Montaioneintuscany\" \/>\n<meta property=\"article:modified_time\" content=\"2025-12-16T16:12:00+00:00\" \/>\n<meta property=\"og:image\" content=\"https:\/\/montaione.filaretedev.it\/wp-content\/uploads\/2025\/10\/29a177a51cad8495ca3a8d807c0493e63546014d.jpg\" \/>\n\t<meta property=\"og:image:width\" content=\"768\" \/>\n\t<meta property=\"og:image:height\" content=\"768\" \/>\n\t<meta property=\"og:image:type\" content=\"image\/jpeg\" \/>\n<meta name=\"twitter:card\" content=\"summary_large_image\" \/>\n<meta name=\"twitter:label1\" content=\"Dur\u00e9e de lecture estim\u00e9e\" \/>\n\t<meta name=\"twitter:data1\" content=\"1 minute\" \/>\n<script type=\"application\/ld+json\" class=\"yoast-schema-graph\">{\"@context\":\"https:\/\/schema.org\",\"@graph\":[{\"@type\":\"WebPage\",\"@id\":\"https:\/\/montaione.filaretedev.it\/cosa-fare\/caccia-al-tartufo\/\",\"url\":\"https:\/\/montaione.filaretedev.it\/cosa-fare\/caccia-al-tartufo\/\",\"name\":\"Chasse \u00e0 la truffe - Montaione in Tuscany\",\"isPartOf\":{\"@id\":\"https:\/\/montaione.filaretedev.it\/#website\"},\"primaryImageOfPage\":{\"@id\":\"https:\/\/montaione.filaretedev.it\/cosa-fare\/caccia-al-tartufo\/#primaryimage\"},\"image\":{\"@id\":\"https:\/\/montaione.filaretedev.it\/cosa-fare\/caccia-al-tartufo\/#primaryimage\"},\"thumbnailUrl\":\"https:\/\/montaione.filaretedev.it\/wp-content\/uploads\/2025\/10\/29a177a51cad8495ca3a8d807c0493e63546014d.jpg\",\"datePublished\":\"2025-11-10T16:17:58+00:00\",\"dateModified\":\"2025-12-16T16:12:00+00:00\",\"description\":\"La chasse \u00e0 la truffe est une exp\u00e9rience exclusive \u00e0 vivre d'une traite dans les bois de Montaione, au c\u0153ur de la Toscane.\",\"breadcrumb\":{\"@id\":\"https:\/\/montaione.filaretedev.it\/cosa-fare\/caccia-al-tartufo\/#breadcrumb\"},\"inLanguage\":\"fr-FR\",\"potentialAction\":[{\"@type\":\"ReadAction\",\"target\":[\"https:\/\/montaione.filaretedev.it\/cosa-fare\/caccia-al-tartufo\/\"]}]},{\"@type\":\"ImageObject\",\"inLanguage\":\"fr-FR\",\"@id\":\"https:\/\/montaione.filaretedev.it\/cosa-fare\/caccia-al-tartufo\/#primaryimage\",\"url\":\"https:\/\/montaione.filaretedev.it\/wp-content\/uploads\/2025\/10\/29a177a51cad8495ca3a8d807c0493e63546014d.jpg\",\"contentUrl\":\"https:\/\/montaione.filaretedev.it\/wp-content\/uploads\/2025\/10\/29a177a51cad8495ca3a8d807c0493e63546014d.jpg\",\"width\":768,\"height\":768},{\"@type\":\"BreadcrumbList\",\"@id\":\"https:\/\/montaione.filaretedev.it\/cosa-fare\/caccia-al-tartufo\/#breadcrumb\",\"itemListElement\":[{\"@type\":\"ListItem\",\"position\":1,\"name\":\"Home\",\"item\":\"https:\/\/montaione.filaretedev.it\/\"},{\"@type\":\"ListItem\",\"position\":2,\"name\":\"Que faire\",\"item\":\"https:\/\/montaione.filaretedev.it\/cosa-fare\/\"},{\"@type\":\"ListItem\",\"position\":3,\"name\":\"Chasse \u00e0 la truffe\"}]},{\"@type\":\"WebSite\",\"@id\":\"https:\/\/montaione.filaretedev.it\/#website\",\"url\":\"https:\/\/montaione.filaretedev.it\/\",\"name\":\"Montaioneintuscany\",\"description\":\"\",\"publisher\":{\"@id\":\"https:\/\/montaione.filaretedev.it\/#organization\"},\"potentialAction\":[{\"@type\":\"SearchAction\",\"target\":{\"@type\":\"EntryPoint\",\"urlTemplate\":\"https:\/\/montaione.filaretedev.it\/?s={search_term_string}\"},\"query-input\":{\"@type\":\"PropertyValueSpecification\",\"valueRequired\":true,\"valueName\":\"search_term_string\"}}],\"inLanguage\":\"fr-FR\"},{\"@type\":\"Organization\",\"@id\":\"https:\/\/montaione.filaretedev.it\/#organization\",\"name\":\"Montaioneintuscany\",\"url\":\"https:\/\/montaione.filaretedev.it\/\",\"logo\":{\"@type\":\"ImageObject\",\"inLanguage\":\"fr-FR\",\"@id\":\"https:\/\/montaione.filaretedev.it\/#\/schema\/logo\/image\/\",\"url\":\"https:\/\/montaione.filaretedev.it\/wp-content\/uploads\/2025\/10\/logo.svg\",\"contentUrl\":\"https:\/\/montaione.filaretedev.it\/wp-content\/uploads\/2025\/10\/logo.svg\",\"width\":247,\"height\":25,\"caption\":\"Montaioneintuscany\"},\"image\":{\"@id\":\"https:\/\/montaione.filaretedev.it\/#\/schema\/logo\/image\/\"}}]}<\/script>\n<!-- \/ Yoast SEO plugin. -->","yoast_head_json":{"title":"Chasse \u00e0 la truffe - Montaione in Tuscany","description":"La chasse \u00e0 la truffe est une exp\u00e9rience exclusive \u00e0 vivre d'une traite dans les bois de Montaione, au c\u0153ur de la Toscane.","robots":{"index":"noindex","follow":"follow","max-snippet":"max-snippet:-1","max-image-preview":"max-image-preview:large","max-video-preview":"max-video-preview:-1"},"og_locale":"fr_FR","og_type":"article","og_title":"Chasse \u00e0 la truffe - Montaione in Tuscany","og_description":"La chasse \u00e0 la truffe est une exp\u00e9rience exclusive \u00e0 vivre d'une traite dans les bois de Montaione, au c\u0153ur de la Toscane.","og_url":"https:\/\/montaione.filaretedev.it\/cosa-fare\/caccia-al-tartufo\/","og_site_name":"Montaioneintuscany","article_modified_time":"2025-12-16T16:12:00+00:00","og_image":[{"width":768,"height":768,"url":"https:\/\/montaione.filaretedev.it\/wp-content\/uploads\/2025\/10\/29a177a51cad8495ca3a8d807c0493e63546014d.jpg","type":"image\/jpeg"}],"twitter_card":"summary_large_image","twitter_misc":{"Dur\u00e9e de lecture estim\u00e9e":"1 minute"},"schema":{"@context":"https:\/\/schema.org","@graph":[{"@type":"WebPage","@id":"https:\/\/montaione.filaretedev.it\/cosa-fare\/caccia-al-tartufo\/","url":"https:\/\/montaione.filaretedev.it\/cosa-fare\/caccia-al-tartufo\/","name":"Chasse \u00e0 la truffe - Montaione in Tuscany","isPartOf":{"@id":"https:\/\/montaione.filaretedev.it\/#website"},"primaryImageOfPage":{"@id":"https:\/\/montaione.filaretedev.it\/cosa-fare\/caccia-al-tartufo\/#primaryimage"},"image":{"@id":"https:\/\/montaione.filaretedev.it\/cosa-fare\/caccia-al-tartufo\/#primaryimage"},"thumbnailUrl":"https:\/\/montaione.filaretedev.it\/wp-content\/uploads\/2025\/10\/29a177a51cad8495ca3a8d807c0493e63546014d.jpg","datePublished":"2025-11-10T16:17:58+00:00","dateModified":"2025-12-16T16:12:00+00:00","description":"La chasse \u00e0 la truffe est une exp\u00e9rience exclusive \u00e0 vivre d'une traite dans les bois de Montaione, au c\u0153ur de la Toscane.","breadcrumb":{"@id":"https:\/\/montaione.filaretedev.it\/cosa-fare\/caccia-al-tartufo\/#breadcrumb"},"inLanguage":"fr-FR","potentialAction":[{"@type":"ReadAction","target":["https:\/\/montaione.filaretedev.it\/cosa-fare\/caccia-al-tartufo\/"]}]},{"@type":"ImageObject","inLanguage":"fr-FR","@id":"https:\/\/montaione.filaretedev.it\/cosa-fare\/caccia-al-tartufo\/#primaryimage","url":"https:\/\/montaione.filaretedev.it\/wp-content\/uploads\/2025\/10\/29a177a51cad8495ca3a8d807c0493e63546014d.jpg","contentUrl":"https:\/\/montaione.filaretedev.it\/wp-content\/uploads\/2025\/10\/29a177a51cad8495ca3a8d807c0493e63546014d.jpg","width":768,"height":768},{"@type":"BreadcrumbList","@id":"https:\/\/montaione.filaretedev.it\/cosa-fare\/caccia-al-tartufo\/#breadcrumb","itemListElement":[{"@type":"ListItem","position":1,"name":"Home","item":"https:\/\/montaione.filaretedev.it\/"},{"@type":"ListItem","position":2,"name":"Que faire","item":"https:\/\/montaione.filaretedev.it\/cosa-fare\/"},{"@type":"ListItem","position":3,"name":"Chasse \u00e0 la truffe"}]},{"@type":"WebSite","@id":"https:\/\/montaione.filaretedev.it\/#website","url":"https:\/\/montaione.filaretedev.it\/","name":"Montaioneintuscany","description":"","publisher":{"@id":"https:\/\/montaione.filaretedev.it\/#organization"},"potentialAction":[{"@type":"SearchAction","target":{"@type":"EntryPoint","urlTemplate":"https:\/\/montaione.filaretedev.it\/?s={search_term_string}"},"query-input":{"@type":"PropertyValueSpecification","valueRequired":true,"valueName":"search_term_string"}}],"inLanguage":"fr-FR"},{"@type":"Organization","@id":"https:\/\/montaione.filaretedev.it\/#organization","name":"Montaioneintuscany","url":"https:\/\/montaione.filaretedev.it\/","logo":{"@type":"ImageObject","inLanguage":"fr-FR","@id":"https:\/\/montaione.filaretedev.it\/#\/schema\/logo\/image\/","url":"https:\/\/montaione.filaretedev.it\/wp-content\/uploads\/2025\/10\/logo.svg","contentUrl":"https:\/\/montaione.filaretedev.it\/wp-content\/uploads\/2025\/10\/logo.svg","width":247,"height":25,"caption":"Montaioneintuscany"},"image":{"@id":"https:\/\/montaione.filaretedev.it\/#\/schema\/logo\/image\/"}}]}},"_links":{"self":[{"href":"https:\/\/montaione.filaretedev.it\/fr\/wp-json\/wp\/v2\/pages\/15677","targetHints":{"allow":["GET"]}}],"collection":[{"href":"https:\/\/montaione.filaretedev.it\/fr\/wp-json\/wp\/v2\/pages"}],"about":[{"href":"https:\/\/montaione.filaretedev.it\/fr\/wp-json\/wp\/v2\/types\/page"}],"author":[{"embeddable":true,"href":"https:\/\/montaione.filaretedev.it\/fr\/wp-json\/wp\/v2\/users\/2"}],"replies":[{"embeddable":true,"href":"https:\/\/montaione.filaretedev.it\/fr\/wp-json\/wp\/v2\/comments?post=15677"}],"version-history":[{"count":20,"href":"https:\/\/montaione.filaretedev.it\/fr\/wp-json\/wp\/v2\/pages\/15677\/revisions"}],"predecessor-version":[{"id":18328,"href":"https:\/\/montaione.filaretedev.it\/fr\/wp-json\/wp\/v2\/pages\/15677\/revisions\/18328"}],"up":[{"embeddable":true,"href":"https:\/\/montaione.filaretedev.it\/fr\/wp-json\/wp\/v2\/pages\/13827"}],"wp:featuredmedia":[{"embeddable":true,"href":"https:\/\/montaione.filaretedev.it\/fr\/wp-json\/wp\/v2\/media\/13820"}],"wp:attachment":[{"href":"https:\/\/montaione.filaretedev.it\/fr\/wp-json\/wp\/v2\/media?parent=15677"}],"curies":[{"name":"wp","href":"https:\/\/api.w.org\/{rel}","templated":true}]}}