{"id":15685,"date":"2025-11-11T14:26:53","date_gmt":"2025-11-11T13:26:53","guid":{"rendered":"https:\/\/montaione.filaretedev.it\/que-faire\/visitare-fattoria\/"},"modified":"2025-12-15T18:07:57","modified_gmt":"2025-12-15T17:07:57","slug":"visiter-une-ferme","status":"publish","type":"page","link":"https:\/\/montaione.filaretedev.it\/fr\/que-faire\/visiter-une-ferme\/","title":{"rendered":"Visiter une ferme"},"content":{"rendered":"\t\t<div data-elementor-type=\"wp-page\" data-elementor-id=\"15685\" class=\"elementor elementor-15685 elementor-14157\" data-elementor-post-type=\"page\">\n\t\t\t\t<div class=\"elementor-element elementor-element-48616fbd e-flex e-con-boxed e-con e-parent\" data-id=\"48616fbd\" data-element_type=\"container\" data-settings=\"{&quot;background_background&quot;:&quot;classic&quot;}\">\n\t\t\t\t\t<div class=\"e-con-inner\">\n\t\t<div class=\"elementor-element elementor-element-28ce7781 e-con-full mt-auto mb-4 e-flex e-con e-child\" data-id=\"28ce7781\" data-element_type=\"container\">\n\t\t\t\t<\/div>\n\t\t\t\t\t<\/div>\n\t\t\t\t<\/div>\n\t\t<div class=\"elementor-element elementor-element-60af49f4 e-flex e-con-boxed e-con e-parent\" data-id=\"60af49f4\" data-element_type=\"container\">\n\t\t\t\t\t<div class=\"e-con-inner\">\n\t\t<div class=\"elementor-element elementor-element-32ee8b51 e-con-full e-flex e-con e-child\" data-id=\"32ee8b51\" data-element_type=\"container\">\n\t\t\t\t<div class=\"elementor-element elementor-element-69dee919 elementor-widget elementor-widget-shortcode\" data-id=\"69dee919\" data-element_type=\"widget\" data-widget_type=\"shortcode.default\">\n\t\t\t\t\t\t\t<div class=\"elementor-shortcode\"><ul id=\"breadcrumbs\" class=\"breadcrumb w-100\"><li class=\"item-home\"><a class=\"bread-link bread-home\" href=\"https:\/\/montaione.filaretedev.it\/fr\/\" title=\"Home\">Home<\/a><\/li><li class=\"separator separator-home\">  |  <\/li><\/ul><\/div>\n\t\t\t\t\t\t<\/div>\n\t\t\t\t<\/div>\n\t\t\t\t\t<\/div>\n\t\t\t\t<\/div>\n\t\t<div class=\"elementor-element elementor-element-86f5ea5 py-5 e-flex e-con-boxed e-con e-parent\" data-id=\"86f5ea5\" data-element_type=\"container\">\n\t\t\t\t\t<div class=\"e-con-inner\">\n\t\t<div class=\"elementor-element elementor-element-400822b2 e-con-full e-flex e-con e-child\" data-id=\"400822b2\" data-element_type=\"container\">\n\t\t\t\t<div class=\"elementor-element elementor-element-18f0bd82 elementor-widget elementor-widget-text-editor\" data-id=\"18f0bd82\" data-element_type=\"widget\" data-widget_type=\"text-editor.default\">\n\t\t\t\t\t\t\t\t\t<p>Une passion unique, celle des <strong>animaux<\/strong> et l\u2019envie de cr\u00e9er un parcours p\u00e9dagogique pour les plus petits<br \/>Ainsi est n\u00e9e la <strong>Ferme des Animaux, un environnement accueillant pour rapprocher les enfants du monde animal<\/strong>.<\/p><p>Le voyage commence avec le monde fantastique des <strong>abeilles<\/strong>, comment elles sont fabriqu\u00e9es, o\u00f9 elles vivent et pourquoi elles sont si importantes pour l\u2019\u00e9cosyst\u00e8me. Il continue ensuite avec la d\u00e9couverte des senteurs de la for\u00eat, de la terre, des sons et des bruits des <strong>animaux<\/strong>, jusqu\u2019\u00e0 travailler sur la ferme moderne.<\/p><p><strong>Les enfants se retrouveront en contact direct avec la nature et le monde rural qui les entoure<\/strong>; ils rencontreront des \u00e2nes, des poneys, des ch\u00e8vres, des chevaux, des veaux; visitez le poulailler avec l\u2019\u0153uf, le poussin, la poule et le coq; l\u2019homme, le chien et la truffe. Enfin, le fonctionnement de la ferme avec le potager et ses fruits, et la production d\u2019huile d\u2019olive extra vierge et de miel. Et pour ceux qui finiront par avoir un app\u00e9tit, l\u2019exp\u00e9rience peut se conclure par une riche d\u00e9gustation de produits typiques de Montaione.<\/p>\t\t\t\t\t\t\t\t<\/div>\n\t\t\t\t<div class=\"elementor-element elementor-element-67c7dff elementor-widget elementor-widget-heading\" data-id=\"67c7dff\" data-element_type=\"widget\" data-widget_type=\"heading.default\">\n\t\t\t\t\t<h2 class=\"elementor-heading-title elementor-size-default\">Contacts<\/h2>\t\t\t\t<\/div>\n\t\t\t\t<div class=\"elementor-element elementor-element-268a4ad elementor-widget elementor-widget-text-editor\" data-id=\"268a4ad\" data-element_type=\"widget\" data-widget_type=\"text-editor.default\">\n\t\t\t\t\t\t\t\t\t<p><strong>Agriturismo Il Torrino<\/strong><br \/>Via S.Stefano, 118 \u2013 Montaione<br \/>Mauro: +39 339 1289256 \u2013 Tania: +39 347 9544268<br \/><a href=\"mailto:info@agriturismoiltorrino.it\">info@agriturismoiltorrino.it<\/a><br \/><a href=\"https:\/\/www.agriturismoiltorrino.it\/fattoria.html\">Site web<\/a><br \/><a href=\"https:\/\/www.facebook.com\/az.agr.iltorrino\/\">Facebook<\/a>\u00a0<\/p>\t\t\t\t\t\t\t\t<\/div>\n\t\t\t\t<\/div>\n\t\t\t\t\t<\/div>\n\t\t\t\t<\/div>\n\t\t<div class=\"elementor-element elementor-element-59161fdd pb-5 blocconi-img e-flex e-con-boxed e-con e-parent\" data-id=\"59161fdd\" data-element_type=\"container\">\n\t\t\t\t\t<div class=\"e-con-inner\">\n\t\t<div class=\"elementor-element elementor-element-19555c32 e-con-full e-flex e-con e-child\" data-id=\"19555c32\" data-element_type=\"container\">\n\t\t\t\t<div class=\"elementor-element elementor-element-2afb8804 elementor-widget elementor-widget-image\" data-id=\"2afb8804\" data-element_type=\"widget\" data-widget_type=\"image.default\">\n\t\t\t\t\t\t\t\t\t\t\t\t\t\t\t<img fetchpriority=\"high\" decoding=\"async\" width=\"768\" height=\"768\" src=\"https:\/\/montaione.filaretedev.it\/wp-content\/uploads\/2025\/11\/fattoria-montaione-01-768x768-1.jpg\" class=\"attachment-large size-large wp-image-15682\" alt=\"\" srcset=\"https:\/\/montaione.filaretedev.it\/wp-content\/uploads\/2025\/11\/fattoria-montaione-01-768x768-1.jpg 768w, https:\/\/montaione.filaretedev.it\/wp-content\/uploads\/2025\/11\/fattoria-montaione-01-768x768-1-300x300.jpg 300w\" sizes=\"(max-width: 768px) 100vw, 768px\" \/>\t\t\t\t\t\t\t\t\t\t\t\t\t\t\t<\/div>\n\t\t\t\t<\/div>\n\t\t<div class=\"elementor-element elementor-element-7eba8868 e-con-full e-flex e-con e-child\" data-id=\"7eba8868\" data-element_type=\"container\">\n\t\t\t\t<div class=\"elementor-element elementor-element-19701283 elementor-widget elementor-widget-image\" data-id=\"19701283\" data-element_type=\"widget\" data-widget_type=\"image.default\">\n\t\t\t\t\t\t\t\t\t\t\t\t\t\t\t<img decoding=\"async\" width=\"768\" height=\"768\" src=\"https:\/\/montaione.filaretedev.it\/wp-content\/uploads\/2025\/11\/fattoria-montaione-03-768x768-1.jpg\" class=\"attachment-large size-large wp-image-15683\" alt=\"\" srcset=\"https:\/\/montaione.filaretedev.it\/wp-content\/uploads\/2025\/11\/fattoria-montaione-03-768x768-1.jpg 768w, https:\/\/montaione.filaretedev.it\/wp-content\/uploads\/2025\/11\/fattoria-montaione-03-768x768-1-300x300.jpg 300w\" sizes=\"(max-width: 768px) 100vw, 768px\" \/>\t\t\t\t\t\t\t\t\t\t\t\t\t\t\t<\/div>\n\t\t\t\t<\/div>\n\t\t\t\t\t<\/div>\n\t\t\t\t<\/div>\n\t\t<div class=\"elementor-element elementor-element-6e14bb2 e-flex e-con-boxed e-con e-parent\" data-id=\"6e14bb2\" data-element_type=\"container\">\n\t\t\t\t\t<div class=\"e-con-inner\">\n\t\t\t\t<div class=\"elementor-element elementor-element-738ded3 elementor-widget elementor-widget-spacer\" data-id=\"738ded3\" data-element_type=\"widget\" data-widget_type=\"spacer.default\">\n\t\t\t\t\t\t\t<div class=\"elementor-spacer\">\n\t\t\t<div class=\"elementor-spacer-inner\"><\/div>\n\t\t<\/div>\n\t\t\t\t\t\t<\/div>\n\t\t\t\t\t<\/div>\n\t\t\t\t<\/div>\n\t\t\t\t<\/div>\n\t\t","protected":false},"excerpt":{"rendered":"<p>Une passion unique, celle des animaux et l\u2019envie de cr\u00e9er un parcours p\u00e9dagogique pour les plus petitsAinsi est n\u00e9e la Ferme des Animaux, un environnement accueillant pour rapprocher les enfants du monde animal. Le voyage commence avec le monde fantastique des abeilles, comment elles sont fabriqu\u00e9es, o\u00f9 elles vivent et pourquoi elles sont si importantes [&hellip;]<\/p>\n","protected":false},"author":2,"featured_media":13821,"parent":13827,"menu_order":0,"comment_status":"closed","ping_status":"closed","template":"","meta":{"_acf_changed":false,"footnotes":""},"class_list":["post-15685","page","type-page","status-publish","has-post-thumbnail","hentry"],"acf":[],"yoast_head":"<!-- This site is optimized with the Yoast SEO plugin v26.6 - https:\/\/yoast.com\/wordpress\/plugins\/seo\/ -->\n<title>Visiter une ferme en Toscane - Montaione in Tuscany<\/title>\n<meta name=\"description\" content=\"Vous souhaitez visiter une ferme en Toscane ? D\u00e9couvrez la ferme des animaux pour initier les enfants au monde des animaux.\" \/>\n<meta name=\"robots\" content=\"noindex, follow, max-snippet:-1, max-image-preview:large, max-video-preview:-1\" \/>\n<meta property=\"og:locale\" content=\"fr_FR\" \/>\n<meta property=\"og:type\" content=\"article\" \/>\n<meta property=\"og:title\" content=\"Visiter une ferme en Toscane - Montaione in Tuscany\" \/>\n<meta property=\"og:description\" content=\"Vous souhaitez visiter une ferme en Toscane ? D\u00e9couvrez la ferme des animaux pour initier les enfants au monde des animaux.\" \/>\n<meta property=\"og:url\" content=\"https:\/\/montaione.filaretedev.it\/cosa-fare\/visitare-fattoria\/\" \/>\n<meta property=\"og:site_name\" content=\"Montaioneintuscany\" \/>\n<meta property=\"article:modified_time\" content=\"2025-12-15T17:07:57+00:00\" \/>\n<meta property=\"og:image\" content=\"https:\/\/montaione.filaretedev.it\/wp-content\/uploads\/2025\/10\/3a31e4bd5e78691a73eaf8d7c7bfe25b18e3397e.jpg\" \/>\n\t<meta property=\"og:image:width\" content=\"768\" \/>\n\t<meta property=\"og:image:height\" content=\"768\" \/>\n\t<meta property=\"og:image:type\" content=\"image\/jpeg\" \/>\n<meta name=\"twitter:card\" content=\"summary_large_image\" \/>\n<meta name=\"twitter:label1\" content=\"Dur\u00e9e de lecture estim\u00e9e\" \/>\n\t<meta name=\"twitter:data1\" content=\"2 minutes\" \/>\n<script type=\"application\/ld+json\" class=\"yoast-schema-graph\">{\"@context\":\"https:\/\/schema.org\",\"@graph\":[{\"@type\":\"WebPage\",\"@id\":\"https:\/\/montaione.filaretedev.it\/cosa-fare\/visitare-fattoria\/\",\"url\":\"https:\/\/montaione.filaretedev.it\/cosa-fare\/visitare-fattoria\/\",\"name\":\"Visiter une ferme en Toscane - Montaione in Tuscany\",\"isPartOf\":{\"@id\":\"https:\/\/montaione.filaretedev.it\/#website\"},\"primaryImageOfPage\":{\"@id\":\"https:\/\/montaione.filaretedev.it\/cosa-fare\/visitare-fattoria\/#primaryimage\"},\"image\":{\"@id\":\"https:\/\/montaione.filaretedev.it\/cosa-fare\/visitare-fattoria\/#primaryimage\"},\"thumbnailUrl\":\"https:\/\/montaione.filaretedev.it\/wp-content\/uploads\/2025\/10\/3a31e4bd5e78691a73eaf8d7c7bfe25b18e3397e.jpg\",\"datePublished\":\"2025-11-11T13:26:53+00:00\",\"dateModified\":\"2025-12-15T17:07:57+00:00\",\"description\":\"Vous souhaitez visiter une ferme en Toscane ? D\u00e9couvrez la ferme des animaux pour initier les enfants au monde des animaux.\",\"breadcrumb\":{\"@id\":\"https:\/\/montaione.filaretedev.it\/cosa-fare\/visitare-fattoria\/#breadcrumb\"},\"inLanguage\":\"fr-FR\",\"potentialAction\":[{\"@type\":\"ReadAction\",\"target\":[\"https:\/\/montaione.filaretedev.it\/cosa-fare\/visitare-fattoria\/\"]}]},{\"@type\":\"ImageObject\",\"inLanguage\":\"fr-FR\",\"@id\":\"https:\/\/montaione.filaretedev.it\/cosa-fare\/visitare-fattoria\/#primaryimage\",\"url\":\"https:\/\/montaione.filaretedev.it\/wp-content\/uploads\/2025\/10\/3a31e4bd5e78691a73eaf8d7c7bfe25b18e3397e.jpg\",\"contentUrl\":\"https:\/\/montaione.filaretedev.it\/wp-content\/uploads\/2025\/10\/3a31e4bd5e78691a73eaf8d7c7bfe25b18e3397e.jpg\",\"width\":768,\"height\":768},{\"@type\":\"BreadcrumbList\",\"@id\":\"https:\/\/montaione.filaretedev.it\/cosa-fare\/visitare-fattoria\/#breadcrumb\",\"itemListElement\":[{\"@type\":\"ListItem\",\"position\":1,\"name\":\"Home\",\"item\":\"https:\/\/montaione.filaretedev.it\/\"},{\"@type\":\"ListItem\",\"position\":2,\"name\":\"Que faire\",\"item\":\"https:\/\/montaione.filaretedev.it\/cosa-fare\/\"},{\"@type\":\"ListItem\",\"position\":3,\"name\":\"Visiter une ferme\"}]},{\"@type\":\"WebSite\",\"@id\":\"https:\/\/montaione.filaretedev.it\/#website\",\"url\":\"https:\/\/montaione.filaretedev.it\/\",\"name\":\"Montaioneintuscany\",\"description\":\"\",\"publisher\":{\"@id\":\"https:\/\/montaione.filaretedev.it\/#organization\"},\"potentialAction\":[{\"@type\":\"SearchAction\",\"target\":{\"@type\":\"EntryPoint\",\"urlTemplate\":\"https:\/\/montaione.filaretedev.it\/?s={search_term_string}\"},\"query-input\":{\"@type\":\"PropertyValueSpecification\",\"valueRequired\":true,\"valueName\":\"search_term_string\"}}],\"inLanguage\":\"fr-FR\"},{\"@type\":\"Organization\",\"@id\":\"https:\/\/montaione.filaretedev.it\/#organization\",\"name\":\"Montaioneintuscany\",\"url\":\"https:\/\/montaione.filaretedev.it\/\",\"logo\":{\"@type\":\"ImageObject\",\"inLanguage\":\"fr-FR\",\"@id\":\"https:\/\/montaione.filaretedev.it\/#\/schema\/logo\/image\/\",\"url\":\"https:\/\/montaione.filaretedev.it\/wp-content\/uploads\/2025\/10\/logo.svg\",\"contentUrl\":\"https:\/\/montaione.filaretedev.it\/wp-content\/uploads\/2025\/10\/logo.svg\",\"width\":247,\"height\":25,\"caption\":\"Montaioneintuscany\"},\"image\":{\"@id\":\"https:\/\/montaione.filaretedev.it\/#\/schema\/logo\/image\/\"}}]}<\/script>\n<!-- \/ Yoast SEO plugin. -->","yoast_head_json":{"title":"Visiter une ferme en Toscane - Montaione in Tuscany","description":"Vous souhaitez visiter une ferme en Toscane ? D\u00e9couvrez la ferme des animaux pour initier les enfants au monde des animaux.","robots":{"index":"noindex","follow":"follow","max-snippet":"max-snippet:-1","max-image-preview":"max-image-preview:large","max-video-preview":"max-video-preview:-1"},"og_locale":"fr_FR","og_type":"article","og_title":"Visiter une ferme en Toscane - Montaione in Tuscany","og_description":"Vous souhaitez visiter une ferme en Toscane ? D\u00e9couvrez la ferme des animaux pour initier les enfants au monde des animaux.","og_url":"https:\/\/montaione.filaretedev.it\/cosa-fare\/visitare-fattoria\/","og_site_name":"Montaioneintuscany","article_modified_time":"2025-12-15T17:07:57+00:00","og_image":[{"width":768,"height":768,"url":"https:\/\/montaione.filaretedev.it\/wp-content\/uploads\/2025\/10\/3a31e4bd5e78691a73eaf8d7c7bfe25b18e3397e.jpg","type":"image\/jpeg"}],"twitter_card":"summary_large_image","twitter_misc":{"Dur\u00e9e de lecture estim\u00e9e":"2 minutes"},"schema":{"@context":"https:\/\/schema.org","@graph":[{"@type":"WebPage","@id":"https:\/\/montaione.filaretedev.it\/cosa-fare\/visitare-fattoria\/","url":"https:\/\/montaione.filaretedev.it\/cosa-fare\/visitare-fattoria\/","name":"Visiter une ferme en Toscane - Montaione in Tuscany","isPartOf":{"@id":"https:\/\/montaione.filaretedev.it\/#website"},"primaryImageOfPage":{"@id":"https:\/\/montaione.filaretedev.it\/cosa-fare\/visitare-fattoria\/#primaryimage"},"image":{"@id":"https:\/\/montaione.filaretedev.it\/cosa-fare\/visitare-fattoria\/#primaryimage"},"thumbnailUrl":"https:\/\/montaione.filaretedev.it\/wp-content\/uploads\/2025\/10\/3a31e4bd5e78691a73eaf8d7c7bfe25b18e3397e.jpg","datePublished":"2025-11-11T13:26:53+00:00","dateModified":"2025-12-15T17:07:57+00:00","description":"Vous souhaitez visiter une ferme en Toscane ? D\u00e9couvrez la ferme des animaux pour initier les enfants au monde des animaux.","breadcrumb":{"@id":"https:\/\/montaione.filaretedev.it\/cosa-fare\/visitare-fattoria\/#breadcrumb"},"inLanguage":"fr-FR","potentialAction":[{"@type":"ReadAction","target":["https:\/\/montaione.filaretedev.it\/cosa-fare\/visitare-fattoria\/"]}]},{"@type":"ImageObject","inLanguage":"fr-FR","@id":"https:\/\/montaione.filaretedev.it\/cosa-fare\/visitare-fattoria\/#primaryimage","url":"https:\/\/montaione.filaretedev.it\/wp-content\/uploads\/2025\/10\/3a31e4bd5e78691a73eaf8d7c7bfe25b18e3397e.jpg","contentUrl":"https:\/\/montaione.filaretedev.it\/wp-content\/uploads\/2025\/10\/3a31e4bd5e78691a73eaf8d7c7bfe25b18e3397e.jpg","width":768,"height":768},{"@type":"BreadcrumbList","@id":"https:\/\/montaione.filaretedev.it\/cosa-fare\/visitare-fattoria\/#breadcrumb","itemListElement":[{"@type":"ListItem","position":1,"name":"Home","item":"https:\/\/montaione.filaretedev.it\/"},{"@type":"ListItem","position":2,"name":"Que faire","item":"https:\/\/montaione.filaretedev.it\/cosa-fare\/"},{"@type":"ListItem","position":3,"name":"Visiter une ferme"}]},{"@type":"WebSite","@id":"https:\/\/montaione.filaretedev.it\/#website","url":"https:\/\/montaione.filaretedev.it\/","name":"Montaioneintuscany","description":"","publisher":{"@id":"https:\/\/montaione.filaretedev.it\/#organization"},"potentialAction":[{"@type":"SearchAction","target":{"@type":"EntryPoint","urlTemplate":"https:\/\/montaione.filaretedev.it\/?s={search_term_string}"},"query-input":{"@type":"PropertyValueSpecification","valueRequired":true,"valueName":"search_term_string"}}],"inLanguage":"fr-FR"},{"@type":"Organization","@id":"https:\/\/montaione.filaretedev.it\/#organization","name":"Montaioneintuscany","url":"https:\/\/montaione.filaretedev.it\/","logo":{"@type":"ImageObject","inLanguage":"fr-FR","@id":"https:\/\/montaione.filaretedev.it\/#\/schema\/logo\/image\/","url":"https:\/\/montaione.filaretedev.it\/wp-content\/uploads\/2025\/10\/logo.svg","contentUrl":"https:\/\/montaione.filaretedev.it\/wp-content\/uploads\/2025\/10\/logo.svg","width":247,"height":25,"caption":"Montaioneintuscany"},"image":{"@id":"https:\/\/montaione.filaretedev.it\/#\/schema\/logo\/image\/"}}]}},"_links":{"self":[{"href":"https:\/\/montaione.filaretedev.it\/fr\/wp-json\/wp\/v2\/pages\/15685","targetHints":{"allow":["GET"]}}],"collection":[{"href":"https:\/\/montaione.filaretedev.it\/fr\/wp-json\/wp\/v2\/pages"}],"about":[{"href":"https:\/\/montaione.filaretedev.it\/fr\/wp-json\/wp\/v2\/types\/page"}],"author":[{"embeddable":true,"href":"https:\/\/montaione.filaretedev.it\/fr\/wp-json\/wp\/v2\/users\/2"}],"replies":[{"embeddable":true,"href":"https:\/\/montaione.filaretedev.it\/fr\/wp-json\/wp\/v2\/comments?post=15685"}],"version-history":[{"count":17,"href":"https:\/\/montaione.filaretedev.it\/fr\/wp-json\/wp\/v2\/pages\/15685\/revisions"}],"predecessor-version":[{"id":17958,"href":"https:\/\/montaione.filaretedev.it\/fr\/wp-json\/wp\/v2\/pages\/15685\/revisions\/17958"}],"up":[{"embeddable":true,"href":"https:\/\/montaione.filaretedev.it\/fr\/wp-json\/wp\/v2\/pages\/13827"}],"wp:featuredmedia":[{"embeddable":true,"href":"https:\/\/montaione.filaretedev.it\/fr\/wp-json\/wp\/v2\/media\/13821"}],"wp:attachment":[{"href":"https:\/\/montaione.filaretedev.it\/fr\/wp-json\/wp\/v2\/media?parent=15685"}],"curies":[{"name":"wp","href":"https:\/\/api.w.org\/{rel}","templated":true}]}}