{"id":15696,"date":"2025-11-11T12:33:14","date_gmt":"2025-11-11T11:33:14","guid":{"rendered":"https:\/\/montaione.filaretedev.it\/que-faire\/escursioni-quad\/"},"modified":"2025-12-15T18:10:27","modified_gmt":"2025-12-15T17:10:27","slug":"excursions-en-quad","status":"publish","type":"page","link":"https:\/\/montaione.filaretedev.it\/fr\/que-faire\/excursions-en-quad\/","title":{"rendered":"Excursions en quad"},"content":{"rendered":"\t\t<div data-elementor-type=\"wp-page\" data-elementor-id=\"15696\" class=\"elementor elementor-15696 elementor-14092\" data-elementor-post-type=\"page\">\n\t\t\t\t<div class=\"elementor-element elementor-element-2605cf8 e-flex e-con-boxed e-con e-parent\" data-id=\"2605cf8\" data-element_type=\"container\" data-settings=\"{&quot;background_background&quot;:&quot;classic&quot;}\">\n\t\t\t\t\t<div class=\"e-con-inner\">\n\t\t<div class=\"elementor-element elementor-element-37422835 e-con-full mt-auto mb-4 e-flex e-con e-child\" data-id=\"37422835\" data-element_type=\"container\">\n\t\t\t\t<\/div>\n\t\t\t\t\t<\/div>\n\t\t\t\t<\/div>\n\t\t<div class=\"elementor-element elementor-element-6907eda5 e-flex e-con-boxed e-con e-parent\" data-id=\"6907eda5\" data-element_type=\"container\">\n\t\t\t\t\t<div class=\"e-con-inner\">\n\t\t<div class=\"elementor-element elementor-element-7878501d e-con-full e-flex e-con e-child\" data-id=\"7878501d\" data-element_type=\"container\">\n\t\t\t\t<div class=\"elementor-element elementor-element-2f42c34e elementor-widget elementor-widget-shortcode\" data-id=\"2f42c34e\" data-element_type=\"widget\" data-widget_type=\"shortcode.default\">\n\t\t\t\t\t\t\t<div class=\"elementor-shortcode\"><ul id=\"breadcrumbs\" class=\"breadcrumb w-100\"><li class=\"item-home\"><a class=\"bread-link bread-home\" href=\"https:\/\/montaione.filaretedev.it\/fr\/\" title=\"Home\">Home<\/a><\/li><li class=\"separator separator-home\">  |  <\/li><\/ul><\/div>\n\t\t\t\t\t\t<\/div>\n\t\t\t\t<\/div>\n\t\t\t\t\t<\/div>\n\t\t\t\t<\/div>\n\t\t<div class=\"elementor-element elementor-element-ff531ab py-5 e-flex e-con-boxed e-con e-parent\" data-id=\"ff531ab\" data-element_type=\"container\">\n\t\t\t\t\t<div class=\"e-con-inner\">\n\t\t<div class=\"elementor-element elementor-element-4eadb0f4 e-con-full e-flex e-con e-child\" data-id=\"4eadb0f4\" data-element_type=\"container\">\n\t\t\t\t<div class=\"elementor-element elementor-element-71cfae7 elementor-widget elementor-widget-text-editor\" data-id=\"71cfae7\" data-element_type=\"widget\" data-widget_type=\"text-editor.default\">\n\t\t\t\t\t\t\t\t\t<p>Le territoire de Montaione est \u00e9galement id\u00e9al pour s\u2019offrir <strong>une aventure \u00e0 bord d\u2019un quad<\/strong>.<\/p><p>Une fa\u00e7on diff\u00e9rente de vivre une exp\u00e9rience unique et inoubliable au contact de la nature. Dans le confort, m\u00eame avec la pr\u00e9sence d\u2019un guide expert, <strong>avec le quad il n\u2019y a pas d\u2019obstacles et vous pouvez vivre des moments de pure adr\u00e9naline<\/strong>. Des routes et des chemins de terre entre les collines verdoyantes et nos bois, seront le cadre de vos journ\u00e9es en tant que protagonistes d\u2019une aventure exaltante.<\/p><p>Depuis pr\u00e8s de dix ans, ZazaQuad Rent &amp; Events est un incontournable en Toscane pour la <strong>location et les \u00e9v\u00e9nements en quad, entreprises, groupes et simples passionn\u00e9s, se sont appuy\u00e9s sur les vingt ans d\u2019exp\u00e9rience<\/strong> d\u2019Antonio Atzas (Zaza) pour leurs aventures. \u00c0 partir de la saison estivale 2020, ZazaQuad \u00e9largit son offre, les visiteurs de Montaione et de ses environs auront \u00e9galement la l\u00e9gendaire <strong>Vespa Piaggio disponible en location gratuite<\/strong>. Le d\u00e9placement des v\u00e9hicules est de 125, de sorte que m\u00eame un gar\u00e7on de 16 ans (bien s\u00fbr avec un permis ad\u00e9quat) puisse le louer et profiter de la vue que ce coin de la Toscane nous offre. N\u2019h\u00e9sitez pas \u00e0 nous contacter, Zaza sera \u00e0 votre disposition avec des \u00e9claircissements et des suggestions pour faire de vos vacances un \u00e9v\u00e9nement unique que seul Montaione peut offrir avec les innombrables activit\u00e9s propos\u00e9es.<\/p><p>T\u00e9l\u00e9chargez <strong><a href=\"\/wp-content\/uploads\/2025\/12\/zazaquad-listino-prezzi.pdf\" target=\"_blank\" rel=\"noopener\">ICI<\/a><\/strong> notre liste de prix.<\/p>\t\t\t\t\t\t\t\t<\/div>\n\t\t\t\t<div class=\"elementor-element elementor-element-66838cb elementor-widget elementor-widget-heading\" data-id=\"66838cb\" data-element_type=\"widget\" data-widget_type=\"heading.default\">\n\t\t\t\t\t<h2 class=\"elementor-heading-title elementor-size-default\">Contacts<\/h2>\t\t\t\t<\/div>\n\t\t\t\t<div class=\"elementor-element elementor-element-b8a50fd elementor-widget elementor-widget-text-editor\" data-id=\"b8a50fd\" data-element_type=\"widget\" data-widget_type=\"text-editor.default\">\n\t\t\t\t\t\t\t\t\t<p><strong>Zaza Quad<\/strong><br \/>Via Leonardo Da Vinci, 14 50050 Montaione (Firenze)<br \/>Antonio Atzas: +39 338 7575366<br \/><a href=\"mailto:antonioatzas@libero.it\">antonioatzas@libero.it<\/a><br \/><a href=\"https:\/\/www.zazaquad.it\/index\">Site web<\/a><br \/><a href=\"https:\/\/www.facebook.com\/groups\/113768358646241\/?fref=ts\">Facebook<\/a><\/p>\t\t\t\t\t\t\t\t<\/div>\n\t\t\t\t<\/div>\n\t\t\t\t\t<\/div>\n\t\t\t\t<\/div>\n\t\t<div class=\"elementor-element elementor-element-20459288 pb-5 blocconi-img e-flex e-con-boxed e-con e-parent\" data-id=\"20459288\" data-element_type=\"container\">\n\t\t\t\t\t<div class=\"e-con-inner\">\n\t\t<div class=\"elementor-element elementor-element-31bde8e9 e-con-full e-flex e-con e-child\" data-id=\"31bde8e9\" data-element_type=\"container\">\n\t\t\t\t<div class=\"elementor-element elementor-element-38e5b841 elementor-widget elementor-widget-image\" data-id=\"38e5b841\" data-element_type=\"widget\" data-widget_type=\"image.default\">\n\t\t\t\t\t\t\t\t\t\t\t\t\t\t\t<img fetchpriority=\"high\" decoding=\"async\" width=\"768\" height=\"768\" src=\"https:\/\/montaione.filaretedev.it\/wp-content\/uploads\/2025\/11\/zaza-montaione-03-768x768-1.jpg\" class=\"attachment-large size-large wp-image-15693\" alt=\"\" srcset=\"https:\/\/montaione.filaretedev.it\/wp-content\/uploads\/2025\/11\/zaza-montaione-03-768x768-1.jpg 768w, https:\/\/montaione.filaretedev.it\/wp-content\/uploads\/2025\/11\/zaza-montaione-03-768x768-1-300x300.jpg 300w\" sizes=\"(max-width: 768px) 100vw, 768px\" \/>\t\t\t\t\t\t\t\t\t\t\t\t\t\t\t<\/div>\n\t\t\t\t<\/div>\n\t\t<div class=\"elementor-element elementor-element-6948a773 e-con-full e-flex e-con e-child\" data-id=\"6948a773\" data-element_type=\"container\">\n\t\t\t\t<div class=\"elementor-element elementor-element-723feae8 elementor-widget elementor-widget-image\" data-id=\"723feae8\" data-element_type=\"widget\" data-widget_type=\"image.default\">\n\t\t\t\t\t\t\t\t\t\t\t\t\t\t\t<img decoding=\"async\" width=\"768\" height=\"768\" src=\"https:\/\/montaione.filaretedev.it\/wp-content\/uploads\/2025\/11\/zaza-montaione-04-768x768-1.jpg\" class=\"attachment-large size-large wp-image-15694\" alt=\"\" srcset=\"https:\/\/montaione.filaretedev.it\/wp-content\/uploads\/2025\/11\/zaza-montaione-04-768x768-1.jpg 768w, https:\/\/montaione.filaretedev.it\/wp-content\/uploads\/2025\/11\/zaza-montaione-04-768x768-1-300x300.jpg 300w\" sizes=\"(max-width: 768px) 100vw, 768px\" \/>\t\t\t\t\t\t\t\t\t\t\t\t\t\t\t<\/div>\n\t\t\t\t<\/div>\n\t\t\t\t\t<\/div>\n\t\t\t\t<\/div>\n\t\t<div class=\"elementor-element elementor-element-6f9002f e-flex e-con-boxed e-con e-parent\" data-id=\"6f9002f\" data-element_type=\"container\">\n\t\t\t\t\t<div class=\"e-con-inner\">\n\t\t\t\t<div class=\"elementor-element elementor-element-3bc4c2d elementor-widget elementor-widget-spacer\" data-id=\"3bc4c2d\" data-element_type=\"widget\" data-widget_type=\"spacer.default\">\n\t\t\t\t\t\t\t<div class=\"elementor-spacer\">\n\t\t\t<div class=\"elementor-spacer-inner\"><\/div>\n\t\t<\/div>\n\t\t\t\t\t\t<\/div>\n\t\t\t\t\t<\/div>\n\t\t\t\t<\/div>\n\t\t\t\t<\/div>\n\t\t","protected":false},"excerpt":{"rendered":"<p>Le territoire de Montaione est \u00e9galement id\u00e9al pour s\u2019offrir une aventure \u00e0 bord d\u2019un quad. Une fa\u00e7on diff\u00e9rente de vivre une exp\u00e9rience unique et inoubliable au contact de la nature. Dans le confort, m\u00eame avec la pr\u00e9sence d\u2019un guide expert, avec le quad il n\u2019y a pas d\u2019obstacles et vous pouvez vivre des moments de [&hellip;]<\/p>\n","protected":false},"author":2,"featured_media":13822,"parent":13827,"menu_order":0,"comment_status":"closed","ping_status":"closed","template":"","meta":{"_acf_changed":false,"footnotes":""},"class_list":["post-15696","page","type-page","status-publish","has-post-thumbnail","hentry"],"acf":[],"yoast_head":"<!-- This site is optimized with the Yoast SEO plugin v26.6 - https:\/\/yoast.com\/wordpress\/plugins\/seo\/ -->\n<title>Excursions en quad - Montaione in Tuscany<\/title>\n<meta name=\"description\" content=\"La r\u00e9gion de Montaione est \u00e9galement id\u00e9ale pour s&#039;offrir une aventure \u00e0 bord d&#039;un quad. Une fa\u00e7on diff\u00e9rente de vivre une exp\u00e9rience unique.\" \/>\n<meta name=\"robots\" content=\"noindex, follow, max-snippet:-1, max-image-preview:large, max-video-preview:-1\" \/>\n<meta property=\"og:locale\" content=\"fr_FR\" \/>\n<meta property=\"og:type\" content=\"article\" \/>\n<meta property=\"og:title\" content=\"Excursions en quad - Montaione in Tuscany\" \/>\n<meta property=\"og:description\" content=\"La r\u00e9gion de Montaione est \u00e9galement id\u00e9ale pour s&#039;offrir une aventure \u00e0 bord d&#039;un quad. Une fa\u00e7on diff\u00e9rente de vivre une exp\u00e9rience unique.\" \/>\n<meta property=\"og:url\" content=\"https:\/\/montaione.filaretedev.it\/cosa-fare\/escursioni-quad\/\" \/>\n<meta property=\"og:site_name\" content=\"Montaioneintuscany\" \/>\n<meta property=\"article:modified_time\" content=\"2025-12-15T17:10:27+00:00\" \/>\n<meta property=\"og:image\" content=\"https:\/\/montaione.filaretedev.it\/wp-content\/uploads\/2025\/10\/fbd42c6de2d7e8ea902e9532188770c06b2d0afd.jpg\" \/>\n\t<meta property=\"og:image:width\" content=\"768\" \/>\n\t<meta property=\"og:image:height\" content=\"768\" \/>\n\t<meta property=\"og:image:type\" content=\"image\/jpeg\" \/>\n<meta name=\"twitter:card\" content=\"summary_large_image\" \/>\n<meta name=\"twitter:label1\" content=\"Dur\u00e9e de lecture estim\u00e9e\" \/>\n\t<meta name=\"twitter:data1\" content=\"2 minutes\" \/>\n<script type=\"application\/ld+json\" class=\"yoast-schema-graph\">{\"@context\":\"https:\/\/schema.org\",\"@graph\":[{\"@type\":\"WebPage\",\"@id\":\"https:\/\/montaione.filaretedev.it\/cosa-fare\/escursioni-quad\/\",\"url\":\"https:\/\/montaione.filaretedev.it\/cosa-fare\/escursioni-quad\/\",\"name\":\"Excursions en quad - Montaione in Tuscany\",\"isPartOf\":{\"@id\":\"https:\/\/montaione.filaretedev.it\/#website\"},\"primaryImageOfPage\":{\"@id\":\"https:\/\/montaione.filaretedev.it\/cosa-fare\/escursioni-quad\/#primaryimage\"},\"image\":{\"@id\":\"https:\/\/montaione.filaretedev.it\/cosa-fare\/escursioni-quad\/#primaryimage\"},\"thumbnailUrl\":\"https:\/\/montaione.filaretedev.it\/wp-content\/uploads\/2025\/10\/fbd42c6de2d7e8ea902e9532188770c06b2d0afd.jpg\",\"datePublished\":\"2025-11-11T11:33:14+00:00\",\"dateModified\":\"2025-12-15T17:10:27+00:00\",\"description\":\"La r\u00e9gion de Montaione est \u00e9galement id\u00e9ale pour s'offrir une aventure \u00e0 bord d'un quad. Une fa\u00e7on diff\u00e9rente de vivre une exp\u00e9rience unique.\",\"breadcrumb\":{\"@id\":\"https:\/\/montaione.filaretedev.it\/cosa-fare\/escursioni-quad\/#breadcrumb\"},\"inLanguage\":\"fr-FR\",\"potentialAction\":[{\"@type\":\"ReadAction\",\"target\":[\"https:\/\/montaione.filaretedev.it\/cosa-fare\/escursioni-quad\/\"]}]},{\"@type\":\"ImageObject\",\"inLanguage\":\"fr-FR\",\"@id\":\"https:\/\/montaione.filaretedev.it\/cosa-fare\/escursioni-quad\/#primaryimage\",\"url\":\"https:\/\/montaione.filaretedev.it\/wp-content\/uploads\/2025\/10\/fbd42c6de2d7e8ea902e9532188770c06b2d0afd.jpg\",\"contentUrl\":\"https:\/\/montaione.filaretedev.it\/wp-content\/uploads\/2025\/10\/fbd42c6de2d7e8ea902e9532188770c06b2d0afd.jpg\",\"width\":768,\"height\":768},{\"@type\":\"BreadcrumbList\",\"@id\":\"https:\/\/montaione.filaretedev.it\/cosa-fare\/escursioni-quad\/#breadcrumb\",\"itemListElement\":[{\"@type\":\"ListItem\",\"position\":1,\"name\":\"Home\",\"item\":\"https:\/\/montaione.filaretedev.it\/\"},{\"@type\":\"ListItem\",\"position\":2,\"name\":\"Que faire\",\"item\":\"https:\/\/montaione.filaretedev.it\/cosa-fare\/\"},{\"@type\":\"ListItem\",\"position\":3,\"name\":\"Excursions en quad\"}]},{\"@type\":\"WebSite\",\"@id\":\"https:\/\/montaione.filaretedev.it\/#website\",\"url\":\"https:\/\/montaione.filaretedev.it\/\",\"name\":\"Montaioneintuscany\",\"description\":\"\",\"publisher\":{\"@id\":\"https:\/\/montaione.filaretedev.it\/#organization\"},\"potentialAction\":[{\"@type\":\"SearchAction\",\"target\":{\"@type\":\"EntryPoint\",\"urlTemplate\":\"https:\/\/montaione.filaretedev.it\/?s={search_term_string}\"},\"query-input\":{\"@type\":\"PropertyValueSpecification\",\"valueRequired\":true,\"valueName\":\"search_term_string\"}}],\"inLanguage\":\"fr-FR\"},{\"@type\":\"Organization\",\"@id\":\"https:\/\/montaione.filaretedev.it\/#organization\",\"name\":\"Montaioneintuscany\",\"url\":\"https:\/\/montaione.filaretedev.it\/\",\"logo\":{\"@type\":\"ImageObject\",\"inLanguage\":\"fr-FR\",\"@id\":\"https:\/\/montaione.filaretedev.it\/#\/schema\/logo\/image\/\",\"url\":\"https:\/\/montaione.filaretedev.it\/wp-content\/uploads\/2025\/10\/logo.svg\",\"contentUrl\":\"https:\/\/montaione.filaretedev.it\/wp-content\/uploads\/2025\/10\/logo.svg\",\"width\":247,\"height\":25,\"caption\":\"Montaioneintuscany\"},\"image\":{\"@id\":\"https:\/\/montaione.filaretedev.it\/#\/schema\/logo\/image\/\"}}]}<\/script>\n<!-- \/ Yoast SEO plugin. -->","yoast_head_json":{"title":"Excursions en quad - Montaione in Tuscany","description":"La r\u00e9gion de Montaione est \u00e9galement id\u00e9ale pour s'offrir une aventure \u00e0 bord d'un quad. Une fa\u00e7on diff\u00e9rente de vivre une exp\u00e9rience unique.","robots":{"index":"noindex","follow":"follow","max-snippet":"max-snippet:-1","max-image-preview":"max-image-preview:large","max-video-preview":"max-video-preview:-1"},"og_locale":"fr_FR","og_type":"article","og_title":"Excursions en quad - Montaione in Tuscany","og_description":"La r\u00e9gion de Montaione est \u00e9galement id\u00e9ale pour s'offrir une aventure \u00e0 bord d'un quad. Une fa\u00e7on diff\u00e9rente de vivre une exp\u00e9rience unique.","og_url":"https:\/\/montaione.filaretedev.it\/cosa-fare\/escursioni-quad\/","og_site_name":"Montaioneintuscany","article_modified_time":"2025-12-15T17:10:27+00:00","og_image":[{"width":768,"height":768,"url":"https:\/\/montaione.filaretedev.it\/wp-content\/uploads\/2025\/10\/fbd42c6de2d7e8ea902e9532188770c06b2d0afd.jpg","type":"image\/jpeg"}],"twitter_card":"summary_large_image","twitter_misc":{"Dur\u00e9e de lecture estim\u00e9e":"2 minutes"},"schema":{"@context":"https:\/\/schema.org","@graph":[{"@type":"WebPage","@id":"https:\/\/montaione.filaretedev.it\/cosa-fare\/escursioni-quad\/","url":"https:\/\/montaione.filaretedev.it\/cosa-fare\/escursioni-quad\/","name":"Excursions en quad - Montaione in Tuscany","isPartOf":{"@id":"https:\/\/montaione.filaretedev.it\/#website"},"primaryImageOfPage":{"@id":"https:\/\/montaione.filaretedev.it\/cosa-fare\/escursioni-quad\/#primaryimage"},"image":{"@id":"https:\/\/montaione.filaretedev.it\/cosa-fare\/escursioni-quad\/#primaryimage"},"thumbnailUrl":"https:\/\/montaione.filaretedev.it\/wp-content\/uploads\/2025\/10\/fbd42c6de2d7e8ea902e9532188770c06b2d0afd.jpg","datePublished":"2025-11-11T11:33:14+00:00","dateModified":"2025-12-15T17:10:27+00:00","description":"La r\u00e9gion de Montaione est \u00e9galement id\u00e9ale pour s'offrir une aventure \u00e0 bord d'un quad. Une fa\u00e7on diff\u00e9rente de vivre une exp\u00e9rience unique.","breadcrumb":{"@id":"https:\/\/montaione.filaretedev.it\/cosa-fare\/escursioni-quad\/#breadcrumb"},"inLanguage":"fr-FR","potentialAction":[{"@type":"ReadAction","target":["https:\/\/montaione.filaretedev.it\/cosa-fare\/escursioni-quad\/"]}]},{"@type":"ImageObject","inLanguage":"fr-FR","@id":"https:\/\/montaione.filaretedev.it\/cosa-fare\/escursioni-quad\/#primaryimage","url":"https:\/\/montaione.filaretedev.it\/wp-content\/uploads\/2025\/10\/fbd42c6de2d7e8ea902e9532188770c06b2d0afd.jpg","contentUrl":"https:\/\/montaione.filaretedev.it\/wp-content\/uploads\/2025\/10\/fbd42c6de2d7e8ea902e9532188770c06b2d0afd.jpg","width":768,"height":768},{"@type":"BreadcrumbList","@id":"https:\/\/montaione.filaretedev.it\/cosa-fare\/escursioni-quad\/#breadcrumb","itemListElement":[{"@type":"ListItem","position":1,"name":"Home","item":"https:\/\/montaione.filaretedev.it\/"},{"@type":"ListItem","position":2,"name":"Que faire","item":"https:\/\/montaione.filaretedev.it\/cosa-fare\/"},{"@type":"ListItem","position":3,"name":"Excursions en quad"}]},{"@type":"WebSite","@id":"https:\/\/montaione.filaretedev.it\/#website","url":"https:\/\/montaione.filaretedev.it\/","name":"Montaioneintuscany","description":"","publisher":{"@id":"https:\/\/montaione.filaretedev.it\/#organization"},"potentialAction":[{"@type":"SearchAction","target":{"@type":"EntryPoint","urlTemplate":"https:\/\/montaione.filaretedev.it\/?s={search_term_string}"},"query-input":{"@type":"PropertyValueSpecification","valueRequired":true,"valueName":"search_term_string"}}],"inLanguage":"fr-FR"},{"@type":"Organization","@id":"https:\/\/montaione.filaretedev.it\/#organization","name":"Montaioneintuscany","url":"https:\/\/montaione.filaretedev.it\/","logo":{"@type":"ImageObject","inLanguage":"fr-FR","@id":"https:\/\/montaione.filaretedev.it\/#\/schema\/logo\/image\/","url":"https:\/\/montaione.filaretedev.it\/wp-content\/uploads\/2025\/10\/logo.svg","contentUrl":"https:\/\/montaione.filaretedev.it\/wp-content\/uploads\/2025\/10\/logo.svg","width":247,"height":25,"caption":"Montaioneintuscany"},"image":{"@id":"https:\/\/montaione.filaretedev.it\/#\/schema\/logo\/image\/"}}]}},"_links":{"self":[{"href":"https:\/\/montaione.filaretedev.it\/fr\/wp-json\/wp\/v2\/pages\/15696","targetHints":{"allow":["GET"]}}],"collection":[{"href":"https:\/\/montaione.filaretedev.it\/fr\/wp-json\/wp\/v2\/pages"}],"about":[{"href":"https:\/\/montaione.filaretedev.it\/fr\/wp-json\/wp\/v2\/types\/page"}],"author":[{"embeddable":true,"href":"https:\/\/montaione.filaretedev.it\/fr\/wp-json\/wp\/v2\/users\/2"}],"replies":[{"embeddable":true,"href":"https:\/\/montaione.filaretedev.it\/fr\/wp-json\/wp\/v2\/comments?post=15696"}],"version-history":[{"count":14,"href":"https:\/\/montaione.filaretedev.it\/fr\/wp-json\/wp\/v2\/pages\/15696\/revisions"}],"predecessor-version":[{"id":17967,"href":"https:\/\/montaione.filaretedev.it\/fr\/wp-json\/wp\/v2\/pages\/15696\/revisions\/17967"}],"up":[{"embeddable":true,"href":"https:\/\/montaione.filaretedev.it\/fr\/wp-json\/wp\/v2\/pages\/13827"}],"wp:featuredmedia":[{"embeddable":true,"href":"https:\/\/montaione.filaretedev.it\/fr\/wp-json\/wp\/v2\/media\/13822"}],"wp:attachment":[{"href":"https:\/\/montaione.filaretedev.it\/fr\/wp-json\/wp\/v2\/media?parent=15696"}],"curies":[{"name":"wp","href":"https:\/\/api.w.org\/{rel}","templated":true}]}}