{"id":16098,"date":"2025-11-23T22:23:40","date_gmt":"2025-11-23T21:23:40","guid":{"rendered":"https:\/\/montaione.filaretedev.it\/decouvrir-montaione\/santuario-pietrina\/"},"modified":"2025-12-16T13:19:28","modified_gmt":"2025-12-16T12:19:28","slug":"promontoire-et-sanctuaire-de-la-pietrina","status":"publish","type":"page","link":"https:\/\/montaione.filaretedev.it\/fr\/decouvrir-montaione\/promontoire-et-sanctuaire-de-la-pietrina\/","title":{"rendered":"Promontoire et Sanctuaire de la Pietrina"},"content":{"rendered":"\t\t<div data-elementor-type=\"wp-page\" data-elementor-id=\"16098\" class=\"elementor elementor-16098 elementor-14506\" data-elementor-post-type=\"page\">\n\t\t\t\t<div class=\"elementor-element elementor-element-33eb0a6a e-flex e-con-boxed e-con e-parent\" data-id=\"33eb0a6a\" data-element_type=\"container\" data-settings=\"{&quot;background_background&quot;:&quot;classic&quot;}\">\n\t\t\t\t\t<div class=\"e-con-inner\">\n\t\t<div class=\"elementor-element elementor-element-4ef57a5a e-con-full mt-auto mb-4 e-flex e-con e-child\" data-id=\"4ef57a5a\" data-element_type=\"container\">\n\t\t\t\t<\/div>\n\t\t\t\t\t<\/div>\n\t\t\t\t<\/div>\n\t\t<div class=\"elementor-element elementor-element-289676f6 e-flex e-con-boxed e-con e-parent\" data-id=\"289676f6\" data-element_type=\"container\">\n\t\t\t\t\t<div class=\"e-con-inner\">\n\t\t<div class=\"elementor-element elementor-element-2eaab51b e-con-full e-flex e-con e-child\" data-id=\"2eaab51b\" data-element_type=\"container\">\n\t\t\t\t<div class=\"elementor-element elementor-element-5372c039 elementor-widget elementor-widget-shortcode\" data-id=\"5372c039\" data-element_type=\"widget\" data-widget_type=\"shortcode.default\">\n\t\t\t\t\t\t\t<div class=\"elementor-shortcode\"><ul id=\"breadcrumbs\" class=\"breadcrumb w-100\"><li class=\"item-home\"><a class=\"bread-link bread-home\" href=\"https:\/\/montaione.filaretedev.it\/fr\/\" title=\"Home\">Home<\/a><\/li><li class=\"separator separator-home\">  |  <\/li><\/ul><\/div>\n\t\t\t\t\t\t<\/div>\n\t\t\t\t<\/div>\n\t\t\t\t\t<\/div>\n\t\t\t\t<\/div>\n\t\t<div class=\"elementor-element elementor-element-134bd375 py-5 e-flex e-con-boxed e-con e-parent\" data-id=\"134bd375\" data-element_type=\"container\">\n\t\t\t\t\t<div class=\"e-con-inner\">\n\t\t<div class=\"elementor-element elementor-element-678c1260 e-con-full e-flex e-con e-child\" data-id=\"678c1260\" data-element_type=\"container\">\n\t\t\t\t<div class=\"elementor-element elementor-element-4a591314 elementor-widget elementor-widget-text-editor\" data-id=\"4a591314\" data-element_type=\"widget\" data-widget_type=\"text-editor.default\">\n\t\t\t\t\t\t\t\t\t<p>Se r\u00e9concilier avec soi-m\u00eame \u00e0 travers la beaut\u00e9. C\u2019est ce qui arrive \u00e0 chacun de nous si, pendant quelques heures, il quitte les rythmes fr\u00e9n\u00e9tiques de la vie quotidienne, il suit la route qui conduit de Iano au Palagio, puis la route escarp\u00e9e qui conduit au <strong>Sanctuaire della Pietrina<\/strong>. Le col de la Pietrina est l\u2019un des lieux de Montaione les plus riches en suggestions, o\u00f9 se concentrent int\u00e9r\u00eat historique, d\u00e9votion spirituelle, sans parler des paysages qui le rendent unique.<\/p><p>Vous pouvez y aller en voiture, mais marcher c\u2019est tout autre chose. Marcher lentement sur la mont\u00e9e qui passe de l\u00e9g\u00e8rement \u00e0 fortement inclin\u00e9e, parmi les ch\u00eanes verts et les pins de la For\u00eat de Camporena, s\u2019arr\u00eater de temps en temps \u00e0 \u00e9couter son silence et repartir ensuite vers le point le plus haut, signifie s\u2019aventurer dans un monde autre, immol\u00e9 et intemporel, et se sentir envahi par la beaut\u00e9. Mais l\u2019\u00e9motion la plus grande nous attend une fois arriv\u00e9s au sommet: en regardant vers le sud, s\u2019ouvre un panorama naturel sur l\u2019infini, nous offrant une vue \u00e0 perte de vue, qui domine la Valdera et ses douces collines, avec en face la majestueuse Volterra, plus loin \u00e0 l\u2019ouest la tour de Montecatini Val di Cecina, et peut-\u00eatre, en poussant le regard et le d\u00e9sir plus loin, les reflets de la mer.<\/p><p>Sur la colline sont encore pr\u00e9sents les restes de l\u2019ancien ch\u00e2teau de la Pierre, dont l\u2019existence est attest\u00e9e depuis 1118. Plusieurs fois pass\u00e9 de main du Moyen \u00c2ge \u00e0 l\u2019\u00c2ge Moderne, le ch\u00e2teau avec l\u2019\u00e9glise de Saint Andrea annexe a constitu\u00e9 une communaut\u00e9 qui s\u2019\u00e9tendait \u00e0 des localit\u00e9s voisines comme Palagio, Casicello, Saint Leonardo, sur laquelle ils ont eu juridiction au cours des si\u00e8cles, d\u2019abord Volterra, puis Saint Gimignano et Florence, et seulement en dernier Montaione. Aujourd\u2019hui du ch\u00e2teau il ne reste que deux tours droites, tandis que l\u2019\u00e9glise a eu le meilleur sort. Le petit Sanctuaire a li\u00e9 son histoire \u00e0 un tableau, un polyptique de la seconde moiti\u00e9 du XIVe si\u00e8cle, r\u00e9alis\u00e9 par l\u2019artiste de Sienne Bartolo di Fredi, \u00e9l\u00e8ve de Simone Martini, quand il \u00e9tait actif dans la Volterra voisine.<\/p><p>De l\u2019\u0153uvre reste aujourd\u2019hui seulement la table centrale, repr\u00e9sentant une <em>Vierge et l\u2019Enfant<\/em> qui tient une pomme dans sa main, visible en copie dans l\u2019\u00e9glise, tandis que l\u2019original est conserv\u00e9 dans la Curie de Volterra pour des raisons de s\u00e9curit\u00e9. Au cours des si\u00e8cles, les gens ont cultiv\u00e9e une grande d\u00e9votion pour la Vierge de la Pietrine, t\u00e9moignant l\u2019importance du sacr\u00e9 sur la vie, la culture et l\u2019identit\u00e9 de ces lieux. Aujourd\u2019hui, cette d\u00e9votion s\u2019exprime surtout avec la f\u00eate et la procession qui se d\u00e9roulent ici le dernier dimanche de septembre.<\/p><p>Mais les surprises de la <strong>Pietrine<\/strong> ne sont pas termin\u00e9es, parce qu\u2019un sentier bien signal\u00e9, invite \u00e0 descendre sous le niveau du Sanctuaire, pour se retrouver \u00e0 traverser un tunnel de v\u00e9g\u00e9tation qui couvre presque la vue du ciel. En le parcourant, on se trouve soudain aux pieds d\u2019un impressionnant mur de roche, la Falesia Masso del Becco. Une surface nue, de quelques dizaines de m\u00e8tres de haut, constitu\u00e9e d\u2019affleurements de quartzites et de conglom\u00e9rats de pierres <em>Verrucane<\/em>, form\u00e9es il y a pr\u00e8s de 250 millions d\u2019ann\u00e9es. Une merveille de la nature dans la nature.<\/p><p><strong>Santuario e Promontorio della Pietrina \u2013 Via Palagio, Montaione<\/strong><br \/><strong>43.498610, 10.887619<\/strong><\/p>\t\t\t\t\t\t\t\t<\/div>\n\t\t\t\t<\/div>\n\t\t\t\t<div class=\"elementor-element elementor-element-cfcae9c elementor-arrows-position-outside pb-5 elementor-widget elementor-widget-image-carousel\" data-id=\"cfcae9c\" data-element_type=\"widget\" data-settings=\"{&quot;navigation&quot;:&quot;arrows&quot;,&quot;autoplay&quot;:&quot;yes&quot;,&quot;pause_on_hover&quot;:&quot;yes&quot;,&quot;pause_on_interaction&quot;:&quot;yes&quot;,&quot;autoplay_speed&quot;:5000,&quot;infinite&quot;:&quot;yes&quot;,&quot;speed&quot;:500,&quot;image_spacing_custom&quot;:{&quot;unit&quot;:&quot;px&quot;,&quot;size&quot;:20,&quot;sizes&quot;:[]},&quot;image_spacing_custom_tablet&quot;:{&quot;unit&quot;:&quot;px&quot;,&quot;size&quot;:&quot;&quot;,&quot;sizes&quot;:[]},&quot;image_spacing_custom_mobile&quot;:{&quot;unit&quot;:&quot;px&quot;,&quot;size&quot;:&quot;&quot;,&quot;sizes&quot;:[]}}\" data-widget_type=\"image-carousel.default\">\n\t\t\t\t\t\t\t<div class=\"elementor-image-carousel-wrapper swiper\" role=\"region\" aria-roledescription=\"carousel\" aria-label=\"Carosello d&#039;immagini\" dir=\"ltr\">\n\t\t\t<div class=\"elementor-image-carousel swiper-wrapper\" aria-live=\"off\">\n\t\t\t\t\t\t\t\t<div class=\"swiper-slide\" role=\"group\" aria-roledescription=\"slide\" aria-label=\"1 sur 8\"><a data-elementor-open-lightbox=\"yes\" data-elementor-lightbox-slideshow=\"cfcae9c\" data-elementor-lightbox-title=\"pietrina-gallery-07\" data-e-action-hash=\"#elementor-action%3Aaction%3Dlightbox%26settings%3DeyJpZCI6MTYwODksInVybCI6Imh0dHBzOlwvXC9tb250YWlvbmUuZmlsYXJldGVkZXYuaXRcL3dwLWNvbnRlbnRcL3VwbG9hZHNcLzIwMjVcLzExXC9waWV0cmluYS1nYWxsZXJ5LTA3LmpwZyIsInNsaWRlc2hvdyI6ImNmY2FlOWMifQ%3D%3D\" href=\"https:\/\/montaione.filaretedev.it\/wp-content\/uploads\/2025\/11\/pietrina-gallery-07.jpg\"><figure class=\"swiper-slide-inner\"><img decoding=\"async\" class=\"swiper-slide-image\" src=\"https:\/\/montaione.filaretedev.it\/wp-content\/uploads\/2025\/11\/pietrina-gallery-07.jpg\" alt=\"pietrina-gallery-07\" \/><\/figure><\/a><\/div><div class=\"swiper-slide\" role=\"group\" aria-roledescription=\"slide\" aria-label=\"2 sur 8\"><a data-elementor-open-lightbox=\"yes\" data-elementor-lightbox-slideshow=\"cfcae9c\" data-elementor-lightbox-title=\"pietrina-gallery-08\" data-e-action-hash=\"#elementor-action%3Aaction%3Dlightbox%26settings%3DeyJpZCI6MTYwOTAsInVybCI6Imh0dHBzOlwvXC9tb250YWlvbmUuZmlsYXJldGVkZXYuaXRcL3dwLWNvbnRlbnRcL3VwbG9hZHNcLzIwMjVcLzExXC9waWV0cmluYS1nYWxsZXJ5LTA4LmpwZyIsInNsaWRlc2hvdyI6ImNmY2FlOWMifQ%3D%3D\" href=\"https:\/\/montaione.filaretedev.it\/wp-content\/uploads\/2025\/11\/pietrina-gallery-08.jpg\"><figure class=\"swiper-slide-inner\"><img decoding=\"async\" class=\"swiper-slide-image\" src=\"https:\/\/montaione.filaretedev.it\/wp-content\/uploads\/2025\/11\/pietrina-gallery-08.jpg\" alt=\"pietrina-gallery-08\" \/><\/figure><\/a><\/div><div class=\"swiper-slide\" role=\"group\" aria-roledescription=\"slide\" aria-label=\"3 sur 8\"><a data-elementor-open-lightbox=\"yes\" data-elementor-lightbox-slideshow=\"cfcae9c\" data-elementor-lightbox-title=\"pietrina-gallery-02\" data-e-action-hash=\"#elementor-action%3Aaction%3Dlightbox%26settings%3DeyJpZCI6MTYwOTEsInVybCI6Imh0dHBzOlwvXC9tb250YWlvbmUuZmlsYXJldGVkZXYuaXRcL3dwLWNvbnRlbnRcL3VwbG9hZHNcLzIwMjVcLzExXC9waWV0cmluYS1nYWxsZXJ5LTAyLmpwZyIsInNsaWRlc2hvdyI6ImNmY2FlOWMifQ%3D%3D\" href=\"https:\/\/montaione.filaretedev.it\/wp-content\/uploads\/2025\/11\/pietrina-gallery-02.jpg\"><figure class=\"swiper-slide-inner\"><img decoding=\"async\" class=\"swiper-slide-image\" src=\"https:\/\/montaione.filaretedev.it\/wp-content\/uploads\/2025\/11\/pietrina-gallery-02.jpg\" alt=\"pietrina-gallery-02\" \/><\/figure><\/a><\/div><div class=\"swiper-slide\" role=\"group\" aria-roledescription=\"slide\" aria-label=\"4 sur 8\"><a data-elementor-open-lightbox=\"yes\" data-elementor-lightbox-slideshow=\"cfcae9c\" data-elementor-lightbox-title=\"pietrina-gallery-01\" data-e-action-hash=\"#elementor-action%3Aaction%3Dlightbox%26settings%3DeyJpZCI6MTYwOTIsInVybCI6Imh0dHBzOlwvXC9tb250YWlvbmUuZmlsYXJldGVkZXYuaXRcL3dwLWNvbnRlbnRcL3VwbG9hZHNcLzIwMjVcLzExXC9waWV0cmluYS1nYWxsZXJ5LTAxLmpwZyIsInNsaWRlc2hvdyI6ImNmY2FlOWMifQ%3D%3D\" href=\"https:\/\/montaione.filaretedev.it\/wp-content\/uploads\/2025\/11\/pietrina-gallery-01.jpg\"><figure class=\"swiper-slide-inner\"><img decoding=\"async\" class=\"swiper-slide-image\" src=\"https:\/\/montaione.filaretedev.it\/wp-content\/uploads\/2025\/11\/pietrina-gallery-01.jpg\" alt=\"pietrina-gallery-01\" \/><\/figure><\/a><\/div><div class=\"swiper-slide\" role=\"group\" aria-roledescription=\"slide\" aria-label=\"5 sur 8\"><a data-elementor-open-lightbox=\"yes\" data-elementor-lightbox-slideshow=\"cfcae9c\" data-elementor-lightbox-title=\"pietrina-gallery-03\" data-e-action-hash=\"#elementor-action%3Aaction%3Dlightbox%26settings%3DeyJpZCI6MTYwOTMsInVybCI6Imh0dHBzOlwvXC9tb250YWlvbmUuZmlsYXJldGVkZXYuaXRcL3dwLWNvbnRlbnRcL3VwbG9hZHNcLzIwMjVcLzExXC9waWV0cmluYS1nYWxsZXJ5LTAzLmpwZyIsInNsaWRlc2hvdyI6ImNmY2FlOWMifQ%3D%3D\" href=\"https:\/\/montaione.filaretedev.it\/wp-content\/uploads\/2025\/11\/pietrina-gallery-03.jpg\"><figure class=\"swiper-slide-inner\"><img decoding=\"async\" class=\"swiper-slide-image\" src=\"https:\/\/montaione.filaretedev.it\/wp-content\/uploads\/2025\/11\/pietrina-gallery-03.jpg\" alt=\"pietrina-gallery-03\" \/><\/figure><\/a><\/div><div class=\"swiper-slide\" role=\"group\" aria-roledescription=\"slide\" aria-label=\"6 sur 8\"><a data-elementor-open-lightbox=\"yes\" data-elementor-lightbox-slideshow=\"cfcae9c\" data-elementor-lightbox-title=\"pietrina-gallery-04\" data-e-action-hash=\"#elementor-action%3Aaction%3Dlightbox%26settings%3DeyJpZCI6MTYwOTQsInVybCI6Imh0dHBzOlwvXC9tb250YWlvbmUuZmlsYXJldGVkZXYuaXRcL3dwLWNvbnRlbnRcL3VwbG9hZHNcLzIwMjVcLzExXC9waWV0cmluYS1nYWxsZXJ5LTA0LmpwZyIsInNsaWRlc2hvdyI6ImNmY2FlOWMifQ%3D%3D\" href=\"https:\/\/montaione.filaretedev.it\/wp-content\/uploads\/2025\/11\/pietrina-gallery-04.jpg\"><figure class=\"swiper-slide-inner\"><img decoding=\"async\" class=\"swiper-slide-image\" src=\"https:\/\/montaione.filaretedev.it\/wp-content\/uploads\/2025\/11\/pietrina-gallery-04.jpg\" alt=\"pietrina-gallery-04\" \/><\/figure><\/a><\/div><div class=\"swiper-slide\" role=\"group\" aria-roledescription=\"slide\" aria-label=\"7 sur 8\"><a data-elementor-open-lightbox=\"yes\" data-elementor-lightbox-slideshow=\"cfcae9c\" data-elementor-lightbox-title=\"pietrina-gallery-05\" data-e-action-hash=\"#elementor-action%3Aaction%3Dlightbox%26settings%3DeyJpZCI6MTYwOTUsInVybCI6Imh0dHBzOlwvXC9tb250YWlvbmUuZmlsYXJldGVkZXYuaXRcL3dwLWNvbnRlbnRcL3VwbG9hZHNcLzIwMjVcLzExXC9waWV0cmluYS1nYWxsZXJ5LTA1LmpwZyIsInNsaWRlc2hvdyI6ImNmY2FlOWMifQ%3D%3D\" href=\"https:\/\/montaione.filaretedev.it\/wp-content\/uploads\/2025\/11\/pietrina-gallery-05.jpg\"><figure class=\"swiper-slide-inner\"><img decoding=\"async\" class=\"swiper-slide-image\" src=\"https:\/\/montaione.filaretedev.it\/wp-content\/uploads\/2025\/11\/pietrina-gallery-05.jpg\" alt=\"pietrina-gallery-05\" \/><\/figure><\/a><\/div><div class=\"swiper-slide\" role=\"group\" aria-roledescription=\"slide\" aria-label=\"8 sur 8\"><a data-elementor-open-lightbox=\"yes\" data-elementor-lightbox-slideshow=\"cfcae9c\" data-elementor-lightbox-title=\"pietrina-gallery-06\" data-e-action-hash=\"#elementor-action%3Aaction%3Dlightbox%26settings%3DeyJpZCI6MTYwOTYsInVybCI6Imh0dHBzOlwvXC9tb250YWlvbmUuZmlsYXJldGVkZXYuaXRcL3dwLWNvbnRlbnRcL3VwbG9hZHNcLzIwMjVcLzExXC9waWV0cmluYS1nYWxsZXJ5LTA2LmpwZyIsInNsaWRlc2hvdyI6ImNmY2FlOWMifQ%3D%3D\" href=\"https:\/\/montaione.filaretedev.it\/wp-content\/uploads\/2025\/11\/pietrina-gallery-06.jpg\"><figure class=\"swiper-slide-inner\"><img decoding=\"async\" class=\"swiper-slide-image\" src=\"https:\/\/montaione.filaretedev.it\/wp-content\/uploads\/2025\/11\/pietrina-gallery-06.jpg\" alt=\"pietrina-gallery-06\" \/><\/figure><\/a><\/div>\t\t\t<\/div>\n\t\t\t\t\t\t\t\t\t\t\t\t<div class=\"elementor-swiper-button elementor-swiper-button-prev\" role=\"button\" tabindex=\"0\">\n\t\t\t\t\t\t<svg xmlns=\"http:\/\/www.w3.org\/2000\/svg\" xmlns:xlink=\"http:\/\/www.w3.org\/1999\/xlink\" id=\"Livello_1\" x=\"0px\" y=\"0px\" width=\"75px\" height=\"75px\" viewBox=\"0 0 75 75\" style=\"enable-background:new 0 0 75 75;\" xml:space=\"preserve\"><style type=\"text\/css\">\t.st0{fill:#375140;}\t.st1{fill:none;stroke:#E5E9DD;stroke-width:3;}<\/style><circle class=\"st0\" cx=\"37.5\" cy=\"37.5\" r=\"37.5\"><\/circle><path class=\"st1\" d=\"M34.2,47.4L25,38.2l9.2-9.2 M25,38.2h25\"><\/path><\/svg>\t\t\t\t\t<\/div>\n\t\t\t\t\t<div class=\"elementor-swiper-button elementor-swiper-button-next\" role=\"button\" tabindex=\"0\">\n\t\t\t\t\t\t<svg xmlns=\"http:\/\/www.w3.org\/2000\/svg\" xmlns:xlink=\"http:\/\/www.w3.org\/1999\/xlink\" id=\"Livello_1\" x=\"0px\" y=\"0px\" width=\"75px\" height=\"75px\" viewBox=\"0 0 75 75\" style=\"enable-background:new 0 0 75 75;\" xml:space=\"preserve\"><style type=\"text\/css\">\t.st0{fill:#375140;}\t.st1{fill:none;stroke:#E5E9DD;stroke-width:3;}<\/style><circle class=\"st0\" cx=\"37.5\" cy=\"37.5\" r=\"37.5\"><\/circle><path class=\"st1\" d=\"M40.8,27.6l9.2,9.2L40.8,46 M50,36.8H25\"><\/path><\/svg>\t\t\t\t\t<\/div>\n\t\t\t\t\n\t\t\t\t\t\t\t\t\t<\/div>\n\t\t\t\t\t\t<\/div>\n\t\t\t\t<div class=\"elementor-element elementor-element-bbb1941 elementor-widget elementor-widget-google_maps\" data-id=\"bbb1941\" data-element_type=\"widget\" data-widget_type=\"google_maps.default\">\n\t\t\t\t\t\t\t<div class=\"elementor-custom-embed\">\n\t\t\t<iframe loading=\"lazy\"\n\t\t\t\t\tsrc=\"https:\/\/maps.google.com\/maps?q=Santuario%20e%20Promontorio%20della%20Pietrina%20%E2%80%93%20Via%20Palagio%2C%20%20Montaione&#038;t=m&#038;z=14&#038;output=embed&#038;iwloc=near\"\n\t\t\t\t\ttitle=\"Santuario e Promontorio della Pietrina \u2013 Via Palagio,  Montaione\"\n\t\t\t\t\taria-label=\"Santuario e Promontorio della Pietrina \u2013 Via Palagio,  Montaione\"\n\t\t\t><\/iframe>\n\t\t<\/div>\n\t\t\t\t\t\t<\/div>\n\t\t\t\t\t<\/div>\n\t\t\t\t<\/div>\n\t\t\t\t<\/div>\n\t\t","protected":false},"excerpt":{"rendered":"<p>Se r\u00e9concilier avec soi-m\u00eame \u00e0 travers la beaut\u00e9. C\u2019est ce qui arrive \u00e0 chacun de nous si, pendant quelques heures, il quitte les rythmes fr\u00e9n\u00e9tiques de la vie quotidienne, il suit la route qui conduit de Iano au Palagio, puis la route escarp\u00e9e qui conduit au Sanctuaire della Pietrina. Le col de la Pietrina est [&hellip;]<\/p>\n","protected":false},"author":2,"featured_media":0,"parent":13881,"menu_order":0,"comment_status":"closed","ping_status":"closed","template":"","meta":{"_acf_changed":false,"footnotes":""},"class_list":["post-16098","page","type-page","status-publish","hentry"],"acf":[],"yoast_head":"<!-- This site is optimized with the Yoast SEO plugin v26.6 - https:\/\/yoast.com\/wordpress\/plugins\/seo\/ -->\n<title>Montaioneintuscany - Promontoire et Sanctuaire de la Pietrina<\/title>\n<meta name=\"description\" content=\"D\u00e9couvrez le sanctuaire de Pietrina \u00e0 Montaione : un lieu de d\u00e9votion et d&#039;histoire situ\u00e9 sur une colline panoramique toscane.\" \/>\n<meta name=\"robots\" content=\"noindex, follow, max-snippet:-1, max-image-preview:large, max-video-preview:-1\" \/>\n<meta property=\"og:locale\" content=\"fr_FR\" \/>\n<meta property=\"og:type\" content=\"article\" \/>\n<meta property=\"og:title\" content=\"Montaioneintuscany - Promontoire et Sanctuaire de la Pietrina\" \/>\n<meta property=\"og:description\" content=\"D\u00e9couvrez le sanctuaire de Pietrina \u00e0 Montaione : un lieu de d\u00e9votion et d&#039;histoire situ\u00e9 sur une colline panoramique toscane.\" \/>\n<meta property=\"og:url\" content=\"https:\/\/montaione.filaretedev.it\/scopri-montaione\/santuario-pietrina\/\" \/>\n<meta property=\"og:site_name\" content=\"Montaioneintuscany\" \/>\n<meta property=\"article:modified_time\" content=\"2025-12-16T12:19:28+00:00\" \/>\n<meta property=\"og:image\" content=\"https:\/\/montaione.filaretedev.it\/wp-content\/uploads\/2025\/11\/pietrina-gallery-07.jpg\" \/>\n<meta name=\"twitter:card\" content=\"summary_large_image\" \/>\n<meta name=\"twitter:label1\" content=\"Dur\u00e9e de lecture estim\u00e9e\" \/>\n\t<meta name=\"twitter:data1\" content=\"5 minutes\" \/>\n<script type=\"application\/ld+json\" class=\"yoast-schema-graph\">{\"@context\":\"https:\/\/schema.org\",\"@graph\":[{\"@type\":\"WebPage\",\"@id\":\"https:\/\/montaione.filaretedev.it\/scopri-montaione\/santuario-pietrina\/\",\"url\":\"https:\/\/montaione.filaretedev.it\/scopri-montaione\/santuario-pietrina\/\",\"name\":\"Montaioneintuscany - Promontoire et Sanctuaire de la Pietrina\",\"isPartOf\":{\"@id\":\"https:\/\/montaione.filaretedev.it\/#website\"},\"primaryImageOfPage\":{\"@id\":\"https:\/\/montaione.filaretedev.it\/scopri-montaione\/santuario-pietrina\/#primaryimage\"},\"image\":{\"@id\":\"https:\/\/montaione.filaretedev.it\/scopri-montaione\/santuario-pietrina\/#primaryimage\"},\"thumbnailUrl\":\"https:\/\/montaione.filaretedev.it\/wp-content\/uploads\/2025\/11\/pietrina-gallery-07.jpg\",\"datePublished\":\"2025-11-23T21:23:40+00:00\",\"dateModified\":\"2025-12-16T12:19:28+00:00\",\"description\":\"D\u00e9couvrez le sanctuaire de Pietrina \u00e0 Montaione : un lieu de d\u00e9votion et d'histoire situ\u00e9 sur une colline panoramique toscane.\",\"breadcrumb\":{\"@id\":\"https:\/\/montaione.filaretedev.it\/scopri-montaione\/santuario-pietrina\/#breadcrumb\"},\"inLanguage\":\"fr-FR\",\"potentialAction\":[{\"@type\":\"ReadAction\",\"target\":[\"https:\/\/montaione.filaretedev.it\/scopri-montaione\/santuario-pietrina\/\"]}]},{\"@type\":\"ImageObject\",\"inLanguage\":\"fr-FR\",\"@id\":\"https:\/\/montaione.filaretedev.it\/scopri-montaione\/santuario-pietrina\/#primaryimage\",\"url\":\"https:\/\/montaione.filaretedev.it\/wp-content\/uploads\/2025\/11\/pietrina-gallery-07.jpg\",\"contentUrl\":\"https:\/\/montaione.filaretedev.it\/wp-content\/uploads\/2025\/11\/pietrina-gallery-07.jpg\"},{\"@type\":\"BreadcrumbList\",\"@id\":\"https:\/\/montaione.filaretedev.it\/scopri-montaione\/santuario-pietrina\/#breadcrumb\",\"itemListElement\":[{\"@type\":\"ListItem\",\"position\":1,\"name\":\"Home\",\"item\":\"https:\/\/montaione.filaretedev.it\/\"},{\"@type\":\"ListItem\",\"position\":2,\"name\":\"D\u00e9couvrir Montaione\",\"item\":\"https:\/\/montaione.filaretedev.it\/scopri-montaione\/\"},{\"@type\":\"ListItem\",\"position\":3,\"name\":\"Promontoire et Sanctuaire de la Pietrina\"}]},{\"@type\":\"WebSite\",\"@id\":\"https:\/\/montaione.filaretedev.it\/#website\",\"url\":\"https:\/\/montaione.filaretedev.it\/\",\"name\":\"Montaioneintuscany\",\"description\":\"\",\"publisher\":{\"@id\":\"https:\/\/montaione.filaretedev.it\/#organization\"},\"potentialAction\":[{\"@type\":\"SearchAction\",\"target\":{\"@type\":\"EntryPoint\",\"urlTemplate\":\"https:\/\/montaione.filaretedev.it\/?s={search_term_string}\"},\"query-input\":{\"@type\":\"PropertyValueSpecification\",\"valueRequired\":true,\"valueName\":\"search_term_string\"}}],\"inLanguage\":\"fr-FR\"},{\"@type\":\"Organization\",\"@id\":\"https:\/\/montaione.filaretedev.it\/#organization\",\"name\":\"Montaioneintuscany\",\"url\":\"https:\/\/montaione.filaretedev.it\/\",\"logo\":{\"@type\":\"ImageObject\",\"inLanguage\":\"fr-FR\",\"@id\":\"https:\/\/montaione.filaretedev.it\/#\/schema\/logo\/image\/\",\"url\":\"https:\/\/montaione.filaretedev.it\/wp-content\/uploads\/2025\/10\/logo.svg\",\"contentUrl\":\"https:\/\/montaione.filaretedev.it\/wp-content\/uploads\/2025\/10\/logo.svg\",\"width\":247,\"height\":25,\"caption\":\"Montaioneintuscany\"},\"image\":{\"@id\":\"https:\/\/montaione.filaretedev.it\/#\/schema\/logo\/image\/\"}}]}<\/script>\n<!-- \/ Yoast SEO plugin. -->","yoast_head_json":{"title":"Montaioneintuscany - Promontoire et Sanctuaire de la Pietrina","description":"D\u00e9couvrez le sanctuaire de Pietrina \u00e0 Montaione : un lieu de d\u00e9votion et d'histoire situ\u00e9 sur une colline panoramique toscane.","robots":{"index":"noindex","follow":"follow","max-snippet":"max-snippet:-1","max-image-preview":"max-image-preview:large","max-video-preview":"max-video-preview:-1"},"og_locale":"fr_FR","og_type":"article","og_title":"Montaioneintuscany - Promontoire et Sanctuaire de la Pietrina","og_description":"D\u00e9couvrez le sanctuaire de Pietrina \u00e0 Montaione : un lieu de d\u00e9votion et d'histoire situ\u00e9 sur une colline panoramique toscane.","og_url":"https:\/\/montaione.filaretedev.it\/scopri-montaione\/santuario-pietrina\/","og_site_name":"Montaioneintuscany","article_modified_time":"2025-12-16T12:19:28+00:00","og_image":[{"url":"https:\/\/montaione.filaretedev.it\/wp-content\/uploads\/2025\/11\/pietrina-gallery-07.jpg","type":"","width":"","height":""}],"twitter_card":"summary_large_image","twitter_misc":{"Dur\u00e9e de lecture estim\u00e9e":"5 minutes"},"schema":{"@context":"https:\/\/schema.org","@graph":[{"@type":"WebPage","@id":"https:\/\/montaione.filaretedev.it\/scopri-montaione\/santuario-pietrina\/","url":"https:\/\/montaione.filaretedev.it\/scopri-montaione\/santuario-pietrina\/","name":"Montaioneintuscany - Promontoire et Sanctuaire de la Pietrina","isPartOf":{"@id":"https:\/\/montaione.filaretedev.it\/#website"},"primaryImageOfPage":{"@id":"https:\/\/montaione.filaretedev.it\/scopri-montaione\/santuario-pietrina\/#primaryimage"},"image":{"@id":"https:\/\/montaione.filaretedev.it\/scopri-montaione\/santuario-pietrina\/#primaryimage"},"thumbnailUrl":"https:\/\/montaione.filaretedev.it\/wp-content\/uploads\/2025\/11\/pietrina-gallery-07.jpg","datePublished":"2025-11-23T21:23:40+00:00","dateModified":"2025-12-16T12:19:28+00:00","description":"D\u00e9couvrez le sanctuaire de Pietrina \u00e0 Montaione : un lieu de d\u00e9votion et d'histoire situ\u00e9 sur une colline panoramique toscane.","breadcrumb":{"@id":"https:\/\/montaione.filaretedev.it\/scopri-montaione\/santuario-pietrina\/#breadcrumb"},"inLanguage":"fr-FR","potentialAction":[{"@type":"ReadAction","target":["https:\/\/montaione.filaretedev.it\/scopri-montaione\/santuario-pietrina\/"]}]},{"@type":"ImageObject","inLanguage":"fr-FR","@id":"https:\/\/montaione.filaretedev.it\/scopri-montaione\/santuario-pietrina\/#primaryimage","url":"https:\/\/montaione.filaretedev.it\/wp-content\/uploads\/2025\/11\/pietrina-gallery-07.jpg","contentUrl":"https:\/\/montaione.filaretedev.it\/wp-content\/uploads\/2025\/11\/pietrina-gallery-07.jpg"},{"@type":"BreadcrumbList","@id":"https:\/\/montaione.filaretedev.it\/scopri-montaione\/santuario-pietrina\/#breadcrumb","itemListElement":[{"@type":"ListItem","position":1,"name":"Home","item":"https:\/\/montaione.filaretedev.it\/"},{"@type":"ListItem","position":2,"name":"D\u00e9couvrir Montaione","item":"https:\/\/montaione.filaretedev.it\/scopri-montaione\/"},{"@type":"ListItem","position":3,"name":"Promontoire et Sanctuaire de la Pietrina"}]},{"@type":"WebSite","@id":"https:\/\/montaione.filaretedev.it\/#website","url":"https:\/\/montaione.filaretedev.it\/","name":"Montaioneintuscany","description":"","publisher":{"@id":"https:\/\/montaione.filaretedev.it\/#organization"},"potentialAction":[{"@type":"SearchAction","target":{"@type":"EntryPoint","urlTemplate":"https:\/\/montaione.filaretedev.it\/?s={search_term_string}"},"query-input":{"@type":"PropertyValueSpecification","valueRequired":true,"valueName":"search_term_string"}}],"inLanguage":"fr-FR"},{"@type":"Organization","@id":"https:\/\/montaione.filaretedev.it\/#organization","name":"Montaioneintuscany","url":"https:\/\/montaione.filaretedev.it\/","logo":{"@type":"ImageObject","inLanguage":"fr-FR","@id":"https:\/\/montaione.filaretedev.it\/#\/schema\/logo\/image\/","url":"https:\/\/montaione.filaretedev.it\/wp-content\/uploads\/2025\/10\/logo.svg","contentUrl":"https:\/\/montaione.filaretedev.it\/wp-content\/uploads\/2025\/10\/logo.svg","width":247,"height":25,"caption":"Montaioneintuscany"},"image":{"@id":"https:\/\/montaione.filaretedev.it\/#\/schema\/logo\/image\/"}}]}},"_links":{"self":[{"href":"https:\/\/montaione.filaretedev.it\/fr\/wp-json\/wp\/v2\/pages\/16098","targetHints":{"allow":["GET"]}}],"collection":[{"href":"https:\/\/montaione.filaretedev.it\/fr\/wp-json\/wp\/v2\/pages"}],"about":[{"href":"https:\/\/montaione.filaretedev.it\/fr\/wp-json\/wp\/v2\/types\/page"}],"author":[{"embeddable":true,"href":"https:\/\/montaione.filaretedev.it\/fr\/wp-json\/wp\/v2\/users\/2"}],"replies":[{"embeddable":true,"href":"https:\/\/montaione.filaretedev.it\/fr\/wp-json\/wp\/v2\/comments?post=16098"}],"version-history":[{"count":8,"href":"https:\/\/montaione.filaretedev.it\/fr\/wp-json\/wp\/v2\/pages\/16098\/revisions"}],"predecessor-version":[{"id":18056,"href":"https:\/\/montaione.filaretedev.it\/fr\/wp-json\/wp\/v2\/pages\/16098\/revisions\/18056"}],"up":[{"embeddable":true,"href":"https:\/\/montaione.filaretedev.it\/fr\/wp-json\/wp\/v2\/pages\/13881"}],"wp:attachment":[{"href":"https:\/\/montaione.filaretedev.it\/fr\/wp-json\/wp\/v2\/media?parent=16098"}],"curies":[{"name":"wp","href":"https:\/\/api.w.org\/{rel}","templated":true}]}}