{"id":16112,"date":"2025-11-23T22:30:05","date_gmt":"2025-11-23T21:30:05","guid":{"rendered":"https:\/\/montaione.filaretedev.it\/decouvrir-montaione\/parco-poggio-allaglione\/"},"modified":"2025-12-16T16:34:46","modified_gmt":"2025-12-16T15:34:46","slug":"parc-du-poggio-allaglione","status":"publish","type":"page","link":"https:\/\/montaione.filaretedev.it\/fr\/decouvrir-montaione\/parc-du-poggio-allaglione\/","title":{"rendered":"Parc du Poggio all\u2019Aglione"},"content":{"rendered":"\t\t<div data-elementor-type=\"wp-page\" data-elementor-id=\"16112\" class=\"elementor elementor-16112 elementor-14520\" data-elementor-post-type=\"page\">\n\t\t\t\t<div class=\"elementor-element elementor-element-8f658ae e-flex e-con-boxed e-con e-parent\" data-id=\"8f658ae\" data-element_type=\"container\" data-settings=\"{&quot;background_background&quot;:&quot;classic&quot;}\">\n\t\t\t\t\t<div class=\"e-con-inner\">\n\t\t<div class=\"elementor-element elementor-element-7a9ed003 e-con-full mt-auto mb-4 e-flex e-con e-child\" data-id=\"7a9ed003\" data-element_type=\"container\">\n\t\t\t\t<\/div>\n\t\t\t\t\t<\/div>\n\t\t\t\t<\/div>\n\t\t<div class=\"elementor-element elementor-element-79dabd2 e-flex e-con-boxed e-con e-parent\" data-id=\"79dabd2\" data-element_type=\"container\">\n\t\t\t\t\t<div class=\"e-con-inner\">\n\t\t<div class=\"elementor-element elementor-element-70cab68b e-con-full e-flex e-con e-child\" data-id=\"70cab68b\" data-element_type=\"container\">\n\t\t\t\t<div class=\"elementor-element elementor-element-21d20281 elementor-widget elementor-widget-shortcode\" data-id=\"21d20281\" data-element_type=\"widget\" data-widget_type=\"shortcode.default\">\n\t\t\t\t\t\t\t<div class=\"elementor-shortcode\"><ul id=\"breadcrumbs\" class=\"breadcrumb w-100\"><li class=\"item-home\"><a class=\"bread-link bread-home\" href=\"https:\/\/montaione.filaretedev.it\/fr\/\" title=\"Home\">Home<\/a><\/li><li class=\"separator separator-home\">  |  <\/li><\/ul><\/div>\n\t\t\t\t\t\t<\/div>\n\t\t\t\t<\/div>\n\t\t\t\t\t<\/div>\n\t\t\t\t<\/div>\n\t\t<div class=\"elementor-element elementor-element-70f20bb4 py-5 e-flex e-con-boxed e-con e-parent\" data-id=\"70f20bb4\" data-element_type=\"container\">\n\t\t\t\t\t<div class=\"e-con-inner\">\n\t\t<div class=\"elementor-element elementor-element-2c679c11 e-con-full e-flex e-con e-child\" data-id=\"2c679c11\" data-element_type=\"container\">\n\t\t\t\t<div class=\"elementor-element elementor-element-192b1408 elementor-widget elementor-widget-text-editor\" data-id=\"192b1408\" data-element_type=\"widget\" data-widget_type=\"text-editor.default\">\n\t\t\t\t\t\t\t\t\t<p>Faire du jogging \u00e0 l\u2019ombre de grands ch\u00eanes et pins tr\u00e8s hauts; se promener dans une solitude m\u00e9ditative ou en compagnie d\u2019amis \u00e0 deux ou quatre pattes; se permettre de savoureux pique-niques romantiques ou en famille. En tout cas respirer un air tr\u00e8s fin \u00e0 460 m\u00e8tres au-dessus du niveau de la mer et se laisser bercer par les sons de la nature. Tout cela, et bien plus encore, est possible au parc du Poggio all\u2019Aglione, un lieu si proche de Montaione, et pourtant si loin. L\u2019entr\u00e9e du parc se trouve en effet \u00e0 2 km du centre, le long de la route qui m\u00e8ne au sud en direction de Volterra et San Gimignano.<\/p><p>Mais une fois l\u00e0-bas, c\u2019est comme si les bruits de la civilisation disparaissent, c\u2019est pour \u00e7a qu\u2019il semble si loin. En \u00e9t\u00e9, on n\u2019entend que le chant des cigales et une brise qui nous caresse; tandis qu\u2019en hiver le vent se fait parfois foudroyante, en sifflant entre les tiges des arbres et en nous poussant \u00e0 chercher les \u00eeles du soleil qui filtre entre leurs cheveux. Du Parc du Poggio all\u2019Aglione part un tron\u00e7on du sentier n. 3 du r\u00e9seau de randonn\u00e9e <strong>\u201c<a href=\"\/fr\/decouvrir-montaione\/itineraires-dans-le-vert\/\">Itin\u00e9raires dans le Vert<\/a>\u201d<\/strong>. En descendant la colline le long du sentier qui traverse la for\u00eat, si on ne fait pas trop de bruit, on peut avoir la surprise de rencontrer un cerf, qui arr\u00eate soudainement sa course, nous regarde un instant, et en sautillant, il s\u2019en va.<\/p><p><strong>Parco Poggio all\u2019Aglione \u2013 Via Poggio all\u2019Aglione, Montaione<\/strong><br \/><strong>43.531079, 10.922142<\/strong><\/p>\t\t\t\t\t\t\t\t<\/div>\n\t\t\t\t<div class=\"elementor-element elementor-element-942f176 elementor-arrows-position-outside pb-5 elementor-widget elementor-widget-image-carousel\" data-id=\"942f176\" data-element_type=\"widget\" data-settings=\"{&quot;navigation&quot;:&quot;arrows&quot;,&quot;autoplay&quot;:&quot;yes&quot;,&quot;pause_on_hover&quot;:&quot;yes&quot;,&quot;pause_on_interaction&quot;:&quot;yes&quot;,&quot;autoplay_speed&quot;:5000,&quot;infinite&quot;:&quot;yes&quot;,&quot;speed&quot;:500,&quot;image_spacing_custom&quot;:{&quot;unit&quot;:&quot;px&quot;,&quot;size&quot;:20,&quot;sizes&quot;:[]},&quot;image_spacing_custom_tablet&quot;:{&quot;unit&quot;:&quot;px&quot;,&quot;size&quot;:&quot;&quot;,&quot;sizes&quot;:[]},&quot;image_spacing_custom_mobile&quot;:{&quot;unit&quot;:&quot;px&quot;,&quot;size&quot;:&quot;&quot;,&quot;sizes&quot;:[]}}\" data-widget_type=\"image-carousel.default\">\n\t\t\t\t\t\t\t<div class=\"elementor-image-carousel-wrapper swiper\" role=\"region\" aria-roledescription=\"carousel\" aria-label=\"Carosello d&#039;immagini\" dir=\"ltr\">\n\t\t\t<div class=\"elementor-image-carousel swiper-wrapper\" aria-live=\"off\">\n\t\t\t\t\t\t\t\t<div class=\"swiper-slide\" role=\"group\" aria-roledescription=\"slide\" aria-label=\"1 sur 7\"><a data-elementor-open-lightbox=\"yes\" data-elementor-lightbox-slideshow=\"942f176\" data-elementor-lightbox-title=\"poggio-aglione-gallery-04\" data-e-action-hash=\"#elementor-action%3Aaction%3Dlightbox%26settings%3DeyJpZCI6MTYxMDQsInVybCI6Imh0dHBzOlwvXC9tb250YWlvbmUuZmlsYXJldGVkZXYuaXRcL3dwLWNvbnRlbnRcL3VwbG9hZHNcLzIwMjVcLzExXC9wb2dnaW8tYWdsaW9uZS1nYWxsZXJ5LTA0LmpwZyIsInNsaWRlc2hvdyI6Ijk0MmYxNzYifQ%3D%3D\" href=\"https:\/\/montaione.filaretedev.it\/wp-content\/uploads\/2025\/11\/poggio-aglione-gallery-04.jpg\"><figure class=\"swiper-slide-inner\"><img decoding=\"async\" class=\"swiper-slide-image\" src=\"https:\/\/montaione.filaretedev.it\/wp-content\/uploads\/2025\/11\/poggio-aglione-gallery-04.jpg\" alt=\"poggio-aglione-gallery-04\" \/><\/figure><\/a><\/div><div class=\"swiper-slide\" role=\"group\" aria-roledescription=\"slide\" aria-label=\"2 sur 7\"><a data-elementor-open-lightbox=\"yes\" data-elementor-lightbox-slideshow=\"942f176\" data-elementor-lightbox-title=\"poggio-aglione-gallery-01\" data-e-action-hash=\"#elementor-action%3Aaction%3Dlightbox%26settings%3DeyJpZCI6MTYxMDUsInVybCI6Imh0dHBzOlwvXC9tb250YWlvbmUuZmlsYXJldGVkZXYuaXRcL3dwLWNvbnRlbnRcL3VwbG9hZHNcLzIwMjVcLzExXC9wb2dnaW8tYWdsaW9uZS1nYWxsZXJ5LTAxLmpwZyIsInNsaWRlc2hvdyI6Ijk0MmYxNzYifQ%3D%3D\" href=\"https:\/\/montaione.filaretedev.it\/wp-content\/uploads\/2025\/11\/poggio-aglione-gallery-01.jpg\"><figure class=\"swiper-slide-inner\"><img decoding=\"async\" class=\"swiper-slide-image\" src=\"https:\/\/montaione.filaretedev.it\/wp-content\/uploads\/2025\/11\/poggio-aglione-gallery-01.jpg\" alt=\"poggio-aglione-gallery-01\" \/><\/figure><\/a><\/div><div class=\"swiper-slide\" role=\"group\" aria-roledescription=\"slide\" aria-label=\"3 sur 7\"><a data-elementor-open-lightbox=\"yes\" data-elementor-lightbox-slideshow=\"942f176\" data-elementor-lightbox-title=\"poggio-aglione-gallery-07\" data-e-action-hash=\"#elementor-action%3Aaction%3Dlightbox%26settings%3DeyJpZCI6MTYxMDYsInVybCI6Imh0dHBzOlwvXC9tb250YWlvbmUuZmlsYXJldGVkZXYuaXRcL3dwLWNvbnRlbnRcL3VwbG9hZHNcLzIwMjVcLzExXC9wb2dnaW8tYWdsaW9uZS1nYWxsZXJ5LTA3LmpwZyIsInNsaWRlc2hvdyI6Ijk0MmYxNzYifQ%3D%3D\" href=\"https:\/\/montaione.filaretedev.it\/wp-content\/uploads\/2025\/11\/poggio-aglione-gallery-07.jpg\"><figure class=\"swiper-slide-inner\"><img decoding=\"async\" class=\"swiper-slide-image\" src=\"https:\/\/montaione.filaretedev.it\/wp-content\/uploads\/2025\/11\/poggio-aglione-gallery-07.jpg\" alt=\"poggio-aglione-gallery-07\" \/><\/figure><\/a><\/div><div class=\"swiper-slide\" role=\"group\" aria-roledescription=\"slide\" aria-label=\"4 sur 7\"><a data-elementor-open-lightbox=\"yes\" data-elementor-lightbox-slideshow=\"942f176\" data-elementor-lightbox-title=\"poggio-aglione-gallery-06\" data-e-action-hash=\"#elementor-action%3Aaction%3Dlightbox%26settings%3DeyJpZCI6MTYxMDcsInVybCI6Imh0dHBzOlwvXC9tb250YWlvbmUuZmlsYXJldGVkZXYuaXRcL3dwLWNvbnRlbnRcL3VwbG9hZHNcLzIwMjVcLzExXC9wb2dnaW8tYWdsaW9uZS1nYWxsZXJ5LTA2LmpwZyIsInNsaWRlc2hvdyI6Ijk0MmYxNzYifQ%3D%3D\" href=\"https:\/\/montaione.filaretedev.it\/wp-content\/uploads\/2025\/11\/poggio-aglione-gallery-06.jpg\"><figure class=\"swiper-slide-inner\"><img decoding=\"async\" class=\"swiper-slide-image\" src=\"https:\/\/montaione.filaretedev.it\/wp-content\/uploads\/2025\/11\/poggio-aglione-gallery-06.jpg\" alt=\"poggio-aglione-gallery-06\" \/><\/figure><\/a><\/div><div class=\"swiper-slide\" role=\"group\" aria-roledescription=\"slide\" aria-label=\"5 sur 7\"><a data-elementor-open-lightbox=\"yes\" data-elementor-lightbox-slideshow=\"942f176\" data-elementor-lightbox-title=\"poggio-aglione-gallery-05\" data-e-action-hash=\"#elementor-action%3Aaction%3Dlightbox%26settings%3DeyJpZCI6MTYxMDgsInVybCI6Imh0dHBzOlwvXC9tb250YWlvbmUuZmlsYXJldGVkZXYuaXRcL3dwLWNvbnRlbnRcL3VwbG9hZHNcLzIwMjVcLzExXC9wb2dnaW8tYWdsaW9uZS1nYWxsZXJ5LTA1LmpwZyIsInNsaWRlc2hvdyI6Ijk0MmYxNzYifQ%3D%3D\" href=\"https:\/\/montaione.filaretedev.it\/wp-content\/uploads\/2025\/11\/poggio-aglione-gallery-05.jpg\"><figure class=\"swiper-slide-inner\"><img decoding=\"async\" class=\"swiper-slide-image\" src=\"https:\/\/montaione.filaretedev.it\/wp-content\/uploads\/2025\/11\/poggio-aglione-gallery-05.jpg\" alt=\"poggio-aglione-gallery-05\" \/><\/figure><\/a><\/div><div class=\"swiper-slide\" role=\"group\" aria-roledescription=\"slide\" aria-label=\"6 sur 7\"><a data-elementor-open-lightbox=\"yes\" data-elementor-lightbox-slideshow=\"942f176\" data-elementor-lightbox-title=\"poggio-aglione-gallery-03\" data-e-action-hash=\"#elementor-action%3Aaction%3Dlightbox%26settings%3DeyJpZCI6MTYxMDksInVybCI6Imh0dHBzOlwvXC9tb250YWlvbmUuZmlsYXJldGVkZXYuaXRcL3dwLWNvbnRlbnRcL3VwbG9hZHNcLzIwMjVcLzExXC9wb2dnaW8tYWdsaW9uZS1nYWxsZXJ5LTAzLmpwZyIsInNsaWRlc2hvdyI6Ijk0MmYxNzYifQ%3D%3D\" href=\"https:\/\/montaione.filaretedev.it\/wp-content\/uploads\/2025\/11\/poggio-aglione-gallery-03.jpg\"><figure class=\"swiper-slide-inner\"><img decoding=\"async\" class=\"swiper-slide-image\" src=\"https:\/\/montaione.filaretedev.it\/wp-content\/uploads\/2025\/11\/poggio-aglione-gallery-03.jpg\" alt=\"poggio-aglione-gallery-03\" \/><\/figure><\/a><\/div><div class=\"swiper-slide\" role=\"group\" aria-roledescription=\"slide\" aria-label=\"7 sur 7\"><a data-elementor-open-lightbox=\"yes\" data-elementor-lightbox-slideshow=\"942f176\" data-elementor-lightbox-title=\"poggio-aglione-gallery-02\" data-e-action-hash=\"#elementor-action%3Aaction%3Dlightbox%26settings%3DeyJpZCI6MTYxMTAsInVybCI6Imh0dHBzOlwvXC9tb250YWlvbmUuZmlsYXJldGVkZXYuaXRcL3dwLWNvbnRlbnRcL3VwbG9hZHNcLzIwMjVcLzExXC9wb2dnaW8tYWdsaW9uZS1nYWxsZXJ5LTAyLmpwZyIsInNsaWRlc2hvdyI6Ijk0MmYxNzYifQ%3D%3D\" href=\"https:\/\/montaione.filaretedev.it\/wp-content\/uploads\/2025\/11\/poggio-aglione-gallery-02.jpg\"><figure class=\"swiper-slide-inner\"><img decoding=\"async\" class=\"swiper-slide-image\" src=\"https:\/\/montaione.filaretedev.it\/wp-content\/uploads\/2025\/11\/poggio-aglione-gallery-02.jpg\" alt=\"poggio-aglione-gallery-02\" \/><\/figure><\/a><\/div>\t\t\t<\/div>\n\t\t\t\t\t\t\t\t\t\t\t\t<div class=\"elementor-swiper-button elementor-swiper-button-prev\" role=\"button\" tabindex=\"0\">\n\t\t\t\t\t\t<svg xmlns=\"http:\/\/www.w3.org\/2000\/svg\" xmlns:xlink=\"http:\/\/www.w3.org\/1999\/xlink\" id=\"Livello_1\" x=\"0px\" y=\"0px\" width=\"75px\" height=\"75px\" viewBox=\"0 0 75 75\" style=\"enable-background:new 0 0 75 75;\" xml:space=\"preserve\"><style type=\"text\/css\">\t.st0{fill:#375140;}\t.st1{fill:none;stroke:#E5E9DD;stroke-width:3;}<\/style><circle class=\"st0\" cx=\"37.5\" cy=\"37.5\" r=\"37.5\"><\/circle><path class=\"st1\" d=\"M34.2,47.4L25,38.2l9.2-9.2 M25,38.2h25\"><\/path><\/svg>\t\t\t\t\t<\/div>\n\t\t\t\t\t<div class=\"elementor-swiper-button elementor-swiper-button-next\" role=\"button\" tabindex=\"0\">\n\t\t\t\t\t\t<svg xmlns=\"http:\/\/www.w3.org\/2000\/svg\" xmlns:xlink=\"http:\/\/www.w3.org\/1999\/xlink\" id=\"Livello_1\" x=\"0px\" y=\"0px\" width=\"75px\" height=\"75px\" viewBox=\"0 0 75 75\" style=\"enable-background:new 0 0 75 75;\" xml:space=\"preserve\"><style type=\"text\/css\">\t.st0{fill:#375140;}\t.st1{fill:none;stroke:#E5E9DD;stroke-width:3;}<\/style><circle class=\"st0\" cx=\"37.5\" cy=\"37.5\" r=\"37.5\"><\/circle><path class=\"st1\" d=\"M40.8,27.6l9.2,9.2L40.8,46 M50,36.8H25\"><\/path><\/svg>\t\t\t\t\t<\/div>\n\t\t\t\t\n\t\t\t\t\t\t\t\t\t<\/div>\n\t\t\t\t\t\t<\/div>\n\t\t\t\t<div class=\"elementor-element elementor-element-7a3db0e elementor-widget elementor-widget-google_maps\" data-id=\"7a3db0e\" data-element_type=\"widget\" data-widget_type=\"google_maps.default\">\n\t\t\t\t\t\t\t<div class=\"elementor-custom-embed\">\n\t\t\t<iframe loading=\"lazy\"\n\t\t\t\t\tsrc=\"https:\/\/maps.google.com\/maps?q=Parco%20Poggio%20all%E2%80%99Aglione%20%E2%80%93%20Via%20Poggio%20all%E2%80%99Aglione%2C%20%20Montaione&#038;t=m&#038;z=14&#038;output=embed&#038;iwloc=near\"\n\t\t\t\t\ttitle=\"Parco Poggio all\u2019Aglione \u2013 Via Poggio all\u2019Aglione,  Montaione\"\n\t\t\t\t\taria-label=\"Parco Poggio all\u2019Aglione \u2013 Via Poggio all\u2019Aglione,  Montaione\"\n\t\t\t><\/iframe>\n\t\t<\/div>\n\t\t\t\t\t\t<\/div>\n\t\t\t\t<\/div>\n\t\t\t\t\t<\/div>\n\t\t\t\t<\/div>\n\t\t<div class=\"elementor-element elementor-element-2fd5533 e-flex e-con-boxed e-con e-parent\" data-id=\"2fd5533\" data-element_type=\"container\">\n\t\t\t\t\t<div class=\"e-con-inner\">\n\t\t\t\t\t<\/div>\n\t\t\t\t<\/div>\n\t\t\t\t<\/div>\n\t\t","protected":false},"excerpt":{"rendered":"<p>Faire du jogging \u00e0 l\u2019ombre de grands ch\u00eanes et pins tr\u00e8s hauts; se promener dans une solitude m\u00e9ditative ou en compagnie d\u2019amis \u00e0 deux ou quatre pattes; se permettre de savoureux pique-niques romantiques ou en famille. En tout cas respirer un air tr\u00e8s fin \u00e0 460 m\u00e8tres au-dessus du niveau de la mer et se [&hellip;]<\/p>\n","protected":false},"author":2,"featured_media":0,"parent":13881,"menu_order":0,"comment_status":"closed","ping_status":"closed","template":"","meta":{"_acf_changed":false,"footnotes":""},"class_list":["post-16112","page","type-page","status-publish","hentry"],"acf":[],"yoast_head":"<!-- This site is optimized with the Yoast SEO plugin v26.6 - https:\/\/yoast.com\/wordpress\/plugins\/seo\/ -->\n<title>Montaioneintuscany - Parc du Poggio all\u2019Aglione<\/title>\n<meta name=\"description\" content=\"Parc de Poggio all&#039;Aglione \u00e0 Montaione : espace vert parmi les arbres avec activit\u00e9s de plein air dans les collines toscanes.\" \/>\n<meta name=\"robots\" content=\"noindex, follow, max-snippet:-1, max-image-preview:large, max-video-preview:-1\" \/>\n<meta property=\"og:locale\" content=\"fr_FR\" \/>\n<meta property=\"og:type\" content=\"article\" \/>\n<meta property=\"og:title\" content=\"Montaioneintuscany - Parc du Poggio all\u2019Aglione\" \/>\n<meta property=\"og:description\" content=\"Parc de Poggio all&#039;Aglione \u00e0 Montaione : espace vert parmi les arbres avec activit\u00e9s de plein air dans les collines toscanes.\" \/>\n<meta property=\"og:url\" content=\"https:\/\/montaione.filaretedev.it\/scopri-montaione\/parco-poggio-allaglione\/\" \/>\n<meta property=\"og:site_name\" content=\"Montaioneintuscany\" \/>\n<meta property=\"article:modified_time\" content=\"2025-12-16T15:34:46+00:00\" \/>\n<meta property=\"og:image\" content=\"https:\/\/montaione.filaretedev.it\/wp-content\/uploads\/2025\/11\/poggio-aglione-gallery-04.jpg\" \/>\n<meta name=\"twitter:card\" content=\"summary_large_image\" \/>\n<meta name=\"twitter:label1\" content=\"Dur\u00e9e de lecture estim\u00e9e\" \/>\n\t<meta name=\"twitter:data1\" content=\"4 minutes\" \/>\n<script type=\"application\/ld+json\" class=\"yoast-schema-graph\">{\"@context\":\"https:\/\/schema.org\",\"@graph\":[{\"@type\":\"WebPage\",\"@id\":\"https:\/\/montaione.filaretedev.it\/scopri-montaione\/parco-poggio-allaglione\/\",\"url\":\"https:\/\/montaione.filaretedev.it\/scopri-montaione\/parco-poggio-allaglione\/\",\"name\":\"Montaioneintuscany - Parc du Poggio all\u2019Aglione\",\"isPartOf\":{\"@id\":\"https:\/\/montaione.filaretedev.it\/#website\"},\"primaryImageOfPage\":{\"@id\":\"https:\/\/montaione.filaretedev.it\/scopri-montaione\/parco-poggio-allaglione\/#primaryimage\"},\"image\":{\"@id\":\"https:\/\/montaione.filaretedev.it\/scopri-montaione\/parco-poggio-allaglione\/#primaryimage\"},\"thumbnailUrl\":\"https:\/\/montaione.filaretedev.it\/wp-content\/uploads\/2025\/11\/poggio-aglione-gallery-04.jpg\",\"datePublished\":\"2025-11-23T21:30:05+00:00\",\"dateModified\":\"2025-12-16T15:34:46+00:00\",\"description\":\"Parc de Poggio all'Aglione \u00e0 Montaione : espace vert parmi les arbres avec activit\u00e9s de plein air dans les collines toscanes.\",\"breadcrumb\":{\"@id\":\"https:\/\/montaione.filaretedev.it\/scopri-montaione\/parco-poggio-allaglione\/#breadcrumb\"},\"inLanguage\":\"fr-FR\",\"potentialAction\":[{\"@type\":\"ReadAction\",\"target\":[\"https:\/\/montaione.filaretedev.it\/scopri-montaione\/parco-poggio-allaglione\/\"]}]},{\"@type\":\"ImageObject\",\"inLanguage\":\"fr-FR\",\"@id\":\"https:\/\/montaione.filaretedev.it\/scopri-montaione\/parco-poggio-allaglione\/#primaryimage\",\"url\":\"https:\/\/montaione.filaretedev.it\/wp-content\/uploads\/2025\/11\/poggio-aglione-gallery-04.jpg\",\"contentUrl\":\"https:\/\/montaione.filaretedev.it\/wp-content\/uploads\/2025\/11\/poggio-aglione-gallery-04.jpg\"},{\"@type\":\"BreadcrumbList\",\"@id\":\"https:\/\/montaione.filaretedev.it\/scopri-montaione\/parco-poggio-allaglione\/#breadcrumb\",\"itemListElement\":[{\"@type\":\"ListItem\",\"position\":1,\"name\":\"Home\",\"item\":\"https:\/\/montaione.filaretedev.it\/\"},{\"@type\":\"ListItem\",\"position\":2,\"name\":\"D\u00e9couvrir Montaione\",\"item\":\"https:\/\/montaione.filaretedev.it\/scopri-montaione\/\"},{\"@type\":\"ListItem\",\"position\":3,\"name\":\"Parc du Poggio all\u2019Aglione\"}]},{\"@type\":\"WebSite\",\"@id\":\"https:\/\/montaione.filaretedev.it\/#website\",\"url\":\"https:\/\/montaione.filaretedev.it\/\",\"name\":\"Montaioneintuscany\",\"description\":\"\",\"publisher\":{\"@id\":\"https:\/\/montaione.filaretedev.it\/#organization\"},\"potentialAction\":[{\"@type\":\"SearchAction\",\"target\":{\"@type\":\"EntryPoint\",\"urlTemplate\":\"https:\/\/montaione.filaretedev.it\/?s={search_term_string}\"},\"query-input\":{\"@type\":\"PropertyValueSpecification\",\"valueRequired\":true,\"valueName\":\"search_term_string\"}}],\"inLanguage\":\"fr-FR\"},{\"@type\":\"Organization\",\"@id\":\"https:\/\/montaione.filaretedev.it\/#organization\",\"name\":\"Montaioneintuscany\",\"url\":\"https:\/\/montaione.filaretedev.it\/\",\"logo\":{\"@type\":\"ImageObject\",\"inLanguage\":\"fr-FR\",\"@id\":\"https:\/\/montaione.filaretedev.it\/#\/schema\/logo\/image\/\",\"url\":\"https:\/\/montaione.filaretedev.it\/wp-content\/uploads\/2025\/10\/logo.svg\",\"contentUrl\":\"https:\/\/montaione.filaretedev.it\/wp-content\/uploads\/2025\/10\/logo.svg\",\"width\":247,\"height\":25,\"caption\":\"Montaioneintuscany\"},\"image\":{\"@id\":\"https:\/\/montaione.filaretedev.it\/#\/schema\/logo\/image\/\"}}]}<\/script>\n<!-- \/ Yoast SEO plugin. -->","yoast_head_json":{"title":"Montaioneintuscany - Parc du Poggio all\u2019Aglione","description":"Parc de Poggio all'Aglione \u00e0 Montaione : espace vert parmi les arbres avec activit\u00e9s de plein air dans les collines toscanes.","robots":{"index":"noindex","follow":"follow","max-snippet":"max-snippet:-1","max-image-preview":"max-image-preview:large","max-video-preview":"max-video-preview:-1"},"og_locale":"fr_FR","og_type":"article","og_title":"Montaioneintuscany - Parc du Poggio all\u2019Aglione","og_description":"Parc de Poggio all'Aglione \u00e0 Montaione : espace vert parmi les arbres avec activit\u00e9s de plein air dans les collines toscanes.","og_url":"https:\/\/montaione.filaretedev.it\/scopri-montaione\/parco-poggio-allaglione\/","og_site_name":"Montaioneintuscany","article_modified_time":"2025-12-16T15:34:46+00:00","og_image":[{"url":"https:\/\/montaione.filaretedev.it\/wp-content\/uploads\/2025\/11\/poggio-aglione-gallery-04.jpg","type":"","width":"","height":""}],"twitter_card":"summary_large_image","twitter_misc":{"Dur\u00e9e de lecture estim\u00e9e":"4 minutes"},"schema":{"@context":"https:\/\/schema.org","@graph":[{"@type":"WebPage","@id":"https:\/\/montaione.filaretedev.it\/scopri-montaione\/parco-poggio-allaglione\/","url":"https:\/\/montaione.filaretedev.it\/scopri-montaione\/parco-poggio-allaglione\/","name":"Montaioneintuscany - Parc du Poggio all\u2019Aglione","isPartOf":{"@id":"https:\/\/montaione.filaretedev.it\/#website"},"primaryImageOfPage":{"@id":"https:\/\/montaione.filaretedev.it\/scopri-montaione\/parco-poggio-allaglione\/#primaryimage"},"image":{"@id":"https:\/\/montaione.filaretedev.it\/scopri-montaione\/parco-poggio-allaglione\/#primaryimage"},"thumbnailUrl":"https:\/\/montaione.filaretedev.it\/wp-content\/uploads\/2025\/11\/poggio-aglione-gallery-04.jpg","datePublished":"2025-11-23T21:30:05+00:00","dateModified":"2025-12-16T15:34:46+00:00","description":"Parc de Poggio all'Aglione \u00e0 Montaione : espace vert parmi les arbres avec activit\u00e9s de plein air dans les collines toscanes.","breadcrumb":{"@id":"https:\/\/montaione.filaretedev.it\/scopri-montaione\/parco-poggio-allaglione\/#breadcrumb"},"inLanguage":"fr-FR","potentialAction":[{"@type":"ReadAction","target":["https:\/\/montaione.filaretedev.it\/scopri-montaione\/parco-poggio-allaglione\/"]}]},{"@type":"ImageObject","inLanguage":"fr-FR","@id":"https:\/\/montaione.filaretedev.it\/scopri-montaione\/parco-poggio-allaglione\/#primaryimage","url":"https:\/\/montaione.filaretedev.it\/wp-content\/uploads\/2025\/11\/poggio-aglione-gallery-04.jpg","contentUrl":"https:\/\/montaione.filaretedev.it\/wp-content\/uploads\/2025\/11\/poggio-aglione-gallery-04.jpg"},{"@type":"BreadcrumbList","@id":"https:\/\/montaione.filaretedev.it\/scopri-montaione\/parco-poggio-allaglione\/#breadcrumb","itemListElement":[{"@type":"ListItem","position":1,"name":"Home","item":"https:\/\/montaione.filaretedev.it\/"},{"@type":"ListItem","position":2,"name":"D\u00e9couvrir Montaione","item":"https:\/\/montaione.filaretedev.it\/scopri-montaione\/"},{"@type":"ListItem","position":3,"name":"Parc du Poggio all\u2019Aglione"}]},{"@type":"WebSite","@id":"https:\/\/montaione.filaretedev.it\/#website","url":"https:\/\/montaione.filaretedev.it\/","name":"Montaioneintuscany","description":"","publisher":{"@id":"https:\/\/montaione.filaretedev.it\/#organization"},"potentialAction":[{"@type":"SearchAction","target":{"@type":"EntryPoint","urlTemplate":"https:\/\/montaione.filaretedev.it\/?s={search_term_string}"},"query-input":{"@type":"PropertyValueSpecification","valueRequired":true,"valueName":"search_term_string"}}],"inLanguage":"fr-FR"},{"@type":"Organization","@id":"https:\/\/montaione.filaretedev.it\/#organization","name":"Montaioneintuscany","url":"https:\/\/montaione.filaretedev.it\/","logo":{"@type":"ImageObject","inLanguage":"fr-FR","@id":"https:\/\/montaione.filaretedev.it\/#\/schema\/logo\/image\/","url":"https:\/\/montaione.filaretedev.it\/wp-content\/uploads\/2025\/10\/logo.svg","contentUrl":"https:\/\/montaione.filaretedev.it\/wp-content\/uploads\/2025\/10\/logo.svg","width":247,"height":25,"caption":"Montaioneintuscany"},"image":{"@id":"https:\/\/montaione.filaretedev.it\/#\/schema\/logo\/image\/"}}]}},"_links":{"self":[{"href":"https:\/\/montaione.filaretedev.it\/fr\/wp-json\/wp\/v2\/pages\/16112","targetHints":{"allow":["GET"]}}],"collection":[{"href":"https:\/\/montaione.filaretedev.it\/fr\/wp-json\/wp\/v2\/pages"}],"about":[{"href":"https:\/\/montaione.filaretedev.it\/fr\/wp-json\/wp\/v2\/types\/page"}],"author":[{"embeddable":true,"href":"https:\/\/montaione.filaretedev.it\/fr\/wp-json\/wp\/v2\/users\/2"}],"replies":[{"embeddable":true,"href":"https:\/\/montaione.filaretedev.it\/fr\/wp-json\/wp\/v2\/comments?post=16112"}],"version-history":[{"count":11,"href":"https:\/\/montaione.filaretedev.it\/fr\/wp-json\/wp\/v2\/pages\/16112\/revisions"}],"predecessor-version":[{"id":18276,"href":"https:\/\/montaione.filaretedev.it\/fr\/wp-json\/wp\/v2\/pages\/16112\/revisions\/18276"}],"up":[{"embeddable":true,"href":"https:\/\/montaione.filaretedev.it\/fr\/wp-json\/wp\/v2\/pages\/13881"}],"wp:attachment":[{"href":"https:\/\/montaione.filaretedev.it\/fr\/wp-json\/wp\/v2\/media?parent=16112"}],"curies":[{"name":"wp","href":"https:\/\/api.w.org\/{rel}","templated":true}]}}