{"id":16131,"date":"2025-11-23T22:34:50","date_gmt":"2025-11-23T21:34:50","guid":{"rendered":"https:\/\/montaione.filaretedev.it\/decouvrir-montaione\/torrente-evola\/"},"modified":"2025-12-16T16:38:57","modified_gmt":"2025-12-16T15:38:57","slug":"torrent-evola","status":"publish","type":"page","link":"https:\/\/montaione.filaretedev.it\/fr\/decouvrir-montaione\/torrent-evola\/","title":{"rendered":"Torrent \u00c9vola"},"content":{"rendered":"\t\t<div data-elementor-type=\"wp-page\" data-elementor-id=\"16131\" class=\"elementor elementor-16131 elementor-14533\" data-elementor-post-type=\"page\">\n\t\t\t\t<div class=\"elementor-element elementor-element-6d1ccaef e-flex e-con-boxed e-con e-parent\" data-id=\"6d1ccaef\" data-element_type=\"container\" data-settings=\"{&quot;background_background&quot;:&quot;classic&quot;}\">\n\t\t\t\t\t<div class=\"e-con-inner\">\n\t\t<div class=\"elementor-element elementor-element-2fc50e2a e-con-full mt-auto mb-4 e-flex e-con e-child\" data-id=\"2fc50e2a\" data-element_type=\"container\">\n\t\t\t\t<\/div>\n\t\t\t\t\t<\/div>\n\t\t\t\t<\/div>\n\t\t<div class=\"elementor-element elementor-element-62b81b6 e-flex e-con-boxed e-con e-parent\" data-id=\"62b81b6\" data-element_type=\"container\">\n\t\t\t\t\t<div class=\"e-con-inner\">\n\t\t<div class=\"elementor-element elementor-element-52f83d30 e-con-full e-flex e-con e-child\" data-id=\"52f83d30\" data-element_type=\"container\">\n\t\t\t\t<div class=\"elementor-element elementor-element-266b6fb5 elementor-widget elementor-widget-shortcode\" data-id=\"266b6fb5\" data-element_type=\"widget\" data-widget_type=\"shortcode.default\">\n\t\t\t\t\t\t\t<div class=\"elementor-shortcode\"><ul id=\"breadcrumbs\" class=\"breadcrumb w-100\"><li class=\"item-home\"><a class=\"bread-link bread-home\" href=\"https:\/\/montaione.filaretedev.it\/fr\/\" title=\"Home\">Home<\/a><\/li><li class=\"separator separator-home\">  |  <\/li><\/ul><\/div>\n\t\t\t\t\t\t<\/div>\n\t\t\t\t<\/div>\n\t\t\t\t\t<\/div>\n\t\t\t\t<\/div>\n\t\t<div class=\"elementor-element elementor-element-c37d374 py-5 e-flex e-con-boxed e-con e-parent\" data-id=\"c37d374\" data-element_type=\"container\">\n\t\t\t\t\t<div class=\"e-con-inner\">\n\t\t<div class=\"elementor-element elementor-element-4bf1d7a5 e-con-full e-flex e-con e-child\" data-id=\"4bf1d7a5\" data-element_type=\"container\">\n\t\t\t\t<div class=\"elementor-element elementor-element-213c6f70 elementor-widget elementor-widget-text-editor\" data-id=\"213c6f70\" data-element_type=\"widget\" data-widget_type=\"text-editor.default\">\n\t\t\t\t\t\t\t\t\t<p>L\u2019Evola est un affluent de l\u2019Arno, un ruisseau car en \u00e9t\u00e9 il s\u2019ass\u00e8che ou presque, mais certaines ann\u00e9es, m\u00eame sous une forme tr\u00e8s r\u00e9duite, il continue \u00e0 avoir son cours d\u2019eau et peut donc \u00eatre class\u00e9 dans la cat\u00e9gorie sup\u00e9rieure. , c\u2019est-\u00e0-dire celui des rivi\u00e8res.<br \/>L\u2019ancien nom \u00e9tait Ebula, un terme \u00e9trusque, mais au fil des si\u00e8cles on trouve aussi Elbula et \u00e0 Corazzano en entrant dans la commune de San Miniato elle change de nom et devient Egola jusqu\u2019\u00e0 l\u2019embouchure de l\u2019Arno \u00e0 Ponte a Egola, une ville qui a pris son nom. nom de l\u2019affluent de l\u2019Arno.<br \/>La rivi\u00e8re prend sa source \u00e0 Montignoso et traverse dans sa premi\u00e8re partie une grande vall\u00e9e enti\u00e8rement bois\u00e9e et sert de fronti\u00e8re entre les communes de Montaione et Gambassi Terme et re\u00e7oit le premier sous-affluent, l\u2019Evoletta qui vient d\u2019Orcia.<\/p><p>Apr\u00e8s avoir travers\u00e9 la route qui m\u00e8ne de Montaione \u00e0 <a href=\"\/fr\/decouvrir-montaione\/la-jerusalem-de-san-vivaldo\/\"><strong>San Vivaldo<\/strong><\/a>, les premi\u00e8res terres cultiv\u00e9es commencent sur la rive droite jusqu\u2019\u00e0 atteindre la limite de la commune, en passant dans la plaine de Barbialla.<br \/>Dans la partie sup\u00e9rieure de l\u2019Evola, o\u00f9 elle coule entre et sur les rochers, son lit pr\u00e9sente des cavit\u00e9s profondes appel\u00e9es \u00ab puits \u00bb (Pozzo Catino ou Latino, Pozzo Lungo, Pozzo dei Giovanotti, Pozzo Sfondato et d\u2019autres que nous verrons ici). Ce sont des trous profonds dans le lit rocheux et toujours remplis d\u2019eau bleue, ils ne se dess\u00e8chent jamais, m\u00eame en \u00e9t\u00e9 lorsque l\u2019Evola est basse ou m\u00eame s\u00e8che.<br \/>Seules les piscines, c\u2019est-\u00e0-dire les grands bassins peu profonds, s\u2019ass\u00e8chent et pas toujours ni compl\u00e8tement.<\/p><p>Aujourd\u2019hui la rivi\u00e8re offre de nombreux puits o\u00f9 l\u2019on peut se baigner et il est possible de descendre et remonter la rivi\u00e8re, notamment elle est entrelac\u00e9e par le <a href=\"\/fr\/decouvrir-montaione\/itineraires-dans-le-vert\/\"><strong>sentier n\u00b0 2 et 3<\/strong><\/a>.<\/p><p>Pour plus d\u2019informations, visitez la page Facebook di <a href=\"https:\/\/www.facebook.com\/evolaexplore\/\"><strong>Evola Explore<\/strong><\/a><\/p>\t\t\t\t\t\t\t\t<\/div>\n\t\t\t\t<div class=\"elementor-element elementor-element-eb64082 elementor-arrows-position-outside pb-5 elementor-widget elementor-widget-image-carousel\" data-id=\"eb64082\" data-element_type=\"widget\" data-settings=\"{&quot;navigation&quot;:&quot;arrows&quot;,&quot;autoplay&quot;:&quot;yes&quot;,&quot;pause_on_hover&quot;:&quot;yes&quot;,&quot;pause_on_interaction&quot;:&quot;yes&quot;,&quot;autoplay_speed&quot;:5000,&quot;infinite&quot;:&quot;yes&quot;,&quot;speed&quot;:500,&quot;image_spacing_custom&quot;:{&quot;unit&quot;:&quot;px&quot;,&quot;size&quot;:20,&quot;sizes&quot;:[]},&quot;image_spacing_custom_tablet&quot;:{&quot;unit&quot;:&quot;px&quot;,&quot;size&quot;:&quot;&quot;,&quot;sizes&quot;:[]},&quot;image_spacing_custom_mobile&quot;:{&quot;unit&quot;:&quot;px&quot;,&quot;size&quot;:&quot;&quot;,&quot;sizes&quot;:[]}}\" data-widget_type=\"image-carousel.default\">\n\t\t\t\t\t\t\t<div class=\"elementor-image-carousel-wrapper swiper\" role=\"region\" aria-roledescription=\"carousel\" aria-label=\"Carosello d&#039;immagini\" dir=\"ltr\">\n\t\t\t<div class=\"elementor-image-carousel swiper-wrapper\" aria-live=\"off\">\n\t\t\t\t\t\t\t\t<div class=\"swiper-slide\" role=\"group\" aria-roledescription=\"slide\" aria-label=\"1 sur 9\"><a data-elementor-open-lightbox=\"yes\" data-elementor-lightbox-slideshow=\"eb64082\" data-elementor-lightbox-title=\"torrente-evola-10\" data-e-action-hash=\"#elementor-action%3Aaction%3Dlightbox%26settings%3DeyJpZCI6MTYxMjEsInVybCI6Imh0dHBzOlwvXC9tb250YWlvbmUuZmlsYXJldGVkZXYuaXRcL3dwLWNvbnRlbnRcL3VwbG9hZHNcLzIwMjVcLzExXC90b3JyZW50ZS1ldm9sYS0xMC5qcGciLCJzbGlkZXNob3ciOiJlYjY0MDgyIn0%3D\" href=\"https:\/\/montaione.filaretedev.it\/wp-content\/uploads\/2025\/11\/torrente-evola-10.jpg\"><figure class=\"swiper-slide-inner\"><img decoding=\"async\" class=\"swiper-slide-image\" src=\"https:\/\/montaione.filaretedev.it\/wp-content\/uploads\/2025\/11\/torrente-evola-10.jpg\" alt=\"torrente-evola-10\" \/><\/figure><\/a><\/div><div class=\"swiper-slide\" role=\"group\" aria-roledescription=\"slide\" aria-label=\"2 sur 9\"><a data-elementor-open-lightbox=\"yes\" data-elementor-lightbox-slideshow=\"eb64082\" data-elementor-lightbox-title=\"torrente-evola-2\" data-e-action-hash=\"#elementor-action%3Aaction%3Dlightbox%26settings%3DeyJpZCI6MTYxMjIsInVybCI6Imh0dHBzOlwvXC9tb250YWlvbmUuZmlsYXJldGVkZXYuaXRcL3dwLWNvbnRlbnRcL3VwbG9hZHNcLzIwMjVcLzExXC90b3JyZW50ZS1ldm9sYS0yLmpwZyIsInNsaWRlc2hvdyI6ImViNjQwODIifQ%3D%3D\" href=\"https:\/\/montaione.filaretedev.it\/wp-content\/uploads\/2025\/11\/torrente-evola-2.jpg\"><figure class=\"swiper-slide-inner\"><img decoding=\"async\" class=\"swiper-slide-image\" src=\"https:\/\/montaione.filaretedev.it\/wp-content\/uploads\/2025\/11\/torrente-evola-2.jpg\" alt=\"torrente-evola-2\" \/><\/figure><\/a><\/div><div class=\"swiper-slide\" role=\"group\" aria-roledescription=\"slide\" aria-label=\"3 sur 9\"><a data-elementor-open-lightbox=\"yes\" data-elementor-lightbox-slideshow=\"eb64082\" data-elementor-lightbox-title=\"torrente-evola-3\" data-e-action-hash=\"#elementor-action%3Aaction%3Dlightbox%26settings%3DeyJpZCI6MTYxMjMsInVybCI6Imh0dHBzOlwvXC9tb250YWlvbmUuZmlsYXJldGVkZXYuaXRcL3dwLWNvbnRlbnRcL3VwbG9hZHNcLzIwMjVcLzExXC90b3JyZW50ZS1ldm9sYS0zLmpwZyIsInNsaWRlc2hvdyI6ImViNjQwODIifQ%3D%3D\" href=\"https:\/\/montaione.filaretedev.it\/wp-content\/uploads\/2025\/11\/torrente-evola-3.jpg\"><figure class=\"swiper-slide-inner\"><img decoding=\"async\" class=\"swiper-slide-image\" src=\"https:\/\/montaione.filaretedev.it\/wp-content\/uploads\/2025\/11\/torrente-evola-3.jpg\" alt=\"torrente-evola-3\" \/><\/figure><\/a><\/div><div class=\"swiper-slide\" role=\"group\" aria-roledescription=\"slide\" aria-label=\"4 sur 9\"><a data-elementor-open-lightbox=\"yes\" data-elementor-lightbox-slideshow=\"eb64082\" data-elementor-lightbox-title=\"torrente-evola-11\" data-e-action-hash=\"#elementor-action%3Aaction%3Dlightbox%26settings%3DeyJpZCI6MTYxMjQsInVybCI6Imh0dHBzOlwvXC9tb250YWlvbmUuZmlsYXJldGVkZXYuaXRcL3dwLWNvbnRlbnRcL3VwbG9hZHNcLzIwMjVcLzExXC90b3JyZW50ZS1ldm9sYS0xMS5qcGciLCJzbGlkZXNob3ciOiJlYjY0MDgyIn0%3D\" href=\"https:\/\/montaione.filaretedev.it\/wp-content\/uploads\/2025\/11\/torrente-evola-11.jpg\"><figure class=\"swiper-slide-inner\"><img decoding=\"async\" class=\"swiper-slide-image\" src=\"https:\/\/montaione.filaretedev.it\/wp-content\/uploads\/2025\/11\/torrente-evola-11-1536x860.jpg\" alt=\"torrente-evola-11\" \/><\/figure><\/a><\/div><div class=\"swiper-slide\" role=\"group\" aria-roledescription=\"slide\" aria-label=\"5 sur 9\"><a data-elementor-open-lightbox=\"yes\" data-elementor-lightbox-slideshow=\"eb64082\" data-elementor-lightbox-title=\"torrente-evola-4\" data-e-action-hash=\"#elementor-action%3Aaction%3Dlightbox%26settings%3DeyJpZCI6MTYxMjUsInVybCI6Imh0dHBzOlwvXC9tb250YWlvbmUuZmlsYXJldGVkZXYuaXRcL3dwLWNvbnRlbnRcL3VwbG9hZHNcLzIwMjVcLzExXC90b3JyZW50ZS1ldm9sYS00LmpwZyIsInNsaWRlc2hvdyI6ImViNjQwODIifQ%3D%3D\" href=\"https:\/\/montaione.filaretedev.it\/wp-content\/uploads\/2025\/11\/torrente-evola-4.jpg\"><figure class=\"swiper-slide-inner\"><img decoding=\"async\" class=\"swiper-slide-image\" src=\"https:\/\/montaione.filaretedev.it\/wp-content\/uploads\/2025\/11\/torrente-evola-4.jpg\" alt=\"torrente-evola-4\" \/><\/figure><\/a><\/div><div class=\"swiper-slide\" role=\"group\" aria-roledescription=\"slide\" aria-label=\"6 sur 9\"><a data-elementor-open-lightbox=\"yes\" data-elementor-lightbox-slideshow=\"eb64082\" data-elementor-lightbox-title=\"torrente-evola-5\" data-e-action-hash=\"#elementor-action%3Aaction%3Dlightbox%26settings%3DeyJpZCI6MTYxMjYsInVybCI6Imh0dHBzOlwvXC9tb250YWlvbmUuZmlsYXJldGVkZXYuaXRcL3dwLWNvbnRlbnRcL3VwbG9hZHNcLzIwMjVcLzExXC90b3JyZW50ZS1ldm9sYS01LmpwZyIsInNsaWRlc2hvdyI6ImViNjQwODIifQ%3D%3D\" href=\"https:\/\/montaione.filaretedev.it\/wp-content\/uploads\/2025\/11\/torrente-evola-5.jpg\"><figure class=\"swiper-slide-inner\"><img decoding=\"async\" class=\"swiper-slide-image\" src=\"https:\/\/montaione.filaretedev.it\/wp-content\/uploads\/2025\/11\/torrente-evola-5.jpg\" alt=\"torrente-evola-5\" \/><\/figure><\/a><\/div><div class=\"swiper-slide\" role=\"group\" aria-roledescription=\"slide\" aria-label=\"7 sur 9\"><a data-elementor-open-lightbox=\"yes\" data-elementor-lightbox-slideshow=\"eb64082\" data-elementor-lightbox-title=\"torrente-evola-6\" data-e-action-hash=\"#elementor-action%3Aaction%3Dlightbox%26settings%3DeyJpZCI6MTYxMjcsInVybCI6Imh0dHBzOlwvXC9tb250YWlvbmUuZmlsYXJldGVkZXYuaXRcL3dwLWNvbnRlbnRcL3VwbG9hZHNcLzIwMjVcLzExXC90b3JyZW50ZS1ldm9sYS02LmpwZyIsInNsaWRlc2hvdyI6ImViNjQwODIifQ%3D%3D\" href=\"https:\/\/montaione.filaretedev.it\/wp-content\/uploads\/2025\/11\/torrente-evola-6.jpg\"><figure class=\"swiper-slide-inner\"><img decoding=\"async\" class=\"swiper-slide-image\" src=\"https:\/\/montaione.filaretedev.it\/wp-content\/uploads\/2025\/11\/torrente-evola-6.jpg\" alt=\"torrente-evola-6\" \/><\/figure><\/a><\/div><div class=\"swiper-slide\" role=\"group\" aria-roledescription=\"slide\" aria-label=\"8 sur 9\"><a data-elementor-open-lightbox=\"yes\" data-elementor-lightbox-slideshow=\"eb64082\" data-elementor-lightbox-title=\"torrente-evola-7\" data-e-action-hash=\"#elementor-action%3Aaction%3Dlightbox%26settings%3DeyJpZCI6MTYxMjgsInVybCI6Imh0dHBzOlwvXC9tb250YWlvbmUuZmlsYXJldGVkZXYuaXRcL3dwLWNvbnRlbnRcL3VwbG9hZHNcLzIwMjVcLzExXC90b3JyZW50ZS1ldm9sYS03LmpwZyIsInNsaWRlc2hvdyI6ImViNjQwODIifQ%3D%3D\" href=\"https:\/\/montaione.filaretedev.it\/wp-content\/uploads\/2025\/11\/torrente-evola-7.jpg\"><figure class=\"swiper-slide-inner\"><img decoding=\"async\" class=\"swiper-slide-image\" src=\"https:\/\/montaione.filaretedev.it\/wp-content\/uploads\/2025\/11\/torrente-evola-7.jpg\" alt=\"torrente-evola-7\" \/><\/figure><\/a><\/div><div class=\"swiper-slide\" role=\"group\" aria-roledescription=\"slide\" aria-label=\"9 sur 9\"><a data-elementor-open-lightbox=\"yes\" data-elementor-lightbox-slideshow=\"eb64082\" data-elementor-lightbox-title=\"torrente-evola-9\" data-e-action-hash=\"#elementor-action%3Aaction%3Dlightbox%26settings%3DeyJpZCI6MTYxMjksInVybCI6Imh0dHBzOlwvXC9tb250YWlvbmUuZmlsYXJldGVkZXYuaXRcL3dwLWNvbnRlbnRcL3VwbG9hZHNcLzIwMjVcLzExXC90b3JyZW50ZS1ldm9sYS05LmpwZyIsInNsaWRlc2hvdyI6ImViNjQwODIifQ%3D%3D\" href=\"https:\/\/montaione.filaretedev.it\/wp-content\/uploads\/2025\/11\/torrente-evola-9.jpg\"><figure class=\"swiper-slide-inner\"><img decoding=\"async\" class=\"swiper-slide-image\" src=\"https:\/\/montaione.filaretedev.it\/wp-content\/uploads\/2025\/11\/torrente-evola-9.jpg\" alt=\"torrente-evola-9\" \/><\/figure><\/a><\/div>\t\t\t<\/div>\n\t\t\t\t\t\t\t\t\t\t\t\t<div class=\"elementor-swiper-button elementor-swiper-button-prev\" role=\"button\" tabindex=\"0\">\n\t\t\t\t\t\t<svg xmlns=\"http:\/\/www.w3.org\/2000\/svg\" xmlns:xlink=\"http:\/\/www.w3.org\/1999\/xlink\" id=\"Livello_1\" x=\"0px\" y=\"0px\" width=\"75px\" height=\"75px\" viewBox=\"0 0 75 75\" style=\"enable-background:new 0 0 75 75;\" xml:space=\"preserve\"><style type=\"text\/css\">\t.st0{fill:#375140;}\t.st1{fill:none;stroke:#E5E9DD;stroke-width:3;}<\/style><circle class=\"st0\" cx=\"37.5\" cy=\"37.5\" r=\"37.5\"><\/circle><path class=\"st1\" d=\"M34.2,47.4L25,38.2l9.2-9.2 M25,38.2h25\"><\/path><\/svg>\t\t\t\t\t<\/div>\n\t\t\t\t\t<div class=\"elementor-swiper-button elementor-swiper-button-next\" role=\"button\" tabindex=\"0\">\n\t\t\t\t\t\t<svg xmlns=\"http:\/\/www.w3.org\/2000\/svg\" xmlns:xlink=\"http:\/\/www.w3.org\/1999\/xlink\" id=\"Livello_1\" x=\"0px\" y=\"0px\" width=\"75px\" height=\"75px\" viewBox=\"0 0 75 75\" style=\"enable-background:new 0 0 75 75;\" xml:space=\"preserve\"><style type=\"text\/css\">\t.st0{fill:#375140;}\t.st1{fill:none;stroke:#E5E9DD;stroke-width:3;}<\/style><circle class=\"st0\" cx=\"37.5\" cy=\"37.5\" r=\"37.5\"><\/circle><path class=\"st1\" d=\"M40.8,27.6l9.2,9.2L40.8,46 M50,36.8H25\"><\/path><\/svg>\t\t\t\t\t<\/div>\n\t\t\t\t\n\t\t\t\t\t\t\t\t\t<\/div>\n\t\t\t\t\t\t<\/div>\n\t\t\t\t<\/div>\n\t\t\t\t\t<\/div>\n\t\t\t\t<\/div>\n\t\t\t\t<\/div>\n\t\t","protected":false},"excerpt":{"rendered":"<p>L\u2019Evola est un affluent de l\u2019Arno, un ruisseau car en \u00e9t\u00e9 il s\u2019ass\u00e8che ou presque, mais certaines ann\u00e9es, m\u00eame sous une forme tr\u00e8s r\u00e9duite, il continue \u00e0 avoir son cours d\u2019eau et peut donc \u00eatre class\u00e9 dans la cat\u00e9gorie sup\u00e9rieure. , c\u2019est-\u00e0-dire celui des rivi\u00e8res.L\u2019ancien nom \u00e9tait Ebula, un terme \u00e9trusque, mais au fil des [&hellip;]<\/p>\n","protected":false},"author":2,"featured_media":0,"parent":13881,"menu_order":0,"comment_status":"closed","ping_status":"closed","template":"","meta":{"_acf_changed":false,"footnotes":""},"class_list":["post-16131","page","type-page","status-publish","hentry"],"acf":[],"yoast_head":"<!-- This site is optimized with the Yoast SEO plugin v26.6 - https:\/\/yoast.com\/wordpress\/plugins\/seo\/ -->\n<title>Montaioneintuscany - Torrent \u00c9vola<\/title>\n<meta name=\"description\" content=\"D\u00e9couvrez le torrent Evola de Montaione : affluent de l&#039;Arno avec ses puits d&#039;eau bleue, sa nature sauvage et ses sentiers de randonn\u00e9e entre Montaione et Gambassi Terme.\" \/>\n<meta name=\"robots\" content=\"noindex, follow, max-snippet:-1, max-image-preview:large, max-video-preview:-1\" \/>\n<meta property=\"og:locale\" content=\"fr_FR\" \/>\n<meta property=\"og:type\" content=\"article\" \/>\n<meta property=\"og:title\" content=\"Montaioneintuscany - Torrent \u00c9vola\" \/>\n<meta property=\"og:description\" content=\"D\u00e9couvrez le torrent Evola de Montaione : affluent de l&#039;Arno avec ses puits d&#039;eau bleue, sa nature sauvage et ses sentiers de randonn\u00e9e entre Montaione et Gambassi Terme.\" \/>\n<meta property=\"og:url\" content=\"https:\/\/montaione.filaretedev.it\/scopri-montaione\/torrente-evola\/\" \/>\n<meta property=\"og:site_name\" content=\"Montaioneintuscany\" \/>\n<meta property=\"article:modified_time\" content=\"2025-12-16T15:38:57+00:00\" \/>\n<meta property=\"og:image\" content=\"https:\/\/montaione.filaretedev.it\/wp-content\/uploads\/2025\/11\/torrente-evola-10.jpg\" \/>\n<meta name=\"twitter:card\" content=\"summary_large_image\" \/>\n<meta name=\"twitter:label1\" content=\"Dur\u00e9e de lecture estim\u00e9e\" \/>\n\t<meta name=\"twitter:data1\" content=\"5 minutes\" \/>\n<script type=\"application\/ld+json\" class=\"yoast-schema-graph\">{\"@context\":\"https:\/\/schema.org\",\"@graph\":[{\"@type\":\"WebPage\",\"@id\":\"https:\/\/montaione.filaretedev.it\/scopri-montaione\/torrente-evola\/\",\"url\":\"https:\/\/montaione.filaretedev.it\/scopri-montaione\/torrente-evola\/\",\"name\":\"Montaioneintuscany - Torrent \u00c9vola\",\"isPartOf\":{\"@id\":\"https:\/\/montaione.filaretedev.it\/#website\"},\"primaryImageOfPage\":{\"@id\":\"https:\/\/montaione.filaretedev.it\/scopri-montaione\/torrente-evola\/#primaryimage\"},\"image\":{\"@id\":\"https:\/\/montaione.filaretedev.it\/scopri-montaione\/torrente-evola\/#primaryimage\"},\"thumbnailUrl\":\"https:\/\/montaione.filaretedev.it\/wp-content\/uploads\/2025\/11\/torrente-evola-10.jpg\",\"datePublished\":\"2025-11-23T21:34:50+00:00\",\"dateModified\":\"2025-12-16T15:38:57+00:00\",\"description\":\"D\u00e9couvrez le torrent Evola de Montaione : affluent de l'Arno avec ses puits d'eau bleue, sa nature sauvage et ses sentiers de randonn\u00e9e entre Montaione et Gambassi Terme.\",\"breadcrumb\":{\"@id\":\"https:\/\/montaione.filaretedev.it\/scopri-montaione\/torrente-evola\/#breadcrumb\"},\"inLanguage\":\"fr-FR\",\"potentialAction\":[{\"@type\":\"ReadAction\",\"target\":[\"https:\/\/montaione.filaretedev.it\/scopri-montaione\/torrente-evola\/\"]}]},{\"@type\":\"ImageObject\",\"inLanguage\":\"fr-FR\",\"@id\":\"https:\/\/montaione.filaretedev.it\/scopri-montaione\/torrente-evola\/#primaryimage\",\"url\":\"https:\/\/montaione.filaretedev.it\/wp-content\/uploads\/2025\/11\/torrente-evola-10.jpg\",\"contentUrl\":\"https:\/\/montaione.filaretedev.it\/wp-content\/uploads\/2025\/11\/torrente-evola-10.jpg\"},{\"@type\":\"BreadcrumbList\",\"@id\":\"https:\/\/montaione.filaretedev.it\/scopri-montaione\/torrente-evola\/#breadcrumb\",\"itemListElement\":[{\"@type\":\"ListItem\",\"position\":1,\"name\":\"Home\",\"item\":\"https:\/\/montaione.filaretedev.it\/\"},{\"@type\":\"ListItem\",\"position\":2,\"name\":\"D\u00e9couvrir Montaione\",\"item\":\"https:\/\/montaione.filaretedev.it\/scopri-montaione\/\"},{\"@type\":\"ListItem\",\"position\":3,\"name\":\"Torrent \u00c9vola\"}]},{\"@type\":\"WebSite\",\"@id\":\"https:\/\/montaione.filaretedev.it\/#website\",\"url\":\"https:\/\/montaione.filaretedev.it\/\",\"name\":\"Montaioneintuscany\",\"description\":\"\",\"publisher\":{\"@id\":\"https:\/\/montaione.filaretedev.it\/#organization\"},\"potentialAction\":[{\"@type\":\"SearchAction\",\"target\":{\"@type\":\"EntryPoint\",\"urlTemplate\":\"https:\/\/montaione.filaretedev.it\/?s={search_term_string}\"},\"query-input\":{\"@type\":\"PropertyValueSpecification\",\"valueRequired\":true,\"valueName\":\"search_term_string\"}}],\"inLanguage\":\"fr-FR\"},{\"@type\":\"Organization\",\"@id\":\"https:\/\/montaione.filaretedev.it\/#organization\",\"name\":\"Montaioneintuscany\",\"url\":\"https:\/\/montaione.filaretedev.it\/\",\"logo\":{\"@type\":\"ImageObject\",\"inLanguage\":\"fr-FR\",\"@id\":\"https:\/\/montaione.filaretedev.it\/#\/schema\/logo\/image\/\",\"url\":\"https:\/\/montaione.filaretedev.it\/wp-content\/uploads\/2025\/10\/logo.svg\",\"contentUrl\":\"https:\/\/montaione.filaretedev.it\/wp-content\/uploads\/2025\/10\/logo.svg\",\"width\":247,\"height\":25,\"caption\":\"Montaioneintuscany\"},\"image\":{\"@id\":\"https:\/\/montaione.filaretedev.it\/#\/schema\/logo\/image\/\"}}]}<\/script>\n<!-- \/ Yoast SEO plugin. -->","yoast_head_json":{"title":"Montaioneintuscany - Torrent \u00c9vola","description":"D\u00e9couvrez le torrent Evola de Montaione : affluent de l'Arno avec ses puits d'eau bleue, sa nature sauvage et ses sentiers de randonn\u00e9e entre Montaione et Gambassi Terme.","robots":{"index":"noindex","follow":"follow","max-snippet":"max-snippet:-1","max-image-preview":"max-image-preview:large","max-video-preview":"max-video-preview:-1"},"og_locale":"fr_FR","og_type":"article","og_title":"Montaioneintuscany - Torrent \u00c9vola","og_description":"D\u00e9couvrez le torrent Evola de Montaione : affluent de l'Arno avec ses puits d'eau bleue, sa nature sauvage et ses sentiers de randonn\u00e9e entre Montaione et Gambassi Terme.","og_url":"https:\/\/montaione.filaretedev.it\/scopri-montaione\/torrente-evola\/","og_site_name":"Montaioneintuscany","article_modified_time":"2025-12-16T15:38:57+00:00","og_image":[{"url":"https:\/\/montaione.filaretedev.it\/wp-content\/uploads\/2025\/11\/torrente-evola-10.jpg","type":"","width":"","height":""}],"twitter_card":"summary_large_image","twitter_misc":{"Dur\u00e9e de lecture estim\u00e9e":"5 minutes"},"schema":{"@context":"https:\/\/schema.org","@graph":[{"@type":"WebPage","@id":"https:\/\/montaione.filaretedev.it\/scopri-montaione\/torrente-evola\/","url":"https:\/\/montaione.filaretedev.it\/scopri-montaione\/torrente-evola\/","name":"Montaioneintuscany - Torrent \u00c9vola","isPartOf":{"@id":"https:\/\/montaione.filaretedev.it\/#website"},"primaryImageOfPage":{"@id":"https:\/\/montaione.filaretedev.it\/scopri-montaione\/torrente-evola\/#primaryimage"},"image":{"@id":"https:\/\/montaione.filaretedev.it\/scopri-montaione\/torrente-evola\/#primaryimage"},"thumbnailUrl":"https:\/\/montaione.filaretedev.it\/wp-content\/uploads\/2025\/11\/torrente-evola-10.jpg","datePublished":"2025-11-23T21:34:50+00:00","dateModified":"2025-12-16T15:38:57+00:00","description":"D\u00e9couvrez le torrent Evola de Montaione : affluent de l'Arno avec ses puits d'eau bleue, sa nature sauvage et ses sentiers de randonn\u00e9e entre Montaione et Gambassi Terme.","breadcrumb":{"@id":"https:\/\/montaione.filaretedev.it\/scopri-montaione\/torrente-evola\/#breadcrumb"},"inLanguage":"fr-FR","potentialAction":[{"@type":"ReadAction","target":["https:\/\/montaione.filaretedev.it\/scopri-montaione\/torrente-evola\/"]}]},{"@type":"ImageObject","inLanguage":"fr-FR","@id":"https:\/\/montaione.filaretedev.it\/scopri-montaione\/torrente-evola\/#primaryimage","url":"https:\/\/montaione.filaretedev.it\/wp-content\/uploads\/2025\/11\/torrente-evola-10.jpg","contentUrl":"https:\/\/montaione.filaretedev.it\/wp-content\/uploads\/2025\/11\/torrente-evola-10.jpg"},{"@type":"BreadcrumbList","@id":"https:\/\/montaione.filaretedev.it\/scopri-montaione\/torrente-evola\/#breadcrumb","itemListElement":[{"@type":"ListItem","position":1,"name":"Home","item":"https:\/\/montaione.filaretedev.it\/"},{"@type":"ListItem","position":2,"name":"D\u00e9couvrir Montaione","item":"https:\/\/montaione.filaretedev.it\/scopri-montaione\/"},{"@type":"ListItem","position":3,"name":"Torrent \u00c9vola"}]},{"@type":"WebSite","@id":"https:\/\/montaione.filaretedev.it\/#website","url":"https:\/\/montaione.filaretedev.it\/","name":"Montaioneintuscany","description":"","publisher":{"@id":"https:\/\/montaione.filaretedev.it\/#organization"},"potentialAction":[{"@type":"SearchAction","target":{"@type":"EntryPoint","urlTemplate":"https:\/\/montaione.filaretedev.it\/?s={search_term_string}"},"query-input":{"@type":"PropertyValueSpecification","valueRequired":true,"valueName":"search_term_string"}}],"inLanguage":"fr-FR"},{"@type":"Organization","@id":"https:\/\/montaione.filaretedev.it\/#organization","name":"Montaioneintuscany","url":"https:\/\/montaione.filaretedev.it\/","logo":{"@type":"ImageObject","inLanguage":"fr-FR","@id":"https:\/\/montaione.filaretedev.it\/#\/schema\/logo\/image\/","url":"https:\/\/montaione.filaretedev.it\/wp-content\/uploads\/2025\/10\/logo.svg","contentUrl":"https:\/\/montaione.filaretedev.it\/wp-content\/uploads\/2025\/10\/logo.svg","width":247,"height":25,"caption":"Montaioneintuscany"},"image":{"@id":"https:\/\/montaione.filaretedev.it\/#\/schema\/logo\/image\/"}}]}},"_links":{"self":[{"href":"https:\/\/montaione.filaretedev.it\/fr\/wp-json\/wp\/v2\/pages\/16131","targetHints":{"allow":["GET"]}}],"collection":[{"href":"https:\/\/montaione.filaretedev.it\/fr\/wp-json\/wp\/v2\/pages"}],"about":[{"href":"https:\/\/montaione.filaretedev.it\/fr\/wp-json\/wp\/v2\/types\/page"}],"author":[{"embeddable":true,"href":"https:\/\/montaione.filaretedev.it\/fr\/wp-json\/wp\/v2\/users\/2"}],"replies":[{"embeddable":true,"href":"https:\/\/montaione.filaretedev.it\/fr\/wp-json\/wp\/v2\/comments?post=16131"}],"version-history":[{"count":11,"href":"https:\/\/montaione.filaretedev.it\/fr\/wp-json\/wp\/v2\/pages\/16131\/revisions"}],"predecessor-version":[{"id":18285,"href":"https:\/\/montaione.filaretedev.it\/fr\/wp-json\/wp\/v2\/pages\/16131\/revisions\/18285"}],"up":[{"embeddable":true,"href":"https:\/\/montaione.filaretedev.it\/fr\/wp-json\/wp\/v2\/pages\/13881"}],"wp:attachment":[{"href":"https:\/\/montaione.filaretedev.it\/fr\/wp-json\/wp\/v2\/media?parent=16131"}],"curies":[{"name":"wp","href":"https:\/\/api.w.org\/{rel}","templated":true}]}}