{"id":16184,"date":"2025-11-24T19:38:49","date_gmt":"2025-11-24T18:38:49","guid":{"rendered":"https:\/\/montaione.filaretedev.it\/decouvrir-montaione\/monte-sion\/"},"modified":"2025-12-16T13:50:25","modified_gmt":"2025-12-16T12:50:25","slug":"mont-sion","status":"publish","type":"page","link":"https:\/\/montaione.filaretedev.it\/fr\/decouvrir-montaione\/la-jerusalem-de-san-vivaldo\/mont-sion\/","title":{"rendered":"Mont Sion"},"content":{"rendered":"\t\t<div data-elementor-type=\"wp-page\" data-elementor-id=\"16184\" class=\"elementor elementor-16184 elementor-14646\" data-elementor-post-type=\"page\">\n\t\t\t\t<div class=\"elementor-element elementor-element-56f1ad7b e-flex e-con-boxed e-con e-parent\" data-id=\"56f1ad7b\" data-element_type=\"container\" data-settings=\"{&quot;background_background&quot;:&quot;classic&quot;}\">\n\t\t\t\t\t<div class=\"e-con-inner\">\n\t\t<div class=\"elementor-element elementor-element-a028979 e-con-full mt-auto mb-4 e-flex e-con e-child\" data-id=\"a028979\" data-element_type=\"container\">\n\t\t\t\t<\/div>\n\t\t\t\t\t<\/div>\n\t\t\t\t<\/div>\n\t\t<div class=\"elementor-element elementor-element-4050b4b7 e-flex e-con-boxed e-con e-parent\" data-id=\"4050b4b7\" data-element_type=\"container\">\n\t\t\t\t\t<div class=\"e-con-inner\">\n\t\t<div class=\"elementor-element elementor-element-70c1a266 e-con-full e-flex e-con e-child\" data-id=\"70c1a266\" data-element_type=\"container\">\n\t\t\t\t<div class=\"elementor-element elementor-element-539cdb08 elementor-widget elementor-widget-shortcode\" data-id=\"539cdb08\" data-element_type=\"widget\" data-widget_type=\"shortcode.default\">\n\t\t\t\t\t\t\t<div class=\"elementor-shortcode\"><ul id=\"breadcrumbs\" class=\"breadcrumb w-100\"><li class=\"item-home\"><a class=\"bread-link bread-home\" href=\"https:\/\/montaione.filaretedev.it\/fr\/\" title=\"Home\">Home<\/a><\/li><li class=\"separator separator-home\">  |  <\/li><\/ul><\/div>\n\t\t\t\t\t\t<\/div>\n\t\t\t\t<\/div>\n\t\t\t\t\t<\/div>\n\t\t\t\t<\/div>\n\t\t<div class=\"elementor-element elementor-element-7fda67aa py-5 e-flex e-con-boxed e-con e-parent\" data-id=\"7fda67aa\" data-element_type=\"container\">\n\t\t\t\t\t<div class=\"e-con-inner\">\n\t\t<div class=\"elementor-element elementor-element-33e3ba6f e-con-full e-flex e-con e-child\" data-id=\"33e3ba6f\" data-element_type=\"container\">\n\t\t\t\t<div class=\"elementor-element elementor-element-2a6ad596 elementor-widget elementor-widget-text-editor\" data-id=\"2a6ad596\" data-element_type=\"widget\" data-widget_type=\"text-editor.default\">\n\t\t\t\t\t\t\t\t\t<h3><span style=\"color: #784026;\">Mont Sion (avec C\u00e9nacle, Lavande des Pieds, Pentec\u00f4te et incr\u00e9dulit\u00e9 de Saint Thomas)<\/span><\/h3><div>\u00a0<\/div><p>Dans la J\u00e9rusalem du \u2018500 les \u00e9pisodes de la <em>Derni\u00e8re C\u00e8ne<\/em>, de la <em>Lavande des pieds<\/em>, de la <em>Pentec\u00f4te et de l\u2019Incr\u00e9dulit\u00e9 de Saint Thomas<\/em>, \u00e9taient tous comm\u00e9mor\u00e9s dans la Basilique de Sainte-Marie, sur le Mont Sion, selon une disposition int\u00e9rieure presque identique \u00e0 celle de l\u2019\u00e9difice de San Vivaldo. Ce qui fait de la chapelle l\u2019une des plus articul\u00e9es architecturalement et parmi les plus fid\u00e8les \u00e0 l\u2019original. Au premier \u00e9tage une salle \u00e0 deux nefs s\u00e9par\u00e9es par des colonnes ioniques, accueille la <em>Derni\u00e8re C\u00e8ne et la Lavande des pieds<\/em>.<\/p><p>Les groupes sculpturaux, attribuables \u00e0 une unique ma\u00eetrise anonyme des fr\u00e8res Della Robbia, montrent une intention didactique, par rapport \u00e0 la recherche de la participation \u00e9motionnelle du visiteur, plus \u00e9vidente dans d\u2019autres chapelles. Le sous-sol vide \u00e0 l\u2019arri\u00e8re de l\u2019\u00e9difice reproduit le soi-disant c\u00e9notaphe du Roi David, \u00e9galement pr\u00e9sent sur le Mont Sion \u00e0 J\u00e9rusalem.<\/p><p>La loggia a\u00e9r\u00e9e situ\u00e9e au-dessus de l\u2019\u00e9difice, accessible depuis le compartiment principal, conduit \u00e0 la chapelle de la Pentec\u00f4te, \u00e0 plan carr\u00e9, qui accueille une sculpture \u00e9l\u00e9gante et expressive attribu\u00e9e \u00e0 Beno\u00eet Buglioni. Le groupe, rassembl\u00e9 dans un coin, montre la Vierge et les Ap\u00f4tres en extase alors qu\u2019ils re\u00e7oivent l\u2019Esprit Saint, repr\u00e9sent\u00e9 par la colombe dessin\u00e9e sur la vo\u00fbte du d\u00f4me.<\/p><p>Le portique au rez-de-chauss\u00e9e donne acc\u00e8s \u00e0 la chapelle de l\u2019<em>Incr\u00e9dulit\u00e9 de Saint Thomas<\/em>, dont le groupe sculptural est attribu\u00e9 \u00e0 Agnolo di Polo, \u00e9l\u00e8ve du Verrocchio. La sc\u00e8ne repr\u00e9sente Saint Thomas en touchant les blessures du Christ ressuscit\u00e9, entour\u00e9 par la chorale des ap\u00f4tres. Le groupe de J\u00e9sus et Saint Thomas rappelle le groupe de bronze du Verrocchio du tabernacle de la Marchandise d\u2019\u201dOrsanmichele\u201d \u00e0 Florence.<\/p>\t\t\t\t\t\t\t\t<\/div>\n\t\t\t\t<div class=\"elementor-element elementor-element-45fa520 elementor-arrows-position-outside pb-5 elementor-widget elementor-widget-image-carousel\" data-id=\"45fa520\" data-element_type=\"widget\" data-settings=\"{&quot;navigation&quot;:&quot;arrows&quot;,&quot;autoplay&quot;:&quot;yes&quot;,&quot;pause_on_hover&quot;:&quot;yes&quot;,&quot;pause_on_interaction&quot;:&quot;yes&quot;,&quot;autoplay_speed&quot;:5000,&quot;infinite&quot;:&quot;yes&quot;,&quot;speed&quot;:500,&quot;image_spacing_custom&quot;:{&quot;unit&quot;:&quot;px&quot;,&quot;size&quot;:20,&quot;sizes&quot;:[]},&quot;image_spacing_custom_tablet&quot;:{&quot;unit&quot;:&quot;px&quot;,&quot;size&quot;:&quot;&quot;,&quot;sizes&quot;:[]},&quot;image_spacing_custom_mobile&quot;:{&quot;unit&quot;:&quot;px&quot;,&quot;size&quot;:&quot;&quot;,&quot;sizes&quot;:[]}}\" data-widget_type=\"image-carousel.default\">\n\t\t\t\t\t\t\t<div class=\"elementor-image-carousel-wrapper swiper\" role=\"region\" aria-roledescription=\"carousel\" aria-label=\"Carosello d&#039;immagini\" dir=\"ltr\">\n\t\t\t<div class=\"elementor-image-carousel swiper-wrapper\" aria-live=\"off\">\n\t\t\t\t\t\t\t\t<div class=\"swiper-slide\" role=\"group\" aria-roledescription=\"slide\" aria-label=\"1 sur 7\"><a data-elementor-open-lightbox=\"yes\" data-elementor-lightbox-slideshow=\"45fa520\" data-elementor-lightbox-title=\"montesion-gallery-05\" data-e-action-hash=\"#elementor-action%3Aaction%3Dlightbox%26settings%3DeyJpZCI6MTYxNzYsInVybCI6Imh0dHBzOlwvXC9tb250YWlvbmUuZmlsYXJldGVkZXYuaXRcL3dwLWNvbnRlbnRcL3VwbG9hZHNcLzIwMjVcLzExXC9tb250ZXNpb24tZ2FsbGVyeS0wNS5qcGciLCJzbGlkZXNob3ciOiI0NWZhNTIwIn0%3D\" href=\"https:\/\/montaione.filaretedev.it\/wp-content\/uploads\/2025\/11\/montesion-gallery-05.jpg\"><figure class=\"swiper-slide-inner\"><img decoding=\"async\" class=\"swiper-slide-image\" src=\"https:\/\/montaione.filaretedev.it\/wp-content\/uploads\/2025\/11\/montesion-gallery-05.jpg\" alt=\"montesion-gallery-05\" \/><\/figure><\/a><\/div><div class=\"swiper-slide\" role=\"group\" aria-roledescription=\"slide\" aria-label=\"2 sur 7\"><a data-elementor-open-lightbox=\"yes\" data-elementor-lightbox-slideshow=\"45fa520\" data-elementor-lightbox-title=\"montesion-gallery-04\" data-e-action-hash=\"#elementor-action%3Aaction%3Dlightbox%26settings%3DeyJpZCI6MTYxNzcsInVybCI6Imh0dHBzOlwvXC9tb250YWlvbmUuZmlsYXJldGVkZXYuaXRcL3dwLWNvbnRlbnRcL3VwbG9hZHNcLzIwMjVcLzExXC9tb250ZXNpb24tZ2FsbGVyeS0wNC5qcGciLCJzbGlkZXNob3ciOiI0NWZhNTIwIn0%3D\" href=\"https:\/\/montaione.filaretedev.it\/wp-content\/uploads\/2025\/11\/montesion-gallery-04.jpg\"><figure class=\"swiper-slide-inner\"><img decoding=\"async\" class=\"swiper-slide-image\" src=\"https:\/\/montaione.filaretedev.it\/wp-content\/uploads\/2025\/11\/montesion-gallery-04.jpg\" alt=\"montesion-gallery-04\" \/><\/figure><\/a><\/div><div class=\"swiper-slide\" role=\"group\" aria-roledescription=\"slide\" aria-label=\"3 sur 7\"><a data-elementor-open-lightbox=\"yes\" data-elementor-lightbox-slideshow=\"45fa520\" data-elementor-lightbox-title=\"montesion-gallery-03\" data-e-action-hash=\"#elementor-action%3Aaction%3Dlightbox%26settings%3DeyJpZCI6MTYxNzgsInVybCI6Imh0dHBzOlwvXC9tb250YWlvbmUuZmlsYXJldGVkZXYuaXRcL3dwLWNvbnRlbnRcL3VwbG9hZHNcLzIwMjVcLzExXC9tb250ZXNpb24tZ2FsbGVyeS0wMy5qcGciLCJzbGlkZXNob3ciOiI0NWZhNTIwIn0%3D\" href=\"https:\/\/montaione.filaretedev.it\/wp-content\/uploads\/2025\/11\/montesion-gallery-03.jpg\"><figure class=\"swiper-slide-inner\"><img decoding=\"async\" class=\"swiper-slide-image\" src=\"https:\/\/montaione.filaretedev.it\/wp-content\/uploads\/2025\/11\/montesion-gallery-03.jpg\" alt=\"montesion-gallery-03\" \/><\/figure><\/a><\/div><div class=\"swiper-slide\" role=\"group\" aria-roledescription=\"slide\" aria-label=\"4 sur 7\"><a data-elementor-open-lightbox=\"yes\" data-elementor-lightbox-slideshow=\"45fa520\" data-elementor-lightbox-title=\"montesion-gallery-02\" data-e-action-hash=\"#elementor-action%3Aaction%3Dlightbox%26settings%3DeyJpZCI6MTYxNzksInVybCI6Imh0dHBzOlwvXC9tb250YWlvbmUuZmlsYXJldGVkZXYuaXRcL3dwLWNvbnRlbnRcL3VwbG9hZHNcLzIwMjVcLzExXC9tb250ZXNpb24tZ2FsbGVyeS0wMi5qcGciLCJzbGlkZXNob3ciOiI0NWZhNTIwIn0%3D\" href=\"https:\/\/montaione.filaretedev.it\/wp-content\/uploads\/2025\/11\/montesion-gallery-02.jpg\"><figure class=\"swiper-slide-inner\"><img decoding=\"async\" class=\"swiper-slide-image\" src=\"https:\/\/montaione.filaretedev.it\/wp-content\/uploads\/2025\/11\/montesion-gallery-02.jpg\" alt=\"montesion-gallery-02\" \/><\/figure><\/a><\/div><div class=\"swiper-slide\" role=\"group\" aria-roledescription=\"slide\" aria-label=\"5 sur 7\"><a data-elementor-open-lightbox=\"yes\" data-elementor-lightbox-slideshow=\"45fa520\" data-elementor-lightbox-title=\"montesion-gallery-01\" data-e-action-hash=\"#elementor-action%3Aaction%3Dlightbox%26settings%3DeyJpZCI6MTYxODAsInVybCI6Imh0dHBzOlwvXC9tb250YWlvbmUuZmlsYXJldGVkZXYuaXRcL3dwLWNvbnRlbnRcL3VwbG9hZHNcLzIwMjVcLzExXC9tb250ZXNpb24tZ2FsbGVyeS0wMS5qcGciLCJzbGlkZXNob3ciOiI0NWZhNTIwIn0%3D\" href=\"https:\/\/montaione.filaretedev.it\/wp-content\/uploads\/2025\/11\/montesion-gallery-01.jpg\"><figure class=\"swiper-slide-inner\"><img decoding=\"async\" class=\"swiper-slide-image\" src=\"https:\/\/montaione.filaretedev.it\/wp-content\/uploads\/2025\/11\/montesion-gallery-01.jpg\" alt=\"montesion-gallery-01\" \/><\/figure><\/a><\/div><div class=\"swiper-slide\" role=\"group\" aria-roledescription=\"slide\" aria-label=\"6 sur 7\"><a data-elementor-open-lightbox=\"yes\" data-elementor-lightbox-slideshow=\"45fa520\" data-elementor-lightbox-title=\"montesion-gallery-07\" data-e-action-hash=\"#elementor-action%3Aaction%3Dlightbox%26settings%3DeyJpZCI6MTYxODEsInVybCI6Imh0dHBzOlwvXC9tb250YWlvbmUuZmlsYXJldGVkZXYuaXRcL3dwLWNvbnRlbnRcL3VwbG9hZHNcLzIwMjVcLzExXC9tb250ZXNpb24tZ2FsbGVyeS0wNy5qcGciLCJzbGlkZXNob3ciOiI0NWZhNTIwIn0%3D\" href=\"https:\/\/montaione.filaretedev.it\/wp-content\/uploads\/2025\/11\/montesion-gallery-07.jpg\"><figure class=\"swiper-slide-inner\"><img decoding=\"async\" class=\"swiper-slide-image\" src=\"https:\/\/montaione.filaretedev.it\/wp-content\/uploads\/2025\/11\/montesion-gallery-07.jpg\" alt=\"montesion-gallery-07\" \/><\/figure><\/a><\/div><div class=\"swiper-slide\" role=\"group\" aria-roledescription=\"slide\" aria-label=\"7 sur 7\"><a data-elementor-open-lightbox=\"yes\" data-elementor-lightbox-slideshow=\"45fa520\" data-elementor-lightbox-title=\"montesion-gallery-06\" data-e-action-hash=\"#elementor-action%3Aaction%3Dlightbox%26settings%3DeyJpZCI6MTYxODIsInVybCI6Imh0dHBzOlwvXC9tb250YWlvbmUuZmlsYXJldGVkZXYuaXRcL3dwLWNvbnRlbnRcL3VwbG9hZHNcLzIwMjVcLzExXC9tb250ZXNpb24tZ2FsbGVyeS0wNi5qcGciLCJzbGlkZXNob3ciOiI0NWZhNTIwIn0%3D\" href=\"https:\/\/montaione.filaretedev.it\/wp-content\/uploads\/2025\/11\/montesion-gallery-06.jpg\"><figure class=\"swiper-slide-inner\"><img decoding=\"async\" class=\"swiper-slide-image\" src=\"https:\/\/montaione.filaretedev.it\/wp-content\/uploads\/2025\/11\/montesion-gallery-06.jpg\" alt=\"montesion-gallery-06\" \/><\/figure><\/a><\/div>\t\t\t<\/div>\n\t\t\t\t\t\t\t\t\t\t\t\t<div class=\"elementor-swiper-button elementor-swiper-button-prev\" role=\"button\" tabindex=\"0\">\n\t\t\t\t\t\t<svg xmlns=\"http:\/\/www.w3.org\/2000\/svg\" xmlns:xlink=\"http:\/\/www.w3.org\/1999\/xlink\" id=\"Livello_1\" x=\"0px\" y=\"0px\" width=\"75px\" height=\"75px\" viewBox=\"0 0 75 75\" style=\"enable-background:new 0 0 75 75;\" xml:space=\"preserve\"><style type=\"text\/css\">\t.st0{fill:#375140;}\t.st1{fill:none;stroke:#E5E9DD;stroke-width:3;}<\/style><circle class=\"st0\" cx=\"37.5\" cy=\"37.5\" r=\"37.5\"><\/circle><path class=\"st1\" d=\"M34.2,47.4L25,38.2l9.2-9.2 M25,38.2h25\"><\/path><\/svg>\t\t\t\t\t<\/div>\n\t\t\t\t\t<div class=\"elementor-swiper-button elementor-swiper-button-next\" role=\"button\" tabindex=\"0\">\n\t\t\t\t\t\t<svg xmlns=\"http:\/\/www.w3.org\/2000\/svg\" xmlns:xlink=\"http:\/\/www.w3.org\/1999\/xlink\" id=\"Livello_1\" x=\"0px\" y=\"0px\" width=\"75px\" height=\"75px\" viewBox=\"0 0 75 75\" style=\"enable-background:new 0 0 75 75;\" xml:space=\"preserve\"><style type=\"text\/css\">\t.st0{fill:#375140;}\t.st1{fill:none;stroke:#E5E9DD;stroke-width:3;}<\/style><circle class=\"st0\" cx=\"37.5\" cy=\"37.5\" r=\"37.5\"><\/circle><path class=\"st1\" d=\"M40.8,27.6l9.2,9.2L40.8,46 M50,36.8H25\"><\/path><\/svg>\t\t\t\t\t<\/div>\n\t\t\t\t\n\t\t\t\t\t\t\t\t\t<\/div>\n\t\t\t\t\t\t<\/div>\n\t\t\t\t<\/div>\n\t\t\t\t\t<\/div>\n\t\t\t\t<\/div>\n\t\t\t\t<\/div>\n\t\t","protected":false},"excerpt":{"rendered":"<p>Mont Sion (avec C\u00e9nacle, Lavande des Pieds, Pentec\u00f4te et incr\u00e9dulit\u00e9 de Saint Thomas) Dans la J\u00e9rusalem du \u2018500 les \u00e9pisodes de la Derni\u00e8re C\u00e8ne, de la Lavande des pieds, de la Pentec\u00f4te et de l\u2019Incr\u00e9dulit\u00e9 de Saint Thomas, \u00e9taient tous comm\u00e9mor\u00e9s dans la Basilique de Sainte-Marie, sur le Mont Sion, selon une disposition int\u00e9rieure presque [&hellip;]<\/p>\n","protected":false},"author":2,"featured_media":0,"parent":16146,"menu_order":0,"comment_status":"closed","ping_status":"closed","template":"","meta":{"_acf_changed":false,"footnotes":""},"class_list":["post-16184","page","type-page","status-publish","hentry"],"acf":[],"yoast_head":"<!-- This site is optimized with the Yoast SEO plugin v26.6 - https:\/\/yoast.com\/wordpress\/plugins\/seo\/ -->\n<title>Montaioneintuscany - Mont Sion<\/title>\n<meta name=\"description\" content=\"\u00ab Mont Sion \u00bb : une chapelle du XVIe si\u00e8cle inspir\u00e9e de J\u00e9rusalem, repr\u00e9sentant des sc\u00e8nes de la C\u00e8ne, alliant art et spiritualit\u00e9.\" \/>\n<meta name=\"robots\" content=\"noindex, follow, max-snippet:-1, max-image-preview:large, max-video-preview:-1\" \/>\n<meta property=\"og:locale\" content=\"fr_FR\" \/>\n<meta property=\"og:type\" content=\"article\" \/>\n<meta property=\"og:title\" content=\"Montaioneintuscany - Mont Sion\" \/>\n<meta property=\"og:description\" content=\"\u00ab Mont Sion \u00bb : une chapelle du XVIe si\u00e8cle inspir\u00e9e de J\u00e9rusalem, repr\u00e9sentant des sc\u00e8nes de la C\u00e8ne, alliant art et spiritualit\u00e9.\" \/>\n<meta property=\"og:url\" content=\"https:\/\/montaione.filaretedev.it\/scopri-montaione\/la-gerusalemme-di-san-vivaldo\/monte-sion\/\" \/>\n<meta property=\"og:site_name\" content=\"Montaioneintuscany\" \/>\n<meta property=\"article:modified_time\" content=\"2025-12-16T12:50:25+00:00\" \/>\n<meta property=\"og:image\" content=\"https:\/\/montaione.filaretedev.it\/wp-content\/uploads\/2025\/11\/montesion-gallery-05.jpg\" \/>\n<meta name=\"twitter:card\" content=\"summary_large_image\" \/>\n<meta name=\"twitter:label1\" content=\"Dur\u00e9e de lecture estim\u00e9e\" \/>\n\t<meta name=\"twitter:data1\" content=\"3 minutes\" \/>\n<script type=\"application\/ld+json\" class=\"yoast-schema-graph\">{\"@context\":\"https:\/\/schema.org\",\"@graph\":[{\"@type\":\"WebPage\",\"@id\":\"https:\/\/montaione.filaretedev.it\/scopri-montaione\/la-gerusalemme-di-san-vivaldo\/monte-sion\/\",\"url\":\"https:\/\/montaione.filaretedev.it\/scopri-montaione\/la-gerusalemme-di-san-vivaldo\/monte-sion\/\",\"name\":\"Montaioneintuscany - Mont Sion\",\"isPartOf\":{\"@id\":\"https:\/\/montaione.filaretedev.it\/#website\"},\"primaryImageOfPage\":{\"@id\":\"https:\/\/montaione.filaretedev.it\/scopri-montaione\/la-gerusalemme-di-san-vivaldo\/monte-sion\/#primaryimage\"},\"image\":{\"@id\":\"https:\/\/montaione.filaretedev.it\/scopri-montaione\/la-gerusalemme-di-san-vivaldo\/monte-sion\/#primaryimage\"},\"thumbnailUrl\":\"https:\/\/montaione.filaretedev.it\/wp-content\/uploads\/2025\/11\/montesion-gallery-05.jpg\",\"datePublished\":\"2025-11-24T18:38:49+00:00\",\"dateModified\":\"2025-12-16T12:50:25+00:00\",\"description\":\"\u00ab Mont Sion \u00bb : une chapelle du XVIe si\u00e8cle inspir\u00e9e de J\u00e9rusalem, repr\u00e9sentant des sc\u00e8nes de la C\u00e8ne, alliant art et spiritualit\u00e9.\",\"breadcrumb\":{\"@id\":\"https:\/\/montaione.filaretedev.it\/scopri-montaione\/la-gerusalemme-di-san-vivaldo\/monte-sion\/#breadcrumb\"},\"inLanguage\":\"fr-FR\",\"potentialAction\":[{\"@type\":\"ReadAction\",\"target\":[\"https:\/\/montaione.filaretedev.it\/scopri-montaione\/la-gerusalemme-di-san-vivaldo\/monte-sion\/\"]}]},{\"@type\":\"ImageObject\",\"inLanguage\":\"fr-FR\",\"@id\":\"https:\/\/montaione.filaretedev.it\/scopri-montaione\/la-gerusalemme-di-san-vivaldo\/monte-sion\/#primaryimage\",\"url\":\"https:\/\/montaione.filaretedev.it\/wp-content\/uploads\/2025\/11\/montesion-gallery-05.jpg\",\"contentUrl\":\"https:\/\/montaione.filaretedev.it\/wp-content\/uploads\/2025\/11\/montesion-gallery-05.jpg\"},{\"@type\":\"BreadcrumbList\",\"@id\":\"https:\/\/montaione.filaretedev.it\/scopri-montaione\/la-gerusalemme-di-san-vivaldo\/monte-sion\/#breadcrumb\",\"itemListElement\":[{\"@type\":\"ListItem\",\"position\":1,\"name\":\"Home\",\"item\":\"https:\/\/montaione.filaretedev.it\/\"},{\"@type\":\"ListItem\",\"position\":2,\"name\":\"D\u00e9couvrir Montaione\",\"item\":\"https:\/\/montaione.filaretedev.it\/scopri-montaione\/\"},{\"@type\":\"ListItem\",\"position\":3,\"name\":\"La \u201cJ\u00e9rusalem\u201d de San Vivaldo\",\"item\":\"https:\/\/montaione.filaretedev.it\/scopri-montaione\/la-gerusalemme-di-san-vivaldo\/\"},{\"@type\":\"ListItem\",\"position\":4,\"name\":\"Mont Sion\"}]},{\"@type\":\"WebSite\",\"@id\":\"https:\/\/montaione.filaretedev.it\/#website\",\"url\":\"https:\/\/montaione.filaretedev.it\/\",\"name\":\"Montaioneintuscany\",\"description\":\"\",\"publisher\":{\"@id\":\"https:\/\/montaione.filaretedev.it\/#organization\"},\"potentialAction\":[{\"@type\":\"SearchAction\",\"target\":{\"@type\":\"EntryPoint\",\"urlTemplate\":\"https:\/\/montaione.filaretedev.it\/?s={search_term_string}\"},\"query-input\":{\"@type\":\"PropertyValueSpecification\",\"valueRequired\":true,\"valueName\":\"search_term_string\"}}],\"inLanguage\":\"fr-FR\"},{\"@type\":\"Organization\",\"@id\":\"https:\/\/montaione.filaretedev.it\/#organization\",\"name\":\"Montaioneintuscany\",\"url\":\"https:\/\/montaione.filaretedev.it\/\",\"logo\":{\"@type\":\"ImageObject\",\"inLanguage\":\"fr-FR\",\"@id\":\"https:\/\/montaione.filaretedev.it\/#\/schema\/logo\/image\/\",\"url\":\"https:\/\/montaione.filaretedev.it\/wp-content\/uploads\/2025\/10\/logo.svg\",\"contentUrl\":\"https:\/\/montaione.filaretedev.it\/wp-content\/uploads\/2025\/10\/logo.svg\",\"width\":247,\"height\":25,\"caption\":\"Montaioneintuscany\"},\"image\":{\"@id\":\"https:\/\/montaione.filaretedev.it\/#\/schema\/logo\/image\/\"}}]}<\/script>\n<!-- \/ Yoast SEO plugin. -->","yoast_head_json":{"title":"Montaioneintuscany - Mont Sion","description":"\u00ab Mont Sion \u00bb : une chapelle du XVIe si\u00e8cle inspir\u00e9e de J\u00e9rusalem, repr\u00e9sentant des sc\u00e8nes de la C\u00e8ne, alliant art et spiritualit\u00e9.","robots":{"index":"noindex","follow":"follow","max-snippet":"max-snippet:-1","max-image-preview":"max-image-preview:large","max-video-preview":"max-video-preview:-1"},"og_locale":"fr_FR","og_type":"article","og_title":"Montaioneintuscany - Mont Sion","og_description":"\u00ab Mont Sion \u00bb : une chapelle du XVIe si\u00e8cle inspir\u00e9e de J\u00e9rusalem, repr\u00e9sentant des sc\u00e8nes de la C\u00e8ne, alliant art et spiritualit\u00e9.","og_url":"https:\/\/montaione.filaretedev.it\/scopri-montaione\/la-gerusalemme-di-san-vivaldo\/monte-sion\/","og_site_name":"Montaioneintuscany","article_modified_time":"2025-12-16T12:50:25+00:00","og_image":[{"url":"https:\/\/montaione.filaretedev.it\/wp-content\/uploads\/2025\/11\/montesion-gallery-05.jpg","type":"","width":"","height":""}],"twitter_card":"summary_large_image","twitter_misc":{"Dur\u00e9e de lecture estim\u00e9e":"3 minutes"},"schema":{"@context":"https:\/\/schema.org","@graph":[{"@type":"WebPage","@id":"https:\/\/montaione.filaretedev.it\/scopri-montaione\/la-gerusalemme-di-san-vivaldo\/monte-sion\/","url":"https:\/\/montaione.filaretedev.it\/scopri-montaione\/la-gerusalemme-di-san-vivaldo\/monte-sion\/","name":"Montaioneintuscany - Mont Sion","isPartOf":{"@id":"https:\/\/montaione.filaretedev.it\/#website"},"primaryImageOfPage":{"@id":"https:\/\/montaione.filaretedev.it\/scopri-montaione\/la-gerusalemme-di-san-vivaldo\/monte-sion\/#primaryimage"},"image":{"@id":"https:\/\/montaione.filaretedev.it\/scopri-montaione\/la-gerusalemme-di-san-vivaldo\/monte-sion\/#primaryimage"},"thumbnailUrl":"https:\/\/montaione.filaretedev.it\/wp-content\/uploads\/2025\/11\/montesion-gallery-05.jpg","datePublished":"2025-11-24T18:38:49+00:00","dateModified":"2025-12-16T12:50:25+00:00","description":"\u00ab Mont Sion \u00bb : une chapelle du XVIe si\u00e8cle inspir\u00e9e de J\u00e9rusalem, repr\u00e9sentant des sc\u00e8nes de la C\u00e8ne, alliant art et spiritualit\u00e9.","breadcrumb":{"@id":"https:\/\/montaione.filaretedev.it\/scopri-montaione\/la-gerusalemme-di-san-vivaldo\/monte-sion\/#breadcrumb"},"inLanguage":"fr-FR","potentialAction":[{"@type":"ReadAction","target":["https:\/\/montaione.filaretedev.it\/scopri-montaione\/la-gerusalemme-di-san-vivaldo\/monte-sion\/"]}]},{"@type":"ImageObject","inLanguage":"fr-FR","@id":"https:\/\/montaione.filaretedev.it\/scopri-montaione\/la-gerusalemme-di-san-vivaldo\/monte-sion\/#primaryimage","url":"https:\/\/montaione.filaretedev.it\/wp-content\/uploads\/2025\/11\/montesion-gallery-05.jpg","contentUrl":"https:\/\/montaione.filaretedev.it\/wp-content\/uploads\/2025\/11\/montesion-gallery-05.jpg"},{"@type":"BreadcrumbList","@id":"https:\/\/montaione.filaretedev.it\/scopri-montaione\/la-gerusalemme-di-san-vivaldo\/monte-sion\/#breadcrumb","itemListElement":[{"@type":"ListItem","position":1,"name":"Home","item":"https:\/\/montaione.filaretedev.it\/"},{"@type":"ListItem","position":2,"name":"D\u00e9couvrir Montaione","item":"https:\/\/montaione.filaretedev.it\/scopri-montaione\/"},{"@type":"ListItem","position":3,"name":"La \u201cJ\u00e9rusalem\u201d de San Vivaldo","item":"https:\/\/montaione.filaretedev.it\/scopri-montaione\/la-gerusalemme-di-san-vivaldo\/"},{"@type":"ListItem","position":4,"name":"Mont Sion"}]},{"@type":"WebSite","@id":"https:\/\/montaione.filaretedev.it\/#website","url":"https:\/\/montaione.filaretedev.it\/","name":"Montaioneintuscany","description":"","publisher":{"@id":"https:\/\/montaione.filaretedev.it\/#organization"},"potentialAction":[{"@type":"SearchAction","target":{"@type":"EntryPoint","urlTemplate":"https:\/\/montaione.filaretedev.it\/?s={search_term_string}"},"query-input":{"@type":"PropertyValueSpecification","valueRequired":true,"valueName":"search_term_string"}}],"inLanguage":"fr-FR"},{"@type":"Organization","@id":"https:\/\/montaione.filaretedev.it\/#organization","name":"Montaioneintuscany","url":"https:\/\/montaione.filaretedev.it\/","logo":{"@type":"ImageObject","inLanguage":"fr-FR","@id":"https:\/\/montaione.filaretedev.it\/#\/schema\/logo\/image\/","url":"https:\/\/montaione.filaretedev.it\/wp-content\/uploads\/2025\/10\/logo.svg","contentUrl":"https:\/\/montaione.filaretedev.it\/wp-content\/uploads\/2025\/10\/logo.svg","width":247,"height":25,"caption":"Montaioneintuscany"},"image":{"@id":"https:\/\/montaione.filaretedev.it\/#\/schema\/logo\/image\/"}}]}},"_links":{"self":[{"href":"https:\/\/montaione.filaretedev.it\/fr\/wp-json\/wp\/v2\/pages\/16184","targetHints":{"allow":["GET"]}}],"collection":[{"href":"https:\/\/montaione.filaretedev.it\/fr\/wp-json\/wp\/v2\/pages"}],"about":[{"href":"https:\/\/montaione.filaretedev.it\/fr\/wp-json\/wp\/v2\/types\/page"}],"author":[{"embeddable":true,"href":"https:\/\/montaione.filaretedev.it\/fr\/wp-json\/wp\/v2\/users\/2"}],"replies":[{"embeddable":true,"href":"https:\/\/montaione.filaretedev.it\/fr\/wp-json\/wp\/v2\/comments?post=16184"}],"version-history":[{"count":17,"href":"https:\/\/montaione.filaretedev.it\/fr\/wp-json\/wp\/v2\/pages\/16184\/revisions"}],"predecessor-version":[{"id":18067,"href":"https:\/\/montaione.filaretedev.it\/fr\/wp-json\/wp\/v2\/pages\/16184\/revisions\/18067"}],"up":[{"embeddable":true,"href":"https:\/\/montaione.filaretedev.it\/fr\/wp-json\/wp\/v2\/pages\/16146"}],"wp:attachment":[{"href":"https:\/\/montaione.filaretedev.it\/fr\/wp-json\/wp\/v2\/media?parent=16184"}],"curies":[{"name":"wp","href":"https:\/\/api.w.org\/{rel}","templated":true}]}}